{"id":2522,"date":"2013-09-23T13:37:16","date_gmt":"2013-09-23T11:37:16","guid":{"rendered":"https:\/\/konferenztechnik.de\/?page_id=2522"},"modified":"2023-07-05T15:01:31","modified_gmt":"2023-07-05T13:01:31","slug":"mediabediening","status":"publish","type":"page","link":"https:\/\/konferenztechnik.de\/nl\/distributie-van-conferentie-en-av-mediatechnologie\/mediabediening\/","title":{"rendered":"Mediabediening"},"content":{"rendered":"<h1>Mediabediening<\/h1>\n<p>Mediabedieningssystemen regelen de video-, audio- en verlichtingstechnologie in een ruimte of zelfs een heel gebouw. Bovendien kan andere gebouwtechnologie, zoals verwarmingssystemen, jaloezie\u00ebn, schermen of telefoonconferentiesystemen, gemakkelijk bediend worden met \u00e9\u00e9n enkel bedieningsapparaat. Mediabedieningssystemen worden gebruikt in zowel zakelijke (bijv. vergaderruimte) als priv\u00e9ruimtes (bijv. woonkamer). De technologie kan worden bediend met eenvoudige bedieningspanelen aan de muur, touchpanelen of zelfs een smartphone. Onze medewerkers vinden de optimale oplossing voor u.<\/p>\n<h2>Centrale bediening \u2013 ook met een smartphone<\/h2>\n<p>Een centrale bedieningseenheid maakt een eenvoudige en veilige bediening van de hele technologie mogelijk. Hiervoor zijn verschillende opties beschikbaar: Bedieningspanelen voor aan de muur, stationaire of mobiele touchpanelen in verschillende formaten of bediening via smartphone of tabletcomputer (bijv. iPad). Afhankelijk van de fabrikant zijn er versies voor iOS, Android of Windows Phone beschikbaar. De gebruikersinterfaces kunnen naar wens worden aangepast (bijvoorbeeld aan uw CI of met uw logo).<\/p>\n<p><a href=\"https:\/\/konferenztechnik.de\/wp-content\/uploads\/2013\/09\/touchpanels_mediensteuerung.jpg\"><img decoding=\"async\" src=\"https:\/\/konferenztechnik.de\/wp-content\/uploads\/2013\/09\/touchpanels_mediensteuerung.jpg\" alt=\"Aanraakpanelen voor mediabediening\" title=\"\"><\/a><\/p>\n<h2>Eenvoudige bediening<\/h2>\n<p>Notebooks, iPods of andere externe bronnen kunnen gemakkelijk worden aangesloten op het mediabedieningssysteem via aansluitpanelen in tafels of in de vloer. Indien nodig kunnen in het systeem ge\u00efntegreerde bronnen automatisch worden herkend:<\/p>\n<p><a href=\"https:\/\/konferenztechnik.de\/wp-content\/uploads\/2013\/09\/Mediensteuerung_Extron-Tischtank_gross.jpg\"><img fetchpriority=\"high\" decoding=\"async\" width=\"600\" height=\"326\" class=\"alignright size-full wp-image-2929\" src=\"https:\/\/konferenztechnik.de\/wp-content\/uploads\/2013\/09\/Mediensteuerung_Extron-Tischtank_gross.jpg\" alt=\"Extron tafelmodel tank\" title=\"\" srcset=\"https:\/\/konferenztechnik.de\/wp-content\/uploads\/2013\/09\/Mediensteuerung_Extron-Tischtank_gross.jpg 600w, https:\/\/konferenztechnik.de\/wp-content\/uploads\/2013\/09\/Mediensteuerung_Extron-Tischtank_gross-300x163.jpg 300w\" sizes=\"(max-width: 600px) 100vw, 600px\" \/><\/a><\/p>\n<p>Als er bijvoorbeeld een laptop wordt aangesloten, herkent het systeem dit automatisch, start het de projector en breidt het scherm uit. Als de laptop weer wordt losgekoppeld, schakelt het systeem automatisch uit. Op deze manier kunnen verschillende scenario's worden geprogrammeerd voor een breed scala aan vereisten.<\/p>\n<h2>Bediening op afstand<\/h2>\n<p>Alle ruimtes die zijn uitgerust met mediabesturing kunnen desgewenst ook op afstand worden bestuurd via een netwerk of het internet. Dit is bijzonder handig voor bijvoorbeeld het bewaken van de ge\u00efnstalleerde technologie, als ondersteuning voor diefstalbeveiliging, voor onderhoudswerkzaamheden, voor het bewaken van de brandtijd van projectoren of om verschillende kamerscenario's te kunnen oproepen (bijvoorbeeld ook in het weekend).<\/p>\n<p>Enkele van onze partners op het gebied van mediabesturing<\/p>\n<div class=\"rahmen\">\n<p><a href=\"https:\/\/konferenztechnik.de\/nl\/fabrikant\/amx\/\"><img decoding=\"async\" width=\"250\" height=\"250\" class=\"alignleft size-full wp-image-6607\" src=\"https:\/\/konferenztechnik.de\/wp-content\/uploads\/2016\/04\/logo-amx.jpg\" alt=\"Logo AMX\" title=\"\" srcset=\"https:\/\/konferenztechnik.de\/wp-content\/uploads\/2016\/04\/logo-amx.jpg 250w, https:\/\/konferenztechnik.de\/wp-content\/uploads\/2016\/04\/logo-amx-150x150.jpg 150w\" sizes=\"(max-width: 250px) 100vw, 250px\" \/><\/a><\/p>\n<p><a href=\"https:\/\/konferenztechnik.de\/nl\/crestron\/\"><img decoding=\"async\" width=\"250\" height=\"250\" class=\"alignnone size-full wp-image-6617\" src=\"https:\/\/konferenztechnik.de\/wp-content\/uploads\/2016\/04\/logo-crestron.jpg\" alt=\"Logo Crestron\" title=\"\" srcset=\"https:\/\/konferenztechnik.de\/wp-content\/uploads\/2016\/04\/logo-crestron.jpg 250w, https:\/\/konferenztechnik.de\/wp-content\/uploads\/2016\/04\/logo-crestron-150x150.jpg 150w\" sizes=\"(max-width: 250px) 100vw, 250px\" \/><\/a><\/p>\n<p><a href=\"https:\/\/konferenztechnik.de\/nl\/extron\/\"><img loading=\"lazy\" decoding=\"async\" width=\"250\" height=\"250\" class=\"alignnone size-full wp-image-6638\" src=\"https:\/\/konferenztechnik.de\/wp-content\/uploads\/2016\/04\/logo-extron.jpg\" alt=\"Extron logo\" title=\"\" srcset=\"https:\/\/konferenztechnik.de\/wp-content\/uploads\/2016\/04\/logo-extron.jpg 250w, https:\/\/konferenztechnik.de\/wp-content\/uploads\/2016\/04\/logo-extron-150x150.jpg 150w\" sizes=\"(max-width: 250px) 100vw, 250px\" \/><\/a><\/p>\n<p><a href=\"https:\/\/konferenztechnik.de\/nl\/rti\/\"><img loading=\"lazy\" decoding=\"async\" width=\"250\" height=\"250\" class=\"alignnone size-full wp-image-6656\" src=\"https:\/\/konferenztechnik.de\/wp-content\/uploads\/2016\/04\/logo-rti.jpg\" alt=\"Logo RTI\" title=\"\" srcset=\"https:\/\/konferenztechnik.de\/wp-content\/uploads\/2016\/04\/logo-rti.jpg 250w, https:\/\/konferenztechnik.de\/wp-content\/uploads\/2016\/04\/logo-rti-150x150.jpg 150w\" sizes=\"(max-width: 250px) 100vw, 250px\" \/><\/a><\/p>\n<\/div>\n<p><!--\n<a href=\"https:\/\/konferenztechnik.de\/wp-content\/uploads\/2013\/09\/partner_mediensteuerung_PCS.jpg\"><img loading=\"lazy\" decoding=\"async\" src=\"https:\/\/konferenztechnik.de\/wp-content\/uploads\/2013\/09\/partner_mediensteuerung_PCS.jpg\" alt=\"PCS-Partner im Bereich Mediensteuerungen\" width=\"650\" height=\"55\" class=\"alignleft size-full wp-image-2930\" title=\"\" srcset=\"https:\/\/konferenztechnik.de\/wp-content\/uploads\/2013\/09\/partner_mediensteuerung_PCS.jpg 650w, https:\/\/konferenztechnik.de\/wp-content\/uploads\/2013\/09\/partner_mediensteuerung_PCS-300x25.jpg 300w\" sizes=\"(max-width: 650px) 100vw, 650px\" \/><\/a>\n--><\/p>","protected":false},"excerpt":{"rendered":"<p>Mediensteuerungen Mediensteuerungen regeln die Video-, Audio- und Lichttechnik in einem Raum oder sogar einem ganzen Geb\u00e4ude. Au\u00dferdem l\u00e4sst sich weitere Geb\u00e4udetechnik wie Heizungsanlagen, Jalousien, Leinw\u00e4nde oder Telefonkonferenzsysteme bequem mit einem einzigen Steuerger\u00e4t bedienen. Mediensteuerungen kommen sowohl im gesch\u00e4ftlichen (z.B. Konferenzraum) als auch im privaten Bereich (z.B. Wohnzimmer) zum Einsatz. Die Bedienung der Technik kann mit [&hellip;]<\/p>","protected":false},"author":1,"featured_media":45482,"parent":3614,"menu_order":133,"comment_status":"closed","ping_status":"open","template":"","meta":{"_acf_changed":false,"footnotes":""},"class_list":["post-2522","page","type-page","status-publish","has-post-thumbnail","hentry"],"acf":[],"_links":{"self":[{"href":"https:\/\/konferenztechnik.de\/nl\/wp-json\/wp\/v2\/pages\/2522","targetHints":{"allow":["GET"]}}],"collection":[{"href":"https:\/\/konferenztechnik.de\/nl\/wp-json\/wp\/v2\/pages"}],"about":[{"href":"https:\/\/konferenztechnik.de\/nl\/wp-json\/wp\/v2\/types\/page"}],"author":[{"embeddable":true,"href":"https:\/\/konferenztechnik.de\/nl\/wp-json\/wp\/v2\/users\/1"}],"replies":[{"embeddable":true,"href":"https:\/\/konferenztechnik.de\/nl\/wp-json\/wp\/v2\/comments?post=2522"}],"version-history":[{"count":0,"href":"https:\/\/konferenztechnik.de\/nl\/wp-json\/wp\/v2\/pages\/2522\/revisions"}],"up":[{"embeddable":true,"href":"https:\/\/konferenztechnik.de\/nl\/wp-json\/wp\/v2\/pages\/3614"}],"wp:featuredmedia":[{"embeddable":true,"href":"https:\/\/konferenztechnik.de\/nl\/wp-json\/wp\/v2\/media\/45482"}],"wp:attachment":[{"href":"https:\/\/konferenztechnik.de\/nl\/wp-json\/wp\/v2\/media?parent=2522"}],"curies":[{"name":"wp","href":"https:\/\/api.w.org\/{rel}","templated":true}]}}