{"id":3618,"date":"2013-10-24T14:44:08","date_gmt":"2013-10-24T12:44:08","guid":{"rendered":"https:\/\/konferenztechnik.de\/?page_id=3618"},"modified":"2025-12-20T19:57:07","modified_gmt":"2025-12-20T18:57:07","slug":"verhuur-van-conferentieapparatuur-2","status":"publish","type":"page","link":"https:\/\/konferenztechnik.de\/nl\/verhuur-van-conferentieapparatuur-2\/","title":{"rendered":"Verhuur van conferentietechnologie"},"content":{"rendered":"<div data-elementor-type=\"wp-page\" data-elementor-id=\"3618\" class=\"elementor elementor-3618\" data-elementor-post-type=\"page\">\n\t\t\t\t<div data-particle_enable=\"false\" data-particle-mobile-disabled=\"false\" class=\"elementor-element elementor-element-ce2605a e-con-full e-flex e-con e-parent\" data-id=\"ce2605a\" data-element_type=\"container\">\n\t\t<div data-particle_enable=\"false\" data-particle-mobile-disabled=\"false\" class=\"elementor-element elementor-element-72b0a35 e-flex e-con-boxed e-con e-child\" data-id=\"72b0a35\" data-element_type=\"container\">\n\t\t\t\t\t<div class=\"e-con-inner\">\n\t\t\t\t<div class=\"elementor-element elementor-element-cb3f62b elementor-widget__width-inherit elementor-widget elementor-widget-heading\" data-id=\"cb3f62b\" data-element_type=\"widget\" data-widget_type=\"heading.default\">\n\t\t\t\t<div class=\"elementor-widget-container\">\n\t\t\t\t\t<h1 class=\"elementor-heading-title elementor-size-default\">Conferentie-, media- en tolktechniek huren \u2013 in heel Duitsland en professioneel begeleid <\/h1>\t\t\t\t<\/div>\n\t\t\t\t<\/div>\n\t\t\t\t<div class=\"elementor-element elementor-element-39a20b9 elementor-widget elementor-widget-image\" data-id=\"39a20b9\" data-element_type=\"widget\" data-widget_type=\"image.default\">\n\t\t\t\t<div class=\"elementor-widget-container\">\n\t\t\t\t\t\t\t\t\t\t\t\t\t\t\t<img fetchpriority=\"high\" decoding=\"async\" width=\"1300\" height=\"485\" src=\"https:\/\/konferenztechnik.de\/wp-content\/uploads\/2025\/03\/vermietung-konferenztechnik.avif\" class=\"attachment-full size-full wp-image-47453\" alt=\"huur-conferentietechnologie\" srcset=\"https:\/\/konferenztechnik.de\/wp-content\/uploads\/2025\/03\/vermietung-konferenztechnik.avif 1300w, https:\/\/konferenztechnik.de\/wp-content\/uploads\/2025\/03\/vermietung-konferenztechnik-300x112.avif 300w, https:\/\/konferenztechnik.de\/wp-content\/uploads\/2025\/03\/vermietung-konferenztechnik-1024x382.avif 1024w, https:\/\/konferenztechnik.de\/wp-content\/uploads\/2025\/03\/vermietung-konferenztechnik-768x287.avif 768w, https:\/\/konferenztechnik.de\/wp-content\/uploads\/2025\/03\/vermietung-konferenztechnik-18x7.avif 18w\" sizes=\"(max-width: 1300px) 100vw, 1300px\" title=\"\">\t\t\t\t\t\t\t\t\t\t\t\t\t\t\t<\/div>\n\t\t\t\t<\/div>\n\t\t\t\t\t<\/div>\n\t\t\t\t<\/div>\n\t\t\t\t<\/div>\n\t\t<div data-particle_enable=\"false\" data-particle-mobile-disabled=\"false\" class=\"elementor-element elementor-element-20a61bd e-flex e-con-boxed e-con e-parent\" data-id=\"20a61bd\" data-element_type=\"container\">\n\t\t\t\t\t<div class=\"e-con-inner\">\n\t\t\t\t<div class=\"elementor-element elementor-element-2909165 elementor-widget__width-inherit elementor-widget elementor-widget-text-editor\" data-id=\"2909165\" data-element_type=\"widget\" data-widget_type=\"text-editor.default\">\n\t\t\t\t<div class=\"elementor-widget-container\">\n\t\t\t\t\t\t\t\t\t<p>Bij ons kunt u flexibel conferentietechniek, mediatechniek, evenemententechniek en tolktechniek huren, \u2013, desgewenst inclusief volledige ondersteuning door onze ervaren technici. Wij bieden u professionele oplossingen voor vergaderingen, congressen, hybride evenementen, videoconferenties en meer.<\/p><p>\u00a0<\/p><p>Onze landelijke verhuur omvat conferentietechniek van topklasse: betrouwbaar, compatibel, veilig en direct klaar voor gebruik. Van losse microfoons en rondleidingssystemen tot complete simultaanvertalingsinstallaties met maximaal 32 talen: wij realiseren technisch veeleisende scenario's voor evenementen van elke omvang.<\/p><p>\u00a0<\/p><p>Maak gebruik van onze tolkstudio's om simultaantolken rechtstreeks in uw videoconferenties of hybride evenementen in te schakelen. Zo bent u verzekerd van nauwkeurige, toegankelijke en internationaal begrijpelijke communicatie \u2013, ongeacht de locatie en het formaat.<\/p><p>\u00a0<\/p><p>Al vooraf ondersteunen wij u met professioneel advies om de optimale audio-, video- en conferentietechniek voor uw evenement te selecteren. Tijdens het evenement zorgen onze technici, evenementco\u00f6rdinatoren, technische presentatoren en beeldregisseurs voor een vlekkeloos verloop en de hoogste technische kwaliteit.<\/p>\t\t\t\t\t\t\t\t<\/div>\n\t\t\t\t<\/div>\n\t\t\t\t<div class=\"elementor-element elementor-element-ba5c4e4 elementor-widget elementor-widget-button\" data-id=\"ba5c4e4\" data-element_type=\"widget\" data-widget_type=\"button.default\">\n\t\t\t\t<div class=\"elementor-widget-container\">\n\t\t\t\t\t\t\t\t\t<div class=\"elementor-button-wrapper\">\n\t\t\t\t\t<a class=\"elementor-button elementor-button-link elementor-size-lg\" href=\"#serviceteam\">\n\t\t\t\t\t\t<span class=\"elementor-button-content-wrapper\">\n\t\t\t\t\t\t<span class=\"elementor-button-icon\">\n\t\t\t\t<svg aria-hidden=\"true\" class=\"e-font-icon-svg e-far-arrow-alt-circle-down\" viewbox=\"0 0 512 512\" xmlns=\"http:\/\/www.w3.org\/2000\/svg\"><path d=\"M256 8C119 8 8 119 8 256s111 248 248 248 248-111 248-248S393 8 256 8zm0 448c-110.5 0-200-89.5-200-200S145.5 56 256 56s200 89.5 200 200-89.5 200-200 200zm-32-316v116h-67c-10.7 0-16 12.9-8.5 20.5l99 99c4.7 4.7 12.3 4.7 17 0l99-99c7.6-7.6 2.2-20.5-8.5-20.5h-67V140c0-6.6-5.4-12-12-12h-40c-6.6 0-12 5.4-12 12z\"><\/path><\/svg>\t\t\t<\/span>\n\t\t\t\t\t\t\t\t\t<span class=\"elementor-button-text\">Nu aanvragen<\/span>\n\t\t\t\t\t<\/span>\n\t\t\t\t\t<\/a>\n\t\t\t\t<\/div>\n\t\t\t\t\t\t\t\t<\/div>\n\t\t\t\t<\/div>\n\t\t\t\t\t<\/div>\n\t\t\t\t<\/div>\n\t\t<div data-particle_enable=\"false\" data-particle-mobile-disabled=\"false\" class=\"elementor-element elementor-element-c24ee69 e-flex e-con-boxed e-con e-parent\" data-id=\"c24ee69\" data-element_type=\"container\">\n\t\t\t\t\t<div class=\"e-con-inner\">\n\t\t\t\t\t<\/div>\n\t\t\t\t<\/div>\n\t\t<div data-particle_enable=\"false\" data-particle-mobile-disabled=\"false\" class=\"elementor-element elementor-element-6199ecb e-flex e-con-boxed e-con e-parent\" data-id=\"6199ecb\" data-element_type=\"container\">\n\t\t\t\t\t<div class=\"e-con-inner\">\n\t\t<div data-particle_enable=\"false\" data-particle-mobile-disabled=\"false\" class=\"elementor-element elementor-element-dcebc3e e-flex e-con-boxed e-con e-child\" data-id=\"dcebc3e\" data-element_type=\"container\" data-settings=\"{&quot;animation&quot;:&quot;none&quot;}\">\n\t\t\t\t\t<div class=\"e-con-inner\">\n\t\t\t\t<div class=\"elementor-element elementor-element-640f43b elementor-widget elementor-widget-heading\" data-id=\"640f43b\" data-element_type=\"widget\" data-settings=\"{&quot;_animation&quot;:&quot;none&quot;}\" data-widget_type=\"heading.default\">\n\t\t\t\t<div class=\"elementor-widget-container\">\n\t\t\t\t\t<h2 class=\"elementor-heading-title elementor-size-default\">Ons huurassortiment<\/h2>\t\t\t\t<\/div>\n\t\t\t\t<\/div>\n\t\t\t\t<div class=\"elementor-element elementor-element-6b2ae7a elementor-widget__width-inherit elementor-widget elementor-widget-eael-post-list\" data-id=\"6b2ae7a\" data-element_type=\"widget\" data-settings=\"{&quot;_animation&quot;:&quot;none&quot;}\" data-widget_type=\"eael-post-list.default\">\n\t\t\t\t<div class=\"elementor-widget-container\">\n\t\t\t\t\t<div class=\"eael-post-list-container advanced layout-advanced\"><div class=\"eael-post-list-wrap\"><div class=\"eael-post-list-posts-wrap eael-post-appender eael-post-appender-6b2ae7a\"><div class=\"eael-post-list-post\"><div class=\"eael-post-list-post-inner\"><div class=\"eael-post-list-thumbnail\"><a href=\"https:\/\/konferenztechnik.de\/nl\/evenementenmateriaal-huren\/\">\n                <img decoding=\"async\" src=\"https:\/\/konferenztechnik.de\/wp-content\/uploads\/2024\/02\/Veranstaltungstechnik-mieten-post-jpg.webp\" alt=\"Verhuur van evenemententechnologie: Mengtafel op een evenement\" title=\"\">\n            <\/a><\/div><div class=\"eael-post-list-content\"><h2 class=\"eael-post-list-title\"><a href=\"https:\/\/konferenztechnik.de\/nl\/evenementenmateriaal-huren\/\" >Evenemententechnologie huren<\/a><\/h2><p>Als full-serviceprovider bieden we je alles van een \u2013 uit \u00e9\u00e9n...<\/p><a href=\"https:\/\/konferenztechnik.de\/nl\/evenementenmateriaal-huren\/\" class=\"eael-post-elements-readmore-btn\" >nu informeren<\/a><div class=\"boxed-meta\"><\/div><\/div><\/div><\/div><div class=\"eael-post-list-post\"><div class=\"eael-post-list-post-inner\"><div class=\"eael-post-list-thumbnail\"><a href=\"https:\/\/konferenztechnik.de\/nl\/tolkencentra-en-tolkstudios\/\">\n                <img decoding=\"async\" src=\"https:\/\/konferenztechnik.de\/wp-content\/uploads\/2023\/04\/dolmetschhubs.jpg\" alt=\"Uitzicht in een tolkstudio, waar tolken een spreker volgen op een grote monitor en vertalen naar verschillende andere talen in hun geluidsdichte cabines.\" title=\"\">\n            <\/a><\/div><div class=\"eael-post-list-content\"><h2 class=\"eael-post-list-title\"><a href=\"https:\/\/konferenztechnik.de\/nl\/tolkencentra-en-tolkstudios\/\" >Tolkencentra en tolkstudio's<\/a><\/h2><p>Onze professionele hubs voor tolken op afstand, tolken voor videoconferenties, streaming en vergaderingen op locatie<\/p><a href=\"https:\/\/konferenztechnik.de\/nl\/tolkencentra-en-tolkstudios\/\" class=\"eael-post-elements-readmore-btn\" >nu informeren<\/a><div class=\"boxed-meta\"><\/div><\/div><\/div><\/div><div class=\"eael-post-list-post\"><div class=\"eael-post-list-post-inner\"><div class=\"eael-post-list-thumbnail\"><a href=\"https:\/\/konferenztechnik.de\/nl\/persoonlijke-begeleidingssystemen-huren-kopen-installeren\/\">\n                <img decoding=\"async\" src=\"https:\/\/konferenztechnik.de\/wp-content\/uploads\/2023\/07\/personenfuehrungsanlage-mieten-kaufen-jpg.webp\" alt=\"Man spreekt in microfoon, toeschouwer luistert met gidsensysteem tijdens rondleiding. Tourguide-systemen huren, kopen of leasen bij PCS.\" title=\"\">\n            <\/a><\/div><div class=\"eael-post-list-content\"><h2 class=\"eael-post-list-title\"><a href=\"https:\/\/konferenztechnik.de\/nl\/persoonlijke-begeleidingssystemen-huren-kopen-installeren\/\" >Passagiersbegeleidingssystemen<\/a><\/h2><p>Reisbegeleidingssystemen, gidssystemen, fluistersystemen of PFA's, koptelefoons, microfoons, oplaadeenheden, transportkoffers, accessoires<\/p><a href=\"https:\/\/konferenztechnik.de\/nl\/persoonlijke-begeleidingssystemen-huren-kopen-installeren\/\" class=\"eael-post-elements-readmore-btn\" >nu informeren<\/a><div class=\"boxed-meta\"><\/div><\/div><\/div><\/div><div class=\"eael-post-list-post\"><div class=\"eael-post-list-post-inner\"><div class=\"eael-post-list-thumbnail\"><a href=\"https:\/\/konferenztechnik.de\/nl\/huren-kopen-installeren-leasen-gesprekssystemen-intercomtoestellen\/\">\n                <img decoding=\"async\" src=\"https:\/\/konferenztechnik.de\/wp-content\/uploads\/2023\/06\/diskussionsanlage-sprechstellen-tischmikrofone.jpg\" alt=\"Tafelmicrofoons verdeeld over een vergadertafel, met zwanenhalsmicrofoons\" title=\"\">\n            <\/a><\/div><div class=\"eael-post-list-content\"><h2 class=\"eael-post-list-title\"><a href=\"https:\/\/konferenztechnik.de\/nl\/huren-kopen-installeren-leasen-gesprekssystemen-intercomtoestellen\/\" >Huren, kopen, installeren, leasen \u2013 gesprekssystemen, intercomtoestellen<\/a><\/h2><p>Huren, kopen, installeren, leasen \u2013 gesprekssystemen, intercomtoestellen<\/p><a href=\"https:\/\/konferenztechnik.de\/nl\/huren-kopen-installeren-leasen-gesprekssystemen-intercomtoestellen\/\" class=\"eael-post-elements-readmore-btn\" >nu informeren<\/a><div class=\"boxed-meta\"><\/div><\/div><\/div><\/div><div class=\"eael-post-list-post\"><div class=\"eael-post-list-post-inner\"><div class=\"eael-post-list-thumbnail\"><a href=\"https:\/\/konferenztechnik.de\/nl\/tolksystemen-en-tolktechnologie-huren-kopen-installeren\/\">\n                <img decoding=\"async\" src=\"https:\/\/konferenztechnik.de\/wp-content\/uploads\/2023\/05\/simultantechnik-dolmetscheranlagen-mieten-kaufen-leasen-jpg.webp\" alt=\"\" title=\"\">\n            <\/a><\/div><div class=\"eael-post-list-content\"><h2 class=\"eael-post-list-title\"><a href=\"https:\/\/konferenztechnik.de\/nl\/tolksystemen-en-tolktechnologie-huren-kopen-installeren\/\" >Tolksystemen en tolktechnologie<\/a><\/h2><p>Draadloze tolksystemen met tolkcabines en discussiesystemen met tolkcabines<\/p><a href=\"https:\/\/konferenztechnik.de\/nl\/tolksystemen-en-tolktechnologie-huren-kopen-installeren\/\" class=\"eael-post-elements-readmore-btn\" >nu informeren<\/a><div class=\"boxed-meta\"><\/div><\/div><\/div><\/div><div class=\"eael-post-list-post\"><div class=\"eael-post-list-post-inner\"><div class=\"eael-post-list-thumbnail\"><a href=\"https:\/\/konferenztechnik.de\/nl\/streaming\/\">\n                <img decoding=\"async\" src=\"https:\/\/konferenztechnik.de\/wp-content\/uploads\/2023\/04\/streaming-hosting-events-jpg.webp\" alt=\"Geluidsregie en videoregie met evenemententechnici in een conferentiezaal, met meerdere keren het opschrift &quot;Live - Live - Live&quot; ervoor\" title=\"\">\n            <\/a><\/div><div class=\"eael-post-list-content\"><h2 class=\"eael-post-list-title\"><a href=\"https:\/\/konferenztechnik.de\/nl\/streaming\/\" >Streaming en hosting<\/a><\/h2><p>Streaming van live- en videocontent, archivering en levering op servers en videoplatforms<\/p><a href=\"https:\/\/konferenztechnik.de\/nl\/streaming\/\" class=\"eael-post-elements-readmore-btn\" >nu informeren<\/a><div class=\"boxed-meta\"><\/div><\/div><\/div><\/div><div class=\"eael-post-list-post\"><div class=\"eael-post-list-post-inner\"><div class=\"eael-post-list-thumbnail\"><a href=\"https:\/\/konferenztechnik.de\/nl\/landingspaginas-voor-evenementen-virtuele-evenementenplatforms\/\">\n                <img decoding=\"async\" src=\"https:\/\/konferenztechnik.de\/wp-content\/uploads\/2023\/03\/landingpage-beitrag.jpg\" alt=\"\" title=\"\">\n            <\/a><\/div><div class=\"eael-post-list-content\"><h2 class=\"eael-post-list-title\"><a href=\"https:\/\/konferenztechnik.de\/nl\/landingspaginas-voor-evenementen-virtuele-evenementenplatforms\/\" >Landingspagina's voor evenementen, platforms voor virtuele evenementen<\/a><\/h2><p>Landingspagina's voor evenementen, virtuele evenementenplatforms Het basispakket bestaat uit de volgende elementen...<\/p><a href=\"https:\/\/konferenztechnik.de\/nl\/landingspaginas-voor-evenementen-virtuele-evenementenplatforms\/\" class=\"eael-post-elements-readmore-btn\" >nu informeren<\/a><div class=\"boxed-meta\"><\/div><\/div><\/div><\/div><div class=\"eael-post-list-post\"><div class=\"eael-post-list-post-inner\"><div class=\"eael-post-list-thumbnail\"><a href=\"https:\/\/konferenztechnik.de\/nl\/av-audio-en-videoapparatuur-huren-kopen-installeren-leasen\/\">\n                <img decoding=\"async\" src=\"https:\/\/konferenztechnik.de\/wp-content\/uploads\/2023\/03\/audio-und-videotechnik-mieten-kaufen-installieren-1024x614.avif\" alt=\"audio-en-video-technologie huren-kopen-installeren\" title=\"\">\n            <\/a><\/div><div class=\"eael-post-list-content\"><h2 class=\"eael-post-list-title\"><a href=\"https:\/\/konferenztechnik.de\/nl\/av-audio-en-videoapparatuur-huren-kopen-installeren-leasen\/\" >AV: Audio- en videotechnologie<\/a><\/h2><p>Microfoons, omroeptechnologie, lessenaars, telefoonhybriden, persverdelers, steno-s logging software...<\/p><a href=\"https:\/\/konferenztechnik.de\/nl\/av-audio-en-videoapparatuur-huren-kopen-installeren-leasen\/\" class=\"eael-post-elements-readmore-btn\" >nu informeren<\/a><div class=\"boxed-meta\"><\/div><\/div><\/div><\/div><\/div><\/div>\n\t\t<\/div>\t\t\t\t<\/div>\n\t\t\t\t<\/div>\n\t\t\t\t\t<\/div>\n\t\t\t\t<\/div>\n\t\t\t\t\t<\/div>\n\t\t\t\t<\/div>\n\t\t<div data-particle_enable=\"false\" data-particle-mobile-disabled=\"false\" class=\"elementor-element elementor-element-4be366c e-flex e-con-boxed e-con e-parent\" data-id=\"4be366c\" data-element_type=\"container\">\n\t\t\t\t\t<div class=\"e-con-inner\">\n\t\t<div data-particle_enable=\"false\" data-particle-mobile-disabled=\"false\" class=\"elementor-element elementor-element-a7882b6 e-flex e-con-boxed e-con e-child\" data-id=\"a7882b6\" data-element_type=\"container\" data-settings=\"{&quot;background_background&quot;:&quot;classic&quot;}\">\n\t\t\t\t\t<div class=\"e-con-inner\">\n\t\t\t\t<div class=\"elementor-element elementor-element-52d730d elementor-widget elementor-widget-text-editor\" data-id=\"52d730d\" data-element_type=\"widget\" data-widget_type=\"text-editor.default\">\n\t\t\t\t<div class=\"elementor-widget-container\">\n\t\t\t\t\t\t\t\t\t<p>Weet je niet zeker welke van de aangeboden technologie\u00ebn geschikt is voor jou? Neem contact met ons op.<\/p>\t\t\t\t\t\t\t\t<\/div>\n\t\t\t\t<\/div>\n\t\t\t\t\t<\/div>\n\t\t\t\t<\/div>\n\t\t\t\t\t<\/div>\n\t\t\t\t<\/div>\n\t\t<div data-particle_enable=\"false\" data-particle-mobile-disabled=\"false\" class=\"elementor-element elementor-element-13e4821 e-flex e-con-boxed e-con e-parent\" data-id=\"13e4821\" data-element_type=\"container\">\n\t\t\t\t\t<div class=\"e-con-inner\">\n\t\t\t\t<div class=\"elementor-element elementor-element-a0083f0 elementor-widget elementor-widget-shortcode\" data-id=\"a0083f0\" data-element_type=\"widget\" data-widget_type=\"shortcode.default\">\n\t\t\t\t<div class=\"elementor-widget-container\">\n\t\t\t\t\t\t\t<div class=\"elementor-shortcode\"><\/div>\n\t\t\t\t\t\t<\/div>\n\t\t\t\t<\/div>\n\t\t\t\t\t<\/div>\n\t\t\t\t<\/div>\n\t\t<div data-particle_enable=\"false\" data-particle-mobile-disabled=\"false\" class=\"elementor-element elementor-element-8c11562 e-flex e-con-boxed e-con e-parent\" data-id=\"8c11562\" data-element_type=\"container\">\n\t\t\t\t\t<div class=\"e-con-inner\">\n\t\t\t\t<div class=\"elementor-element elementor-element-38af8e9 elementor-widget elementor-widget-shortcode\" data-id=\"38af8e9\" data-element_type=\"widget\" data-widget_type=\"shortcode.default\">\n\t\t\t\t<div class=\"elementor-widget-container\">\n\t\t\t\t\t\t\t<div class=\"elementor-shortcode\"><\/div>\n\t\t\t\t\t\t<\/div>\n\t\t\t\t<\/div>\n\t\t\t\t\t<\/div>\n\t\t\t\t<\/div>\n\t\t\t\t<\/div>","protected":false},"excerpt":{"rendered":"<p>Konferenz-, Medien- und Dolmetschtechnik mieten \u2013 bundesweit und professionell betreut Bei uns k\u00f6nnen Sie Konferenztechnik, Medientechnik, Veranstaltungstechnik und Dolmetschtechnik flexibel mieten \u2013 auf Wunsch inklusive vollst\u00e4ndiger Betreuung durch unsere erfahrenen Techniker*innen. Wir bieten Ihnen professionelle L\u00f6sungen f\u00fcr Meetings, Kongresse, hybride Events, Videokonferenzen und mehr. \u00a0 Unsere bundesweite Vermietung umfasst Konferenztechnik der Spitzenklasse: zuverl\u00e4ssig, kompatibel, sicher [&hellip;]<\/p>","protected":false},"author":1,"featured_media":47453,"parent":0,"menu_order":112,"comment_status":"closed","ping_status":"open","template":"","meta":{"_acf_changed":false,"footnotes":""},"class_list":["post-3618","page","type-page","status-publish","has-post-thumbnail","hentry"],"acf":[],"_links":{"self":[{"href":"https:\/\/konferenztechnik.de\/nl\/wp-json\/wp\/v2\/pages\/3618","targetHints":{"allow":["GET"]}}],"collection":[{"href":"https:\/\/konferenztechnik.de\/nl\/wp-json\/wp\/v2\/pages"}],"about":[{"href":"https:\/\/konferenztechnik.de\/nl\/wp-json\/wp\/v2\/types\/page"}],"author":[{"embeddable":true,"href":"https:\/\/konferenztechnik.de\/nl\/wp-json\/wp\/v2\/users\/1"}],"replies":[{"embeddable":true,"href":"https:\/\/konferenztechnik.de\/nl\/wp-json\/wp\/v2\/comments?post=3618"}],"version-history":[{"count":0,"href":"https:\/\/konferenztechnik.de\/nl\/wp-json\/wp\/v2\/pages\/3618\/revisions"}],"wp:featuredmedia":[{"embeddable":true,"href":"https:\/\/konferenztechnik.de\/nl\/wp-json\/wp\/v2\/media\/47453"}],"wp:attachment":[{"href":"https:\/\/konferenztechnik.de\/nl\/wp-json\/wp\/v2\/media?parent=3618"}],"curies":[{"name":"wp","href":"https:\/\/api.w.org\/{rel}","templated":true}]}}