{"id":3805,"date":"2013-11-28T11:55:02","date_gmt":"2013-11-28T09:55:02","guid":{"rendered":"https:\/\/konferenztechnik.de\/?page_id=3805"},"modified":"2013-11-28T11:55:02","modified_gmt":"2013-11-28T09:55:02","slug":"viprinet","status":"publish","type":"page","link":"https:\/\/konferenztechnik.de\/nl\/distributie-van-conferentie-en-av-mediatechnologie\/viprinet\/","title":{"rendered":"Viprinet"},"content":{"rendered":"<p>[column size=\"2-3\u2033 last=\"0\u2033]<\/p>\n<h1>Nooit meer offline!<\/h1>\n<p>Viprinet is de specialist op het gebied van WAN-connectiviteit. Te weinig bandbreedte? Te hoog risico op storingen? Onvoldoende netwerkdekking? Niet met Viprinet's intelligente channel bonding.<\/p>\n<p>Of het nu gaat om mobiele toepassingen, snelle bedrijfsverbindingen in landelijke gebieden, flexibele site networking of grote netwerkarchitecturen: er is een geschikte meerkanaals VPN-router voor elke toepassing.<\/p>\n<p>[\/column]<\/p>\n<p>[column size=\"1-3\u2033 last=\"1\u2033]<\/p>\n<div style=\"padding-top:50px;\">\n<img decoding=\"async\" class=\"alignright size-full wp-image-3813\" alt=\"Logo Viprinet\" src=\"https:\/\/konferenztechnik.de\/wp-content\/uploads\/2013\/11\/Viprinet-Logo.jpg\" width=\"182\" height=\"261\" title=\"\">\n<\/div>\n<p>[\/column]<\/p>\n<p>[spacer size=\"20\u2033]<\/p>\n<h4>Meerkanaals VPN-router<\/h4>\n<p>[column size=\"2-3\u2033 last=\"0\u2033]<br \/>\n[Tabs style=\"1\u2033][title=\"Afbeeldingen\"].<br \/>\n[rev_slider ViprinetRouter]<br \/>\n[\/tab][title=\"Speciale functies\"]<\/p>\n<ul>\n<li>Echte bundeling van alle lijnbandbreedtes met\/zonder TCP-optimalisatie<\/li>\n<li>Quality of service\/traffic shaping (per WAN-module\/VPN-tunnel)<\/li>\n<li>NAT en poort doorsturen<\/li>\n<li>Bewaking (grafisch, syslog op afstand)<\/li>\n<li>Onbeperkt aantal VPN-tunnels (SSL\/AES)<\/li>\n<li>Op regels gebaseerde routering<\/li>\n<li>Verkeersaccounting naar externe server<\/li>\n<li>Multi-client geschikt webadministratiesysteem<\/li>\n<\/ul>\n<p>[\/tab][tab=\"Technische details\"].<\/p>\n<ul>\n<li>Behuizing met vormfactor: Desktop<\/li>\n<li>Voeding: 12 VDC, max. 4 A<\/li>\n<li>LAN-interface: Fast Ethernet<\/li>\n<li>Slots voor WAN-modules: 3<\/li>\n<li>Verbindingscapaciteit: 50 MBit\/s<\/li>\n<\/ul>\n<p>[\/tab][\/tabs]<br \/>\n[\/column]<\/p>\n<p>[column size=\"1-3\u2033 last=\"1\u2033]<br \/>\n[spacer size=\"40\u2033]<\/p>\n<p>Echte kanaalbundeling betekent dat tot zes internettoegangspunten van verschillende providers gecombineerd kunnen worden tot een zeer beschikbare en snelle verbinding.<\/p>\n<p>Of het nu gaat om mobiele toepassingen, snelle bedrijfsverbindingen in landelijke gebieden, flexibele site networking of grote netwerkarchitecturen: er is een geschikte meerkanaals VPN-router voor elke toepassing.<\/p>\n<p>[\/column]<\/p>\n<h4>Viprinet Multichannel VPN Router 300: de event-oplossing voor online presentaties<\/h4>\n<p>[spacer size=\"20\u2033]<\/p>\n<p>[column size=\"1-3\u2033 last=\"0\u2033]<\/p>\n<h4>Vipri meerkanaals VPN-router 300<\/h4>\n<p><a href=\"https:\/\/konferenztechnik.de\/wp-content\/uploads\/2013\/11\/Vipri-Multichannel-VPN-Rout.jpg\"><img fetchpriority=\"high\" decoding=\"async\" class=\"alignnone size-full wp-image-3823\" alt=\"Vipri meerkanaals VPN-router\" src=\"https:\/\/konferenztechnik.de\/wp-content\/uploads\/2013\/11\/Vipri-Multichannel-VPN-Rout.jpg\" width=\"308\" height=\"394\" title=\"\" srcset=\"https:\/\/konferenztechnik.de\/wp-content\/uploads\/2013\/11\/Vipri-Multichannel-VPN-Rout.jpg 308w, https:\/\/konferenztechnik.de\/wp-content\/uploads\/2013\/11\/Vipri-Multichannel-VPN-Rout-235x300.jpg 235w\" sizes=\"(max-width: 308px) 100vw, 308px\" \/><\/a><br \/>\n[\/column]<\/p>\n<p>[column size=\"1-2\u2033 last=\"1\u2033]<\/p>\n<h4>LTE\/UMTS\/HSPA+\/GPRS\/EDGE module<\/h4>\n<p><a href=\"https:\/\/konferenztechnik.de\/wp-content\/uploads\/2013\/11\/LTE-UMTS-HSPA-GPRS-EDGE-Mod.jpg\"><img decoding=\"async\" class=\"alignnone size-full wp-image-3824\" alt=\"LTE-UMTS-HSPA-GPRS-EDGE-Mod\" src=\"https:\/\/konferenztechnik.de\/wp-content\/uploads\/2013\/11\/LTE-UMTS-HSPA-GPRS-EDGE-Mod.jpg\" width=\"451\" height=\"273\" title=\"\" srcset=\"https:\/\/konferenztechnik.de\/wp-content\/uploads\/2013\/11\/LTE-UMTS-HSPA-GPRS-EDGE-Mod.jpg 451w, https:\/\/konferenztechnik.de\/wp-content\/uploads\/2013\/11\/LTE-UMTS-HSPA-GPRS-EDGE-Mod-300x182.jpg 300w\" sizes=\"(max-width: 451px) 100vw, 451px\" \/><\/a><br \/>\n[\/column]<\/p>\n<p>[column size=\"1-3\u2033 last=\"0\u2033]<\/p>\n<p>De Multichannel VPN Router 300 is de ideale basis voor het leveren van een storingsvrije, breedbandige verbinding met het internet en\/of een bedrijfs-VPN voor mobiele locaties, conferenties en allerlei evenementen. De maximale verbindingscapaciteit is 50 MBit\/s.<\/p>\n<p>Door de afzonderlijke hotplugmodules toe te voegen of te verwijderen, kan het netwerkontwerp snel en individueel worden aangepast aan veranderende vereisten.<\/p>\n<p>In combinatie met de Multichannel VPN Hub 1020 is het apparaat bijzonder geschikt voor kleine en middelgrote bedrijfsnetwerken. Grotere netwerken kunnen worden gerealiseerd in combinatie met de Multichannel VPN Hub 2020.<\/p>\n<p>[\/column]<\/p>\n<p>[column size=\"1-2\u2033 last=\"1\u2033]<\/p>\n<p>De LTE\/UMTS\/HSPA+\/GPRS\/EDGE module maakt het gebruik van alle huidige mobiele telefoontechnologie\u00ebn mogelijk met elke Viprinet Multichannel VPN Router. LTE is de nieuwste, wereldwijd verspreide standaard voor mobiele communicatie \u2013, ook bekend als 4G. Het maakt hogere bandbreedtes met een groter bereik mogelijk en vertegenwoordigt de huidige stand van de mobiele communicatietechnologie en biedt daarom zekerheid voor de toekomst op lange termijn.<\/p>\n<p>Vooral bij mobiel gebruik garandeert de LTE-module een ononderbroken mobiele telefoonverbinding dankzij de extra ondersteuning van de mobiele telefoonstandaarden UMTS en GSM. De overgang tussen verschillende mobiele telefoonstandaarden is naadloos en er wordt altijd gebruik gemaakt van de best beschikbare verbinding.<\/p>\n<p>[\/column]<\/p>\n<p>[callout add_button=\"no\" button_text=\"Learn More\" button_url=\"#\" button_color=\"#a62055\u2033]<\/p>\n<h4>Veilige videoconferentie-oplossingen voor evenementen, met hoge betrouwbaarheid en hoge bandbreedte met Viprinet en PCS.<\/h4>\n<p>[\/callout]<\/p>","protected":false},"excerpt":{"rendered":"<p>[column size=&#8220;2-3&#8243; last=&#8220;0&#8243;] Nie wieder offline! Viprinet sind die WAN Anbindungspezialisten. Zu niedrige Bandbreite? Zu hohes Ausfallrisiko? Keine ausreichende Netzabdeckung? Nicht mit der intelligenten Kanalb\u00fcndelung von Viprinet. Egal, ob f\u00fcr mobile Anwendungen, schnelle Unternehmensanbindung im l\u00e4ndlichen Raum, flexible Standortvernetzung oder gro\u00dfe Netzwerkarchitekturen: F\u00fcr jede Nutzung gibt es den passenden Multichannel VPN Router. [\/column] [column size=&#8220;1-3&#8243; [&hellip;]<\/p>","protected":false},"author":1,"featured_media":45482,"parent":3614,"menu_order":107,"comment_status":"closed","ping_status":"open","template":"","meta":{"_acf_changed":false,"footnotes":""},"class_list":["post-3805","page","type-page","status-publish","has-post-thumbnail","hentry"],"acf":[],"_links":{"self":[{"href":"https:\/\/konferenztechnik.de\/nl\/wp-json\/wp\/v2\/pages\/3805","targetHints":{"allow":["GET"]}}],"collection":[{"href":"https:\/\/konferenztechnik.de\/nl\/wp-json\/wp\/v2\/pages"}],"about":[{"href":"https:\/\/konferenztechnik.de\/nl\/wp-json\/wp\/v2\/types\/page"}],"author":[{"embeddable":true,"href":"https:\/\/konferenztechnik.de\/nl\/wp-json\/wp\/v2\/users\/1"}],"replies":[{"embeddable":true,"href":"https:\/\/konferenztechnik.de\/nl\/wp-json\/wp\/v2\/comments?post=3805"}],"version-history":[{"count":0,"href":"https:\/\/konferenztechnik.de\/nl\/wp-json\/wp\/v2\/pages\/3805\/revisions"}],"up":[{"embeddable":true,"href":"https:\/\/konferenztechnik.de\/nl\/wp-json\/wp\/v2\/pages\/3614"}],"wp:featuredmedia":[{"embeddable":true,"href":"https:\/\/konferenztechnik.de\/nl\/wp-json\/wp\/v2\/media\/45482"}],"wp:attachment":[{"href":"https:\/\/konferenztechnik.de\/nl\/wp-json\/wp\/v2\/media?parent=3805"}],"curies":[{"name":"wp","href":"https:\/\/api.w.org\/{rel}","templated":true}]}}