{"id":3833,"date":"2013-11-28T13:09:34","date_gmt":"2013-11-28T11:09:34","guid":{"rendered":"https:\/\/konferenztechnik.de\/?page_id=3833"},"modified":"2023-07-03T15:39:42","modified_gmt":"2023-07-03T13:39:42","slug":"barco-clickshare","status":"publish","type":"page","link":"https:\/\/konferenztechnik.de\/nl\/distributie-van-conferentie-en-av-mediatechnologie\/barco-clickshare\/","title":{"rendered":"Barco ClickShare presentatiesystemen"},"content":{"rendered":"<h1>Eenvoudig draadloos presenteren en samenwerken.<\/h1>\n<p>ClickShare verbindt laptops en tablets (iOS \/ Android) draadloos met de videotechnologie in uw \u2013 vergaderzaal met \u00e9\u00e9n druk op de knop!<\/p>\n<p>Meerdere deelnemers kunnen hun presentatie met \u00e9\u00e9n klik inschakelen en inhoud eenvoudiger dan ooit delen.<\/p>\n<p>Geen zwarte schermen, onjuiste resoluties en paginaweergaven of ontbrekende verbindingskabels meer!<br \/>\nHet eenvoudig wisselen en delen van inhoud maakt een compleet nieuwe vorm van samenwerking mogelijk.<\/p>\n<p>Trouw aan het motto \"Bring Your Own Device\u201d, werkt ClickShare met alle gangbare computersystemen en ook op tablets en smartphones \u2013 via Plug &amp; Play.<\/p>\n<p><a href=\"https:\/\/konferenztechnik.de\/wp-content\/uploads\/2013\/11\/Barco-Logo.jpg\"><img decoding=\"async\" class=\"alignright size-full wp-image-3844\" src=\"https:\/\/konferenztechnik.de\/wp-content\/uploads\/2013\/11\/Barco-Logo.jpg\" alt=\"Barco-logo\" width=\"181\" height=\"178\" title=\"\"><\/a><\/p>\n<div class=\"boxcontainer-home\">\n<div class=\"box1\">\n<p><img decoding=\"async\" class=\"alignnone size-full wp-image-1418\" src=\"https:\/\/konferenztechnik.de\/wp-content\/uploads\/2017\/04\/Barco-ClickShare-Button.jpg\" alt=\"Barco-klikshare stap 1\" title=\"\"><\/p>\n<h2>Sluit de knop aan op een USB-poort<\/h2>\n<p>Met ClickShare kun je eenvoudig de inhoud van je laptop of mobiele apparaat overbrengen naar een presentatiescherm.<\/p>\n<\/div>\n<div class=\"box2\">\n<p><img decoding=\"async\" class=\"alignnone size-full wp-image-1418\" src=\"https:\/\/konferenztechnik.de\/wp-content\/uploads\/2017\/04\/Barco-ClickShare-Praesentationssystem.jpg\" alt=\"Barco-Clickshare stap 2\" title=\"\"><\/p>\n<h2>Klik op de knop om het scherm te zien<\/h2>\n<p>Met \u00e9\u00e9n klik maak je van een vergadering een ervaring die idee\u00ebn, inhoud en mensen samenbrengt. Zonder kabels, configuratie of wachten op deelnemers.<\/p>\n<\/div>\n<div class=\"box3\"><img decoding=\"async\" class=\"alignnone size-full wp-image-1418\" src=\"https:\/\/konferenztechnik.de\/wp-content\/uploads\/2017\/04\/Barco-ClickShare-drahtlosesPraesentieren.jpg\" alt=\"Barco-Clickshare stap 3\" title=\"\"><\/p>\n<h2>Deel je werk tijdens de conferentie<\/h2>\n<p>Plug-in samenwerking \u2013 met ClickShare zullen uw conferenties nooit meer hetzelfde zijn! Door het delen van content aan te moedigen, worden conferenties naar een nieuw niveau getild \u2013one waar geweldige idee\u00ebn worden aangemoedigd.<\/p>\n<\/div>\n<\/div>\n<h4>ClickShare CS-100<img decoding=\"async\" class=\"aligncenter size-full wp-image-3845\" src=\"https:\/\/konferenztechnik.de\/wp-content\/uploads\/2017\/04\/Barco-Clickshare-CS-100.jpg\" alt=\"KLIKDELEN1\" title=\"\"><br \/>\nDe CS-100 Base Unit bevat de standaard ClickShare beveiligingsfuncties, waaronder encryptie, login management, HTTPS en de mogelijkheid om de SSID van het draadloze netwerk van de Base Unit te verbergen.<\/h4>\n<ul>\n<li>Windows 7\/8.1\/10 32 &amp; 64 bit, Mac OSX 10.10\/10.11\/10.12 (Sierra), Android v5 &amp; v6 (ClickShare-app), iOS 8, 9 &amp; 10 (ClickShare-app)<\/li>\n<li>Video-uitgangen: 1 x HDMI<\/li>\n<li>Framerate: 30 fps<\/li>\n<li>Uitvoerresolutie: 1.920 x 1.200<\/li>\n<li>Geluidsniveau: Ventilatorloos<\/li>\n<li>Aantal gelijktijdige bronnen: 1<\/li>\n<li>Aantal gelijktijdige verbindingen: 8<\/li>\n<\/ul>\n<p>Draadloos stand-alone presentatiesysteem voor kleine vergaderruimtes<\/p>\n<p>De CS-100 Base Unit is een stand-alone model met een HDMI-uitgang. Maximaal acht gebruikers kunnen verbinding maken, waarbij \u00e9\u00e9n gebruiker tegelijk zijn of haar content kan delen.<\/p>\n<h4>ClickShare CSE-200<img decoding=\"async\" class=\"aligncenter size-full wp-image-3845\" src=\"https:\/\/konferenztechnik.de\/wp-content\/uploads\/2017\/04\/Barco-Clickshare-CSE-200.jpg\" alt=\"KLIKDELEN1\" title=\"\"><br \/>\nDe CSE-200 Base Unit is ontworpen voor grotere organisaties die behoefte hebben aan geavanceerde beveiligingsfuncties, meer connectiviteitsopties zoals AirPlay en Google Cast voor niet-HDCP content, en gecentraliseerd beheer. Met de CSE-200 Base Unit kunnen maximaal twee personen tegelijkertijd naast elkaar content bekijken \u2013 dit maakt directe overdracht naar het centrale scherm mogelijk en verbetert de samenwerking. Als bijdrage aan de gebruiksvriendelijkheid kunnen de beveiligingsfuncties van de CSE-200 worden ingesteld op een van de drie vooraf gedefinieerde niveaus, afhankelijk van de richtlijnen en vereisten van het bedrijf. Last but not least wordt de integratie van het apparaat in het bedrijfsnetwerk veel eenvoudiger via de API.<\/h4>\n<ul>\n<li>Windows 7\/8.1\/10 32 &amp; 64 bit, Mac OSX 10.10\/10.11\/10.12 (Sierra), Android v5 &amp; v6 (ClickShare-app), iOS 8, 9 &amp; 10 (ClickShare-app)<\/li>\n<li>Video-uitgangen: 1 x HDMI<\/li>\n<li>Framerate: 30 fps<\/li>\n<li>Uitvoerresolutie: 1.920 x 1.200<\/li>\n<li>Geluidsniveau: Ventilatorloos<\/li>\n<li>Aantal gelijktijdige bronnen: 2<\/li>\n<li>Aantal gelijktijdige verbindingen: 16<\/li>\n<\/ul>\n<p>Draadloos presentatiesysteem voor standaard vergaderruimten<\/p>\n<p>De CSE-200 Base Unit maakt de ClickShare ervaring mogelijk in kleine en middelgrote vergaderruimtes. Iedereen, ook gasten, kunnen met \u00e9\u00e9n klik verbinding maken en direct \u2013 inhoud delen zonder dat er training nodig is. Deelnemers sluiten gewoon het USB-apparaat \u2013 de ClickShare Button \u2013 aan op hun PC of Mac en drukken op de knop om de inhoud van hun laptop weer te geven op het grote scherm in de vergaderruimte. Met de ClickShare app kunnen gebruikers ook content delen vanaf hun smartphone of tablet.<\/p>\n<h4>ClickShare CSE-800<img decoding=\"async\" class=\"aligncenter size-full wp-image-3845\" src=\"https:\/\/konferenztechnik.de\/wp-content\/uploads\/2017\/04\/Barco-Clickshare-CSE-800.jpg\" alt=\"KLIKDELEN1\" title=\"\"><br \/>\nTwee netwerkaansluitingen maken afzonderlijke en gelijktijdige verbindingen met meerdere netwerken mogelijk (bijvoorbeeld gast- en bedrijfsnetwerken) en bieden extra veiligheid en gemak voor de gebruiker. Met maximaal acht personen die tegelijkertijd content kunnen delen, maakt de CSE-800 directe overdracht naar het centrale scherm mogelijk en verbetert het de samenwerking.<\/h4>\n<p>De moderatiefunctie is speciaal ontwikkeld voor gebruik in grotere ruimtes waar meerdere mensen tegelijkertijd hun inhoud willen uitzenden. Om te voorkomen dat er te snel tussen schermen wordt geschakeld, kan een moderator handmatig selecteren welke inhoud op welk moment wordt uitgezonden, zodat het makkelijker wordt om de inhoud te volgen en alle deelnemers een goede ervaring hebben.<\/p>\n<p>Als bijdrage aan de gebruiksvriendelijkheid kunnen de beveiligingsfuncties van de CSE-800 worden ingesteld op een van de drie vooraf gedefinieerde niveaus, afhankelijk van de richtlijnen en vereisten van het bedrijf.<\/p>\n<ul>\n<li>Windows 7\/8.1\/10 32 &amp; 64 bit, Mac OSX 10.10\/10.11\/10.12 (Sierra), Android v5 &amp; v6 (ClickShare-app), iOS 8, 9 &amp; 10 (ClickShare-app)<\/li>\n<li>Video-uitgangen: 2 x HDMI<\/li>\n<li>Video-ingangen: 2 x HDMI<\/li>\n<li>Framerate: 30 fps<\/li>\n<li>Uitvoerresolutie: 4K DCI (4.096 \u00d7 2.160)<\/li>\n<li>Invoerresolutie: 4K DCI (4.096 \u00d7 2.160)<\/li>\n<li>Geluidsniveau: max. 25 dBA<\/li>\n<li>Aantal gelijktijdige bronnen: 8 (4 per scherm)<\/li>\n<li>Aantal gelijktijdige verbindingen: 64<\/li>\n<\/ul>\n<p>Draadloos systeem voor presentaties en samenwerking in directiekamers en vergaderzalen<\/p>\n<p>De CSE-800 heeft twee HDMI in- en uitgangen. Dit maakt een directe aansluiting op oudere systemen en eenvoudige integratie in conferentiesystemen mogelijk. Daarnaast kunnen twee UHD-schermen met 4K-kwaliteit worden bediend vanaf \u00e9\u00e9n basiseenheid.<\/p>\n<h4>Accessoires<\/h4>\n<div class=\"boxcontainer-home\">\n<div class=\"box1\">\n<p><img decoding=\"async\" class=\"alignnone size-full wp-image-1418\" src=\"https:\/\/konferenztechnik.de\/wp-content\/uploads\/2017\/04\/ClickShare-tray.jpg\" alt=\"Knop en dienblad in een verpakking\" title=\"\"><\/p>\n<h2>Knop en dienblad in een verpakking<\/h2>\n<p>Samenwerking werkt niet alleen. Je hebt minstens twee mensen nodig, dus het is altijd een goed idee om meerdere ClickShare-knoppen beschikbaar te hebben in vergaderruimtes.<\/p>\n<p>Draadloze ClickShare-knop; ClickShare-schakellade<\/p>\n<\/div>\n<div class=\"box2\">\n<p><img decoding=\"async\" class=\"alignnone size-full wp-image-1418\" src=\"https:\/\/konferenztechnik.de\/wp-content\/uploads\/2017\/04\/ClickShare-App.jpg\" alt=\"ClickShare-app\" title=\"\"><\/p>\n<h2>ClickShare-app<\/h2>\n<p>App voor het delen van iOS- of Android-inhoud<\/p>\n<p>De ClickShare-app maakt het eenvoudig en intu\u00eftief om inhoud te delen door op de virtuele knop te klikken op een iOS- of Android-apparaat.<\/p>\n<\/div>\n<div class=\"box3\">\n<p><img decoding=\"async\" class=\"alignnone size-full wp-image-1418\" src=\"https:\/\/konferenztechnik.de\/wp-content\/uploads\/2017\/04\/ClickShare-Management-Suite.jpg\" alt=\"ClickShare Beheer Suite\" title=\"\"><\/p>\n<h2>ClickShare Beheer Suite<\/h2>\n<p>Gecentraliseerd beheer van alle ClickShares in het bedrijf<\/p>\n<ul>\n<li>Statusbewaking<\/li>\n<li>Software-updates plannen<\/li>\n<li>Gebruikersadministratie<\/li>\n<li>De integratie van ClickShare Base Units in het bedrijfsnetwerk vereenvoudigen<\/li>\n<li>Kloonconfiguratie<\/li>\n<li>Installatie op afstand van achtergrondafbeeldingen<\/li>\n<\/ul>\n<\/div>\n<\/div>\n<h4>Productvideo's<\/h4>\n<p><iframe src=\"https:\/\/www.youtube.com\/embed\/bm8HQle5WoU\" width=\"560\" height=\"315\" frameborder=\"0\" allowfullscreen=\"allowfullscreen\"><\/iframe><\/p>\n<p><iframe src=\"https:\/\/www.youtube.com\/embed\/3R-AbOkN_98\" width=\"560\" height=\"315\" frameborder=\"0\" allowfullscreen=\"allowfullscreen\"><\/iframe><\/p>\n<div class=\"boxcontainer\">\n<div class=\"box1-2\">\n<h1>Contactpersoon<\/h1>\n<\/div>\n<div class=\"box1-2-order\">\n<h1>Verdere links<\/h1>\n<\/div>\n<div class=\"box1-4\">\n<div class=\"box-head\">Distributie en verkoop<\/div>\n<\/div>\n<div class=\"box2-4-2\" style=\"order: 1;\">\n<div class=\"weiterlinks\">\n<p><a title=\"Verdeling per productgroep\" href=\"https:\/\/konferenztechnik.de\/nl\/barco\/\">Barco Overzicht<\/a><br \/>\n<a title=\"Verdeling per fabrikant\" href=\"\/nl\/fabrikant\/\">Verdeling per fabrikant<\/a><br \/>\n<a title=\"Verdeling per productgroep\" href=\"\/nl\/productgroepen\/\">Verdeling per productgroep<\/a><br \/>\n<a title=\"Producten op maat, onderhoud en reparaties\" href=\"\/nl\/diensten-2\/onderhoud-en-reparatie\/\">Producten op maat, onderhoud en reparaties<\/a><br \/>\n<a title=\"10 goede redenen voor PCS\" href=\"\/nl\/over-ons-2\/10-goede-redenen-voor-pcs\/\">10 goede redenen voor PCS<\/a><br \/>\n<a title=\"Referenties\" href=\"\/nl\/over-ons-2\/referentielijst-installatie\/\">Referenties Installatie en integratie<\/a><br \/>\n<a title=\"PCS: Alle services in een oogopslag\" href=\"\/nl\/diensten-2\/\">PCS: Alle services in een oogopslag<\/a><\/p>\n<\/div>\n<\/div>\n<\/div>","protected":false},"excerpt":{"rendered":"<p>Eenvoudig draadloos presenteren en samenwerken. ClickShare verbindt laptops en tablets (iOS \/ Android) draadloos met de videotechnologie in uw \u2013 vergaderzaal met \u00e9\u00e9n druk op de knop! Meerdere deelnemers kunnen met \u00e9\u00e9n klik hun presentatie inschakelen en makkelijker dan ooit content delen. Geen zwarte schermen, onjuiste resoluties en paginaweergaven of ontbrekende verbindingskabels meer! Eenvoudig schakelen en [...]<\/p>","protected":false},"author":1,"featured_media":45482,"parent":3614,"menu_order":105,"comment_status":"closed","ping_status":"open","template":"","meta":{"_acf_changed":false,"footnotes":""},"class_list":["post-3833","page","type-page","status-publish","has-post-thumbnail","hentry"],"acf":[],"_links":{"self":[{"href":"https:\/\/konferenztechnik.de\/nl\/wp-json\/wp\/v2\/pages\/3833","targetHints":{"allow":["GET"]}}],"collection":[{"href":"https:\/\/konferenztechnik.de\/nl\/wp-json\/wp\/v2\/pages"}],"about":[{"href":"https:\/\/konferenztechnik.de\/nl\/wp-json\/wp\/v2\/types\/page"}],"author":[{"embeddable":true,"href":"https:\/\/konferenztechnik.de\/nl\/wp-json\/wp\/v2\/users\/1"}],"replies":[{"embeddable":true,"href":"https:\/\/konferenztechnik.de\/nl\/wp-json\/wp\/v2\/comments?post=3833"}],"version-history":[{"count":0,"href":"https:\/\/konferenztechnik.de\/nl\/wp-json\/wp\/v2\/pages\/3833\/revisions"}],"up":[{"embeddable":true,"href":"https:\/\/konferenztechnik.de\/nl\/wp-json\/wp\/v2\/pages\/3614"}],"wp:featuredmedia":[{"embeddable":true,"href":"https:\/\/konferenztechnik.de\/nl\/wp-json\/wp\/v2\/media\/45482"}],"wp:attachment":[{"href":"https:\/\/konferenztechnik.de\/nl\/wp-json\/wp\/v2\/media?parent=3833"}],"curies":[{"name":"wp","href":"https:\/\/api.w.org\/{rel}","templated":true}]}}