{"id":4383,"date":"2014-04-10T15:16:30","date_gmt":"2014-04-10T13:16:30","guid":{"rendered":"https:\/\/konferenztechnik.de\/?page_id=4383"},"modified":"2023-07-05T14:57:01","modified_gmt":"2023-07-05T12:57:01","slug":"conferentiemeubilair","status":"publish","type":"page","link":"https:\/\/konferenztechnik.de\/nl\/distributie-van-conferentie-en-av-mediatechnologie\/videotechnologie\/bevestigingen-voor-beeldschermen-en-projectoren\/conferentiemeubilair\/","title":{"rendered":"Conferentiemeubilair"},"content":{"rendered":"<h1>Conferentiemeubilair<\/h1>\n<h2>Smart Metals \u2013 videoconferentiemeubilair voor enkelvoudige beeldschermen<\/h2>\n<p><a href=\"https:\/\/konferenztechnik.de\/wp-content\/uploads\/2014\/04\/smart-metals_video-conferencefurniture_0622850_b-scaled-1.jpg\"><img fetchpriority=\"high\" decoding=\"async\" class=\"alignleft size-medium wp-image-4389\" src=\"https:\/\/konferenztechnik.de\/wp-content\/uploads\/2014\/04\/smart-metals_video-conferencefurniture_0622850_b-188x300.jpg\" alt=\"Smart Metals Videoconferentie Meubilair 062.2850\" width=\"188\" height=\"300\" title=\"\"><\/a><\/p>\n<p>Dit elegante en stijlvolle videoconferencemeubel is ontwikkeld voor afzonderlijke beeldschermen tot 55 inch.<\/p>\n<p>De ge\u00efntegreerde kast biedt ruimte voor computers, mediaspelers of andere externe hardware. De apparatuur bevat ook een in hoogte verstelbaar cameraplatform.<\/p>\n<h2>Smart Metals \u2013 videoconferentiemeubilair voor beeldschermen<\/h2>\n<ul>\n<li>Maximale lengte: 1820 mm (midden van het beeld)<\/li>\n<li>Gewicht: 70 kg<\/li>\n<li>Kleur: donkergrijs &amp; aluminium<\/li>\n<li>Maximale belasting: 50 kg<\/li>\n<li>Schermconfiguratie: Enkel scherm van max. 55 inch<\/li>\n<li>Schermpositie: Liggend<\/li>\n<li>Inch bereik: max. 55 inch<\/li>\n<li>Hoogteverstelling: Handmatig<\/li>\n<li>Beugel \/ interface: Meegeleverd<\/li>\n<li>Kabelkanaal: 25 mm \u00d8<\/li>\n<li>Meer informatie: Inclusief cameraplatform<\/li>\n<\/ul>\n<p><a href=\"https:\/\/konferenztechnik.de\/wp-content\/uploads\/2014\/04\/0622850_SmartMetals_productleafletEN.pdf\" target=\"_blank\" rel=\"noopener\">Productinformatieblad Smart Metals 062.2850 (Engels)<\/a><\/p>\n<h2>Smart Metals \u2013 Videoconferentiemeubilair voor twee beeldschermen<\/h2>\n<p><a href=\"https:\/\/konferenztechnik.de\/wp-content\/uploads\/2014\/04\/smart-metals_video-conferencefurniture_062285547-scaled-1.jpg\"><img decoding=\"async\" class=\"alignleft size-medium wp-image-4397\" src=\"https:\/\/konferenztechnik.de\/wp-content\/uploads\/2014\/04\/smart-metals_video-conferencefurniture_062285547-231x300.jpg\" alt=\"Smart Metals Video-conferentiemeubilair 062.2855-47\" width=\"231\" height=\"300\" title=\"\"><\/a><\/p>\n<p>Videoconferentiemeubilair is ontwikkeld voor Win-schermen tot 47 inch.<\/p>\n<p>De ge\u00efntegreerde kast biedt ruimte voor computers, mediaspelers of andere externe hardware. De apparatuur bevat ook een in hoogte verstelbaar cameraplatform.<\/p>\n<h2>Smart Metals \u2013 Videoconferentiemeubilair voor twee beeldschermen<\/h2>\n<ul>\n<li>Maximale lengte: 1820 mm (midden van het beeld)<\/li>\n<li>Gewicht: 78,00 kg<\/li>\n<li>Kleur: donkergrijs &amp; aluminium<\/li>\n<li>Maximale belasting: 100 kg<\/li>\n<li>Schermconfiguratie : Dubbele schermen van 42 tot 47 inch<\/li>\n<li>Schermpositie: Liggend<\/li>\n<li>Inch bereik: 42 \u2013 47 inch<\/li>\n<li>Hoogteverstelling: Handmatig<\/li>\n<li>Beugel \/ interface: Meegeleverd<\/li>\n<li>Kabelkanaal: 25 mm \u00d8<\/li>\n<li>Meer informatie: Inclusief cameraplatform<\/li>\n<\/ul>\n<p><a href=\"https:\/\/konferenztechnik.de\/wp-content\/uploads\/2014\/04\/062285547_SmartMetals_productleafletEN.pdf\">Productinformatieblad Smart Metals 062.2855.47 (Engels)<\/a><\/p>\n<h2>Smart Metals \u2013 Mobiele videoconferentiestandaard Trolley<\/h2>\n<p><a href=\"https:\/\/konferenztechnik.de\/wp-content\/uploads\/2014\/04\/smart-metals_video-conference-stand-trolley_int1010-scaled-1.jpg\"><img decoding=\"async\" class=\"alignleft size-medium wp-image-4408\" src=\"https:\/\/konferenztechnik.de\/wp-content\/uploads\/2014\/04\/smart-metals_video-conference-stand-trolley_int1010-167x300.jpg\" alt=\"Smart Metals Video Conferentiestandaard Trolley INT.1010\" width=\"167\" height=\"300\" title=\"\"><\/a><\/p>\n<p>Deze standaard is speciaal ontwikkeld voor videoconferenties. Hij heeft wieltjes en kan daarom in verschillende ruimtes \u2013 worden gebruikt, afhankelijk van waar de videoconferentie plaatsvindt.<\/p>\n<p>Beeldschermen tot 65 inch kunnen zowel staand als liggend worden gebruikt. Er wordt ook een camerasteun meegeleverd.<\/p>\n<h2>Smart Metals \u2013 Mobiele videoconferentiestandaard Trolley<\/h2>\n<ul>\n<li>Minimale lengte: 1250 mm<\/li>\n<li>Maximale lengte: 1600 mm (midden van het beeld)<\/li>\n<li>Gewicht: 42,00 kg<\/li>\n<li>Kleur: donkergrijs &amp; aluminium<\/li>\n<li>Maximale belasting: 95 kg<\/li>\n<li>Schermpositie: Liggend en staand<\/li>\n<li>Inch bereik: tot 65 inch<\/li>\n<li>Hoogteverstelling: Handmatig<\/li>\n<li>Beugel \/ interface: afzonderlijk verkrijgbaar<\/li>\n<li>Montagesysteem : 170 x 140 mm<\/li>\n<li>Kabelkanaal: 15, 35, 15 mm \u00d8<\/li>\n<\/ul>\n<p><a href=\"https:\/\/konferenztechnik.de\/wp-content\/uploads\/2014\/04\/INT1010_SmartMetals_productleafletEN.pdf\">Productinformatieblad Smart Metals INT.1010 (Engels)<\/a><\/p>\n<h2>Interactieve whiteboardwagen Smart SB680<\/h2>\n<p><a href=\"https:\/\/konferenztechnik.de\/wp-content\/uploads\/2013\/09\/Audipack_WhiteboardCart.jpg\"><img loading=\"lazy\" decoding=\"async\" width=\"473\" height=\"751\" class=\"alignleft size-full wp-image-2759\" src=\"https:\/\/konferenztechnik.de\/wp-content\/uploads\/2013\/09\/Audipack_WhiteboardCart.jpg\" alt=\"Interactieve whiteboardwagen Smart SB680\" title=\"\" srcset=\"https:\/\/konferenztechnik.de\/wp-content\/uploads\/2013\/09\/Audipack_WhiteboardCart.jpg 473w, https:\/\/konferenztechnik.de\/wp-content\/uploads\/2013\/09\/Audipack_WhiteboardCart-189x300.jpg 189w\" sizes=\"(max-width: 473px) 100vw, 473px\" \/><\/a><\/p>\n<p>Plug-and-play oplossing voor mobiele presentaties. Combinatie van mobiele trolley met ge\u00efntegreerd scherm en zwenkarm als projectorbevestiging. Veel ruimte voor apparatuur. Er zijn ook modellen voor touchscreens verkrijgbaar.<\/p>\n<h2>Interactieve whiteboardwagen Smart SB680<\/h2>\n<ul>\n<li>Flexibele schermgrootte<\/li>\n<li>Diverse projectorarmlengtes beschikbaar<\/li>\n<li>Vergrendelbare wielen<\/li>\n<\/ul>","protected":false},"excerpt":{"rendered":"<p>Konferenzm\u00f6bel Smart Metals &#8211; Video Conference M\u00f6bel f\u00fcr Single-Displays Dieses elegante und stilvolle Videokonferenz-M\u00f6bel wurde f\u00fcr Single-Displays mit einer Gr\u00f6\u00dfe bis zu 55 Zoll entwickelt. Der integrierte Schrank bietet Platz f\u00fcr Computer, Medienplayer oder andere externe Hardware. Zus\u00e4tlich geh\u00f6rt zur Ausstattung eine h\u00f6henverstellbare Kameraplattform. Smart Metals &#8211; Video Conference M\u00f6bel f\u00fcr Displays Maximale L\u00e4nge: 1820 [&hellip;]<\/p>","protected":false},"author":1,"featured_media":45482,"parent":1221,"menu_order":101,"comment_status":"closed","ping_status":"open","template":"","meta":{"_acf_changed":false,"footnotes":""},"class_list":["post-4383","page","type-page","status-publish","has-post-thumbnail","hentry"],"acf":[],"_links":{"self":[{"href":"https:\/\/konferenztechnik.de\/nl\/wp-json\/wp\/v2\/pages\/4383","targetHints":{"allow":["GET"]}}],"collection":[{"href":"https:\/\/konferenztechnik.de\/nl\/wp-json\/wp\/v2\/pages"}],"about":[{"href":"https:\/\/konferenztechnik.de\/nl\/wp-json\/wp\/v2\/types\/page"}],"author":[{"embeddable":true,"href":"https:\/\/konferenztechnik.de\/nl\/wp-json\/wp\/v2\/users\/1"}],"replies":[{"embeddable":true,"href":"https:\/\/konferenztechnik.de\/nl\/wp-json\/wp\/v2\/comments?post=4383"}],"version-history":[{"count":0,"href":"https:\/\/konferenztechnik.de\/nl\/wp-json\/wp\/v2\/pages\/4383\/revisions"}],"up":[{"embeddable":true,"href":"https:\/\/konferenztechnik.de\/nl\/wp-json\/wp\/v2\/pages\/1221"}],"wp:featuredmedia":[{"embeddable":true,"href":"https:\/\/konferenztechnik.de\/nl\/wp-json\/wp\/v2\/media\/45482"}],"wp:attachment":[{"href":"https:\/\/konferenztechnik.de\/nl\/wp-json\/wp\/v2\/media?parent=4383"}],"curies":[{"name":"wp","href":"https:\/\/api.w.org\/{rel}","templated":true}]}}