{"id":4489,"date":"2014-04-17T15:45:59","date_gmt":"2014-04-17T13:45:59","guid":{"rendered":"https:\/\/konferenztechnik.de\/?page_id=4489"},"modified":"2023-07-05T10:59:55","modified_gmt":"2023-07-05T08:59:55","slug":"speciale-beugels","status":"publish","type":"page","link":"https:\/\/konferenztechnik.de\/nl\/distributie-van-conferentie-en-av-mediatechnologie\/videotechnologie\/bevestigingen-voor-beeldschermen-en-projectoren\/speciale-beugels\/","title":{"rendered":"Speciale beugels"},"content":{"rendered":"<h1>Speciale bevestigingen voor beeldschermen en projectoren<\/h1>\n<h2>Tas TC-IPAD voor iPad 1, 2, 3 en 4<\/h2>\n<p><a href=\"https:\/\/konferenztechnik.de\/wp-content\/uploads\/2014\/02\/audipack-ipad-tablet-housing.jpg\"><img fetchpriority=\"high\" decoding=\"async\" width=\"450\" height=\"311\" class=\"alignleft size-full wp-image-4263\" src=\"https:\/\/konferenztechnik.de\/wp-content\/uploads\/2014\/02\/audipack-ipad-tablet-housing.jpg\" alt=\"iPad Tablet Behuizing\" title=\"\" srcset=\"https:\/\/konferenztechnik.de\/wp-content\/uploads\/2014\/02\/audipack-ipad-tablet-housing.jpg 450w, https:\/\/konferenztechnik.de\/wp-content\/uploads\/2014\/02\/audipack-ipad-tablet-housing-300x207.jpg 300w\" sizes=\"(max-width: 450px) 100vw, 450px\" \/><\/a><\/p>\n<p>De TC-iPad Case beschermt je iPad op een elegante manier wanneer deze ge\u00efnstalleerd of tentoongesteld moet worden op openbare plaatsen.<br \/>\nDe iPad kan snel worden vastgezet in de hoes en is zo effectief beschermd tegen diefstal. Dankzij het Smart Keylock systeem zijn er aan de buitenkant geen sleutelgaten of schroeven zichtbaar. De TC-Case kan aan de muur worden bevestigd of in combinatie met een optionele standaard als vloerstandaard worden gebruikt.<\/p>\n<h2>Slimme Metalen \u2013 Videowall 2\u00d72<\/h2>\n<p><a href=\"https:\/\/konferenztechnik.de\/wp-content\/uploads\/2013\/09\/smart-metals_video-wall082502202-landscape.jpg\"><img decoding=\"async\" class=\"alignleft size-medium wp-image-4463\" src=\"https:\/\/konferenztechnik.de\/wp-content\/uploads\/2013\/09\/smart-metals_video-wall082502202-landscape-300x280.jpg\" alt=\"Smart Metals Videowand 082502202\" width=\"300\" height=\"280\" title=\"\" srcset=\"https:\/\/konferenztechnik.de\/wp-content\/uploads\/2013\/09\/smart-metals_video-wall082502202-landscape-300x280.jpg 300w, https:\/\/konferenztechnik.de\/wp-content\/uploads\/2013\/09\/smart-metals_video-wall082502202-landscape-768x717.jpg 768w, https:\/\/konferenztechnik.de\/wp-content\/uploads\/2013\/09\/smart-metals_video-wall082502202-landscape.jpg 1017w\" sizes=\"(max-width: 300px) 100vw, 300px\" \/><\/a><\/p>\n<p>Compacte en gemakkelijk te vervoeren videowall. De muur is uiterst flexibel in gebruik: hij kan op de vloer worden geplaatst of aan muren of trussen worden bevestigd. Beeldschermen kunnen heel eenvoudig op de videowall worden gemonteerd. De beeldschermen worden met speciale klemmen aan elkaar en aan het frame bevestigd. Er zijn horizontale en verticale voorzieningen voor fijnafstelling. De videowall kan zowel staand als liggend worden gebruikt.<\/p>\n<h2>Slimme Metalen \u2013 Videowall 2\u00d72<\/h2>\n<ul>\n<li>Gewicht: 147,78 kg<\/li>\n<li>Kleur: Zwart<\/li>\n<li>Schermconfiguratie: 2\u00d72<\/li>\n<li>Schermpositie: liggend of staand<\/li>\n<li>In hoogte verstelbaar: fijnafstelling<\/li>\n<li>Beugel\/interface: Meegeleverd<\/li>\n<li>Rotatie: 90 \u00b0<\/li>\n<li>Bevestigingssysteem: trekboutkoppelingsmechanisme<\/li>\n<li>Meer informatie: De nieuwe consoles bieden horizontale en verticale fijnafstelling voor monitoren en de optie om te schakelen tussen portret- en landschapsmodus. In het vloerframe zijn verstelbare voetjes ge\u00efntegreerd.<\/li>\n<\/ul>\n<p><a href=\"https:\/\/konferenztechnik.de\/wp-content\/uploads\/2013\/09\/082502202_manualEN.pdf\">Videowand 082502202 Handleiding NL<\/a><\/p>\n<p><a href=\"https:\/\/konferenztechnik.de\/wp-content\/uploads\/2013\/09\/082502202_SmartMetals_productleafletEN.pdf\">Videowand 082502202 Productblad NL<\/a><\/p>\n<h2>Smart Metals \u2013 Tip &amp; Touch-standaard<\/h2>\n<p>Deze standaard is speciaal ontwikkeld voor touchscreens die in tafelstand worden gebruikt. De rollende standaard heeft een elektrische hoogteverstelling van 660-1320 mm tafelhoogte. Er is een beugel ge\u00efntegreerd die compatibel is met de meeste VESA-interfaces. Er kunnen touchscreens tot 60 kg op worden gemonteerd.<\/p>\n<h2>Smart Metals \u2013 Tip &amp; Touch-standaard<\/h2>\n<ul>\n<li>Minimale lengte: 660 mm<\/li>\n<li>Maximale hoogte: 1320 mm (tafelhoogte)<\/li>\n<li>Gewicht: 66 kg<\/li>\n<li>Kleur: Zwart<\/li>\n<li>Maximale belasting: 60 kg<\/li>\n<li>Schermpositie: Liggend<\/li>\n<li>Inch bereik: 32 tot 50 inch, 50 tot 65 inch<\/li>\n<li>Hoogteverstelling: elektrisch<\/li>\n<li>Beugel \/ interface: Meegeleverd<\/li>\n<li>Beugel \/ interface: VESA 200, 400, 600-400<\/li>\n<li>Kantelfunctie: 90 \u00b0<\/li>\n<li>Meer informatie: Tipfunctie gemotoriseerd<\/li>\n<\/ul>\n<p><a href=\"https:\/\/konferenztechnik.de\/wp-content\/uploads\/2014\/04\/0628222_SmartMetals_productleafletEN.pdf\" target=\"_blank&quot;\" rel=\"noopener\">Smart Metals productinformatieblad 062.7650 (Engels)<\/a><\/p>\n<h2>Slimme Metalen \u2013 Videowall 3\u00d73<\/h2>\n<p><a href=\"https:\/\/konferenztechnik.de\/wp-content\/uploads\/2013\/09\/smart-metals_video-wall_082503302_front.jpg\"><img decoding=\"async\" class=\"alignleft size-medium wp-image-4468\" src=\"https:\/\/konferenztechnik.de\/wp-content\/uploads\/2013\/09\/smart-metals_video-wall_082503302_front-300x275.jpg\" alt=\"Smart Metals Videowand 082503302\" width=\"300\" height=\"275\" title=\"\" srcset=\"https:\/\/konferenztechnik.de\/wp-content\/uploads\/2013\/09\/smart-metals_video-wall_082503302_front-300x275.jpg 300w, https:\/\/konferenztechnik.de\/wp-content\/uploads\/2013\/09\/smart-metals_video-wall_082503302_front-1024x940.jpg 1024w, https:\/\/konferenztechnik.de\/wp-content\/uploads\/2013\/09\/smart-metals_video-wall_082503302_front-768x705.jpg 768w, https:\/\/konferenztechnik.de\/wp-content\/uploads\/2013\/09\/smart-metals_video-wall_082503302_front.jpg 1035w\" sizes=\"(max-width: 300px) 100vw, 300px\" \/><\/a><\/p>\n<p>Compacte en gemakkelijk te vervoeren videowall. De muur is uiterst flexibel in gebruik: hij kan op de vloer worden geplaatst of aan muren of trussen worden bevestigd. Beeldschermen kunnen heel eenvoudig op de videowall worden gemonteerd. De beeldschermen worden met speciale klemmen aan elkaar en aan het frame bevestigd. Er zijn horizontale en verticale voorzieningen voor fijnafstelling. De muur kan zowel staand als liggend worden gebruikt.<\/p>\n<h2>Slimme Metalen \u2013 Videowall 3\u00d73<\/h2>\n<ul>\n<li>Gewicht: 319,08 kg<\/li>\n<li>Kleur: Zwart<\/li>\n<li>Schermconfiguratie : 3 x 3<\/li>\n<li>Schermpositie: liggend of staand<\/li>\n<li>In hoogte verstelbaar: fijnafstelling<\/li>\n<li>Beugel \/ interface: Meegeleverd<\/li>\n<li>Type houder \/ interface: Schermspecifiek<\/li>\n<li>Rotatie: 90 \u00b0<\/li>\n<li>Bevestigingssysteem: trekboutkoppelingsmechanisme<\/li>\n<li>Meer informatie: De nieuwe consoles bieden horizontale en verticale fijnafstelling voor monitoren en de optie om te schakelen tussen portret- en landschapsmodus. In het vloerframe zijn verstelbare voetjes ge\u00efntegreerd.<\/li>\n<\/ul>\n<p><a href=\"https:\/\/konferenztechnik.de\/wp-content\/uploads\/2013\/09\/082503302_SmartMetals_productleafletEN.pdf\">Smart Metals Videowall 3\u00d73 productblad Engels<\/a><\/p>\n<h2>Audipack stapelframe voor projectoren<\/h2>\n<p><a href=\"https:\/\/konferenztechnik.de\/wp-content\/uploads\/2013\/09\/Audipack_Trusshalterung_StackFrame.jpg\"><img loading=\"lazy\" decoding=\"async\" width=\"792\" height=\"594\" class=\"alignleft size-full wp-image-2772\" src=\"https:\/\/konferenztechnik.de\/wp-content\/uploads\/2013\/09\/Audipack_Trusshalterung_StackFrame.jpg\" alt=\"Audipack stapelframe voor projectoren\" title=\"\" srcset=\"https:\/\/konferenztechnik.de\/wp-content\/uploads\/2013\/09\/Audipack_Trusshalterung_StackFrame.jpg 792w, https:\/\/konferenztechnik.de\/wp-content\/uploads\/2013\/09\/Audipack_Trusshalterung_StackFrame-300x225.jpg 300w, https:\/\/konferenztechnik.de\/wp-content\/uploads\/2013\/09\/Audipack_Trusshalterung_StackFrame-768x576.jpg 768w\" sizes=\"(max-width: 792px) 100vw, 792px\" \/><\/a><\/p>\n<p>3D-stapelframe voor projectoren van verschillende fabrikanten. Het frame biedt projectoren speciale bescherming, vooral tijdens veelvuldig transport of montage en demontage. \u2013 is vooral interessant voor verhuurbedrijven of organisatoren van mobiele evenementen!<\/p>\n<h2>Audipack stapelframe voor projectoren<\/h2>\n<p>De projector is in het frame gemonteerd op een plaat. Drie stelwielen maken het mogelijk om de beelduitlijning zeer nauwkeurig af te stellen. In combinatie met verschillende accessoires kan het frame optimaal worden uitgebreid \u2013 ook voor gebruik met meerdere projectoren.<\/p>\n<ul>\n<li>Zeer goede bescherming tegen transportschade<\/li>\n<li>Ideaal voor verhuurbedrijven of organisatoren van mobiele evenementen<\/li>\n<li>Zorgt voor de meest nauwkeurige beelduitlijning, zelfs bij gebruik van meerdere projectoren<\/li>\n<li>Eenvoudige installatie van projectoren<\/li>\n<\/ul>\n<p>PCS GmbH is de offici\u00eble Duitse distributeur van Audipack. Wij bieden u deskundig advies en snelle levertijden.<\/p>\n<p><img loading=\"lazy\" decoding=\"async\" class=\"alignright size-full wp-image-5489\" src=\"https:\/\/konferenztechnik.de\/wp-content\/uploads\/2013\/09\/PCS-GmbH-Audipack-authorized-dealer-small.jpg\" alt=\"PCS GmbH is een erkende Audipack dealer\" width=\"200\" height=\"81\" title=\"\"><\/p>","protected":false},"excerpt":{"rendered":"<p>Spezialhalterungen f\u00fcr Displays und Projektoren Tablet Case TC-IPAD f\u00fcr iPad 1, 2, 3 und 4 Das TC-iPad Case, sch\u00fctzt ihr iPad auf elegante Weise, wenn es an \u00f6ffentlichen Pl\u00e4tzen installiert oder ausgestellt werden soll. Das iPad kann schnell in der H\u00fclle befestigt werden und wird so wirksam gegen Diebstahl gesch\u00fctzt. Durch das Smart-Keylock-System sind nach [&hellip;]<\/p>","protected":false},"author":1,"featured_media":45482,"parent":1221,"menu_order":100,"comment_status":"closed","ping_status":"open","template":"","meta":{"_acf_changed":false,"footnotes":""},"class_list":["post-4489","page","type-page","status-publish","has-post-thumbnail","hentry"],"acf":[],"_links":{"self":[{"href":"https:\/\/konferenztechnik.de\/nl\/wp-json\/wp\/v2\/pages\/4489","targetHints":{"allow":["GET"]}}],"collection":[{"href":"https:\/\/konferenztechnik.de\/nl\/wp-json\/wp\/v2\/pages"}],"about":[{"href":"https:\/\/konferenztechnik.de\/nl\/wp-json\/wp\/v2\/types\/page"}],"author":[{"embeddable":true,"href":"https:\/\/konferenztechnik.de\/nl\/wp-json\/wp\/v2\/users\/1"}],"replies":[{"embeddable":true,"href":"https:\/\/konferenztechnik.de\/nl\/wp-json\/wp\/v2\/comments?post=4489"}],"version-history":[{"count":0,"href":"https:\/\/konferenztechnik.de\/nl\/wp-json\/wp\/v2\/pages\/4489\/revisions"}],"up":[{"embeddable":true,"href":"https:\/\/konferenztechnik.de\/nl\/wp-json\/wp\/v2\/pages\/1221"}],"wp:featuredmedia":[{"embeddable":true,"href":"https:\/\/konferenztechnik.de\/nl\/wp-json\/wp\/v2\/media\/45482"}],"wp:attachment":[{"href":"https:\/\/konferenztechnik.de\/nl\/wp-json\/wp\/v2\/media?parent=4489"}],"curies":[{"name":"wp","href":"https:\/\/api.w.org\/{rel}","templated":true}]}}