{"id":6727,"date":"2016-05-03T10:09:19","date_gmt":"2016-05-03T08:09:19","guid":{"rendered":"https:\/\/konferenztechnik.de\/?page_id=6727"},"modified":"2023-09-01T13:24:03","modified_gmt":"2023-09-01T11:24:03","slug":"verkoopconferentietechnologie","status":"publish","type":"page","link":"https:\/\/konferenztechnik.de\/nl\/verkoopconferentietechnologie\/","title":{"rendered":"Conferentie technologie verkoop"},"content":{"rendered":"<h1>Distributie van conferentie- en AV-mediatechnologie<\/h1>\n<p>[rev_slider alias=\"sales\"]<br \/>\n[spacer size=\"20\u2033]<br \/>\nBen je op zoek naar conferentie- en mediasystemen of heb je audio- of videotechnologie nodig? Wij zijn verkooppartner van bekende professionele fabrikanten op deze gebieden. Je kunt bij ons kleine en grote AV-technologiesystemen kopen, maar ook losse componenten, reserveonderdelen en accessoires.<br \/>\n[spacer size=\"25\u2033]<br \/>\n<span class=\"taster\"><a href=\"\/nl\/fabrikant\/\">[v_icon color=\"#a62055\u2033 size=\"16px\" target=\"_blank\" name=\"moon-arrow-right-2\u2033] Sorteren op fabrikant&nbsp;&nbsp;&nbsp;&nbsp;&nbsp;<\/a><\/span> <span class=\"taster\"><a href=\"\/nl\/productgroepen\/\">[v_icon color=\"#a62055\u2033 size=\"16px\" target=\"_blank\" name=\"moon-arrow-right-2\u2033] Sorteren op productgroep<\/a><\/span><br \/>\n[spacer size=\"25\u2033]<br \/>\n<a href=\"\/nl\/fabrikant\/\"><img fetchpriority=\"high\" decoding=\"async\" src=\"https:\/\/konferenztechnik.de\/wp-content\/uploads\/2016\/08\/produkte-neu.jpg\" alt=\"producten-nieuw\" width=\"1202\" height=\"905\" class=\"alignnone size-full wp-image-7206\" title=\"\"><\/a><br \/>\n[spacer size=\"10\u2033]<\/p>\n<p>PCS verkoopt professionele technologie voor commercieel gebruik tegen dagelijks bijgewerkte voorwaarden, inclusief advies en after-sales service. We geven fabrikantonafhankelijk advies en stellen graag een systeem samen dat precies op jouw behoeften is afgestemd.<\/p>\n<p>[callout add_button=\"no\" button_text=\"Learn More\" button_url=\"#\" button_color=\"#a62055\u2033]<\/p>\n<p>Heb je reserveonderdelen, accessoires of \u2013 elektronische elementen nodig voor technologie uit het verleden? Praat met onze verkoopafdeling.<br \/>\n<img decoding=\"async\" src=\"\/wp-content\/uploads\/2016\/08\/retro-technik.jpg\" alt=\"retro-technologie\" class=\"alignnone size-full wp-image-7183\" title=\"\"><\/p>\n<p>[\/callout]<\/p>\n<div class=\"boxcontainer\">\n<div class=\"box1-2\">\n<h1>Contactpersoon<\/h1>\n<\/div>\n<div class=\"box1-2-order\">\n<h1>Verdere links<\/h1>\n<\/div>\n<div class=\"box1-4\">\n<div class=\"box-head\">Systeemintegratie<\/div>\n<p><img decoding=\"async\" width=\"800\" height=\"533\" src=\"https:\/\/konferenztechnik.de\/wp-content\/uploads\/2013\/08\/pcs-gmbh-andreas-bagattini.jpg\" alt=\"PCS GmbH Andreas Bagattini\" class=\"alignleft size-full wp-image-6340\" title=\"\" srcset=\"https:\/\/konferenztechnik.de\/wp-content\/uploads\/2013\/08\/pcs-gmbh-andreas-bagattini.jpg 800w, https:\/\/konferenztechnik.de\/wp-content\/uploads\/2013\/08\/pcs-gmbh-andreas-bagattini-300x200.jpg 300w, https:\/\/konferenztechnik.de\/wp-content\/uploads\/2013\/08\/pcs-gmbh-andreas-bagattini-768x512.jpg 768w\" sizes=\"(max-width: 800px) 100vw, 800px\" \/><br \/>\nAndreas Bagattini<br \/>\nProjectbeheer<br \/>\nTelefoon +49 211 737798 21<br \/>\ne-mail <a href=\"mailto:vertrieb@konferenztechnik.de\" onclick=\"ga('send', 'event', 'Email-Klick', 'Vertrieb Bagattini');\">schrijf<\/a><br \/>\nQR-code <a href=\"https:\/\/konferenztechnik.de\/wp-content\/uploads\/2013\/08\/qrcode-andreas-bagattini.jpeg\">&#x9B; tonen<\/a><\/div>\n<div class=\"box1-4\">\n<div class=\"box-head\">Advies en verkoop<\/div>\n<p><img decoding=\"async\" width=\"800\" height=\"533\" src=\"https:\/\/konferenztechnik.de\/wp-content\/uploads\/2013\/09\/jens_timmermann_pcs-gmbh.jpg\" alt=\"jens_timmermann_pcs-gmbh\" class=\"alignleft size-full wp-image-2307\" title=\"\" srcset=\"https:\/\/konferenztechnik.de\/wp-content\/uploads\/2013\/09\/jens_timmermann_pcs-gmbh.jpg 800w, https:\/\/konferenztechnik.de\/wp-content\/uploads\/2013\/09\/jens_timmermann_pcs-gmbh-300x200.jpg 300w, https:\/\/konferenztechnik.de\/wp-content\/uploads\/2013\/09\/jens_timmermann_pcs-gmbh-768x512.jpg 768w\" sizes=\"(max-width: 800px) 100vw, 800px\" \/><br \/>\nJens Timmermann<br \/>\nProjectadviseur<br \/>\nTelefoon +49 211 737798 20<br \/>\ne-mail <a href=\"mailto:timmermann@konferenztechnik.de\" onclick=\"ga('send', 'event', 'Email-Klick', 'Vertrieb Timmermann');\">schrijf<\/a><br \/>\nQR-code <a href=\"https:\/\/konferenztechnik.de\/wp-content\/uploads\/2013\/09\/jens_timmermann_qrcode.png\">&#x9B; tonen<\/a><\/div>\n<div class=\"box2-4-2\" style=\"order:1;\" >\n<div class=\"weiterlinks\">\n<ul>\n[list icon=\"moon-arrow-right-2\u2033 colour=\"#a62055\u2033]<a title=\"Verdeling per productgroep\" href=\"\/nl\/productgroepen\/\">Verdeling per productgroep<\/a>[\/list]<br \/>\n[list icon=\"moon-arrow-right-2\u2033 colour=\"#a62055\u2033]<a title=\"Verdeling per fabrikant\" href=\"\/nl\/fabrikant\/\">Verdeling per fabrikant<\/a>[\/list]<br \/>\n[list icon=\"moon-arrow-right-2\u2033 colour=\"#a62055\u2033]<a title=\"Producten op maat, onderhoud en reparaties\" href=\"\/nl\/diensten-2\/onderhoud-en-reparatie\/\">Producten op maat, onderhoud en reparaties<\/a>[\/list]<br \/>\n[list icon=\"moon-arrow-right-2\u2033 colour=\"#a62055\u2033]<a title=\"10 goede redenen voor PCS\" href=\"\/nl\/over-ons-2\/10-goede-redenen-voor-pcs\/\">10 goede redenen voor PCS<\/a>[\/list]<br \/>\n[list icon=\"moon-arrow-right-2\u2033 colour=\"#a62055\u2033]<a title=\"Referenties\" href=\"\/nl\/over-ons-2\/referentielijst-installatie\/\">Referenties Installatie en integratie<\/a>[\/list]<br \/>\n[list icon=\"moon-arrow-right-2\u2033 colour=\"#a62055\u2033]<a title=\"PCS: Alle services in een oogopslag\" href=\"\/nl\/diensten-2\/\">PCS: Alle services in een oogopslag<\/a>[\/list]<\/ul>\n<\/div>\n<\/div>\n<\/div>\n<\/div>","protected":false},"excerpt":{"rendered":"<p>Vertrieb von Konferenz- und AV-Medientechnik [rev_slider alias=&#8220;vertrieb&#8220;] [spacer size=&#8220;20&#8243;] Sie suchen Konferenz- und Mediensysteme oder ben\u00f6tigen Audio- oder Videotechnik? Wir sind Vertriebspartner der namhaften professionellen Hersteller in diesen Bereichen. Kleine und gro\u00dfe Systeme der AV-Technik k\u00f6nnen Sie bei uns genauso beziehen, wie einzelne Komponenten, Ersatzteile und Zubeh\u00f6r. [spacer size=&#8220;25&#8243;] [v_icon color=&#8220;#a62055&#8243; size=&#8220;16px&#8220; target=&#8220;_blank&#8220; name=&#8220;moon-arrow-right-2&#8243;] Nach [&hellip;]<\/p>","protected":false},"author":1,"featured_media":45482,"parent":0,"menu_order":91,"comment_status":"closed","ping_status":"closed","template":"","meta":{"_acf_changed":false,"footnotes":""},"class_list":["post-6727","page","type-page","status-publish","has-post-thumbnail","hentry"],"acf":[],"_links":{"self":[{"href":"https:\/\/konferenztechnik.de\/nl\/wp-json\/wp\/v2\/pages\/6727","targetHints":{"allow":["GET"]}}],"collection":[{"href":"https:\/\/konferenztechnik.de\/nl\/wp-json\/wp\/v2\/pages"}],"about":[{"href":"https:\/\/konferenztechnik.de\/nl\/wp-json\/wp\/v2\/types\/page"}],"author":[{"embeddable":true,"href":"https:\/\/konferenztechnik.de\/nl\/wp-json\/wp\/v2\/users\/1"}],"replies":[{"embeddable":true,"href":"https:\/\/konferenztechnik.de\/nl\/wp-json\/wp\/v2\/comments?post=6727"}],"version-history":[{"count":0,"href":"https:\/\/konferenztechnik.de\/nl\/wp-json\/wp\/v2\/pages\/6727\/revisions"}],"wp:featuredmedia":[{"embeddable":true,"href":"https:\/\/konferenztechnik.de\/nl\/wp-json\/wp\/v2\/media\/45482"}],"wp:attachment":[{"href":"https:\/\/konferenztechnik.de\/nl\/wp-json\/wp\/v2\/media?parent=6727"}],"curies":[{"name":"wp","href":"https:\/\/api.w.org\/{rel}","templated":true}]}}