{"id":10114,"date":"2017-05-16T14:14:49","date_gmt":"2017-05-16T13:14:49","guid":{"rendered":"https:\/\/www.konferenztechnik.de\/?page_id=10114\/"},"modified":"2023-07-05T14:10:13","modified_gmt":"2023-07-05T12:10:13","slug":"systemy-audio","status":"publish","type":"page","link":"https:\/\/konferenztechnik.de\/pl\/dystrybucja-technologii-konferencyjnych-i-multimedialnych\/systemy-audio\/","title":{"rendered":"Systemy audio"},"content":{"rendered":"<h2>Soundbary<\/h2>\n<h2>Listwa d\u017awi\u0119kowa Audipack Display<\/h2>\n<p><img decoding=\"async\" src=\"https:\/\/konferenztechnik.de\/wp-content\/uploads\/2017\/05\/audipack-soundbar.jpg\" alt=\"Soundbar Audipack\" width=\"424\" class=\"alignleft size-medium wp-image-4431\" title=\"\"><\/p>\n<p>Idealny g\u0142o\u015bnik do ka\u017cdego ekranu bezpo\u015brednio na \u015bcianie lub w po\u0142\u0105czeniu z wind\u0105 \u015bcienn\u0105 Audipack: Dzi\u0119ki nowoczesnej obudowie z anodyzowanego aluminium i czarnemu frontowi, soundbar Audipack jest nowoczesnym i przyjaznym dodatkiem do ekranu i aplikacji audiowizualnej. Soundbar jest dostosowywany przez producenta do szeroko\u015bci dowolnego ekranu.<br \/>\nG\u0142o\u015bnik pasywny mo\u017cna pod\u0142\u0105czy\u0107 do dowolnego standardowego wzmacniacza. Wyposa\u017cony w wysokiej jako\u015bci przetworniki pe\u0142nozakresowe. W po\u0142\u0105czeniu z subwooferem LSS-SW tworzy niezwyk\u0142y zestaw audio.<br \/>\nTen nowocze\u015bnie zaprojektowany soundbar \u2013 mo\u017cna \u0142atwo zainstalowa\u0107 pod lub nad ekranem.<\/p>\n<h2>Listwa d\u017awi\u0119kowa Audipack Display<\/h2>\n<ul>\n<li>Maks. Moc: 2 x 30 W RMS przy 8 omach<\/li>\n<li>Pasmo przenoszenia: 70 Hz-20 kHz<\/li>\n<li>Wymiary: Wxxx x H147 x D143 mm (szeroko\u015b\u0107 zmienna!)<\/li>\n<li>Standardowy kolor: anodyzowane aluminium z czarnym przodem<\/li>\n<\/ul>\n<p><a href=\"https:\/\/konferenztechnik.de\/wp-content\/uploads\/2017\/05\/Audipack-LSS-soundbar-systems.pdf\">Audipack LSS Soundbar Systems (angielski)<\/a><\/p>\n<p><a href=\"https:\/\/konferenztechnik.de\/wp-content\/uploads\/2017\/05\/Audipack-Audio-solutions.pdf\">Audipack Audio Solutions<\/a><\/p>\n<h2>Soundbar do \u015bciany wideo Audipack<\/h2>\n<p><img decoding=\"async\" src=\"https:\/\/konferenztechnik.de\/wp-content\/uploads\/2017\/05\/audipack-videowand-soundbar.jpg\" alt=\"Soundbar do \u015bciany wideo Audipack\" width=\"424\" class=\"alignleft size-medium wp-image-4431\" title=\"\"><\/p>\n<p>Rozwi\u0105zanie typu soundbar do \u015bcian wideo odpowiednie dla wszystkich rozmiar\u00f3w.<\/p>\n<p>G\u0142o\u015bnik pasywny mo\u017cna pod\u0142\u0105czy\u0107 do dowolnego standardowego wzmacniacza. Wyposa\u017cony w wysokiej jako\u015bci przetworniki pe\u0142nozakresowe. W po\u0142\u0105czeniu z subwooferem LSS-SW tworzy niezwyk\u0142y zestaw audio.<br \/>\nTen nowoczesny soundbar jest \u0142atwy w instalacji.<\/p>\n<h2>Listwa d\u017awi\u0119kowa Audipack Display<\/h2>\n<ul>\n<li>Maks. Moc: 2 x 60 W RMS przy 8 omach<\/li>\n<li>Szeroko\u015b\u0107 pasma: 70Hz-20K Hz<\/li>\n<li>Wymiary: Wxxx x H147 x D143 mm<\/li>\n<li>Standardowy kolor: anodyzowane aluminium z czarnym przodem<\/li>\n<\/ul>\n<p><a href=\"https:\/\/konferenztechnik.de\/wp-content\/uploads\/2017\/05\/Audipack-LSS-soundbar-systems.pdf\">Audipack LSS Soundbar Systems (angielski)<\/a><\/p>\n<p><a href=\"https:\/\/konferenztechnik.de\/wp-content\/uploads\/2017\/05\/Audipack-Audio-solutions.pdf\">Audipack Audio Solutions<\/a><\/p>\n<h2>Uniwersalne uchwyty g\u0142o\u015bnikowe<\/h2>\n<h2>Uchwyt \u015bcienny g\u0142o\u015bnika BJ-1A<\/h2>\n<p><img decoding=\"async\" src=\"https:\/\/konferenztechnik.de\/wp-content\/uploads\/2017\/05\/audipack-lautsprecher-wandhalterung.jpg\" alt=\"Uchwyt \u015bcienny g\u0142o\u015bnika Audipack\" width=\"424\" class=\"alignleft size-medium wp-image-4431\" title=\"\"><\/p>\n<p>Uniwersalny uchwyt \u015bcienny do g\u0142o\u015bnik\u00f3w i nie tylko.<\/p>\n<p>G\u0142o\u015bniki, kamery itp. mo\u017cna \u0142atwo zainstalowa\u0107 na \u015bcianie za pomoc\u0105 tego uchwytu kulowego.<br \/>\nB\u0142yszcz\u0105cy aluminiowy przegub kulowy doskonale nadaje si\u0119 do wysokiej klasy system\u00f3w g\u0142o\u015bnikowych. G\u0142o\u015bnik mo\u017cna ustawi\u0107 i zablokowa\u0107 za pomoc\u0105 jednej \u015bruby.<\/p>\n<h2>Listwa d\u017awi\u0119kowa Audipack Display<\/h2>\n<ul>\n<li>Maks. Obci\u0105\u017cenie: 20 kg<\/li>\n<li>P\u0142yta monta\u017cowa obracana o 360 stopni<\/li>\n<li>Wz\u00f3r monta\u017cu 28\u00d728 mm do sprz\u0119tu<\/li>\n<li>Maksymalna regulacja k\u0105ta 17,5 stopnia<\/li>\n<\/ul>\n<p><!--\n\n <a href=\"https:\/\/konferenztechnik.de\/wp-content\/uploads\/2017\/05\/Audipack-LSS-soundbar-systems.pdf\">Audipack LSS Soundbar Systems (englisch)<\/a>\n\n <a href=\"https:\/\/konferenztechnik.de\/wp-content\/uploads\/2017\/05\/Audipack-Audio-solutions.pdf\">Audipack Audio Solutions (englisch)<\/a>\n\n--><\/p>\n<h2>Uchwyt sufitowy g\u0142o\u015bnika<\/h2>\n<p><img decoding=\"async\" src=\"https:\/\/konferenztechnik.de\/wp-content\/uploads\/2017\/05\/audipack-lautsprecher-deckenhalterung.jpg\" alt=\"Uchwyt sufitowy do g\u0142o\u015bnik\u00f3w Audipack\" width=\"424\" class=\"alignleft size-medium wp-image-4431\" title=\"\"><\/p>\n<p>Antywibracyjne uchwyty sufitowe z regulacj\u0105 k\u0105ta nachylenia g\u0142o\u015bnik\u00f3w.<\/p>\n<p>Zainstaluj g\u0142o\u015bniki w dowolnym miejscu na suficie. Uchwyty sufitowe Audipack umo\u017cliwiaj\u0105 regulacj\u0119 k\u0105ta nachylenia g\u0142o\u015bnika.<\/p>\n<p><!--\n\n\n<h2>Audipack Display Soundbar<\/h2>\n\n\n\n\n<ul>\n \t\n\n<li>Max. Belastung: 20 Kg<\/li>\n\n\n \t\n\n<li>360 degrees rotatable mounting plate<\/li>\n\n\n \t\n\n<li>Mounting pattern 28x28 mm to equipment<\/li>\n\n\n \t\n\n<li>Max. angle adjustment 17.5 degrees<\/li>\n\n\n<\/ul>\n\n\n<a href=\"https:\/\/konferenztechnik.de\/wp-content\/uploads\/2017\/05\/Audipack-LSS-soundbar-systems.pdf\">Audipack LSS Soundbar Systems (englisch)<\/a>\n\n <a href=\"https:\/\/konferenztechnik.de\/wp-content\/uploads\/2017\/05\/Audipack-Audio-solutions.pdf\">Audipack Audio Solutions (englisch)<\/a>\n\n--><\/p>\n<h2>Mocowanie kratownicy g\u0142o\u015bnikowej<\/h2>\n<p><img decoding=\"async\" src=\"https:\/\/konferenztechnik.de\/wp-content\/uploads\/2017\/05\/audipack-truss-lautsprecherhalterung.jpg\" alt=\"Uchwyt do kratownicy g\u0142o\u015bnikowej Audipack\" width=\"424\" class=\"alignleft size-medium wp-image-4431\" title=\"\"><\/p>\n<p>Uchwyty g\u0142o\u015bnikowe Audipack to solidne i wytrzyma\u0142e uchwyty do szybkiego i bezpiecznego monta\u017cu system\u00f3w g\u0142o\u015bnikowych. Wielofunkcyjne funkcje sprawiaj\u0105, \u017ce instalacja i wyr\u00f3wnanie s\u0105 bardzo \u0142atwe dzi\u0119ki bezstopniowym funkcjom regulacji.<\/p>\n<p><!--\n\n\n<h2>Audipack Display Soundbar<\/h2>\n\n\n\n\n<ul>\n \t\n\n<li>Max. Belastung: 20 Kg<\/li>\n\n\n \t\n\n<li>360 degrees rotatable mounting plate<\/li>\n\n\n \t\n\n<li>Mounting pattern 28x28 mm to equipment<\/li>\n\n\n \t\n\n<li>Max. angle adjustment 17.5 degrees<\/li>\n\n\n<\/ul>\n\n\n<a href=\"https:\/\/konferenztechnik.de\/wp-content\/uploads\/2017\/05\/Audipack-LSS-soundbar-systems.pdf\">Audipack LSS Soundbar Systems (englisch)<\/a>\n\n <a href=\"https:\/\/konferenztechnik.de\/wp-content\/uploads\/2017\/05\/Audipack-Audio-solutions.pdf\">Audipack Audio Solutions (englisch)<\/a>\n\n--><br \/>\nPCS GmbH jest oficjalnym niemieckim dystrybutorem Audipack. Zapewniamy fachowe doradztwo i szybkie terminy dostaw.<\/p>\n<p><img decoding=\"async\" src=\"https:\/\/konferenztechnik.de\/wp-content\/uploads\/2013\/09\/PCS-GmbH-Audipack-authorized-dealer-small.jpg\" alt=\"PCS GmbH jest autoryzowanym dealerem Audipack\" width=\"200\" height=\"81\" class=\"alignright size-full wp-image-5489\" title=\"\"><\/p>","protected":false},"excerpt":{"rendered":"<p>Soundbars Audipack Display Soundbar Der perfekte Lautsprecher f\u00fcr jeden Bildschirm direkt an der Wand oder in Kombination mit einem Audipack-Wandlift: Mit seinem modernen Aluminium-Eloxal-Geh\u00e4use und schwarzer Front ist die Audipack Soundbar eine moderne und freundliche Erg\u00e4nzung zum Bildschirm und zur audiovisuelle Anwendung. Die Soundbar wird vom Hersteller auf jeden beliebigen Bildschirm in seiner Breite genau [&hellip;]<\/p>","protected":false},"author":1,"featured_media":45482,"parent":3614,"menu_order":0,"comment_status":"closed","ping_status":"closed","template":"","meta":{"_acf_changed":false,"footnotes":""},"class_list":["post-10114","page","type-page","status-publish","has-post-thumbnail","hentry"],"acf":[],"_links":{"self":[{"href":"https:\/\/konferenztechnik.de\/pl\/wp-json\/wp\/v2\/pages\/10114","targetHints":{"allow":["GET"]}}],"collection":[{"href":"https:\/\/konferenztechnik.de\/pl\/wp-json\/wp\/v2\/pages"}],"about":[{"href":"https:\/\/konferenztechnik.de\/pl\/wp-json\/wp\/v2\/types\/page"}],"author":[{"embeddable":true,"href":"https:\/\/konferenztechnik.de\/pl\/wp-json\/wp\/v2\/users\/1"}],"replies":[{"embeddable":true,"href":"https:\/\/konferenztechnik.de\/pl\/wp-json\/wp\/v2\/comments?post=10114"}],"version-history":[{"count":0,"href":"https:\/\/konferenztechnik.de\/pl\/wp-json\/wp\/v2\/pages\/10114\/revisions"}],"up":[{"embeddable":true,"href":"https:\/\/konferenztechnik.de\/pl\/wp-json\/wp\/v2\/pages\/3614"}],"wp:featuredmedia":[{"embeddable":true,"href":"https:\/\/konferenztechnik.de\/pl\/wp-json\/wp\/v2\/media\/45482"}],"wp:attachment":[{"href":"https:\/\/konferenztechnik.de\/pl\/wp-json\/wp\/v2\/media?parent=10114"}],"curies":[{"name":"wp","href":"https:\/\/api.w.org\/{rel}","templated":true}]}}