{"id":1141,"date":"2013-08-22T11:55:13","date_gmt":"2013-08-22T09:55:13","guid":{"rendered":"https:\/\/pcs-miete.de\/?page_id=1141"},"modified":"2023-07-05T15:04:23","modified_gmt":"2023-07-05T13:04:23","slug":"projektory","status":"publish","type":"page","link":"https:\/\/konferenztechnik.de\/pl\/dystrybucja-technologii-konferencyjnych-i-multimedialnych\/technologia-wideo-2\/projektory\/","title":{"rendered":"Projektory"},"content":{"rendered":"<h1>Projektory<\/h1>\n<p>Niewielki wyb\u00f3r profesjonalnych, cichych i niezwykle wydajnych projektor\u00f3w. Je\u015bli jeste\u015b zainteresowany projektorami, po prostu skontaktuj si\u0119 z nami, a my znajdziemy odpowiedni model do Twoich potrzeb.<\/p>\n<h2>Projektor LCD Panasonic PT-EW630U<\/h2>\n<p><a href=\"https:\/\/konferenztechnik.de\/wp-content\/uploads\/2013\/08\/Panasonic_LCD-Projektor-PT-EW630U.jpg\"><img fetchpriority=\"high\" decoding=\"async\" width=\"900\" height=\"698\" class=\"alignnone size-full wp-image-4817\" src=\"https:\/\/konferenztechnik.de\/wp-content\/uploads\/2013\/08\/Panasonic_LCD-Projektor-PT-EW630U.jpg\" alt=\"Projektor LCD Panasonic PT-EW630U\" title=\"\" srcset=\"https:\/\/konferenztechnik.de\/wp-content\/uploads\/2013\/08\/Panasonic_LCD-Projektor-PT-EW630U.jpg 900w, https:\/\/konferenztechnik.de\/wp-content\/uploads\/2013\/08\/Panasonic_LCD-Projektor-PT-EW630U-300x233.jpg 300w, https:\/\/konferenztechnik.de\/wp-content\/uploads\/2013\/08\/Panasonic_LCD-Projektor-PT-EW630U-768x596.jpg 768w\" sizes=\"(max-width: 900px) 100vw, 900px\" \/><\/a><\/p>\n<p>Projektor LCD Panasonic PT-EW630U<\/p>\n<p>Projektor LCD PT- EW630U firmy Panasonic oferuje rozdzielczo\u015b\u0107 WXGA (1280 x 800), jasno\u015b\u0107 5500 lumen\u00f3w i wsp\u00f3\u0142czynnik kontrastu 5000 : 1.<br \/>\nJest wszechstronny, np. w salach lekcyjnych, salach wyk\u0142adowych lub biurach, i oferuje bezobs\u0142ugow\u0105 prac\u0119 do 10 000 godzin.<\/p>\n<h2>Projektor LCD Panasonic PT-EW630U<\/h2>\n<p>Specyfikacja<\/p>\n<ul>\n<li>Rozmiar panelu (przek\u0105tna): przek\u0105tna 19,0 mm (0,75 \")<\/li>\n<li>Wsp\u00f3\u0142czynnik proporcji: 16.10<\/li>\n<li>Metoda wy\u015bwietlania: przezroczysty panel LCD (x 3, R\/G\/B)<\/li>\n<li>Rozdzielczo\u015b\u0107: WXGA (1280 x 800 pikseli)<\/li>\n<li>Rozmiar ekranu: od 1,02 do 10,16 m<\/li>\n<li>Lampa: 330 W lampa UHM x 1<\/li>\n<li>Cykl wymiany lampy: 3000 godzin1 (moc lampy: normalna) \u2013 4000 godzin1 (moc lampy: ECO)<\/li>\n<li>Jasno\u015b\u0107: 5500 lumen\u00f3w 2<\/li>\n<li>Wsp\u00f3\u0142czynnik kontrastu: 5000: 12 (pe\u0142ne w\u0142\u0105czenie \/ pe\u0142ne wy\u0142\u0105czenie, moc lampy: AUTO)<\/li>\n<li>Jednostka steruj\u0105ca (kompatybilna z RS-232C)<\/li>\n<li>WEJ\u015aCIE ZDALNE: M3 x 1 dla pilota kablowego<\/li>\n<li>Zasilanie: 100-240 V AC, 50\/60 Hz<\/li>\n<li>Pob\u00f3r mocy: 490 W (492 VA) (0,4 W w trybie gotowo\u015bci ECO4 11 W w trybie gotowo\u015bci NETWORK)<\/li>\n<li>Wymiary (szer. x wys. x g\u0142.): 489,5 mm x 164 mm5 x 434 mm (19-9 \/ 32 x 6-15 \/ 325 x 17-3 \/ 32 cale) (z do\u0142\u0105czonym obiektywem)<\/li>\n<li>Mechaniczna migawka: Tak<\/li>\n<li>Filtr: x 1, zalecany cykl wymiany: 12 000 godzin<\/li>\n<li>Zakres korekcji zniekszta\u0142ce\u0144 trapezowych: Pionowo: \u00b1 40\u00b0 7, poziomo: \u00b1 30\u00b0 8<\/li>\n<li>Przesuni\u0119cie osi optycznej: pionowe: \u00b1 60% (zasilane), poziome: \u00b1 10% (zasilane) 9<\/li>\n<li>Waga: ok. 10,3 kg (22,7 z\u0142) (z do\u0142\u0105czonym obiektywem) 10<\/li>\n<li>Wbudowany g\u0142o\u015bnik: moc wyj\u015bciowa 10 W (mono)<\/li>\n<li>Poziom ha\u0142asu: 37 dB (ZASILANIE LAMPY: NORMALNE), 31 dB (ZASILANIE LAMPY: ECO 1 \/ ECO 2)<\/li>\n<li>Dostarczane akcesoria: kabel zasilaj\u0105cy, uchwyt kabla zasilaj\u0105cego, bezprzewodowy \/ przewodowy pilot zdalnego sterowania, baterie (typu R03 \/ LR03AA x 2), kabel komputerowy, oprogramowanie<\/li>\n<\/ul>\n<h2>Barco PHXG-91B<\/h2>\n<p><a href=\"https:\/\/konferenztechnik.de\/wp-content\/uploads\/2013\/08\/barco-PHWU-81b.jpg\"><img decoding=\"async\" width=\"900\" height=\"674\" class=\"alignleft size-full wp-image-4267\" src=\"https:\/\/konferenztechnik.de\/wp-content\/uploads\/2013\/08\/barco-PHWU-81b.jpg\" alt=\"Projektor Barco PHXG-91B\" title=\"\" srcset=\"https:\/\/konferenztechnik.de\/wp-content\/uploads\/2013\/08\/barco-PHWU-81b.jpg 900w, https:\/\/konferenztechnik.de\/wp-content\/uploads\/2013\/08\/barco-PHWU-81b-300x225.jpg 300w, https:\/\/konferenztechnik.de\/wp-content\/uploads\/2013\/08\/barco-PHWU-81b-768x575.jpg 768w\" sizes=\"(max-width: 900px) 100vw, 900px\" \/><\/a><\/p>\n<p>Barco \u2013 8,500 lumen\u00f3w, XGA, jednouk\u0142adowy projektor DLP Present<\/p>\n<p>Ten projektor o jasno\u015bci 8 500 lumen\u00f3w i rozdzielczo\u015bci XGA jest idealny do profesjonalnych projekcji wielkoekranowych w stylowej sali konferencyjnej lub sali posiedze\u0144 zarz\u0105du.<\/p>\n<h2>Barco PHXG-91B<\/h2>\n<ul>\n<li>Stylowy design, kt\u00f3ry idealnie wkomponuje si\u0119 w Twoje wn\u0119trze<\/li>\n<li>Wysoka jako\u015b\u0107 obrazu z niezr\u00f3wnanym poziomem szczeg\u00f3\u0142owo\u015bci i maksymalnym kontrastem<\/li>\n<li>Brak przycisk\u00f3w i kabli zapewnia \u0142atw\u0105 obs\u0142ug\u0119 i mniej pl\u0105taniny kabli<\/li>\n<li>Niezawodna technologia DLP<\/li>\n<li>\u0141atwo rozszerzalne \"przysz\u0142e dodatki \u0142\u0105czno\u015bci\"<\/li>\n<li>Niskie koszty dzi\u0119ki technologii DLP i uszczelnionej optyce<\/li>\n<li>Wst\u0119pnie ustawiony tryb obrazu umo\u017cliwia elastyczne zarz\u0105dzanie kolorami<\/li>\n<li>Intuicyjne menu obs\u0142ugi z najcz\u0119\u015bciej u\u017cywanymi funkcjami<\/li>\n<li>Przyjazny dla u\u017cytkownika pilot zdalnego sterowania. Wystarczy tylko jeden przycisk!<\/li>\n<\/ul>\n<h2>ClickShare Inside<\/h2>\n<p>Projektor obs\u0142uguje opcjonalne modu\u0142y po\u0142\u0105czeniowe. Oznacza to, \u017ce mo\u017cna go \u0142atwo rozbudowa\u0107 o dodatkowe funkcje i zabezpieczy\u0107 na przysz\u0142o\u015b\u0107. Oparta na bezprzewodowym systemie prezentacji Barco Click Share, opcja \"Click Inside\" mo\u017ce by\u0107 zintegrowana z projektorem i umo\u017cliwia bezprzewodowe wysy\u0142anie i udost\u0119pnianie tre\u015bci z ekranu laptopa do projektora za pomoc\u0105 jednego klikni\u0119cia i bez kabli \u2013 dla prawdziwej wsp\u00f3\u0142pracy.<\/p>\n<h2>Projektor laserowy DLP Panasonic PT-RW330E LE<\/h2>\n<p><a href=\"https:\/\/konferenztechnik.de\/wp-content\/uploads\/2013\/08\/projektor-panasonic_PT-RW330E.jpg\"><img decoding=\"async\" width=\"468\" height=\"312\" class=\"alignleft size-full wp-image-4268\" src=\"https:\/\/konferenztechnik.de\/wp-content\/uploads\/2013\/08\/projektor-panasonic_PT-RW330E.jpg\" alt=\"Projektor laserowy LED DLP Panasonic PT-RW330E\" title=\"\" srcset=\"https:\/\/konferenztechnik.de\/wp-content\/uploads\/2013\/08\/projektor-panasonic_PT-RW330E.jpg 468w, https:\/\/konferenztechnik.de\/wp-content\/uploads\/2013\/08\/projektor-panasonic_PT-RW330E-300x200.jpg 300w\" sizes=\"(max-width: 468px) 100vw, 468px\" \/><\/a><\/p>\n<p>Projektor PT-RW330 LED\/Laser DLP nale\u017cy do serii projektor\u00f3w Panasonic SOLID SHINE. Oferuje wysok\u0105 niezawodno\u015b\u0107 i d\u0142ugotrwa\u0142\u0105 jasno\u015b\u0107, kt\u00f3rej wcze\u015bniej nie mo\u017cna by\u0142o osi\u0105gn\u0105\u0107 za pomoc\u0105 \"konwencjonalnych\" projektor\u00f3w.<\/p>\n<h2>Projektor laserowy DLP Panasonic PT-RW330E LE<\/h2>\n<ul>\n<li>Jasno\u015b\u0107 3500 lm przy rozdzielczo\u015bci WXGA<\/li>\n<li>Wsp\u00f3\u0142czynnik kontrastu 10 000:1<\/li>\n<li>Do 20 000 godzin pracy bez konserwacji<\/li>\n<li>Konstrukcja LED\/laser zapewnia, \u017ce ani lampa, ani filtr nie musz\u0105 by\u0107 wymieniane.<\/li>\n<li>D\u0142ugotrwa\u0142a jako\u015b\u0107 obrazu i doskona\u0142e odwzorowanie kolor\u00f3w<\/li>\n<li>Dzi\u0119ki kompatybilno\u015bci z DIGITAL LINK, sygna\u0142y wideo, audio i steruj\u0105ce mog\u0105 by\u0107 przesy\u0142ane na odleg\u0142o\u015b\u0107 do 100 metr\u00f3w za pomoc\u0105 pojedynczego kabla LAN.<\/li>\n<\/ul>\n<h2>Bezobs\u0142ugowy<\/h2>\n<p>Nowa kombinacja diod LED i lasera jako \u017ar\u00f3d\u0142a \u015bwiat\u0142a w projektorach gwarantuje oko\u0142o 20 000 godzin pracy bez konieczno\u015bci wymiany lampy lub filtra. Drastycznie obni\u017ca to koszty i nak\u0142ady zwi\u0105zane z konserwacj\u0105.<\/p>\n<h2>Wysoka niezawodno\u015b\u0107<\/h2>\n<p>Dzi\u0119ki systemowi ch\u0142odzenia opracowanemu specjalnie dla nowego \u017ar\u00f3d\u0142a \u015bwiat\u0142a i konstrukcji obudowy chroni\u0105cej przed kurzem, system zosta\u0142 zaprojektowany w szczeg\u00f3lno\u015bci z my\u015bl\u0105 o maksymalnej niezawodno\u015bci dzia\u0142ania. Umo\u017cliwia on niezawodne korzystanie z projektora nawet przez d\u0142ugi czas.<\/p>\n<h2>Elastyczna instalacja<\/h2>\n<p>Funkcje systemowe, takie jak podw\u00f3jny obiektyw zmiennoogniskowy, du\u017cy zakres przesuni\u0119cia obiektywu i opcje monta\u017cu 360\u00b0 zapewniaj\u0105 du\u017c\u0105 elastyczno\u015b\u0107 podczas instalacji. Kompatybilno\u015b\u0107 z DIGITAL LINK umo\u017cliwia cyfrow\u0105 transmisj\u0119 sygna\u0142u za pomoc\u0105 tylko jednego kabla LAN \u2013, nawet na du\u017ce odleg\u0142o\u015bci.<\/p>\n<h2>Co to jest DIGITAL LINK?<\/h2>\n<p>DIGITAL LINK umo\u017cliwia jednoczesn\u0105 transmisj\u0119 sygna\u0142\u00f3w wideo, audio i steruj\u0105cych na odleg\u0142o\u015b\u0107 do 100 metr\u00f3w za po\u015brednictwem pojedynczego kabla sieciowego CAT5e\/6. Upraszcza to okablowanie lub przysz\u0142\u0105 rozbudow\u0119 systemu i pomaga obni\u017cy\u0107 koszty.<\/p>\n<h2>Interaktywny projektor Sony VPL-SW536C o ultrakr\u00f3tkim rzucie<\/h2>\n<p><a href=\"https:\/\/konferenztechnik.de\/wp-content\/uploads\/2013\/08\/kurzdistanz-projektor-sony-VPL-SW536C.jpeg\"><img loading=\"lazy\" decoding=\"async\" width=\"558\" height=\"336\" class=\"alignleft size-full wp-image-4269\" src=\"https:\/\/konferenztechnik.de\/wp-content\/uploads\/2013\/08\/kurzdistanz-projektor-sony-VPL-SW536C.jpeg\" alt=\"Interaktywny projektor Sony VPL-SW536C o ultrakr\u00f3tkim rzucie\" title=\"\" srcset=\"https:\/\/konferenztechnik.de\/wp-content\/uploads\/2013\/08\/kurzdistanz-projektor-sony-VPL-SW536C.jpeg 558w, https:\/\/konferenztechnik.de\/wp-content\/uploads\/2013\/08\/kurzdistanz-projektor-sony-VPL-SW536C-300x181.jpeg 300w\" sizes=\"(max-width: 558px) 100vw, 558px\" \/><\/a><\/p>\n<h2>Interaktywny projektor Sony VPL-SW536C o ultrakr\u00f3tkim rzucie<\/h2>\n<p>Ten ekonomiczny i interaktywny projektor o ultrakr\u00f3tkim rzucie z funkcj\u0105 Wi-Fi stwarza podstawowe warunki do jasnych, efektywnych prezentacji w klasie lub obszarze edukacyjnym. Jest przeznaczony do monta\u017cu na \u015bcianie w ma\u0142ych i \u015brednich pomieszczeniach i wy\u015bwietla ostre, dobrze widoczne obrazy na ekranie, \u015bcianie lub tablicy. Poniewa\u017c projektor jest umieszczony bardzo blisko ekranu, nie o\u015blepia uczni\u00f3w\/student\u00f3w ani nauczycieli\/wyk\u0142adowc\u00f3w.<\/p>\n<h2>Interaktywny projektor Sony VPL-SW536C o ultrakr\u00f3tkim rzucie<\/h2>\n<ul>\n<li>Dzi\u0119ki interaktywnemu oprogramowaniu dla dw\u00f3ch pi\u00f3r (w zestawie), nauczyciel i ucze\u0144 mog\u0105 jednocze\u015bnie rysowa\u0107 i pisa\u0107 z rozpoznawaniem pisma odr\u0119cznego. Podczas tworzenia tabel i diagram\u00f3w do dyspozycji s\u0105 wszechstronne narz\u0119dzia graficzne 2D i 2D, a tak\u017ce funkcje formu\u0142 i oblicze\u0144. Mo\u017cesz zmienia\u0107 obiekty i tworzy\u0107 zrzuty ekranu dla dokument\u00f3w uczni\u00f3w.<\/li>\n<li>Niezwykle wyra\u017ane, jasne obrazy z maksymaln\u0105 moc\u0105 \u015bwiat\u0142a barwnego 3100 lumen\u00f3w. Wysoka wydajno\u015b\u0107 \u015bwietlna projektora gwarantuje, \u017ce prezentacje s\u0105 wyra\u017anie widoczne w ka\u017cdej klasie lub sali konferencyjnej. Dzi\u0119ki trzem poziomom jasno\u015bci projekcj\u0119 mo\u017cna dostosowa\u0107 do ka\u017cdej sytuacji o\u015bwietleniowej \u2013, od \u015bwiat\u0142a dziennego do przyciemnionego.<\/li>\n<li><em>Rozdzielczo\u015b\u0107 WXGA dla szczeg\u00f3\u0142owych prezentacji<\/em>. Rozdzielczo\u015b\u0107 WXGA (1280 x 800) pokazuje wszystkie szczeg\u00f3\u0142y i dlatego jest idealna do prezentacji prowadzonych bezpo\u015brednio z notebooka lub komputera.<\/li>\n<li><em>Technologia 3LCD BrightEra<\/em>. Wydajny system paneli 3LCD projektora uzupe\u0142nia zaawansowana technologia BrightEra\u2122 firmy Sony. R\u00f3\u017cnica jest natychmiast zauwa\u017calna: imponuj\u0105co jasny obraz o wysokiej rozdzielczo\u015bci i wysoka niezawodno\u015b\u0107 panelu.<\/li>\n<li><em>Sze\u015b\u0107 tryb\u00f3w obrazu dla ka\u017cdego zastosowania<\/em>. Dzi\u0119ki sze\u015bciu trybom obrazu: Dynamiczny, Standardowy, Gra, Tablica, Kino i Prezentacja \u2013, jako\u015b\u0107 obrazu mo\u017ce by\u0107 zoptymalizowana dla ka\u017cdego materia\u0142u \u017ar\u00f3d\u0142owego. Tryby obrazu mo\u017cna \u0142\u0105czy\u0107 z trzema trybami jasno\u015bci (Wysoka, \u015arednia, Niska), aby dostosowa\u0107 projekcj\u0119 do niemal wszystkich warunk\u00f3w prezentacji.<\/li>\n<li><em>Funkcja Wi-Fi u\u0142atwiaj\u0105ca wymian\u0119 danych<\/em>. Opcjonalny modu\u0142 IFU-WLM3 USB WLAN umo\u017cliwia po\u0142\u0105czenie z innymi urz\u0105dzeniami w klasie, takimi jak komputery, smartfony i tablety.<\/li>\n<li><em>Prezentacja z dowolnego komputera przez sie\u0107<\/em>. Prezentacje mo\u017cna \u0142atwo wy\u015bwietla\u0107 bezprzewodowo (z opcjonalnym modu\u0142em Wi-Fi) lub za pomoc\u0105 kabla LAN z dowolnego komputera pod\u0142\u0105czonego do sieci. Funkcje i status projektora mog\u0105 by\u0107 r\u00f3wnie\u017c dost\u0119pne i zarz\u0105dzane z dowolnego komputera nauczyciela w sieci.<\/li>\n<li>Wy\u015bwietlanie obraz\u00f3w bezpo\u015brednio przez USB. Zdj\u0119cia, obrazy i grafiki mog\u0105 by\u0107 r\u00f3wnie\u017c wy\u015bwietlane bez komputera przez port USB.<\/li>\n<li>Dzi\u0119ki mniejszym wymaganiom konserwacyjnym, kt\u00f3re maj\u0105 r\u00f3wnie\u017c pozytywny wp\u0142yw na koszty operacyjne, mo\u017cna teraz uczy\u0107 d\u0142u\u017cej bez przerw. Cykle czyszczenia filtra s\u0105 zsynchronizowane z wymian\u0105 lampy, co dodatkowo zmniejsza wymagania konserwacyjne.<\/li>\n<li><em>Oszcz\u0119dzanie energii za naci\u015bni\u0119ciem przycisku<\/em>. Przycisk ECO MODE na projektorze lub na pilocie zapewnia dost\u0119p do szeregu ustawie\u0144 oszcz\u0119dzania energii.<\/li>\n<li>Automatyczne przyciemnianie. W przypadku braku sygna\u0142u lub up\u0142ywu okre\u015blonego czasu jasno\u015b\u0107 projektora mo\u017ce zosta\u0107 automatycznie zmniejszona. Oszcz\u0119dza to energi\u0119 i zmniejsza rachunki za pr\u0105d.<\/li>\n<li><em>Automatyczna regulacja jasno\u015bci<\/em>. Moc wyj\u015bciowa lasera automatycznie dostosowuje si\u0119 do zawarto\u015bci obrazu. W ten spos\u00f3b urz\u0105dzenie oszcz\u0119dza energi\u0119 przy s\u0142abym o\u015bwietleniu.<\/li>\n<li><em>Energooszcz\u0119dne wygaszanie obrazu<\/em>. Obraz mo\u017cna natychmiast wy\u0142\u0105czy\u0107 jednym naci\u015bni\u0119ciem przycisku na pilocie zdalnego sterowania projektora. Zmniejsza to zu\u017cycie energii o 75 %. Po ponownym naci\u015bni\u0119ciu przycisku, projektor natychmiast w\u0142\u0105czy obraz, umo\u017cliwiaj\u0105c kontynuowanie prezentacji.<\/li>\n<li><em>Szybkie i \u0142atwe automatyczne wykrywanie wej\u015bcia<\/em>. Projektor automatycznie rozpoznaje prawid\u0142owe po\u0142\u0105czenie, co upraszcza i przyspiesza konfiguracj\u0119.<\/li>\n<li><em>Prosta instalacja<\/em>. Konfigurowalny zoom optyczny i przesuni\u0119cie obiektywu umo\u017cliwiaj\u0105 szybk\u0105 i \u0142atw\u0105 instalacj\u0119 urz\u0105dzenia w ka\u017cdej sali lekcyjnej. Wszechstronne z\u0142\u0105cza u\u0142atwiaj\u0105 pod\u0142\u0105czenie do komputer\u00f3w, odtwarzaczy DVD, mikrofon\u00f3w i innych urz\u0105dze\u0144 AV.<\/li>\n<li><em>Zintegrowane \u015brodki ostro\u017cno\u015bci<\/em>. Projektor jest zabezpieczony przed kradzie\u017c\u0105 kodem PIN i solidn\u0105 listw\u0105 zabezpieczaj\u0105c\u0105.<\/li>\n<\/ul>\n<h2>Optyka do projektor\u00f3w<\/h2>\n<p><a href=\"https:\/\/konferenztechnik.de\/wp-content\/uploads\/2013\/08\/sony_objektiv_vpll1008_gross.jpg\"><img loading=\"lazy\" decoding=\"async\" class=\"size-full wp-image-1180\" src=\"https:\/\/konferenztechnik.de\/wp-content\/uploads\/2013\/08\/sony_objektiv_vpll1008_gross.jpg\" alt=\"Obiektyw Sony VPLL1008\" width=\"687\" height=\"627\" title=\"\" srcset=\"https:\/\/konferenztechnik.de\/wp-content\/uploads\/2013\/08\/sony_objektiv_vpll1008_gross.jpg 687w, https:\/\/konferenztechnik.de\/wp-content\/uploads\/2013\/08\/sony_objektiv_vpll1008_gross-300x274.jpg 300w\" sizes=\"(max-width: 687px) 100vw, 687px\" \/><\/a> Obiektyw Sony VPLL1008<\/p>\n<h2>Optyka do projektor\u00f3w<\/h2>\n<p>Dzi\u0119ki r\u00f3\u017cnym uk\u0142adom optycznym profesjonalne projektory mo\u017cna dostosowa\u0107 do niemal ka\u017cdej odleg\u0142o\u015bci i rozmiaru ekranu. Uwzgl\u0119dniamy wszystkie wa\u017cne parametry w naszym planowaniu i zapewniamy zalecenia dotycz\u0105ce prawid\u0142owego u\u017cytkowania projektor\u00f3w, w tym odpowiedni\u0105 optyk\u0119 i niezb\u0119dne akcesoria.<\/p>","protected":false},"excerpt":{"rendered":"<p>Projektoren Eine kleine Auswahl an professionellen, leisen und \u00e4u\u00dferst leistungstarken Projektoren. Wenn Sie sich f\u00fcr Beamer interessieren, melden Sie sich einfach bei uns, wir finden das passende Modell, genau auf Ihre Bed\u00fcrfnisse abgestimmt. Panasonic LCD-Projektor PT-EW630U Panasonic LCD-Projektor PT-EW630U Der PT- EW630U LCD-Projektor von Panasonic bietet eine WXGA-Aufl\u00f6sung (1.280 x 800), 5.500 Lumen Helligkeit und [&hellip;]<\/p>","protected":false},"author":1,"featured_media":45482,"parent":1138,"menu_order":230,"comment_status":"closed","ping_status":"open","template":"","meta":{"_acf_changed":false,"footnotes":""},"class_list":["post-1141","page","type-page","status-publish","has-post-thumbnail","hentry"],"acf":[],"_links":{"self":[{"href":"https:\/\/konferenztechnik.de\/pl\/wp-json\/wp\/v2\/pages\/1141","targetHints":{"allow":["GET"]}}],"collection":[{"href":"https:\/\/konferenztechnik.de\/pl\/wp-json\/wp\/v2\/pages"}],"about":[{"href":"https:\/\/konferenztechnik.de\/pl\/wp-json\/wp\/v2\/types\/page"}],"author":[{"embeddable":true,"href":"https:\/\/konferenztechnik.de\/pl\/wp-json\/wp\/v2\/users\/1"}],"replies":[{"embeddable":true,"href":"https:\/\/konferenztechnik.de\/pl\/wp-json\/wp\/v2\/comments?post=1141"}],"version-history":[{"count":0,"href":"https:\/\/konferenztechnik.de\/pl\/wp-json\/wp\/v2\/pages\/1141\/revisions"}],"up":[{"embeddable":true,"href":"https:\/\/konferenztechnik.de\/pl\/wp-json\/wp\/v2\/pages\/1138"}],"wp:featuredmedia":[{"embeddable":true,"href":"https:\/\/konferenztechnik.de\/pl\/wp-json\/wp\/v2\/media\/45482"}],"wp:attachment":[{"href":"https:\/\/konferenztechnik.de\/pl\/wp-json\/wp\/v2\/media?parent=1141"}],"curies":[{"name":"wp","href":"https:\/\/api.w.org\/{rel}","templated":true}]}}