{"id":11576,"date":"2017-09-23T16:32:36","date_gmt":"2017-09-23T14:32:36","guid":{"rendered":"https:\/\/www.konferenztechnik.de\/?page_id=11576"},"modified":"2023-07-21T10:09:37","modified_gmt":"2023-07-21T08:09:37","slug":"wypozyczalnia-sprzetu-konferencyjnego-augsburg","status":"publish","type":"page","link":"https:\/\/konferenztechnik.de\/pl\/wypozyczalnia-sprzetu-konferencyjnego-augsburg\/","title":{"rendered":"Wynajem technologii konferencyjnej Augsburg"},"content":{"rendered":"<div data-elementor-type=\"wp-page\" data-elementor-id=\"11576\" class=\"elementor elementor-11576\" data-elementor-post-type=\"page\">\n\t\t\t\t<div data-particle_enable=\"false\" data-particle-mobile-disabled=\"false\" class=\"elementor-element elementor-element-58ff7bd9 e-flex e-con-boxed e-con e-parent\" data-id=\"58ff7bd9\" data-element_type=\"container\">\n\t\t\t\t\t<div class=\"e-con-inner\">\n\t\t\t\t<div class=\"elementor-element elementor-element-35015433 elementor-widget elementor-widget-heading\" data-id=\"35015433\" data-element_type=\"widget\" data-settings=\"{&quot;_animation&quot;:&quot;none&quot;}\" data-widget_type=\"heading.default\">\n\t\t\t\t<div class=\"elementor-widget-container\">\n\t\t\t\t\t<h1 class=\"elementor-heading-title elementor-size-default\">Wynajem technologii konferencyjnej Augsburg, wynajem technologii wideo, technologii audio i technologii symultanicznej w Szwabii<\/h1>\t\t\t\t<\/div>\n\t\t\t\t<\/div>\n\t\t\t\t<div class=\"elementor-element elementor-element-17315957 elementor-widget-widescreen__width-inherit elementor-widget elementor-widget-image\" data-id=\"17315957\" data-element_type=\"widget\" data-widget_type=\"image.default\">\n\t\t\t\t<div class=\"elementor-widget-container\">\n\t\t\t\t\t\t\t\t\t\t\t\t\t\t\t<img fetchpriority=\"high\" decoding=\"async\" width=\"850\" height=\"380\" src=\"https:\/\/konferenztechnik.de\/wp-content\/uploads\/2017\/05\/veranstaltungstechnik-augsburg.jpg\" class=\"attachment-full size-full wp-image-10001\" alt=\"\" srcset=\"https:\/\/konferenztechnik.de\/wp-content\/uploads\/2017\/05\/veranstaltungstechnik-augsburg.jpg 850w, https:\/\/konferenztechnik.de\/wp-content\/uploads\/2017\/05\/veranstaltungstechnik-augsburg-300x134.jpg 300w, https:\/\/konferenztechnik.de\/wp-content\/uploads\/2017\/05\/veranstaltungstechnik-augsburg-768x343.jpg 768w\" sizes=\"(max-width: 850px) 100vw, 850px\" title=\"\">\t\t\t\t\t\t\t\t\t\t\t\t\t\t\t<\/div>\n\t\t\t\t<\/div>\n\t\t<div data-particle_enable=\"false\" data-particle-mobile-disabled=\"false\" class=\"elementor-element elementor-element-a2b1657 e-flex e-con-boxed e-con e-parent\" data-id=\"a2b1657\" data-element_type=\"container\">\n\t\t\t\t\t<div class=\"e-con-inner\">\n\t\t\t\t<div class=\"elementor-element elementor-element-4917fe20 elementor-align-left elementor-widget elementor-widget-button\" data-id=\"4917fe20\" data-element_type=\"widget\" data-widget_type=\"button.default\">\n\t\t\t\t<div class=\"elementor-widget-container\">\n\t\t\t\t\t\t\t\t\t<div class=\"elementor-button-wrapper\">\n\t\t\t\t\t<a class=\"elementor-button elementor-button-link elementor-size-lg\" href=\"#serviceteam\">\n\t\t\t\t\t\t<span class=\"elementor-button-content-wrapper\">\n\t\t\t\t\t\t<span class=\"elementor-button-icon\">\n\t\t\t\t<svg aria-hidden=\"true\" class=\"e-font-icon-svg e-far-arrow-alt-circle-down\" viewbox=\"0 0 512 512\" xmlns=\"http:\/\/www.w3.org\/2000\/svg\"><path d=\"M256 8C119 8 8 119 8 256s111 248 248 248 248-111 248-248S393 8 256 8zm0 448c-110.5 0-200-89.5-200-200S145.5 56 256 56s200 89.5 200 200-89.5 200-200 200zm-32-316v116h-67c-10.7 0-16 12.9-8.5 20.5l99 99c4.7 4.7 12.3 4.7 17 0l99-99c7.6-7.6 2.2-20.5-8.5-20.5h-67V140c0-6.6-5.4-12-12-12h-40c-6.6 0-12 5.4-12 12z\"><\/path><\/svg>\t\t\t<\/span>\n\t\t\t\t\t\t\t\t\t<span class=\"elementor-button-text\">Zapytaj teraz<\/span>\n\t\t\t\t\t<\/span>\n\t\t\t\t\t<\/a>\n\t\t\t\t<\/div>\n\t\t\t\t\t\t\t\t<\/div>\n\t\t\t\t<\/div>\n\t\t\t\t\t<\/div>\n\t\t\t\t<\/div>\n\t\t<div data-particle_enable=\"false\" data-particle-mobile-disabled=\"false\" class=\"elementor-element elementor-element-33aa92d0 e-flex e-con-boxed e-con e-parent\" data-id=\"33aa92d0\" data-element_type=\"container\">\n\t\t\t\t\t<div class=\"e-con-inner\">\n\t\t\t\t<div class=\"elementor-element elementor-element-87be774 elementor-widget__width-inherit smart-post-list-4-col elementor-hidden-mobile elementor-widget elementor-widget-eael-post-list\" data-id=\"87be774\" data-element_type=\"widget\" data-settings=\"{&quot;_animation&quot;:&quot;none&quot;}\" data-widget_type=\"eael-post-list.default\">\n\t\t\t\t<div class=\"elementor-widget-container\">\n\t\t\t\t\t<div class=\"eael-post-list-container advanced layout-advanced\"><div class=\"eael-post-list-wrap\"><div class=\"eael-post-list-posts-wrap eael-post-appender eael-post-appender-87be774\"><div class=\"eael-post-list-post\"><div class=\"eael-post-list-post-inner\"><div class=\"eael-post-list-thumbnail\"><a href=\"https:\/\/konferenztechnik.de\/pl\/osobiste-systemy-naprowadzania-wynajem-kupno-instalacja\/\">\n                <img decoding=\"async\" src=\"https:\/\/konferenztechnik.de\/wp-content\/uploads\/2023\/07\/personenfuehrungsanlage-mieten-kaufen-jpg.webp\" alt=\"M\u0119\u017cczyzna m\u00f3wi do mikrofonu, widz s\u0142ucha systemu tour guide podczas wycieczki. Wynajem, zakup lub dzier\u017cawa system\u00f3w tour guide od PCS.\" title=\"\">\n            <\/a><\/div><div class=\"eael-post-list-content\"><h3 class=\"eael-post-list-title\"><a href=\"https:\/\/konferenztechnik.de\/pl\/osobiste-systemy-naprowadzania-wynajem-kupno-instalacja\/\" >Systemy naprowadzania pasa\u017cer\u00f3w<\/a><\/h3><p>Systemy tour guide, systemy przewodnik\u00f3w, systemy szeptane lub PFA, s\u0142uchawki, mikrofony, \u0142adowarki, walizki transportowe, akcesoria<\/p><a href=\"https:\/\/konferenztechnik.de\/pl\/osobiste-systemy-naprowadzania-wynajem-kupno-instalacja\/\" class=\"eael-post-elements-readmore-btn\" >\u203a wi\u0119cej<\/a><div class=\"boxed-meta\"><\/div><\/div><\/div><\/div><div class=\"eael-post-list-post\"><div class=\"eael-post-list-post-inner\"><div class=\"eael-post-list-thumbnail\"><a href=\"https:\/\/konferenztechnik.de\/pl\/odbiornik-konferencyjny-odbiornik-sluchawkowy\/\">\n                <img decoding=\"async\" src=\"https:\/\/konferenztechnik.de\/wp-content\/uploads\/2023\/06\/kopfhoerer-empfaenger-jpg.webp\" alt=\"Dwa odbiorniki konferencyjne roz\u0142o\u017cone na stole konferencyjnym ze s\u0142uchawkami do s\u0142uchania t\u0142umaczonych j\u0119zyk\u00f3w.\" title=\"\">\n            <\/a><\/div><div class=\"eael-post-list-content\"><h3 class=\"eael-post-list-title\"><a href=\"https:\/\/konferenztechnik.de\/pl\/odbiornik-konferencyjny-odbiornik-sluchawkowy\/\" >Odbiornik konferencyjny, odbiornik zestawu s\u0142uchawkowego<\/a><\/h3><p>Wynajem odbiornik\u00f3w konferencyjnych: Odbiorniki i s\u0142uchawki na konferencje z t\u0142umaczeniem symultanicznym<\/p><a href=\"https:\/\/konferenztechnik.de\/pl\/odbiornik-konferencyjny-odbiornik-sluchawkowy\/\" class=\"eael-post-elements-readmore-btn\" >\u203a wi\u0119cej<\/a><div class=\"boxed-meta\"><\/div><\/div><\/div><\/div><div class=\"eael-post-list-post\"><div class=\"eael-post-list-post-inner\"><div class=\"eael-post-list-thumbnail\"><a href=\"https:\/\/konferenztechnik.de\/pl\/systemy-dyskusyjne-pulpity-mikrofonowe-wynajem-kupno-instalacja-leasing\/\">\n                <img decoding=\"async\" src=\"https:\/\/konferenztechnik.de\/wp-content\/uploads\/2023\/06\/diskussionsanlage-sprechstellen-tischmikrofone.jpg\" alt=\"Sto\u0142owe pulpity mikrofonowe rozmieszczone wok\u00f3\u0142 sto\u0142u konferencyjnego z mikrofonami na g\u0119siej szyjce\" title=\"\">\n            <\/a><\/div><div class=\"eael-post-list-content\"><h3 class=\"eael-post-list-title\"><a href=\"https:\/\/konferenztechnik.de\/pl\/systemy-dyskusyjne-pulpity-mikrofonowe-wynajem-kupno-instalacja-leasing\/\" >systemy dyskusyjne pulpity mikrofonowe wynajem kupno instalacja leasing<\/a><\/h3><p>systemy dyskusyjne pulpity mikrofonowe wynajem kupno instalacja leasing<\/p><a href=\"https:\/\/konferenztechnik.de\/pl\/systemy-dyskusyjne-pulpity-mikrofonowe-wynajem-kupno-instalacja-leasing\/\" class=\"eael-post-elements-readmore-btn\" >\u203a wi\u0119cej<\/a><div class=\"boxed-meta\"><\/div><\/div><\/div><\/div><div class=\"eael-post-list-post\"><div class=\"eael-post-list-post-inner\"><div class=\"eael-post-list-thumbnail\"><a href=\"https:\/\/konferenztechnik.de\/pl\/kabiny-do-tlumaczen-ustnych-i-kabiny-prelegentow\/\">\n                <img decoding=\"async\" src=\"https:\/\/konferenztechnik.de\/wp-content\/uploads\/2022\/06\/dolmetscherkabine-sprecherkabine-mieten-kaufen-leasen-jpg.webp\" alt=\"Kabina t\u0142umaczeniowa dla 2 t\u0142umaczy symultanicznych\" title=\"\">\n            <\/a><\/div><div class=\"eael-post-list-content\"><h3 class=\"eael-post-list-title\"><a href=\"https:\/\/konferenztechnik.de\/pl\/kabiny-do-tlumaczen-ustnych-i-kabiny-prelegentow\/\" >Kabiny do t\u0142umacze\u0144 ustnych i kabiny prelegent\u00f3w<\/a><\/h3><p>Kabina t\u0142umaczeniowa jest miejscem pracy t\u0142umaczy symultanicznych<\/p><a href=\"https:\/\/konferenztechnik.de\/pl\/kabiny-do-tlumaczen-ustnych-i-kabiny-prelegentow\/\" class=\"eael-post-elements-readmore-btn\" >\u203a wi\u0119cej<\/a><div class=\"boxed-meta\"><\/div><\/div><\/div><\/div><div class=\"eael-post-list-post\"><div class=\"eael-post-list-post-inner\"><div class=\"eael-post-list-thumbnail\"><a href=\"https:\/\/konferenztechnik.de\/pl\/stanowiska-do-tlumaczen-ustnych\/\">\n                <img decoding=\"async\" src=\"https:\/\/konferenztechnik.de\/wp-content\/uploads\/2022\/06\/dolmetscherpulte-mieten-kaufen-leasen-jpg.webp\" alt=\"Pulpit do t\u0142umacze\u0144 telewizyjnych\" title=\"\">\n            <\/a><\/div><div class=\"eael-post-list-content\"><h3 class=\"eael-post-list-title\"><a href=\"https:\/\/konferenztechnik.de\/pl\/stanowiska-do-tlumaczen-ustnych\/\" >Stanowiska do t\u0142umacze\u0144 ustnych<\/a><\/h3><p>Podstawowe wyposa\u017cenie kabiny t\u0142umaczeniowej obejmuje pulpit t\u0142umacza.<\/p><a href=\"https:\/\/konferenztechnik.de\/pl\/stanowiska-do-tlumaczen-ustnych\/\" class=\"eael-post-elements-readmore-btn\" >\u203a wi\u0119cej<\/a><div class=\"boxed-meta\"><\/div><\/div><\/div><\/div><\/div><\/div>\n\t\t<\/div>\t\t\t\t<\/div>\n\t\t\t\t<\/div>\n\t\t\t\t\t<\/div>\n\t\t\t\t<\/div>\n\t\t\t\t\t<\/div>\n\t\t\t\t<\/div>\n\t\t<div data-particle_enable=\"false\" data-particle-mobile-disabled=\"false\" class=\"elementor-element elementor-element-20a4b2f4 e-flex e-con-boxed e-con e-parent\" data-id=\"20a4b2f4\" data-element_type=\"container\">\n\t\t\t\t\t<div class=\"e-con-inner\">\n\t\t\t\t<div class=\"elementor-element elementor-element-48bf961b elementor-widget elementor-widget-image\" data-id=\"48bf961b\" data-element_type=\"widget\" data-widget_type=\"image.default\">\n\t\t\t\t<div class=\"elementor-widget-container\">\n\t\t\t\t\t\t\t\t\t\t\t\t\t\t\t<img decoding=\"async\" width=\"1200\" height=\"450\" src=\"https:\/\/konferenztechnik.de\/wp-content\/uploads\/2016\/10\/events-fullservice.jpg\" class=\"attachment-full size-full wp-image-8489\" alt=\"events-fullservice\" srcset=\"https:\/\/konferenztechnik.de\/wp-content\/uploads\/2016\/10\/events-fullservice.jpg 1200w, https:\/\/konferenztechnik.de\/wp-content\/uploads\/2016\/10\/events-fullservice-300x113.jpg 300w, https:\/\/konferenztechnik.de\/wp-content\/uploads\/2016\/10\/events-fullservice-1024x384.jpg 1024w, https:\/\/konferenztechnik.de\/wp-content\/uploads\/2016\/10\/events-fullservice-768x288.jpg 768w\" sizes=\"(max-width: 1200px) 100vw, 1200px\" title=\"\">\t\t\t\t\t\t\t\t\t\t\t\t\t\t\t<\/div>\n\t\t\t\t<\/div>\n\t\t\t\t<div class=\"elementor-element elementor-element-11c4111e elementor-widget__width-initial elementor-widget elementor-widget-text-editor\" data-id=\"11c4111e\" data-element_type=\"widget\" data-widget_type=\"text-editor.default\">\n\t\t\t\t<div class=\"elementor-widget-container\">\n\t\t\t\t\t\t\t\t\t<p>Systemy oprowadzania i systemy przewodnik\u00f3w dla wycieczek firmowych i wycieczek po mie\u015bcie, kabiny dla t\u0142umaczy, pulpity mikrofonowe i odbiorniki konferencyjne dla wieloj\u0119zycznych kongres\u00f3w oraz najnowocze\u015bniejsza technologia medialna AV dla ma\u0142ych i du\u017cych wydarze\u0144 wszelkiego rodzaju: PCS dostarcza Augsburgowi i bawarskiemu okr\u0119gowi administracyjnemu Szwabii technologi\u0119 audio, wideo i symultaniczn\u0105 \u2013, czyli technologi\u0119 konferencyjn\u0105 w najszerszym tego s\u0142owa znaczeniu. Systemy konferencyjne PCS w Augsburgu s\u0105 wykorzystywane m.in. w centrum konferencyjnym Messe Augsburg, Schwabenhalle i centrum kongresowym Kongress am Park. PCS dostarcza r\u00f3wnie\u017c bezpo\u015brednio do hoteli konferencyjnych w Augsburgu projektory, wy\u015bwietlacze, systemy nag\u0142o\u015bnieniowe, systemy do g\u0142osowania TED i inne systemy technologii konferencyjnej na wynajem.<\/p>\t\t\t\t\t\t\t\t<\/div>\n\t\t\t\t<\/div>\n\t\t\t\t<div class=\"elementor-element elementor-element-21a3d57b elementor-widget__width-initial elementor-widget elementor-widget-heading\" data-id=\"21a3d57b\" data-element_type=\"widget\" data-settings=\"{&quot;_animation&quot;:&quot;none&quot;}\" data-widget_type=\"heading.default\">\n\t\t\t\t<div class=\"elementor-widget-container\">\n\t\t\t\t\t<h2 class=\"elementor-heading-title elementor-size-default\">Doradztwo techniczne oparte na 20-letnim do\u015bwiadczeniu w bran\u017cy<\/h2>\t\t\t\t<\/div>\n\t\t\t\t<\/div>\n\t\t\t\t<div class=\"elementor-element elementor-element-6ae27ef0 elementor-widget__width-inherit elementor-widget elementor-widget-text-editor\" data-id=\"6ae27ef0\" data-element_type=\"widget\" data-widget_type=\"text-editor.default\">\n\t\t\t\t<div class=\"elementor-widget-container\">\n\t\t\t\t\t\t\t\t\t<p>To, czy zakup lub wynajem system\u00f3w technologii konferencyjnej jest lepszym d\u0142ugoterminowym rozwi\u0105zaniem dla firm z Augsburga i organizator\u00f3w wydarze\u0144, zale\u017cy mi\u0119dzy innymi od tego, jak wysokie s\u0105 mo\u017cliwo\u015bci techniczne w firmie i jak cz\u0119sto niekt\u00f3re systemy s\u0105 u\u017cywane. <br \/><br \/>Dla organizator\u00f3w wydarze\u0144 i firm z Augsburga i okolic wynajem technologii symultanicznej i AV oferuje r\u00f3wnie\u017c pewne korzy\u015bci, zw\u0142aszcza \u017ce wynajem idzie w parze z kompleksowym zakresem us\u0142ug doradczych i innych. Opieraj\u0105c si\u0119 na ponad 20-letnim do\u015bwiadczeniu w bran\u017cy, technicy PCS oferuj\u0105 profesjonalne doradztwo techniczne w zakresie ka\u017cdego mo\u017cliwego zastosowania technologii konferencyjnej. Aktywne wsparcie jest r\u00f3wnie\u017c dost\u0119pne przy planowaniu wydarze\u0144 z wyprzedzeniem. <br \/><br \/>Augsburga i okolic, pracownicy PCS rozstawiaj\u0105 systemy na miejscu, konfiguruj\u0105 je, a w razie potrzeby zapewniaj\u0105 r\u00f3wnie\u017c \u2013 wsparcie techniczne podczas wydarzenia. Oczywi\u015bcie PCS zajmuje si\u0119 r\u00f3wnie\u017c demonta\u017cem i usuwaniem system\u00f3w.<\/p>\t\t\t\t\t\t\t\t<\/div>\n\t\t\t\t<\/div>\n\t\t\t\t<div class=\"elementor-element elementor-element-48dab017 elementor-widget elementor-widget-image\" data-id=\"48dab017\" data-element_type=\"widget\" data-widget_type=\"image.default\">\n\t\t\t\t<div class=\"elementor-widget-container\">\n\t\t\t\t\t\t\t\t\t\t\t\t\t\t\t<img decoding=\"async\" width=\"1200\" height=\"450\" src=\"https:\/\/konferenztechnik.de\/wp-content\/uploads\/2016\/10\/events-berlin.jpg\" class=\"attachment-full size-full wp-image-8486\" alt=\"\" srcset=\"https:\/\/konferenztechnik.de\/wp-content\/uploads\/2016\/10\/events-berlin.jpg 1200w, https:\/\/konferenztechnik.de\/wp-content\/uploads\/2016\/10\/events-berlin-300x113.jpg 300w, https:\/\/konferenztechnik.de\/wp-content\/uploads\/2016\/10\/events-berlin-1024x384.jpg 1024w, https:\/\/konferenztechnik.de\/wp-content\/uploads\/2016\/10\/events-berlin-768x288.jpg 768w\" sizes=\"(max-width: 1200px) 100vw, 1200px\" title=\"\">\t\t\t\t\t\t\t\t\t\t\t\t\t\t\t<\/div>\n\t\t\t\t<\/div>\n\t\t<div data-particle_enable=\"false\" data-particle-mobile-disabled=\"false\" class=\"elementor-element elementor-element-5a8780f7 e-flex e-con-boxed e-con e-parent\" data-id=\"5a8780f7\" data-element_type=\"container\">\n\t\t\t\t\t<div class=\"e-con-inner\">\n\t\t\t\t<div class=\"elementor-element elementor-element-75fccdcf elementor-align-left elementor-widget elementor-widget-button\" data-id=\"75fccdcf\" data-element_type=\"widget\" data-widget_type=\"button.default\">\n\t\t\t\t<div class=\"elementor-widget-container\">\n\t\t\t\t\t\t\t\t\t<div class=\"elementor-button-wrapper\">\n\t\t\t\t\t<a class=\"elementor-button elementor-button-link elementor-size-lg\" href=\"#serviceteam\">\n\t\t\t\t\t\t<span class=\"elementor-button-content-wrapper\">\n\t\t\t\t\t\t<span class=\"elementor-button-icon\">\n\t\t\t\t<svg aria-hidden=\"true\" class=\"e-font-icon-svg e-far-arrow-alt-circle-down\" viewbox=\"0 0 512 512\" xmlns=\"http:\/\/www.w3.org\/2000\/svg\"><path d=\"M256 8C119 8 8 119 8 256s111 248 248 248 248-111 248-248S393 8 256 8zm0 448c-110.5 0-200-89.5-200-200S145.5 56 256 56s200 89.5 200 200-89.5 200-200 200zm-32-316v116h-67c-10.7 0-16 12.9-8.5 20.5l99 99c4.7 4.7 12.3 4.7 17 0l99-99c7.6-7.6 2.2-20.5-8.5-20.5h-67V140c0-6.6-5.4-12-12-12h-40c-6.6 0-12 5.4-12 12z\"><\/path><\/svg>\t\t\t<\/span>\n\t\t\t\t\t\t\t\t\t<span class=\"elementor-button-text\">Zapytaj teraz<\/span>\n\t\t\t\t\t<\/span>\n\t\t\t\t\t<\/a>\n\t\t\t\t<\/div>\n\t\t\t\t\t\t\t\t<\/div>\n\t\t\t\t<\/div>\n\t\t\t\t\t<\/div>\n\t\t\t\t<\/div>\n\t\t\t\t<div class=\"elementor-element elementor-element-1b8fedd3 elementor-widget__width-initial elementor-widget elementor-widget-heading\" data-id=\"1b8fedd3\" data-element_type=\"widget\" data-settings=\"{&quot;_animation&quot;:&quot;none&quot;}\" data-widget_type=\"heading.default\">\n\t\t\t\t<div class=\"elementor-widget-container\">\n\t\t\t\t\t<h2 class=\"elementor-heading-title elementor-size-default\">Systemy technologii konferencyjnej przetestowane w 100<\/h2>\t\t\t\t<\/div>\n\t\t\t\t<\/div>\n\t\t\t\t<div class=\"elementor-element elementor-element-1090f510 elementor-widget__width-inherit elementor-widget elementor-widget-text-editor\" data-id=\"1090f510\" data-element_type=\"widget\" data-widget_type=\"text-editor.default\">\n\t\t\t\t<div class=\"elementor-widget-container\">\n\t\t\t\t\t\t\t\t\t<p>Ka\u017cdy, kto wynajmuje systemy techniki konferencyjnej od PCS w Augsburgu i okr\u0119gu administracyjnym Szwabii, oczywi\u015bcie zawsze otrzymuje sprz\u0119t, kt\u00f3ry zosta\u0142 w 100% przetestowany pod k\u0105tem funkcjonalno\u015bci, jest profesjonalnie konserwowany, w pe\u0142ni sprawny i najnowocze\u015bniejszy. Kolejn\u0105 zalet\u0105 wynajmu technologii konferencyjnej jest to, \u017ce PCS szybko reaguje na najnowsze trendy i wymagania klient\u00f3w. Na przyk\u0142ad systemy mikrofonowe \u2013, znane r\u00f3wnie\u017c jako systemy dyskusyjne, pulpity mikrofonowe dla uczestnik\u00f3w lub \u0142a\u0144cuchy mikrofonowe, systemy bezprzewodowe \u2013 staj\u0105 si\u0119 coraz bardziej popularne ze wzgl\u0119du na ich wszechstronno\u015b\u0107. Technicy PCS mog\u0105 stosunkowo szybko wyja\u015bni\u0107, gdzie systemy bezprzewodowe, takie jak Bosch Dicentis \u2013, mog\u0105 by\u0107 u\u017cywane bez \u017cadnych problem\u00f3w, a gdzie lepiej jest polega\u0107 na rozwi\u0105zaniach przewodowych. PCS obs\u0142uguje Augsburg i bawarski okr\u0119g administracyjny Szwabia z oddzia\u0142u w Monachium. Je\u015bli skontaktujesz si\u0119 z nami przez e-mail, odpowiemy w ci\u0105gu godziny. W przeciwnym razie mo\u017cesz r\u00f3wnie\u017c skontaktowa\u0107 si\u0119 z nami za po\u015brednictwem naszej 24-godzinnej infolinii telefonicznej!<\/p>\t\t\t\t\t\t\t\t<\/div>\n\t\t\t\t<\/div>\n\t\t\t\t\t<\/div>\n\t\t\t\t<\/div>\n\t\t<div data-particle_enable=\"false\" data-particle-mobile-disabled=\"false\" class=\"elementor-element elementor-element-3d623838 e-flex e-con-boxed e-con e-parent\" data-id=\"3d623838\" data-element_type=\"container\">\n\t\t\t\t\t<div class=\"e-con-inner\">\n\t\t\t\t<div class=\"elementor-element elementor-element-d298053 elementor-widget elementor-widget-shortcode\" data-id=\"d298053\" data-element_type=\"widget\" data-widget_type=\"shortcode.default\">\n\t\t\t\t<div class=\"elementor-widget-container\">\n\t\t\t\t\t\t\t<div class=\"elementor-shortcode\"><\/div>\n\t\t\t\t\t\t<\/div>\n\t\t\t\t<\/div>\n\t\t\t\t\t<\/div>\n\t\t\t\t<\/div>\n\t\t\t\t<\/div>","protected":false},"excerpt":{"rendered":"<p>Konferenztechnik mieten Augsburg, Verleih von Videotechnik, Audiotechnik und Simultantechnik in Schwaben Jetzt anfragen Diskussionsanlagen, Sprechstellen \u2013 mieten, kaufen, installieren, leasen Diskussionsanlagen, Sprechstellen \u2013 mieten, kaufen, installieren, leasen \u203a mehr Dolmetschkabinen und Sprecherkabinen Die Dolmetschkabine ist der Arbeitsplatz der Simultandolmetscher*innen \u203a mehr Dolmetschpulte Zur Grundausr\u00fcstung einer Dolmetscherkabine geh\u00f6rt ein Dolmetschpult. \u203a mehr Konferenzempf\u00e4nger, Kopfh\u00f6rerempf\u00e4nger Konferenzempf\u00e4nger mieten: [&hellip;]<\/p>","protected":false},"author":1,"featured_media":45482,"parent":0,"menu_order":0,"comment_status":"closed","ping_status":"closed","template":"","meta":{"_acf_changed":false,"footnotes":""},"class_list":["post-11576","page","type-page","status-publish","has-post-thumbnail","hentry"],"acf":[],"_links":{"self":[{"href":"https:\/\/konferenztechnik.de\/pl\/wp-json\/wp\/v2\/pages\/11576","targetHints":{"allow":["GET"]}}],"collection":[{"href":"https:\/\/konferenztechnik.de\/pl\/wp-json\/wp\/v2\/pages"}],"about":[{"href":"https:\/\/konferenztechnik.de\/pl\/wp-json\/wp\/v2\/types\/page"}],"author":[{"embeddable":true,"href":"https:\/\/konferenztechnik.de\/pl\/wp-json\/wp\/v2\/users\/1"}],"replies":[{"embeddable":true,"href":"https:\/\/konferenztechnik.de\/pl\/wp-json\/wp\/v2\/comments?post=11576"}],"version-history":[{"count":0,"href":"https:\/\/konferenztechnik.de\/pl\/wp-json\/wp\/v2\/pages\/11576\/revisions"}],"wp:featuredmedia":[{"embeddable":true,"href":"https:\/\/konferenztechnik.de\/pl\/wp-json\/wp\/v2\/media\/45482"}],"wp:attachment":[{"href":"https:\/\/konferenztechnik.de\/pl\/wp-json\/wp\/v2\/media?parent=11576"}],"curies":[{"name":"wp","href":"https:\/\/api.w.org\/{rel}","templated":true}]}}