{"id":11679,"date":"2017-10-12T16:35:11","date_gmt":"2017-10-12T14:35:11","guid":{"rendered":"https:\/\/www.konferenztechnik.de\/?page_id=11679"},"modified":"2023-09-01T13:50:03","modified_gmt":"2023-09-01T11:50:03","slug":"wypozyczalnia-sprzetu-konferencyjnego-innsbruck","status":"publish","type":"page","link":"https:\/\/konferenztechnik.de\/pl\/wypozyczalnia-sprzetu-konferencyjnego-innsbruck\/","title":{"rendered":"Wynajem technologii konferencyjnej Innsbruck"},"content":{"rendered":"<h1>Wynajem sprz\u0119tu konferencyjnego Innsbruck, wynajem sprz\u0119tu audio, wideo i symultanicznego w Tyrolu<\/h1>\n<div class=\"call-action-slider-img\" style=\"padding-top:2px;\">\n<img decoding=\"async\" src=\"https:\/\/konferenztechnik.de\/wp-content\/uploads\/2017\/06\/veranstaltungstechnik-innsbruck.jpg\" alt=\"Wynajem technologii konferencyjnej Innsbruck\" class=\"alignleft size-full wp-image-9527\" title=\"\"><br \/>\n<button class=\"btn popmake-10003\">Pro\u015bba o wycen\u0119,<br \/>\nw ci\u0105gu jednej godziny<br \/>\nz tob\u0105! &#x9B;<\/button><\/div>\n<p>PCS dostarcza organizatorom kongres\u00f3w w Innsbrucku i Tyrolu, hotelom konferencyjnym, organizatorom wydarze\u0144, t\u0142umaczom organizuj\u0105cym i firmom turystycznym szerok\u0105 gam\u0119 sprz\u0119tu i system\u00f3w w dziedzinie technologii konferencyjnej, medi\u00f3w AV i technologii symultanicznej. PCS wynajmuje nast\u0119puj\u0105ce systemy w stolicy Tyrolu i okolicach:<br \/>\n[spacer size=\"20\u2033]<br \/>\n[list icon=\u201dmoon-checkmark\u201d color=\u201d#a62055\u2033]Technologia audio \/ systemy d\u017awi\u0119kowe \u2013 G\u0142o\u015bniki, wzmacniacze i technologia mikrofonowa[\/list]<br \/>\n[list icon=\u201dmoon-checkmark\u201d color=\u201d#a62055\u2033]Technologia wideo \u2013 projektory, wy\u015bwietlacze, systemy do g\u0142osowania TED i ekrany[\/list]<br \/>\n[list icon=\u201dmoon-checkmark\u201d color=\u201d#a62055\u2033]Technologia symultaniczna \u2013 Systemy t\u0142umacze\u0144 ustnych, kabiny do t\u0142umacze\u0144 ustnych i akcesoria techniczne[\/list]<br \/>\n[list icon=\u201dmoon-checkmark\u201d color=\u201d#a62055\u2033]klasyczna technologia konferencyjna, taka jak \u0142a\u0144cuchy mikrofonowe (lub systemy dyskusyjne, mikrofony sto\u0142owe, pulpity mikrofonowe lub pulpity mikrofonowe dla delegat\u00f3w)[\/list].<br \/>\n[list icon=\u201dmoon-checkmark\u201d color=\u201d#a62055\u2033]Osobiste systemy przewodnik\u00f3w (PFA) \u2013 znane r\u00f3wnie\u017c jako Pefa, systemy przewodnik\u00f3w, technologia szeptania, walizki szeptane lub systemy przewodnik\u00f3w[\/list].<br \/>\n[spacer size=\"20\u2033]<br \/>\nZakres zastosowa\u0144 tych system\u00f3w jest szeroki, pocz\u0105wszy od wieloj\u0119zycznych kongres\u00f3w i konferencji akademickich po spotkania firmowe, wydarzenia kulturalne i rozprawy s\u0105dowe, na kt\u00f3rych obecni s\u0105 t\u0142umacze symultaniczni. Opr\u00f3cz licznych hoteli konferencyjnych, typowymi miejscami wydarze\u0144 w Innsbrucku s\u0105 obiekty Congress Innsbruck lub Congresspark Igls.<\/p>\n<p>[spacer size=\"20\u2033]<\/p>\n<p><img decoding=\"async\" src=\"https:\/\/konferenztechnik.de\/wp-content\/uploads\/2016\/10\/events-fullservice.jpg\" alt=\"Wynajem sprz\u0119tu konferencyjnego w Innsbrucku od PCS GmbH\" class=\"alignleft size-full wp-image-8570\" title=\"\"><\/p>\n<h2>Dlaczego warto wynaj\u0105\u0107 technologi\u0119 konferencyjn\u0105 w Innsbrucku?<\/h2>\n<p>Je\u015bli chodzi o wynajem system\u00f3w konferencyjnych, medi\u00f3w AV lub technologii symultanicznej w Innsbrucku, PCS polega przede wszystkim na markowych producentach, takich jak Sennheiser, Bosch, Yamaha, Kling &amp; Freitag i Audipack. Organizatorzy wydarze\u0144 w Tyrolu, kt\u00f3rzy polegaj\u0105 na systemach wynajmu, maj\u0105 zatem do dyspozycji systemy optymalnie dostosowane do danego celu podczas ka\u017cdego wydarzenia. Poniewa\u017c PCS oferuje szerok\u0105 gam\u0119 system\u00f3w dla szerokiego zakresu wymaga\u0144, wa\u017cne jest, aby zasi\u0119gn\u0105\u0107 odpowiedniej porady przy dokonywaniu wyboru. Opr\u00f3cz profesjonalnego doradztwa, PCS oferuje kompleksowe wsparcie w technicznym planowaniu imprez.<\/p>\n<p>Opr\u00f3cz kompleksowych us\u0142ug doradczych, PCS oferuje r\u00f3wnie\u017c liczne us\u0142ugi w zakresie technologii konferencyjnych dla klient\u00f3w w Innsbrucku. Na \u017cyczenie systemy mog\u0105 zosta\u0107 dostarczone bezpo\u015brednio na miejsce wydarzenia i tam profesjonalnie skonfigurowane. W razie potrzeby przeszkoleni pracownicy PCS zajm\u0105 si\u0119 kwestiami technicznymi podczas wydarzenia. Oczywi\u015bcie PCS dba r\u00f3wnie\u017c o szybki demonta\u017c i terminowe usuni\u0119cie sprz\u0119tu.<\/p>\n<p>[spacer size=\"20\u2033]<\/p>\n<div id=\"newscontainer\">\n<div class=\"newskasten\"><a href=\"https:\/\/konferenztechnik.de\/pl\/wynajem-kabin-do-tlumaczen-ustnych\/\">Kabiny dla t\u0142umaczy<br \/>\n<img decoding=\"async\" src=\"https:\/\/konferenztechnik.de\/wp-content\/uploads\/2017\/03\/dolmetscherkabinen-mieten.jpg\" alt=\"Wynajem kabiny do t\u0142umacze\u0144 ustnych\" class=\"alignnone size-full wp-image-9535\" title=\"\"><\/a><br \/>\n[clear]<br \/>\n[list icon=\"moon-checkmark\" color=\"#a62055\u2033]Certyfikat ISO[\/list]<br \/>\n[list icon=\"moon-checkmark\" color=\"#a62055\u2033]Mo\u017cliwo\u015b\u0107 elastycznej rozbudowy[\/list]<br \/>\n[list icon=\"moon-checkmark\" color=\"#a62055\u2033]Systemy t\u0142umacze\u0144[\/list]<br \/>\n[spacer size=\"20\u2033]<br \/>\n[button link=\"#popmake-9771\u2033 target=\"self\" color=\"#a62055\u2033 text=\"light\"]Popro\u015b o wycen\u0119[\/button]<br \/>\n[clear]<br \/>\n<a class=\"weiter\" href=\"https:\/\/konferenztechnik.de\/pl\/wynajem-kabin-do-tlumaczen-ustnych\/\"><span class=\"text-kleiner\">&#x9B; Wi\u0119cej informacji<\/span><\/a><\/div>\n<div class=\"newskasten\"><a href=\"https:\/\/konferenztechnik.de\/pl\/wynajem-sprzetu-konferencyjnego\/udogodnienia-do-dyskusji\/\">Udogodnienia do dyskusji<br \/>\n<img decoding=\"async\" src=\"https:\/\/konferenztechnik.de\/wp-content\/uploads\/2017\/03\/diskussionsanlagen-mieten.jpg\" alt=\"wynajem sprz\u0119tu do dyskusji\" class=\"alignnone size-full wp-image-9534\" title=\"\"><\/a><br \/>\n[clear]<br \/>\n[list icon=\"moon-checkmark\" color=\"#a62055\u2033]Biurkowe stacje interkomowe[\/list]<br \/>\n[list icon=\"moon-checkmark\" color=\"#a62055\u2033]G\u0142osowanie[\/list]<br \/>\n[list icon=\"moon-checkmark\" color=\"#a62055\u2033]Bezprzewodowe lub przewodowe[\/list]<br \/>\n[spacer size=\"20\u2033]<br \/>\n[button link=\"#popmake-9771\u2033 target=\"self\" color=\"#a62055\u2033 text=\"light\"]Popro\u015b o wycen\u0119[\/button]<br \/>\n[clear]<br \/>\n<a href=\"https:\/\/konferenztechnik.de\/pl\/wynajem-sprzetu-konferencyjnego\/udogodnienia-do-dyskusji\/\"><span class=\"text-kleiner\">&#x9B; Wi\u0119cej informacji<\/span><\/a><\/div>\n<div class=\"newskasten\"><a href=\"https:\/\/konferenztechnik.de\/pl\/wynajem-sprzetu-konferencyjnego\/systemy-prowadzace\/\">Systemy prowadz\u0105ce<br \/>\n<img decoding=\"async\" src=\"https:\/\/konferenztechnik.de\/wp-content\/uploads\/2017\/03\/fuehrungsanlagen-mieten.jpg\" alt=\"wynajem system\u00f3w prowadz\u0105cych\" class=\"alignnone size-full wp-image-9536\" title=\"\"><\/a><br \/>\n[clear]<br \/>\n[list icon=\"moon-checkmark\" color=\"#a62055\u2033]Przewodnik, Synexis[\/list]<br \/>\n[list icon=\"moon-checkmark\" color=\"#a62055\u2033]Szepcz\u0105ce systemy[\/list]<br \/>\n[list icon=\"moon-checkmark\" color=\"#a62055\u2033]Systemy zarz\u0105dzania[\/list]<br \/>\n[spacer size=\"20\u2033]<br \/>\n[button link=\"#popmake-9771\u2033 target=\"self\" color=\"#a62055\u2033 text=\"light\"]Popro\u015b o wycen\u0119[\/button]<br \/>\n[clear]<br \/>\n<a class=\"weiter\" href=\"https:\/\/konferenztechnik.de\/pl\/wynajem-sprzetu-konferencyjnego\/systemy-prowadzace\/\"><span class=\"text-kleiner\">&#x9B; Wi\u0119cej informacji<\/span><\/a><\/div>\n<div class=\"newskasten\"><a href=\"https:\/\/konferenztechnik.de\/pl\/sennheiser-teamconnect-wireless\/\">Obiekty konferencyjne<br \/>\n<img decoding=\"async\" src=\"https:\/\/konferenztechnik.de\/wp-content\/uploads\/2017\/03\/konferenzanlagen-mieten.jpg\" alt=\"wynajem sprz\u0119tu konferencyjnego\" class=\"alignnone size-full wp-image-9537\" title=\"\"><\/a><br \/>\n[clear]<br \/>\n[list icon=\"moon-checkmark\" color=\"#a62055\u2033]Interpretacja technologii[\/list]<br \/>\n[list icon=\"moon-checkmark\" color=\"#a62055\u2033]Wideokonferencja[\/list]<br \/>\n[list icon=\"moon-checkmark\" color=\"#a62055\u2033]Mo\u017cliwo\u015b\u0107 dostosowania[\/list]<br \/>\n[spacer size=\"20\u2033]<br \/>\n[button link=\"#popmake-9771\u2033 target=\"self\" color=\"#a62055\u2033 text=\"light\"]Popro\u015b o wycen\u0119[\/button]<br \/>\n[clear]<br \/>\n<a class=\"weiter\" href=\"https:\/\/konferenztechnik.de\/pl\/sennheiser-teamconnect-wireless\/\"><span class=\"text-kleiner\">&#x9B; Wi\u0119cej informacji<\/span><\/a><\/div>\n<div class=\"newskasten\"><a href=\"https:\/\/konferenztechnik.de\/pl\/wynajem-sprzetu-konferencyjnego\/systemy-tuningowe\/\">Systemy strojenia<br \/>\n<img fetchpriority=\"high\" decoding=\"async\" width=\"410\" height=\"304\" src=\"https:\/\/konferenztechnik.de\/wp-content\/uploads\/2017\/03\/abstimmsysteme-mieten-1.jpg\" alt=\"wynajem system\u00f3w tuningowych\" class=\"alignnone size-full wp-image-9558\" title=\"\" srcset=\"https:\/\/konferenztechnik.de\/wp-content\/uploads\/2017\/03\/abstimmsysteme-mieten-1.jpg 410w, https:\/\/konferenztechnik.de\/wp-content\/uploads\/2017\/03\/abstimmsysteme-mieten-1-300x222.jpg 300w\" sizes=\"(max-width: 410px) 100vw, 410px\" \/><\/a><br \/>\n[clear]<br \/>\n[list icon=\"moon-checkmark\" color=\"#a62055\u2033]Jednostki do g\u0142osowania[\/list]<br \/>\n[list icon=\"moon-checkmark\" color=\"#a62055\u2033]Oprogramowanie do g\u0142osowania[\/list]<br \/>\n[list icon=\"moon-checkmark\" color=\"#a62055\u2033]G\u0142osowanie[\/list]<br \/>\n[spacer size=\"20\u2033]<br \/>\n[button link=\"#popmake-9771\u2033 target=\"self\" color=\"#a62055\u2033 text=\"light\"]Popro\u015b o wycen\u0119[\/button]<br \/>\n[clear]<br \/>\n<a class=\"weiter\" href=\"https:\/\/konferenztechnik.de\/pl\/wynajem-sprzetu-konferencyjnego\/systemy-tuningowe\/\"><span class=\"text-kleiner\">&#x9B; Wi\u0119cej informacji<\/span><\/a><\/div>\n<div class=\"newskasten\"><a href=\"https:\/\/konferenztechnik.de\/pl\/wynajem-sprzetu-konferencyjnego\/technologia-av-mikrofony-systemy-dzwiekowe-projektory\/\">Technologia audio i wideo<br \/>\n<img decoding=\"async\" src=\"https:\/\/konferenztechnik.de\/wp-content\/uploads\/2017\/03\/av-technik-mieten.jpg\" alt=\"av-technik-rentals\" class=\"alignnone size-full wp-image-9533\" title=\"\"><\/a><br \/>\n[clear]<br \/>\n[list icon=\"moon-checkmark\" color=\"#a62055\u2033]Projektory[\/list]<br \/>\n[list icon=\"moon-checkmark\" color=\"#a62055\u2033]Ekrany, wy\u015bwietlacze[\/list]<br \/>\n[list icon=\"moon-checkmark\" color=\"#a62055\u2033]Lektyny[\/list]<br \/>\n[spacer size=\"20\u2033]<br \/>\n[button link=\"#popmake-9771\u2033 target=\"self\" color=\"#a62055\u2033 text=\"light\"]Popro\u015b o wycen\u0119[\/button]<br \/>\n[clear]<br \/>\n<a class=\"weiter\" href=\"https:\/\/konferenztechnik.de\/pl\/wynajem-sprzetu-konferencyjnego\/technologia-av-mikrofony-systemy-dzwiekowe-projektory\/\"><span class=\"text-kleiner\">&#x9B; Wi\u0119cej informacji<\/span><\/a><\/div>\n<\/div>\n<h2>Zmieniaj\u0105ce si\u0119 potrzeby klient\u00f3w i aktualne trendy w systemach bezprzewodowych<\/h2>\n<p>Z technicznego punktu widzenia PCS zawsze stara si\u0119 reagowa\u0107 na zmieniaj\u0105ce si\u0119 wymagania klient\u00f3w i trendy techniczne w zakresie wynajmu system\u00f3w. Na przyk\u0142ad w Tyrolu zauwa\u017calny jest obecnie wzrost popytu na systemy bezprzewodowe, zw\u0142aszcza je\u015bli chodzi o pulpity mikrofonowe. Technicy PCS zazwyczaj mog\u0105 stosunkowo szybko wyja\u015bni\u0107, czy elastyczne i szybko wdra\u017calne systemy bezprzewodowe s\u0105 odpowiednie dla danej lokalizacji wydarzenia, czy te\u017c lepiej by\u0142oby zdecydowa\u0107 si\u0119 na rozwi\u0105zania przewodowe.<\/p>\n<p>W przypadku zapyta\u0144 z Innsbrucka i Tyrolu, zar\u00f3wno oddzia\u0142 PCS w Monachium, jak i oddzia\u0142 w Heilbronn s\u0105 dost\u0119pne w ka\u017cdej chwili. Na zapytania przes\u0142ane poczt\u0105 elektroniczn\u0105 odpowiadamy zazwyczaj w ci\u0105gu godziny. Ponadto tyrolskie firmy ka\u017cdej wielko\u015bci mog\u0105 oczywi\u015bcie dzwoni\u0107 bezpo\u015brednio do os\u00f3b kontaktowych w odpowiednich oddzia\u0142ach.<\/p>\n<p>[spacer size=\"20\u2033]<\/p>\n<div class=\"call-action-slider-img\">\n<img decoding=\"async\" src=\"https:\/\/konferenztechnik.de\/wp-content\/uploads\/2016\/10\/events-berlin.jpg\" alt=\"Wynajem technologii konferencyjnej od PCS GmbH\" class=\"alignleft size-full wp-image-8570\" title=\"\"><br \/>\n<button class=\"btn popmake-9671\">Pro\u015bba o wycen\u0119,<br \/>\nw ci\u0105gu jednej godziny<br \/>\nz tob\u0105! &#x9B;<\/button><\/div>\n<p>[spacer size=\"10\u2033]<\/p>\n<div class=\"sidebar-line\">\n<span><\/span><\/div>\n<p>[spacer size=\"20\u2033]<\/p>\n<div class=\"leistungen-menu\">\n[column size=\"3-4\u2033 last=\"0\u2033]<\/p>\n<h3>Wynajem technologii konferencyjnej<\/h3>\n<p>[menu theme_location='dolmetschertechnik-mieten-stuttgart']<br \/>\n[\/column]<\/p>\n<p>[column size=\"3-4\u2033 last=\"0\u2033]<\/p>\n<h3>Kup technologi\u0119 konferencyjn\u0105<\/h3>\n<p>[menu theme_location='dolmetschertechnik-mieten-stuttgart-2']<br \/>\n[\/column]<\/p>\n<p>[column size=\"3-4\u2033 last=\"0\u2033]<\/p>\n<h3>Instalacja i integracja<\/h3>\n<p>[menu theme_location='dolmetschertechnik-mieten-stuttgart-4']<br \/>\n[\/column]<\/p>\n<p>[column size=\"1-4\u2033 last=\"1\u2033]<\/p>\n<h3 >Technologia konferencyjna PCS<\/h3>\n<p>[menu theme_location='dolmetschertechnik-mieten-stuttgart-3\u2032]<br \/>\n[\/column]<\/p>\n<\/div>","protected":false},"excerpt":{"rendered":"<p>Konferenztechnik mieten Innsbruck, Verleih von Audio-, Video- und Simultantechnik in Tirol Angebot anfordern, in einer Stunde bei Ihnen! &#x9B; PCS versorgt Innsbrucker und Tiroler Kongress-Veranstalter, Konferenzhotels, Event-Organisatoren, organisierende Dolmetscher und Tourismusbetriebe mit verschiedensten Anlagen und Systemen aus den Bereichen Konferenz-, AV-Medien- und Simultantechnik. Unter anderem vermietet PCS in der Tiroler Landeshauptstadt und ihrem Umland folgende [&hellip;]<\/p>","protected":false},"author":1,"featured_media":45482,"parent":0,"menu_order":0,"comment_status":"closed","ping_status":"closed","template":"","meta":{"_acf_changed":false,"footnotes":""},"class_list":["post-11679","page","type-page","status-publish","has-post-thumbnail","hentry"],"acf":[],"_links":{"self":[{"href":"https:\/\/konferenztechnik.de\/pl\/wp-json\/wp\/v2\/pages\/11679","targetHints":{"allow":["GET"]}}],"collection":[{"href":"https:\/\/konferenztechnik.de\/pl\/wp-json\/wp\/v2\/pages"}],"about":[{"href":"https:\/\/konferenztechnik.de\/pl\/wp-json\/wp\/v2\/types\/page"}],"author":[{"embeddable":true,"href":"https:\/\/konferenztechnik.de\/pl\/wp-json\/wp\/v2\/users\/1"}],"replies":[{"embeddable":true,"href":"https:\/\/konferenztechnik.de\/pl\/wp-json\/wp\/v2\/comments?post=11679"}],"version-history":[{"count":0,"href":"https:\/\/konferenztechnik.de\/pl\/wp-json\/wp\/v2\/pages\/11679\/revisions"}],"wp:featuredmedia":[{"embeddable":true,"href":"https:\/\/konferenztechnik.de\/pl\/wp-json\/wp\/v2\/media\/45482"}],"wp:attachment":[{"href":"https:\/\/konferenztechnik.de\/pl\/wp-json\/wp\/v2\/media?parent=11679"}],"curies":[{"name":"wp","href":"https:\/\/api.w.org\/{rel}","templated":true}]}}