{"id":1219,"date":"2013-08-23T10:29:49","date_gmt":"2013-08-23T08:29:49","guid":{"rendered":"https:\/\/pcs-miete.de\/?page_id=1219"},"modified":"2023-07-05T14:17:33","modified_gmt":"2023-07-05T12:17:33","slug":"ekrany","status":"publish","type":"page","link":"https:\/\/konferenztechnik.de\/pl\/dystrybucja-technologii-konferencyjnych-i-multimedialnych\/technologia-wideo-2\/ekrany\/","title":{"rendered":"Ekrany"},"content":{"rendered":"<h1>Ekrany<\/h1>\n<p>W dzisiejszych czasach ekrany staj\u0105 si\u0119 coraz wi\u0119ksze, o wy\u017cszej rozdzielczo\u015bci, bardziej odporne na warunki atmosferyczne, bardziej odporne na zarysowania, ta\u0144sze \u2013 i w szybkim tempie. Poni\u017cej przedstawiamy ma\u0142y wyb\u00f3r ekran\u00f3w jako przyk\u0142ady.<\/p>\n<p>Co najmniej r\u00f3wnie wa\u017cne w tym obszarze s\u0105 oczywi\u015bcie wszystkie opcje monta\u017cu, takie jak uchwyty \u015bcienne, uchwyty sufitowe i stojaki pod\u0142ogowe do ekran\u00f3w. Tutaj r\u00f3wnie\u017c mamy du\u017cy wyb\u00f3r opcji.<\/p>\n<h2>52-calowy wy\u015bwietlacz LCD o rozdzielczo\u015bci Full HD<\/h2>\n<p><a href=\"https:\/\/konferenztechnik.de\/wp-content\/uploads\/2013\/09\/Sony_LCD-Display_GXD-L52H1_gross.jpg\"><img fetchpriority=\"high\" decoding=\"async\" width=\"383\" height=\"300\" class=\"alignleft size-full wp-image-2415\" src=\"https:\/\/konferenztechnik.de\/wp-content\/uploads\/2013\/09\/Sony_LCD-Display_GXD-L52H1_gross.jpg\" alt=\" Wy\u015bwietlacz LCD Full HD GXDL52H1 firmy Sony\" title=\"\" srcset=\"https:\/\/konferenztechnik.de\/wp-content\/uploads\/2013\/09\/Sony_LCD-Display_GXD-L52H1_gross.jpg 383w, https:\/\/konferenztechnik.de\/wp-content\/uploads\/2013\/09\/Sony_LCD-Display_GXD-L52H1_gross-300x235.jpg 300w\" sizes=\"(max-width: 383px) 100vw, 383px\" \/><\/a><\/p>\n<p>Pierwszy profesjonalny monitor LCD Full HD GXDL52H1 firmy Sony oferuje wyj\u0105tkow\u0105 jako\u015b\u0107 obrazu, jest niezwykle wytrzyma\u0142y i dlatego szczeg\u00f3lnie nadaje si\u0119 do pracy ci\u0105g\u0142ej. Nowo opracowany, bezpy\u0142owy system wentylacji bez otwor\u00f3w w obudowie gwarantuje skuteczne ch\u0142odzenie, nawet gdy wy\u015bwietlacz jest ustawiony pionowo.<\/p>\n<p>Kolejn\u0105 zalet\u0105 zapewniaj\u0105c\u0105 d\u0142ug\u0105 \u017cywotno\u015b\u0107 jest stabilne i odporne na uderzenia szk\u0142o ochronne wy\u015bwietlacza, kt\u00f3re mo\u017ce r\u00f3wnie\u017c wytrzyma\u0107 silne bezpo\u015brednie uderzenia.<\/p>\n<p>Jest to zatem idealny wyb\u00f3r dla szerokiej gamy \u015brodowisk, takich jak w\u0119z\u0142y komunikacyjne, bary, dyskoteki, sklepy i biura. Dzi\u0119ki kompatybilno\u015bci z HDSDI, urz\u0105dzenie nadaje si\u0119 r\u00f3wnie\u017c do r\u00f3\u017cnych zastosowa\u0144 nadawczych i opieki zdrowotnej.<\/p>\n<h2>Wy\u015bwietlacz plazmowy 50\u2033 Full HD<\/h2>\n<p><a href=\"https:\/\/konferenztechnik.de\/wp-content\/uploads\/2013\/09\/Panasonic_PlasmaDisplay_TH-50PF10_gross.jpg\"><img decoding=\"async\" width=\"404\" height=\"290\" class=\"alignleft size-full wp-image-2417\" src=\"https:\/\/konferenztechnik.de\/wp-content\/uploads\/2013\/09\/Panasonic_PlasmaDisplay_TH-50PF10_gross.jpg\" alt=\"Wy\u015bwietlacz plazmowy Full HD TH-50PF10EK firmy Panasonic\" title=\"\" srcset=\"https:\/\/konferenztechnik.de\/wp-content\/uploads\/2013\/09\/Panasonic_PlasmaDisplay_TH-50PF10_gross.jpg 404w, https:\/\/konferenztechnik.de\/wp-content\/uploads\/2013\/09\/Panasonic_PlasmaDisplay_TH-50PF10_gross-300x215.jpg 300w\" sizes=\"(max-width: 404px) 100vw, 404px\" \/><\/a><\/p>\n<p>Wy\u015bwietlacz plazmowy TH-50PF10EK Full HD firmy Panasonic oferuje rozdzielczo\u015b\u0107 wysokiej rozdzielczo\u015bci (1920 x 1080 pikseli) i imponuj\u0105cy wsp\u00f3\u0142czynnik kontrastu 10 000:1. Przestrze\u0144 barw 68,7 miliarda kolor\u00f3w i bogactwo nowych technologii sprawiaj\u0105, \u017ce nowe wy\u015bwietlacze zapewniaj\u0105 szczeg\u00f3\u0142ow\u0105 prezentacj\u0119 i przekonuj\u0105ce obrazy we wszystkich \u015brodowiskach i obszarach zastosowa\u0144. Nowe funkcje technologiczne obejmuj\u0105 ulepszony panel New MACH i automatyczn\u0105 kontrol\u0119 jasno\u015bci dla wi\u0119kszej jasno\u015bci. Precyzyjna redukcja szum\u00f3w MPD zapewnia wyra\u017any, ostry obraz przy szybkich sekwencjach ruchu. Szeroka gama modu\u0142owych opcji interfejsu oferuje r\u00f3wnie\u017c maksymalne mo\u017cliwo\u015bci integracji. P\u0142yty po\u0142\u0105czeniowe dla wszystkich obecnie dost\u0119pnych format\u00f3w i sygna\u0142\u00f3w mo\u017cna umie\u015bci\u0107 bezpo\u015brednio w obudowie w wielofunkcyjnych gniazdach wy\u015bwietlaczy, aby zaoszcz\u0119dzi\u0107 miejsce<\/p>\n<h2>Uchwyty i mocowania do ekran\u00f3w<\/h2>\n<p><a href=\"https:\/\/konferenztechnik.de\/wp-content\/uploads\/2013\/09\/Audipack_Bodenstaender_Serie-700_gross.jpg\"><img decoding=\"async\" width=\"780\" height=\"585\" class=\"alignleft size-full wp-image-2416\" src=\"https:\/\/konferenztechnik.de\/wp-content\/uploads\/2013\/09\/Audipack_Bodenstaender_Serie-700_gross.jpg\" alt=\"Statyw pod\u0142ogowy Audipack serii 700\" title=\"\" srcset=\"https:\/\/konferenztechnik.de\/wp-content\/uploads\/2013\/09\/Audipack_Bodenstaender_Serie-700_gross.jpg 780w, https:\/\/konferenztechnik.de\/wp-content\/uploads\/2013\/09\/Audipack_Bodenstaender_Serie-700_gross-300x225.jpg 300w, https:\/\/konferenztechnik.de\/wp-content\/uploads\/2013\/09\/Audipack_Bodenstaender_Serie-700_gross-768x576.jpg 768w\" sizes=\"(max-width: 780px) 100vw, 780px\" \/><\/a><\/p>\n<p>Mamy odpowiednie rozwi\u0105zanie dla ka\u017cdego rodzaju mocowania ekranu, czy to z pod\u0142ogi, \u015bciany czy sufitu! Posiadamy produkty holenderskiej firmy Audipack, kt\u00f3rej jeste\u015bmy oficjalnym niemieckim dystrybutorem.<\/p>\n<p>Zdj\u0119cie przedstawia stojak pod\u0142ogowy z serii 700. Ale wybierz dla siebie spo\u015br\u00f3d wielu praktycznych i eleganckich uchwyt\u00f3w:<\/p>\n<p><a href=\"\/pl\/dystrybucja-technologii-konferencyjnych-i-multimedialnych\/technologia-wideo-2\/uchwyty-do-wyswietlaczy-i-projektorow-2\/\">\u203a Link do wspornik\u00f3w<\/a><\/p>","protected":false},"excerpt":{"rendered":"<p>Bildschirme Heutzutage werden Bildschirme immer gr\u00f6\u00dfer, hochaufl\u00f6sender, wetterfester, kratzfester, preiswerter &#8211; und das in einem rasanten Tempo. Wir zeigen hier einmal stellvertretend eine kleine Auswahl an Bildschirmen auf. Mindestens ebenso wichtig sind in diesem Bereich nat\u00fcrlich auch s\u00e4mtliche Befestigungsm\u00f6glichkeiten wie Wandhalter, Deckenhalter und Bodenst\u00e4nder f\u00fcr die Bildschirme. Hier haben wir ebenfalls eine gro\u00dfe Auswahl an [&hellip;]<\/p>","protected":false},"author":1,"featured_media":45482,"parent":1138,"menu_order":229,"comment_status":"closed","ping_status":"open","template":"","meta":{"_acf_changed":false,"footnotes":""},"class_list":["post-1219","page","type-page","status-publish","has-post-thumbnail","hentry"],"acf":[],"_links":{"self":[{"href":"https:\/\/konferenztechnik.de\/pl\/wp-json\/wp\/v2\/pages\/1219","targetHints":{"allow":["GET"]}}],"collection":[{"href":"https:\/\/konferenztechnik.de\/pl\/wp-json\/wp\/v2\/pages"}],"about":[{"href":"https:\/\/konferenztechnik.de\/pl\/wp-json\/wp\/v2\/types\/page"}],"author":[{"embeddable":true,"href":"https:\/\/konferenztechnik.de\/pl\/wp-json\/wp\/v2\/users\/1"}],"replies":[{"embeddable":true,"href":"https:\/\/konferenztechnik.de\/pl\/wp-json\/wp\/v2\/comments?post=1219"}],"version-history":[{"count":0,"href":"https:\/\/konferenztechnik.de\/pl\/wp-json\/wp\/v2\/pages\/1219\/revisions"}],"up":[{"embeddable":true,"href":"https:\/\/konferenztechnik.de\/pl\/wp-json\/wp\/v2\/pages\/1138"}],"wp:featuredmedia":[{"embeddable":true,"href":"https:\/\/konferenztechnik.de\/pl\/wp-json\/wp\/v2\/media\/45482"}],"wp:attachment":[{"href":"https:\/\/konferenztechnik.de\/pl\/wp-json\/wp\/v2\/media?parent=1219"}],"curies":[{"name":"wp","href":"https:\/\/api.w.org\/{rel}","templated":true}]}}