{"id":1221,"date":"2013-08-23T10:31:53","date_gmt":"2013-08-23T08:31:53","guid":{"rendered":"https:\/\/pcs-miete.de\/?page_id=1221"},"modified":"2023-07-05T14:30:41","modified_gmt":"2023-07-05T12:30:41","slug":"uchwyty-do-wyswietlaczy-i-projektorow-2","status":"publish","type":"page","link":"https:\/\/konferenztechnik.de\/pl\/dystrybucja-technologii-konferencyjnych-i-multimedialnych\/technologia-wideo-2\/uchwyty-do-wyswietlaczy-i-projektorow-2\/","title":{"rendered":"Uchwyty do wy\u015bwietlaczy i projektor\u00f3w"},"content":{"rendered":"<h1>Uchwyty do wy\u015bwietlaczy i projektor\u00f3w<\/h1>\n<p>W naszym asortymencie znajdziesz uchwyty do szerokiej gamy zastosowa\u0144: tabletu (np. iPada), projektora z wy\u015bwietlaczem lub \u015bciany wideo, umieszczone na pod\u0142odze, zwisaj\u0105ce z sufitu lub przymocowane do \u015bciany.<\/p>\n<p>Niech przekona Ci\u0119 nasz wyb\u00f3r wspornik\u00f3w i po prostu skontaktuj si\u0119 z nami, je\u015bli potrzebujesz pomocy w wyborze. Oferujemy r\u00f3wnie\u017c rozwi\u0105zania specjalne i produkty niestandardowe. Porozmawiaj z naszym zespo\u0142em serwisowym. Czekamy na Tw\u00f3j telefon.<\/p>\n<h4>Uchwyty \u015bcienne<\/h4>\n<p><a href=\"\/pl\/dystrybucja-technologii-konferencyjnych-i-multimedialnych\/technologia-wideo-2\/uchwyty-do-wyswietlaczy-i-projektorow-2\/uchwyty-scienne\/\"><img fetchpriority=\"high\" decoding=\"async\" width=\"288\" height=\"198\" class=\"alignleft size-full wp-image-1356\" src=\"https:\/\/konferenztechnik.de\/wp-content\/uploads\/2013\/08\/01-wandhalterungen-fuer-projektoren.jpg\" alt=\"Uchwyty \u015bcienne do projektor\u00f3w\" title=\"\"><\/a><\/p>\n<p>Uchwyty do wy\u015bwietlaczy, projektor\u00f3w, tablet\u00f3w, kamer lub \u015bcian wideo<\/p>\n<p><a class=\"weiter\" href=\"\/pl\/dystrybucja-technologii-konferencyjnych-i-multimedialnych\/technologia-wideo-2\/uchwyty-do-wyswietlaczy-i-projektorow-2\/uchwyty-scienne\/\">\u203a Wi\u0119cej<\/a><\/p>\n<h4>Stojak pod\u0142ogowy<\/h4>\n<p><a href=\"\/pl\/dystrybucja-technologii-konferencyjnych-i-multimedialnych\/technologia-wideo-2\/uchwyty-do-wyswietlaczy-i-projektorow-2\/stojak-podlogowy\/\"><img decoding=\"async\" width=\"288\" height=\"198\" class=\"alignleft size-full wp-image-1359\" src=\"https:\/\/konferenztechnik.de\/wp-content\/uploads\/2013\/08\/04-bodenstaender-fuer-projektoren.jpg\" alt=\"Stojak pod\u0142ogowy do projektor\u00f3w\" title=\"\"><\/a><\/p>\n<p>Stojaki pod\u0142ogowe do projektor\u00f3w i wy\u015bwietlaczy, niskie stojaki pod\u0142ogowe do monitor\u00f3w podgl\u0105dowych, stojaki pod\u0142ogowe, kt\u00f3re mo\u017cna ca\u0142kowicie zdemontowa\u0107, adaptery i p\u0142yty wsporcze<\/p>\n<p><a class=\"weiter\" href=\"\/pl\/dystrybucja-technologii-konferencyjnych-i-multimedialnych\/technologia-wideo-2\/uchwyty-do-wyswietlaczy-i-projektorow-2\/stojak-podlogowy\/\">\u203a Wi\u0119cej<\/a><\/p>\n<h4>Wsporniki sufitowe<\/h4>\n<p><a href=\"\/pl\/dystrybucja-technologii-konferencyjnych-i-multimedialnych\/technologia-wideo-2\/uchwyty-do-wyswietlaczy-i-projektorow-2\/uchwyty-sufitowe\/\"><img decoding=\"async\" width=\"288\" height=\"198\" class=\"alignleft size-full wp-image-1357\" src=\"https:\/\/konferenztechnik.de\/wp-content\/uploads\/2013\/08\/02-deckenhalterungen-fuer-projektoren.jpg\" alt=\"Uchwyty sufitowe do projektor\u00f3w\" title=\"\"><\/a><\/p>\n<p>Wsporniki o r\u00f3\u017cnych d\u0142ugo\u015bciach, wsporniki obrotowe, zestawy lusterek, wsporniki zaciskowe do belek stalowych<\/p>\n<p><a class=\"weiter\" href=\"\/pl\/dystrybucja-technologii-konferencyjnych-i-multimedialnych\/technologia-wideo-2\/uchwyty-do-wyswietlaczy-i-projektorow-2\/uchwyty-sufitowe\/\">\u203a Wi\u0119cej<\/a><\/p>\n<h4>Wsporniki kratownicy<\/h4>\n<p><a href=\"\/pl\/dystrybucja-technologii-konferencyjnych-i-multimedialnych\/technologia-wideo-2\/uchwyty-do-wyswietlaczy-i-projektorow-2\/wsporniki-kratownicy\/\"><img loading=\"lazy\" decoding=\"async\" width=\"288\" height=\"198\" class=\"alignleft size-full wp-image-1358\" src=\"https:\/\/konferenztechnik.de\/wp-content\/uploads\/2013\/08\/03-trusshalterungen-fuer-projektoren.jpg\" alt=\"Uchwyty kratownicowe do projektor\u00f3w\" title=\"\"><\/a><\/p>\n<p>Uchwyty kratownicowe do wy\u015bwietlaczy i projektor\u00f3w, uchwyty z urz\u0105dzeniami do \u0142atwej precyzyjnej regulacji, ramy stosowe (obudowa ochronna), uchwyty do bardzo szybkiej instalacji dla firm wynajmuj\u0105cych technologi\u0119.<\/p>\n<p><a class=\"weiter\" title=\"Jesienny kurs szkoleniowy dla t\u0142umaczy ustnych\" href=\"\/pl\/dystrybucja-technologii-konferencyjnych-i-multimedialnych\/technologia-wideo-2\/uchwyty-do-wyswietlaczy-i-projektorow-2\/wsporniki-kratownicy\/\">\u203a Wi\u0119cej<\/a><\/p>\n<h4>Meble konferencyjne<\/h4>\n<p><a href=\"\/pl\/dystrybucja-technologii-konferencyjnych-i-multimedialnych\/technologia-wideo-2\/uchwyty-do-wyswietlaczy-i-projektorow-2\/meble-konferencyjne\/\"><img loading=\"lazy\" decoding=\"async\" width=\"288\" height=\"191\" class=\"alignleft size-full wp-image-4381\" src=\"https:\/\/konferenztechnik.de\/wp-content\/uploads\/2013\/08\/konferenzmoebel.jpg\" alt=\"Meble konferencyjne\" title=\"\"><\/a><\/p>\n<p>Szafki na systemy wideokonferencyjne, tablice lub wy\u015bwietlacze, stojaki na projektory, rozwi\u0105zania mobilne na k\u00f3\u0142kach<\/p>\n<p><a class=\"weiter\" title=\"Jesienny kurs szkoleniowy dla t\u0142umaczy ustnych\" href=\"\/pl\/dystrybucja-technologii-konferencyjnych-i-multimedialnych\/technologia-wideo-2\/uchwyty-do-wyswietlaczy-i-projektorow-2\/meble-konferencyjne\/\">\u203a Wi\u0119cej<\/a><\/p>\n<h4>Specjalne wsporniki<\/h4>\n<p><a href=\"\/pl\/dystrybucja-technologii-konferencyjnych-i-multimedialnych\/technologia-wideo-2\/uchwyty-do-wyswietlaczy-i-projektorow-2\/specjalne-wsporniki\/\"><img loading=\"lazy\" decoding=\"async\" width=\"288\" height=\"191\" class=\"alignleft size-full wp-image-4484\" src=\"https:\/\/konferenztechnik.de\/wp-content\/uploads\/2013\/08\/pcs-spezialanwendungen.jpg\" alt=\"Uchwyty do wy\u015bwietlaczy i projektor\u00f3w: Uchwyty specjalne\" title=\"\"><\/a><\/p>\n<p>Uchwyty do tablet\u00f3w (np. iPad\u00f3w) na \u015bcian\u0119 i pod\u0142og\u0119, uchwyty do \u015bcian wideo, ramki, stojaki tip &amp; touch (uchwyty sto\u0142owe do ekran\u00f3w dotykowych)<\/p>\n<p><a class=\"weiter\" title=\"Specjalne wsporniki\" href=\"\/pl\/dystrybucja-technologii-konferencyjnych-i-multimedialnych\/technologia-wideo-2\/uchwyty-do-wyswietlaczy-i-projektorow-2\/specjalne-wsporniki\/\">\u203a Wi\u0119cej<\/a><\/p>","protected":false},"excerpt":{"rendered":"<p>Uchwyty do wy\u015bwietlaczy i projektor\u00f3w W naszej ofercie znajdziesz uchwyty do szerokiej gamy zastosowa\u0144: tabletu (np. iPada), projektora lub \u015bciany wideo, umieszczonych na pod\u0142odze, zwisaj\u0105cych z sufitu lub przymocowanych do \u015bciany. Pozw\u00f3l nam przekona\u0107 Ci\u0119 do naszego wyboru uchwyt\u00f3w i po prostu skontaktuj si\u0119 z nami, je\u015bli potrzebujesz wsparcia z [...]<\/p>","protected":false},"author":1,"featured_media":45482,"parent":1138,"menu_order":228,"comment_status":"closed","ping_status":"open","template":"","meta":{"_acf_changed":false,"footnotes":""},"class_list":["post-1221","page","type-page","status-publish","has-post-thumbnail","hentry"],"acf":[],"_links":{"self":[{"href":"https:\/\/konferenztechnik.de\/pl\/wp-json\/wp\/v2\/pages\/1221","targetHints":{"allow":["GET"]}}],"collection":[{"href":"https:\/\/konferenztechnik.de\/pl\/wp-json\/wp\/v2\/pages"}],"about":[{"href":"https:\/\/konferenztechnik.de\/pl\/wp-json\/wp\/v2\/types\/page"}],"author":[{"embeddable":true,"href":"https:\/\/konferenztechnik.de\/pl\/wp-json\/wp\/v2\/users\/1"}],"replies":[{"embeddable":true,"href":"https:\/\/konferenztechnik.de\/pl\/wp-json\/wp\/v2\/comments?post=1221"}],"version-history":[{"count":0,"href":"https:\/\/konferenztechnik.de\/pl\/wp-json\/wp\/v2\/pages\/1221\/revisions"}],"up":[{"embeddable":true,"href":"https:\/\/konferenztechnik.de\/pl\/wp-json\/wp\/v2\/pages\/1138"}],"wp:featuredmedia":[{"embeddable":true,"href":"https:\/\/konferenztechnik.de\/pl\/wp-json\/wp\/v2\/media\/45482"}],"wp:attachment":[{"href":"https:\/\/konferenztechnik.de\/pl\/wp-json\/wp\/v2\/media?parent=1221"}],"curies":[{"name":"wp","href":"https:\/\/api.w.org\/{rel}","templated":true}]}}