{"id":1230,"date":"2013-08-23T11:04:32","date_gmt":"2013-08-23T09:04:32","guid":{"rendered":"https:\/\/pcs-miete.de\/?page_id=1230"},"modified":"2023-07-05T14:31:24","modified_gmt":"2023-07-05T12:31:24","slug":"obudowa","status":"publish","type":"page","link":"https:\/\/konferenztechnik.de\/pl\/dystrybucja-technologii-konferencyjnych-i-multimedialnych\/technologia-wideo-2\/obudowa\/","title":{"rendered":"Obudowa"},"content":{"rendered":"<h1>Obudowa<\/h1>\n<h2>Obudowy projektor\u00f3w zabezpieczaj\u0105ce przed kradzie\u017c\u0105<\/h2>\n<p><a href=\"https:\/\/konferenztechnik.de\/wp-content\/uploads\/2013\/08\/Audipack_GehaeuseAntidiebstahl.jpg\"><img fetchpriority=\"high\" decoding=\"async\" width=\"792\" height=\"594\" class=\"alignleft size-full wp-image-2428\" src=\"https:\/\/konferenztechnik.de\/wp-content\/uploads\/2013\/08\/Audipack_GehaeuseAntidiebstahl.jpg\" alt=\"Obudowa zabezpieczaj\u0105ca projektory przed kradzie\u017c\u0105\" title=\"\" srcset=\"https:\/\/konferenztechnik.de\/wp-content\/uploads\/2013\/08\/Audipack_GehaeuseAntidiebstahl.jpg 792w, https:\/\/konferenztechnik.de\/wp-content\/uploads\/2013\/08\/Audipack_GehaeuseAntidiebstahl-300x225.jpg 300w, https:\/\/konferenztechnik.de\/wp-content\/uploads\/2013\/08\/Audipack_GehaeuseAntidiebstahl-768x576.jpg 768w\" sizes=\"(max-width: 792px) 100vw, 792px\" \/><\/a><\/p>\n<p>Obudowa antykradzie\u017cowa do projektor\u00f3w z otwart\u0105 metalow\u0105 konstrukcj\u0105 do u\u017cytku wewn\u0105trz i na zewn\u0105trz. Przednia cz\u0119\u015b\u0107 obudowy jest otwarta i zabezpieczona dwoma pr\u0119tami antykradzie\u017cowymi. Pr\u0119ty mog\u0105 by\u0107 ustawione w r\u00f3\u017cny spos\u00f3b, tak aby obiektyw projektora zawsze pozostawa\u0142 wolny, w zale\u017cno\u015bci od producenta. Dost\u0119pne s\u0105 r\u00f3wnie\u017c r\u00f3\u017cne rozmiary obudowy. Obudowa jest dost\u0119pna w kolorze szarym lub bia\u0142ym. Inne kolory s\u0105 dost\u0119pne na \u017cyczenie. Istnieje mo\u017cliwo\u015b\u0107 wyposa\u017cenia obudowy w system alarmowy.<\/p>\n<h2>Etui na tablet TC-IPAD do iPad\u00f3w 1, 2, 3 i 4<\/h2>\n<p><a href=\"https:\/\/konferenztechnik.de\/wp-content\/uploads\/2014\/02\/audipack-ipad-tablet-housing.jpg\"><img decoding=\"async\" width=\"450\" height=\"311\" class=\"alignleft size-full wp-image-4263\" src=\"https:\/\/konferenztechnik.de\/wp-content\/uploads\/2014\/02\/audipack-ipad-tablet-housing.jpg\" alt=\"Obudowa tabletu iPad\" title=\"\" srcset=\"https:\/\/konferenztechnik.de\/wp-content\/uploads\/2014\/02\/audipack-ipad-tablet-housing.jpg 450w, https:\/\/konferenztechnik.de\/wp-content\/uploads\/2014\/02\/audipack-ipad-tablet-housing-300x207.jpg 300w\" sizes=\"(max-width: 450px) 100vw, 450px\" \/><\/a><\/p>\n<p>Etui TC-iPad w elegancki spos\u00f3b chroni iPada, gdy ma on by\u0107 zainstalowany lub wystawiony w miejscach publicznych.<br \/>\niPad mo\u017ce by\u0107 szybko zabezpieczony w etui i w ten spos\u00f3b skutecznie chroniony przed kradzie\u017c\u0105. Dzi\u0119ki systemowi Smart Keylock, \u017cadne otwory na klucze ani \u015bruby nie s\u0105 widoczne z zewn\u0105trz. Etui TC mo\u017ce by\u0107 u\u017cywane do monta\u017cu na \u015bcianie lub w po\u0142\u0105czeniu z opcjonaln\u0105 podstawk\u0105 jako stojak pod\u0142ogowy.<\/p>\n<h2>T\u0142umik Audipack<\/h2>\n<p><a href=\"https:\/\/konferenztechnik.de\/wp-content\/uploads\/2013\/08\/Audipack_Silencer.jpg\"><img decoding=\"async\" width=\"792\" height=\"592\" class=\"alignleft size-full wp-image-2430\" src=\"https:\/\/konferenztechnik.de\/wp-content\/uploads\/2013\/08\/Audipack_Silencer.jpg\" alt=\"T\u0142umik Audipack\" title=\"\" srcset=\"https:\/\/konferenztechnik.de\/wp-content\/uploads\/2013\/08\/Audipack_Silencer.jpg 792w, https:\/\/konferenztechnik.de\/wp-content\/uploads\/2013\/08\/Audipack_Silencer-300x224.jpg 300w, https:\/\/konferenztechnik.de\/wp-content\/uploads\/2013\/08\/Audipack_Silencer-768x574.jpg 768w\" sizes=\"(max-width: 792px) 100vw, 792px\" \/><\/a><\/p>\n<p>T\u0142umiki s\u0105 u\u017cywane do t\u0142umienia ha\u0142asu pracy projektor\u00f3w (np. w teatrach, muzeach lub operach). T\u0142umik Audipack t\u0142umi ha\u0142as o oko\u0142o 16 \u2013 20 dBA. T\u0142umik jest standardowo dostarczany z dwoma wentylatorami i oknem projekcyjnym przed obiektywem. Dodatkowy wspornik projektora nie jest wymagany. Standardowe wymiary obudowy to oko\u0142o 978 mm x 470 mm x 1,054 mm, ale mog\u0105 by\u0107 r\u00f3wnie\u017c dostarczone wersje niestandardowe. Obudowa nadaje si\u0119 wy\u0142\u0105cznie do u\u017cytku wewn\u0105trz pomieszcze\u0144. Standardowe kolory to czarny, bia\u0142y lub szary, mo\u017cliwe s\u0105 oczywi\u015bcie kolory specjalne.<\/p>\n<h2>Ramka ekranu<\/h2>\n<p><a href=\"https:\/\/konferenztechnik.de\/wp-content\/uploads\/2013\/08\/Audipack_PanelRahmen.jpg\"><img loading=\"lazy\" decoding=\"async\" width=\"792\" height=\"594\" class=\"alignleft size-full wp-image-2429\" src=\"https:\/\/konferenztechnik.de\/wp-content\/uploads\/2013\/08\/Audipack_PanelRahmen.jpg\" alt=\"Ramka wy\u015bwietlacza Audipack\" title=\"\" srcset=\"https:\/\/konferenztechnik.de\/wp-content\/uploads\/2013\/08\/Audipack_PanelRahmen.jpg 792w, https:\/\/konferenztechnik.de\/wp-content\/uploads\/2013\/08\/Audipack_PanelRahmen-300x225.jpg 300w, https:\/\/konferenztechnik.de\/wp-content\/uploads\/2013\/08\/Audipack_PanelRahmen-768x576.jpg 768w\" sizes=\"(max-width: 792px) 100vw, 792px\" \/><\/a><\/p>\n<p>Ramki do wy\u015bwietlaczy Audipack s\u0105 przeznaczone do zastosowa\u0144 wewn\u0119trznych DOOH. Wy\u015bwietlacz jest zamontowany w ramie, nadaj\u0105c mu atrakcyjny wygl\u0105d, chroni\u0105c go przed uszkodzeniem i kradzie\u017c\u0105. Ramka wy\u015bwietlacza ma elegancki wygl\u0105d i jest standardowo dost\u0119pna w kolorach czerwonym, bia\u0142ym, niebieskim i czarnym. Istnieje r\u00f3wnie\u017c mo\u017cliwo\u015b\u0107 nadrukowania logo. Ramka nadaje si\u0119 do monta\u017cu na \u015bcianach i sufitach lub mo\u017ce by\u0107 zamontowana na stojaku pod\u0142ogowym.<\/p>\n<h2>Systemy informatyczne Audipack Eye-Point<\/h2>\n<p><a href=\"https:\/\/konferenztechnik.de\/wp-content\/uploads\/2013\/08\/Audipack_EyePoint.jpg\"><img loading=\"lazy\" decoding=\"async\" width=\"792\" height=\"594\" class=\"alignleft size-full wp-image-2427\" src=\"https:\/\/konferenztechnik.de\/wp-content\/uploads\/2013\/08\/Audipack_EyePoint.jpg\" alt=\"Systemy informatyczne Audipack Eye-Point\" title=\"\" srcset=\"https:\/\/konferenztechnik.de\/wp-content\/uploads\/2013\/08\/Audipack_EyePoint.jpg 792w, https:\/\/konferenztechnik.de\/wp-content\/uploads\/2013\/08\/Audipack_EyePoint-300x225.jpg 300w, https:\/\/konferenztechnik.de\/wp-content\/uploads\/2013\/08\/Audipack_EyePoint-768x576.jpg 768w\" sizes=\"(max-width: 792px) 100vw, 792px\" \/><\/a><\/p>\n<p>Eye-Point to mobilny stojak, kt\u00f3ry dzia\u0142a jako obudowa dla p\u0142askich ekran\u00f3w. Eye-Point to bardzo elastyczny spos\u00f3b wy\u015bwietlania mobilnych prezentacji. Idealnie nadaje si\u0119 r\u00f3wnie\u017c jako drogowskaz i\/lub system naprowadzania w hotelach i centrach konferencyjnych. Eye-Point przyci\u0105ga wzrok i mo\u017cna go \u0142atwo zintegrowa\u0107 z ka\u017cdym otoczeniem. P\u0142aski ekran jest ukryty w obudowie i jednocze\u015bnie chroniony. Eye-Point jest obecnie dost\u0119pny dla ekran\u00f3w o przek\u0105tnej od 102 do 165 centymetr\u00f3w (od 40 do 65 cali), zar\u00f3wno w formacie poziomym, jak i pionowym. Mo\u017cna go wybra\u0107 z szerokiej gamy nowoczesnych kolor\u00f3w i materia\u0142\u00f3w. Wszystkie modele s\u0105 standardowo wyposa\u017cone w zintegrowane rami\u0119 obrotowe L&amp;S 5 do p\u0142askich ekran\u00f3w oraz mn\u00f3stwo miejsca na instalacj\u0119 komputer\u00f3w i innego sprz\u0119tu. Dzi\u0119ki uniwersalnemu systemowi monta\u017cu L&amp;S 5, w Eye-Point mo\u017cna zainstalowa\u0107 monitory niemal wszystkich producent\u00f3w i typ\u00f3w.<\/p>\n<p>PCS GmbH jest oficjalnym niemieckim dystrybutorem Audipack. Zapewniamy fachowe doradztwo i szybkie terminy dostaw.<\/p>\n<p><img loading=\"lazy\" decoding=\"async\" class=\"alignright size-full wp-image-5489\" src=\"https:\/\/konferenztechnik.de\/wp-content\/uploads\/2013\/09\/PCS-GmbH-Audipack-authorized-dealer-small.jpg\" alt=\"PCS GmbH jest autoryzowanym dealerem Audipack\" width=\"200\" height=\"81\" title=\"\"><\/p>","protected":false},"excerpt":{"rendered":"<p>Housing Diebstahl hemmende Geh\u00e4use f\u00fcr Beamer Anti-Diebstahlgeh\u00e4use f\u00fcr Projektoren in offener Metallstruktur f\u00fcr innen und au\u00dfen. Die Vorderseite des Geh\u00e4uses ist offen und wird durch zwei Anti-Diebstahl-St\u00e4be gesichert. Die St\u00e4be k\u00f6nnen verschieden positioniert werden, damit die Projektorlinse je nach Hersteller immer frei bleibt. Es sind au\u00dferdem verschiedene Geh\u00e4usegr\u00f6\u00dfen erh\u00e4ltlich. Das Geh\u00e4use ist in grau oder [&hellip;]<\/p>","protected":false},"author":1,"featured_media":45482,"parent":1138,"menu_order":226,"comment_status":"closed","ping_status":"open","template":"","meta":{"_acf_changed":false,"footnotes":""},"class_list":["post-1230","page","type-page","status-publish","has-post-thumbnail","hentry"],"acf":[],"_links":{"self":[{"href":"https:\/\/konferenztechnik.de\/pl\/wp-json\/wp\/v2\/pages\/1230","targetHints":{"allow":["GET"]}}],"collection":[{"href":"https:\/\/konferenztechnik.de\/pl\/wp-json\/wp\/v2\/pages"}],"about":[{"href":"https:\/\/konferenztechnik.de\/pl\/wp-json\/wp\/v2\/types\/page"}],"author":[{"embeddable":true,"href":"https:\/\/konferenztechnik.de\/pl\/wp-json\/wp\/v2\/users\/1"}],"replies":[{"embeddable":true,"href":"https:\/\/konferenztechnik.de\/pl\/wp-json\/wp\/v2\/comments?post=1230"}],"version-history":[{"count":0,"href":"https:\/\/konferenztechnik.de\/pl\/wp-json\/wp\/v2\/pages\/1230\/revisions"}],"up":[{"embeddable":true,"href":"https:\/\/konferenztechnik.de\/pl\/wp-json\/wp\/v2\/pages\/1138"}],"wp:featuredmedia":[{"embeddable":true,"href":"https:\/\/konferenztechnik.de\/pl\/wp-json\/wp\/v2\/media\/45482"}],"wp:attachment":[{"href":"https:\/\/konferenztechnik.de\/pl\/wp-json\/wp\/v2\/media?parent=1230"}],"curies":[{"name":"wp","href":"https:\/\/api.w.org\/{rel}","templated":true}]}}