{"id":1245,"date":"2013-08-23T11:26:53","date_gmt":"2013-08-23T09:26:53","guid":{"rendered":"https:\/\/pcs-miete.de\/?page_id=1245"},"modified":"2023-07-05T10:48:18","modified_gmt":"2023-07-05T08:48:18","slug":"wizualizator","status":"publish","type":"page","link":"https:\/\/konferenztechnik.de\/pl\/dystrybucja-technologii-konferencyjnych-i-multimedialnych\/technologia-wideo-2\/wizualizator\/","title":{"rendered":"Wizualizer"},"content":{"rendered":"<div data-elementor-type=\"wp-page\" data-elementor-id=\"1245\" class=\"elementor elementor-1245\" data-elementor-post-type=\"page\">\n\t\t\t\t\t\t<section data-particle_enable=\"false\" data-particle-mobile-disabled=\"false\" class=\"elementor-section elementor-top-section elementor-element elementor-element-ff88ff4 elementor-section-boxed elementor-section-height-default elementor-section-height-default\" data-id=\"ff88ff4\" data-element_type=\"section\">\n\t\t\t\t\t\t<div class=\"elementor-container elementor-column-gap-default\">\n\t\t\t\t\t<div class=\"elementor-column elementor-col-100 elementor-top-column elementor-element elementor-element-7892d15b\" data-id=\"7892d15b\" data-element_type=\"column\">\n\t\t\t<div class=\"elementor-widget-wrap elementor-element-populated\">\n\t\t\t\t\t\t<div class=\"elementor-element elementor-element-255320ba elementor-widget elementor-widget-text-editor\" data-id=\"255320ba\" data-element_type=\"widget\" data-widget_type=\"text-editor.default\">\n\t\t\t\t<div class=\"elementor-widget-container\">\n\t\t\t\t\t\t\t\t\t<h1>Wizualizer<\/h1>\nCzym jest wizualizer?\nWizualizer mo\u017ce szybko i \u0142atwo przechwyci\u0107 dowolny rodzaj szablonu (ksi\u0105\u017cki, zdj\u0119cia, obiekty tr\u00f3jwymiarowe itp.) i dostarczy\u0107 obraz o wysokiej rozdzielczo\u015bci do projektor\u00f3w, monitor\u00f3w, tablic cyfrowych lub system\u00f3w wideokonferencyjnych.\nTypowe zastosowania wizualizer\u00f3w obejmuj\u0105 szkolenia, spotkania, konferencje, seminaria i prezentacje produkt\u00f3w. R\u00f3wnie\u017c w prezentacjach dowod\u00f3w w salach s\u0105dowych, r\u00f3\u017cnych zastosowaniach medycznych (telemedycyna, telepatologia, zdj\u0119cia rentgenowskie itp.).\n<h2>Wizualizer biurkowy \u2013 VZ-9plus\u00b3<\/h2>\n<a href=\"https:\/\/konferenztechnik.de\/wp-content\/uploads\/2013\/09\/wolfvison_desktop_visualizer_vz9plus.jpg\"><img fetchpriority=\"high\" decoding=\"async\" width=\"357\" height=\"436\" src=\"https:\/\/konferenztechnik.de\/wp-content\/uploads\/2013\/09\/wolfvison_desktop_visualizer_vz9plus.jpg\" alt=\"Wizualizer biurkowy - VZ-9plus\u00b3\" class=\"alignleft size-full wp-image-2626\" title=\"\" srcset=\"https:\/\/konferenztechnik.de\/wp-content\/uploads\/2013\/09\/wolfvison_desktop_visualizer_vz9plus.jpg 357w, https:\/\/konferenztechnik.de\/wp-content\/uploads\/2013\/09\/wolfvison_desktop_visualizer_vz9plus-246x300.jpg 246w\" sizes=\"(max-width: 357px) 100vw, 357px\" \/><\/a>\n\nWizualizer VZ-9plus\u00b3 to najwy\u017cszej klasy przeno\u015bny wizualizer firmy WolfVision. Przewy\u017csza on seri\u0119 wizualizer\u00f3w VZ-8:\n<ul>\n \t<li>Jeszcze wi\u0119cej przydatnych i unikalnych funkcji<\/li>\n \t<li>jeszcze \u0142atwiejsza obs\u0142uga (\u0142atwiejsze pozycjonowanie obiekt\u00f3w)<\/li>\n \t<li>Jeszcze lepsza jako\u015b\u0107 obrazu<\/li>\n<\/ul>\nTrzecia generacja VZ-9plus\u00b3 imponuje ca\u0142kowicie przeprojektowan\u0105 obudow\u0105 - now\u0105, nowoczesn\u0105 i eleganck\u0105.\n<h2>Wizualizer sufitowy VZ-C12\u00b3 \/ VZ-C32\u00b3<\/h2>\n<a href=\"https:\/\/konferenztechnik.de\/wp-content\/uploads\/2013\/09\/wolfvision_deckenvisualizer_vz-c12.jpg\"><img decoding=\"async\" width=\"600\" height=\"514\" src=\"https:\/\/konferenztechnik.de\/wp-content\/uploads\/2013\/09\/wolfvision_deckenvisualizer_vz-c12.jpg\" alt=\"Wizualizer sufitowy VZ-C12\u00b3 \/ VZ-C32\u00b3 \" class=\"alignleft size-full wp-image-2625\" title=\"\" srcset=\"https:\/\/konferenztechnik.de\/wp-content\/uploads\/2013\/09\/wolfvision_deckenvisualizer_vz-c12.jpg 600w, https:\/\/konferenztechnik.de\/wp-content\/uploads\/2013\/09\/wolfvision_deckenvisualizer_vz-c12-300x257.jpg 300w\" sizes=\"(max-width: 600px) 100vw, 600px\" \/><\/a>\n\nWizualizer sufitowy mo\u017ce by\u0107 zamontowany na suficie jak projektor lub wbudowany w sufit podwieszany. Nie ma urz\u0105dzenia na stole lub m\u00f3wnicy i nic nie zas\u0142ania widoku mi\u0119dzy m\u00f3wc\u0105 a publiczno\u015bci\u0105.\n<h2>Wizualizer sufitowy VZ-C12\u00b3 \/ VZ-C32\u00b3<\/h2>\nDalsze zalety to\n<ul>\n \t<li>Wizualizer mo\u017ce by\u0107 ca\u0142kowicie ukryty w suficie podwieszanym<\/li>\n \t<li>Urz\u0105dzenie zainstalowane na sta\u0142e, kt\u00f3re trudno ukra\u015b\u0107<\/li>\n \t<li>Brak kabli \u0142\u0105cz\u0105cych st\u00f3\u0142 z urz\u0105dzeniem<\/li>\n \t<li>Obiekty mog\u0105 by\u0107 jeszcze wi\u0119ksze i jeszcze wy\u017csze<\/li>\n<\/ul>\nFunkcje, konstrukcja i po\u0142\u0105czenia VZ-C32\u00b3 s\u0105 identyczne jak w przypadku wizualizera sufitowego VZ-C12\u00b3. Du\u017c\u0105 r\u00f3\u017cnic\u0105 jest wbudowana kamera:\n<ul>\n \t<li>VZ-C12\u00b3 = kamera 1-CCD SXGA\/WXGA\/720p HD<\/li>\n \t<li>VZ-C32\u00b3 = kamera 3-CCD SXGA\/WXGA\/720p HD<\/li>\n<\/ul>\nKamera 3-CCD modelu VZ-C32\u00b3 przewy\u017csza kamer\u0119 modelu VZ-C12\u00b3 pod wzgl\u0119dem wierno\u015bci odwzorowania kolor\u00f3w i rozdzielczo\u015bci. Jest to szczeg\u00f3lnie widoczne w przypadku bardzo szczeg\u00f3\u0142owych, wielobarwnych orygina\u0142\u00f3w.\t\t\t\t\t\t\t\t<\/div>\n\t\t\t\t<\/div>\n\t\t\t\t\t<\/div>\n\t\t<\/div>\n\t\t\t\t\t<\/div>\n\t\t<\/section>\n\t\t\t\t<\/div>","protected":false},"excerpt":{"rendered":"<p>Czym jest wizualizer?\nWizualizer mo\u017ce szybko i \u0142atwo przechwyci\u0107 dowolny rodzaj szablonu (ksi\u0105\u017cki, zdj\u0119cia, obiekty tr\u00f3jwymiarowe itp.) i dostarczy\u0107 obraz o wysokiej rozdzielczo\u015bci do projektor\u00f3w, monitor\u00f3w, tablic cyfrowych lub system\u00f3w wideokonferencyjnych.\nTypowe zastosowania wizualizer\u00f3w obejmuj\u0105 szkolenia, spotkania, konferencje, seminaria i prezentacje produkt\u00f3w. R\u00f3wnie\u017c w prezentacjach dowod\u00f3w w salach s\u0105dowych, r\u00f3\u017cnych zastosowaniach medycznych (telemedycyna, telepatologia, zdj\u0119cia rentgenowskie itp.).<\/p>","protected":false},"author":1,"featured_media":45482,"parent":1138,"menu_order":221,"comment_status":"closed","ping_status":"open","template":"","meta":{"_acf_changed":false,"footnotes":""},"class_list":["post-1245","page","type-page","status-publish","has-post-thumbnail","hentry"],"acf":[],"_links":{"self":[{"href":"https:\/\/konferenztechnik.de\/pl\/wp-json\/wp\/v2\/pages\/1245","targetHints":{"allow":["GET"]}}],"collection":[{"href":"https:\/\/konferenztechnik.de\/pl\/wp-json\/wp\/v2\/pages"}],"about":[{"href":"https:\/\/konferenztechnik.de\/pl\/wp-json\/wp\/v2\/types\/page"}],"author":[{"embeddable":true,"href":"https:\/\/konferenztechnik.de\/pl\/wp-json\/wp\/v2\/users\/1"}],"replies":[{"embeddable":true,"href":"https:\/\/konferenztechnik.de\/pl\/wp-json\/wp\/v2\/comments?post=1245"}],"version-history":[{"count":0,"href":"https:\/\/konferenztechnik.de\/pl\/wp-json\/wp\/v2\/pages\/1245\/revisions"}],"up":[{"embeddable":true,"href":"https:\/\/konferenztechnik.de\/pl\/wp-json\/wp\/v2\/pages\/1138"}],"wp:featuredmedia":[{"embeddable":true,"href":"https:\/\/konferenztechnik.de\/pl\/wp-json\/wp\/v2\/media\/45482"}],"wp:attachment":[{"href":"https:\/\/konferenztechnik.de\/pl\/wp-json\/wp\/v2\/media?parent=1245"}],"curies":[{"name":"wp","href":"https:\/\/api.w.org\/{rel}","templated":true}]}}