{"id":12605,"date":"2018-02-08T09:14:51","date_gmt":"2018-02-08T08:14:51","guid":{"rendered":"https:\/\/www.konferenztechnik.de\/?page_id=12605"},"modified":"2023-09-01T13:14:47","modified_gmt":"2023-09-01T11:14:47","slug":"cyfrowy-system-naprowadzania-beyerdynamic-unite","status":"publish","type":"page","link":"https:\/\/konferenztechnik.de\/pl\/cyfrowy-system-naprowadzania-beyerdynamic-unite\/","title":{"rendered":"Cyfrowy system naprowadzania Beyerdynamic UNITE"},"content":{"rendered":"<h1>Beyerdynamic UNITE cyfrowy system naprowadzania \u2013 dane techniczne<\/h1>\n<p><img decoding=\"async\" src=\"https:\/\/konferenztechnik.de\/wp-content\/uploads\/2018\/02\/beyerdynamic-unite-digital-wireless.jpg\" alt=\"System naprowadzania Beyerdynamic UNITE\" class=\"alignleft size-full wp-image-12467\" title=\"\"><\/p>\n<p>[spacer size=\"30\u2033]<\/p>\n<h2>Unite RP-T<\/h2>\n<p><img decoding=\"async\" src=\"https:\/\/konferenztechnik.de\/wp-content\/uploads\/2018\/02\/Unite-RP-T.jpg\" alt=\"Odbiornik Beyerdynamic UNITE RP-T\" width=\"850\" class=\"alignnone size-full wp-image-12615\" title=\"\"><\/p>\n<p>Kieszonkowa s\u0142uchawka z funkcj\u0105 talkback<br \/>\n[list icon=\"moon-checkmark\" color=\"#a62055\u2033] Wymienna bateria litowa[\/list]<br \/>\n[list icon=\"moon-checkmark\" color=\"#a62055\u2033] Ponad 20 godzin pracy[\/list]<br \/>\n[list icon=\"moon-checkmark\" color=\"#a62055\u2033] Styki \u0142adowania i opcja \u0142adowania przez USB[\/list]<br \/>\n[list icon=\"moon-checkmark\" color=\"#a62055\u2033] S\u0142uchawki \/ zestaw s\u0142uchawkowy[\/list]<br \/>\n[list icon=\"moon-checkmark\" color=\"#a62055\u2033] P\u0119tla indukcyjna dla os\u00f3b niedos\u0142ysz\u0105cych[\/list]<br \/>\n[list icon=\"moon-checkmark\" color=\"#a62055\u2033] Mikrofon wewn\u0119trzny[\/list]<br \/>\n[list icon=\"moon-checkmark\" color=\"#a62055\u2033] Talkback[\/list]<\/p>\n<p>[spacer size=\"30\u2033]<\/p>\n<h2>Unite HT<\/h2>\n<p><img decoding=\"async\" src=\"https:\/\/konferenztechnik.de\/wp-content\/uploads\/2018\/02\/Unite-Handsender-TH.jpg\" alt=\"Nadajnik r\u0119czny Beyerdynamic UNITE HT\" width=\"850\" class=\"alignnone size-full wp-image-12615\" title=\"\"><\/p>\n<p>Nadajnik r\u0119czny<br \/>\n[list icon=\"moon-checkmark\" color=\"#a62055\u2033] Wymienna bateria litowa[\/list]<br \/>\n[list icon=\"moon-checkmark\" color=\"#a62055\u2033] Ponad 15 godzin pracy[\/list]<br \/>\n[list icon=\"moon-checkmark\" color=\"#a62055\u2033] Styki \u0142adowania i opcja \u0142adowania przez USB[\/list]<br \/>\n[list icon=\"moon-checkmark\" color=\"#a62055\u2033] Bluetooth[\/list]<br \/>\n[list icon=\"moon-checkmark\" color=\"#a62055\u2033] Ochrona rolki i Lenyard[\/list]<\/p>\n<p>Funkcje:<br \/>\n[list icon=\"moon-checkmark\" color=\"#a62055\u2033] Mute\/Power[\/list]<br \/>\n[list icon=\"moon-checkmark\" color=\"#a62055\u2033] Menu\/Set[\/list]<br \/>\n[list icon=\"moon-checkmark\" color=\"#a62055\u2033] Menu\/Kana\u0142 +\/-[\/list]<\/p>\n<p>[spacer size=\"30\u2033]<\/p>\n<h2>Unite TP<\/h2>\n<p><img decoding=\"async\" src=\"https:\/\/konferenztechnik.de\/wp-content\/uploads\/2018\/02\/Beyerdynamic-Unite-TP-Taschensender.jpg\" alt=\"Nadajnik bodypack Beyerdynamic UNITE TP\" width=\"850\" class=\"alignnone size-full wp-image-12615\" title=\"\"><\/p>\n<p>Nadajnik kieszonkowy<br \/>\n[list icon=\"moon-checkmark\" color=\"#a62055\u2033] Wymienna bateria litowa[\/list]<br \/>\n[list icon=\"moon-checkmark\" color=\"#a62055\u2033] Ponad 15 godzin pracy[\/list]<br \/>\n[list icon=\"moon-checkmark\" color=\"#a62055\u2033] Styki \u0142adowania i opcja \u0142adowania przez USB[\/list]<br \/>\n[list icon=\"moon-checkmark\" color=\"#a62055\u2033] Z\u0142\u0105cza mikrofonu i s\u0142uchawek (TQG \/mini XLR)[\/list]<br \/>\n[list icon=\"moon-checkmark\" color=\"#a62055\u2033] Mikrofon wewn\u0119trzny[\/list]<br \/>\n[list icon=\"moon-checkmark\" color=\"#a62055\u2033] Wej\u015bcia audio[\/list]<br \/>\n[list icon=\"moon-checkmark\" color=\"#a62055\u2033] Line-In[\/list]<br \/>\n[list icon=\"moon-checkmark\" color=\"#a62055\u2033] Bluetooth[\/list]<br \/>\n[list icon=\"moon-checkmark\" color=\"#a62055\u2033] USB[\/list]<\/p>\n<p>[spacer size=\"30\u2033]<\/p>\n<h2>Unite RP<\/h2>\n<p><img decoding=\"async\" src=\"https:\/\/konferenztechnik.de\/wp-content\/uploads\/2018\/02\/Beyerdynamic-Unite-RP-Empfaenger.jpg\" alt=\"Odbiornik Beyerdynamic UNITE RP Bodypack\" width=\"850\" class=\"alignnone size-full wp-image-12615\" title=\"\"><\/p>\n<p>Odbiornik bodypack<br \/>\n[list icon=\"moon-checkmark\" color=\"#a62055\u2033] Wymienna bateria litowa[\/list]<br \/>\n[list icon=\"moon-checkmark\" color=\"#a62055\u2033] Ponad 20 godzin pracy[\/list]<br \/>\n[list icon=\"moon-checkmark\" color=\"#a62055\u2033] Styki \u0142adowania i opcja \u0142adowania przez USB[\/list]<br \/>\n[list icon=\"moon-checkmark\" color=\"#a62055\u2033] S\u0142uchawki[\/list]<br \/>\n[list icon=\"moon-checkmark\" color=\"#a62055\u2033] P\u0119tla indukcyjna dla os\u00f3b niedos\u0142ysz\u0105cych[\/list]<\/p>\n<p>[spacer size=\"30\u2033]<\/p>\n<h2>UNITE CC-24P<\/h2>\n<p><img decoding=\"async\" src=\"https:\/\/konferenztechnik.de\/wp-content\/uploads\/2018\/02\/Unite-CC-24P.jpg\" alt=\"Etui \u0142aduj\u0105ce Beyerdynamic UNITE CC-24P\" width=\"850\" class=\"alignnone size-full wp-image-12615\" title=\"\"><\/p>\n<p>Etui do transportu i \u0142adowania<br \/>\n[list icon=\"moon-checkmark\" color=\"#a62055\u2033] Walizka \u0142aduj\u0105co-transportowa na 24 odbiorniki[\/list]<br \/>\n[list icon=\"moon-checkmark\" color=\"#a62055\u2033] Pod\u0142\u0105czenie zasilania (IEC)[\/list]<br \/>\n[list icon=\"moon-checkmark\" color=\"#a62055\u2033] Po\u0142\u0105czenie Ethernet (do aktualizacji oprogramowania sprz\u0119towego, parowania)[\/list]<br \/>\n[list icon=\"moon-checkmark\" color=\"#a62055\u2033] Komora na mikrofon r\u0119czny[\/list]<br \/>\n[list icon=\"moon-checkmark\" color=\"#a62055\u2033] Przeno\u015bne[\/list]<\/p>\n<p>Funkcje:<br \/>\n[list icon=\"moon-checkmark\" color=\"#a62055\u2033] Prze\u0142\u0105cznik parowania[\/list]<br \/>\n[list icon=\"moon-checkmark\" color=\"#a62055\u2033] Reset prze\u0142\u0105cznika (dla IP)[\/list]<br \/>\n[list icon=\"moon-checkmark\" color=\"#a62055\u2033] Reset has\u0142a[\/list]<\/p>\n<p>[spacer size=\"30\u2033]<\/p>\n<h2>Wszystkie funkcje systemu UNITE w skr\u00f3cie<\/h2>\n<div id=\"newscontainer\">\n<div class=\"newskasten\">\n<img decoding=\"async\" width=\"83\" height=\"83\" src=\"https:\/\/konferenztechnik.de\/wp-content\/uploads\/2018\/02\/Schnittstellen-fuer-Toneinspielungen.png\" alt=\"Interfejsy do nagra\u0144 d\u017awi\u0119kowych\" class=\"size-full wp-image-12474\" title=\"\"><br \/>\n[clear]<br \/>\nInterfejsy do nagra\u0144 d\u017awi\u0119kowych<\/div>\n<div class=\"newskasten\">\n<img decoding=\"async\" width=\"83\" height=\"83\" src=\"https:\/\/konferenztechnik.de\/wp-content\/uploads\/2018\/02\/Automatic-Level-Control.png\" alt=\"Automatyczna regulacja poziomu i redukcja szum\u00f3w\" class=\"alignleft size-full wp-image-12463\" title=\"\"><br \/>\n[clear]<br \/>\nAutomatyczna regulacja poziomu i redukcja szum\u00f3w<\/div>\n<div class=\"newskasten\">\n<img decoding=\"async\" width=\"83\" height=\"83\" src=\"https:\/\/konferenztechnik.de\/wp-content\/uploads\/2018\/02\/gleichzeitig-sprechen.png\" alt=\"Trzy osoby mog\u0105 m\u00f3wi\u0107 w tym samym czasie\" class=\"size-full wp-image-12471\" title=\"\"><br \/>\n[clear]<br \/>\nDo trzech g\u0142o\u015bnik\u00f3w jednocze\u015bnie<\/div>\n<div class=\"newskasten\">\n<img loading=\"lazy\" decoding=\"async\" width=\"83\" height=\"83\" src=\"https:\/\/konferenztechnik.de\/wp-content\/uploads\/2018\/02\/biderektionale-uebertragung-1.png\" alt=\"Komunikacja dwukierunkowa\" class=\"alignleft size-full wp-image-12477\" title=\"\"><br \/>\n[clear]<br \/>\nKomunikacja dwukierunkowa<\/div>\n<div class=\"newskasten\">\n<img loading=\"lazy\" decoding=\"async\" width=\"83\" height=\"83\" src=\"https:\/\/konferenztechnik.de\/wp-content\/uploads\/2018\/02\/dect.png\" alt=\"Beyerdynamic UNITE DECT standard\" class=\"alignleft size-full wp-image-12470\" title=\"\"><br \/>\n[clear]<br \/>\nStandard DECT<\/div>\n<div class=\"newskasten\">\n<img loading=\"lazy\" decoding=\"async\" src=\"https:\/\/konferenztechnik.de\/wp-content\/uploads\/2018\/02\/Abhoersicher.png\" alt=\"System prowadnic odporny na stukanie\" width=\"83\" height=\"83\" class=\"alignleft size-full wp-image-12460\" title=\"\"><br \/>\n[clear]<br \/>\nOdporno\u015b\u0107 na pods\u0142uchy dzi\u0119ki najnowocze\u015bniejszemu 256-bitowemu szyfrowaniu AES<\/div>\n<div class=\"newskasten\">\n<img decoding=\"async\" src=\"https:\/\/konferenztechnik.de\/wp-content\/uploads\/2018\/02\/Hohe-Reichweite.png\" alt=\"Wysoki zakres\" class=\"alignleft size-full wp-image-12477\" title=\"\"><br \/>\n[clear]<br \/>\nWysoki zakres<\/div>\n<div class=\"newskasten\">\n<img decoding=\"async\" src=\"https:\/\/konferenztechnik.de\/wp-content\/uploads\/2018\/02\/AktiveGeraeuschuunterdrueckung.png\" alt=\"Aktywna redukcja szum\u00f3w\" class=\"alignleft size-full wp-image-12470\" title=\"\"><br \/>\n[clear]<br \/>\nAktywna redukcja szum\u00f3w<\/div>\n<div class=\"newskasten\">\n<img loading=\"lazy\" decoding=\"async\" src=\"https:\/\/konferenztechnik.de\/wp-content\/uploads\/2018\/02\/AutomatischesFrequenz-undStoerungsmanagement.png\" alt=\"Automatyczne zarz\u0105dzanie cz\u0119stotliwo\u015bci\u0105 i usterkami\" width=\"83\" height=\"83\" class=\"alignleft size-full wp-image-12460\" title=\"\"><br \/>\n[clear]<br \/>\nAutomatyczna cz\u0119stotliwo\u015b\u0107 i<br \/>\nZarz\u0105dzanie b\u0142\u0119dami<\/div>\n<div class=\"newskasten\">\n<img decoding=\"async\" src=\"https:\/\/konferenztechnik.de\/wp-content\/uploads\/2018\/02\/Barrierefreiheit-fuer-Schwerhoerige.png\" alt=\"Dost\u0119pno\u015b\u0107 dla os\u00f3b niedos\u0142ysz\u0105cych\" class=\"alignleft size-full wp-image-12477\" title=\"\"><br \/>\n[clear]<br \/>\nDost\u0119pno\u015b\u0107<br \/>\ndla os\u00f3b niedos\u0142ysz\u0105cych<\/div>\n<div class=\"newskasten\">\n<img decoding=\"async\" src=\"https:\/\/konferenztechnik.de\/wp-content\/uploads\/2018\/02\/Lange-Betriebszeiten.png\" alt=\"D\u0142ugi czas pracy\" class=\"alignleft size-full wp-image-12470\" title=\"\"><br \/>\n[clear]<br \/>\nD\u0142ugi<br \/>\nGodziny pracy<\/div>\n<div class=\"newskasten\">\n<img loading=\"lazy\" decoding=\"async\" src=\"https:\/\/konferenztechnik.de\/wp-content\/uploads\/2018\/02\/32-Gruppen-Gleichzeitig.png\" alt=\"32 grupy jednocze\u015bnie\" width=\"83\" height=\"83\" class=\"alignleft size-full wp-image-12460\" title=\"\"><br \/>\n[clear]<br \/>\nDo 32 grup<br \/>\nw tym samym czasie<\/div>\n<\/div>\n<p>[clear]<\/p>\n<h2>Akcesoria<\/h2>\n<p><img decoding=\"async\" src=\"https:\/\/konferenztechnik.de\/wp-content\/uploads\/2018\/02\/DT-287-Unite.jpg\" alt=\"DT 287 UNITE 80 Ohm, zestaw s\u0142uchawkowy\" width=\"850\" class=\"alignnone size-full wp-image-12615\" title=\"\"><\/p>\n<p>DT 287 UNITE 80 Ohm, zestaw s\u0142uchawkowy<br \/>\nZestaw jednouszny\/s\u0142uchawkowy\/m\u00f3wi\u0105cy z mikrofonem pojemno\u015bciowym (kardioida) i przegubem obrotowym<br \/>\n[spacer size=\"10\u2033]<br \/>\n[list icon=\"moon-checkmark\" color=\"#a62055\u2033] S\u0142uchawki zamkni\u0119te[\/list]<br \/>\n[list icon=\"moon-checkmark\" color=\"#a62055\u2033] Wersja specjalna z mikrofonem zasilanym bezpo\u015brednio[\/list]<br \/>\n[list icon=\"moon-checkmark\" color=\"#a62055\u2033] 6-pinowe z\u0142\u0105cze, dzia\u0142a tylko z kablami K109.25 lub innymi kablami z serii DT 109[\/list]<br \/>\n[list icon=\"moon-checkmark\" color=\"#a62055\u2033] Mi\u0119kkie, wok\u00f3\u0142uszne nauszniki, praktyczny system zatrzaskowy do wymiany nausznik\u00f3w[\/list]<\/p>\n<p>[spacer size=\"30\u2033]<\/p>\n<p><img decoding=\"async\" src=\"https:\/\/konferenztechnik.de\/wp-content\/uploads\/2018\/02\/TG-H56.jpg\" alt=\"DT 287 UNITE 80 Ohm, zestaw s\u0142uchawkowy\" width=\"850\" class=\"alignnone size-full wp-image-12615\" title=\"\"><br \/>\nTG H56, pojemno\u015bciowy mikrofon nag\u0142owny (wielokierunkowy)<br \/>\n\u0141atwa obs\u0142uga, naturalny d\u017awi\u0119k i optymalne dopasowanie \u2013 - cechy mikrofonu nag\u0142ownego TG H56 mo\u017cna podsumowa\u0107 w prosty spos\u00f3b. Czy to na scenie, w musicalach, teatrze czy dla prezenter\u00f3w: TG H56 imponuje zr\u00f3wnowa\u017conym d\u017awi\u0119kiem i dyskretnym wygl\u0105dem.<\/p>\n<p>Dzi\u0119ki od\u0142\u0105czanemu kablowi, regulowanemu mechanizmowi na szyi i obrotowym zaczepom na uszy, TG H56 oferuje maksymaln\u0105 elastyczno\u015b\u0107 i pasuje do niemal ka\u017cdego kszta\u0142tu g\u0142owy, nawet dzieci\u0119cej. Wraz z \u0142atwym pozycjonowaniem dzi\u0119ki wielokierunkowej charakterystyce, TG H56 to najlepszy zestaw s\u0142uchawkowy dla ka\u017cdego.<br \/>\n[spacer size=\"10\u2033]<\/p>\n<p>[list icon=\"moon-checkmark\" color=\"#a62055\u2033] naturalny d\u017awi\u0119k[\/list]<\/p>\n<p>[list icon=\"moon-checkmark\" color=\"#a62055\u2033] Charakterystyka wielokierunkowa[\/list]<\/p>\n<p>[list icon=\"moon-checkmark\" color=\"#a62055\u2033] brak efektu zbli\u017ceniowego ze wzgl\u0119du na charakterystyk\u0119 dook\u00f3ln\u0105[\/list]<\/p>\n<p>[list icon=\"moon-checkmark\" color=\"#a62055\u2033] ma\u0142a kapsu\u0142ka \u00f8 3 mm[\/list]<\/p>\n<p>[list icon=\"moon-checkmark\" color=\"#a62055\u2033] wysoki maksymalny poziom ci\u015bnienia akustycznego (127 dB)[\/list]<\/p>\n<p>[list icon=\"moon-checkmark\" color=\"#a62055\u2033] wysoki SNR, niski szum w\u0142asny[\/list]<\/p>\n<p>[list icon=\"moon-checkmark\" color=\"#a62055\u2033] filigranowa mechanika[\/list]<\/p>\n<p>[list icon=\"moon-checkmark\" color=\"#a62055\u2033] regulowany mechanizm szyjki[\/list]<\/p>\n<p>[list icon=\"moon-checkmark\" color=\"#a62055\u2033] obrotowe zaczepy na uszy do pozycjonowania kapsu\u0142y po prawej lub lewej stronie[\/list]<\/p>\n<p>[list icon=\"moon-checkmark\" color=\"#a62055\u2033] Od\u0142\u0105czany kabel[\/list]<\/p>\n<p>[spacer size=\"30\u2033]<\/p>\n<h2>Kup Beyerdynamic UNITE \u2013 Dost\u0119pno\u015b\u0107<\/h2>\n<p>System UNITE zosta\u0142 zaprezentowany na targach ISE 2018 w lutym tego roku i nadal znajduje si\u0119 w ko\u0144cowej fazie test\u00f3w. Poinformujemy o tym tutaj, gdy tylko system b\u0119dzie dost\u0119pny.<\/p>\n<p><a href=\"https:\/\/konferenztechnik.de\/pl\/beyerdynamic-unite-visitor-guidance-system\/\">Beyerdynamic UNITE \u2013 Wra\u017cenia z targ\u00f3w ISE<\/a><\/p>\n<p><a href=\"https:\/\/konferenztechnik.de\/pl\/system-komunikacji-beyerdynamic-unite\/\">Prezentacja produktu: Beyerdynamic UNITE<\/a><br \/>\n<a href=\"\/pl\/kup-osobisty-system-naprowadzania\/\">Przegl\u0105d system\u00f3w naprowadzania pasa\u017cer\u00f3w<\/a><\/p>","protected":false},"excerpt":{"rendered":"<p>Beyerdynamic UNITE cyfrowy system naprowadzania \u2013 dane techniczne [list icon=\"30\u2033] Kieszonkowy odbiornik Unite RP-T z funkcj\u0105 talkback [list icon=\"moon-checkmark\" color=\"#a62055\u2033] Wymienny akumulator litowy[\/list]akumulator litowy[\/list] [list icon=\"moon-checkmark\" color=\"#a62055\u2033] Ponad 20-godzinny czas pracy[\/list] [list icon=\"moon-checkmark\" color=\"#a62055\u2033] Styki \u0142adowania i opcja \u0142adowania przez USB[\/list] [list icon=\"moon-checkmark\" color=\"#a62055\u2033opcja \u0142adowania[\/list] [list icon=\"moon-checkmark\" color=\"#a62055\u2033] S\u0142uchawki \/ zestaw s\u0142uchawkowy[\/list] [list icon=\"moon-checkmark\" color=\"#a62055\u2033] Indukcyjny zestaw s\u0142uchawkowy[\/listPasek na szyj\u0119 dla os\u00f3b niedos\u0142ysz\u0105cych[\/list] [list icon=\"moon-checkmark\" color=\"#a62055\u2033] Mikrofon wewn\u0119trzny[\/list] [list icon=\"moon-checkmark\" color=\"#a62055\u2033] Talkback[\/list] [spacer [....]<\/p>","protected":false},"author":1,"featured_media":45482,"parent":0,"menu_order":0,"comment_status":"closed","ping_status":"closed","template":"","meta":{"_acf_changed":false,"footnotes":""},"class_list":["post-12605","page","type-page","status-publish","has-post-thumbnail","hentry"],"acf":[],"_links":{"self":[{"href":"https:\/\/konferenztechnik.de\/pl\/wp-json\/wp\/v2\/pages\/12605","targetHints":{"allow":["GET"]}}],"collection":[{"href":"https:\/\/konferenztechnik.de\/pl\/wp-json\/wp\/v2\/pages"}],"about":[{"href":"https:\/\/konferenztechnik.de\/pl\/wp-json\/wp\/v2\/types\/page"}],"author":[{"embeddable":true,"href":"https:\/\/konferenztechnik.de\/pl\/wp-json\/wp\/v2\/users\/1"}],"replies":[{"embeddable":true,"href":"https:\/\/konferenztechnik.de\/pl\/wp-json\/wp\/v2\/comments?post=12605"}],"version-history":[{"count":0,"href":"https:\/\/konferenztechnik.de\/pl\/wp-json\/wp\/v2\/pages\/12605\/revisions"}],"wp:featuredmedia":[{"embeddable":true,"href":"https:\/\/konferenztechnik.de\/pl\/wp-json\/wp\/v2\/media\/45482"}],"wp:attachment":[{"href":"https:\/\/konferenztechnik.de\/pl\/wp-json\/wp\/v2\/media?parent=12605"}],"curies":[{"name":"wp","href":"https:\/\/api.w.org\/{rel}","templated":true}]}}