{"id":12682,"date":"2018-02-08T10:37:08","date_gmt":"2018-02-08T09:37:08","guid":{"rendered":"https:\/\/www.konferenztechnik.de\/?page_id=12682"},"modified":"2023-07-05T11:00:32","modified_gmt":"2023-07-05T09:00:32","slug":"kompletny-system-konferencyjny-shure-microflex-2","status":"publish","type":"page","link":"https:\/\/konferenztechnik.de\/pl\/kompletny-system-konferencyjny-shure-microflex-2\/","title":{"rendered":"Kompletny system konferencyjny Shure Microflex"},"content":{"rendered":"<h1>Shure Microflex Complete Conference System \u2013 Wra\u017cenia z targ\u00f3w ISE<\/h1>\n<p><img decoding=\"async\" src=\"https:\/\/konferenztechnik.de\/wp-content\/uploads\/2018\/02\/Shure-Microflex-Complete-Conferencing-System.jpg\" alt=\"Kompletny system konferencyjny Shure Microflex\" width=\"1200\" class=\"alignnone size-full wp-image-12559\" title=\"\"><\/p>\n<h2>Shure prezentuje kompletny system konferencyjny Microflex<\/h2>\n<p>Nowy system konferencyjny Shure Microflex jest dost\u0119pny w wersji przewodowej i bezprzewodowej.<\/p>\n<p><img fetchpriority=\"high\" decoding=\"async\" src=\"https:\/\/konferenztechnik.de\/wp-content\/uploads\/2018\/02\/Shure-MicroflexComplete-Konferenzanlage.jpg\" alt=\"System konferencyjny Shure Microflex\" width=\"1200\" height=\"750\" class=\"alignnone size-full wp-image-12561\" title=\"\"><\/p>\n<h2>Mikrofon bezprzewodowy Shure Microflex Complete<\/h2>\n<p>W tle wida\u0107 stacj\u0119 \u0142aduj\u0105c\u0105 akumulatory mikrofon\u00f3w przeno\u015bnych (akumulatory litowo-jonowe o czasie pracy do 10 godzin).<\/p>\n<p><img decoding=\"async\" src=\"https:\/\/konferenztechnik.de\/wp-content\/uploads\/2018\/02\/shure-Microflex-Complete-Sprechstelle.jpg\" alt=\"Mikrofon Shure Microflex\" width=\"1200\" height=\"750\" class=\"alignnone size-full wp-image-12558\" title=\"\"><\/p>\n<h2>Bezprzewodowa stacja interkomowa<\/h2>\n<p>Nowoczesny design nadaje si\u0119 do wszystkich pomieszcze\u0144. Jako\u015b\u0107 wykonania robi bardzo dobre wra\u017cenie. Bardzo podoba nam si\u0119 matowa powierzchnia i prosty design.<\/p>\n<p><img decoding=\"async\" src=\"https:\/\/konferenztechnik.de\/wp-content\/uploads\/2018\/02\/shure-sprechstelle-detail.jpg\" alt=\"Microflex Kompletny system konferencyjny\" width=\"1200\" height=\"750\" class=\"alignnone size-full wp-image-12560\" title=\"\"><\/p>\n<h2> Microflex Complete w czo\u0142\u00f3wce<\/h2>\n<p>Kolorowe ekrany dotykowe (nie we wszystkich modelach) zapewniaj\u0105 informacje o spotkaniach, elementy steruj\u0105ce i opcj\u0119 g\u0142osowania. Zintegrowany czytnik kart identyfikacyjnych NFC umo\u017cliwia identyfikacj\u0119 uczestnik\u00f3w.<\/p>\n<p><img loading=\"lazy\" decoding=\"async\" src=\"https:\/\/konferenztechnik.de\/wp-content\/uploads\/2018\/02\/MXCWAPT.jpg\" alt=\"MXCWAPT\" width=\"1200\" height=\"750\" class=\"alignnone size-full wp-image-12556\" title=\"\"><\/p>\n<h2>MXCW-APT \u2013 - inteligentne i bezpieczniejsze centrum sterowania cyfrowym systemem konferencyjnym<\/h2>\n<p>Prosta i szybka konfiguracja, bezpieczna wydajno\u015b\u0107 RF (Wi-Fi 2,4 GHz\/5 GHz), bezpieczne szyfrowanie d\u017awi\u0119ku i danych AES-128 bit\u00f3w (MXCW = Microflex Complete Wireless \u2013 APT = Access Point)<\/p>\n<p><img loading=\"lazy\" decoding=\"async\" src=\"https:\/\/konferenztechnik.de\/wp-content\/uploads\/2018\/02\/MXCW-Konferenzanlage.jpg\" alt=\"MXCW - System konferencyjny\" width=\"1200\" height=\"750\" class=\"alignnone size-full wp-image-12556\" title=\"\"><\/p>\n<h2>Oprogramowanie MXCW \u2013 Obs\u0142uga i konfiguracja<\/h2>\n<p>System konferencyjny Shure jest kontrolowany za pomoc\u0105 nowoczesnego, opartego na przegl\u0105darce interfejsu u\u017cytkownika z r\u00f3\u017cnymi rolami i prawami dost\u0119pu dla u\u017cytkownik\u00f3w.<\/p>\n<h2>Linki i dalsze informacje<\/h2>\n<ul>\n<li><a href=\"https:\/\/konferenztechnik.de\/pl\/kompletny-system-konferencyjny-shure-microflex\/\">Prezentacja produktu: Shure Microflex Complete<\/a><\/li>\n<\/ul>","protected":false},"excerpt":{"rendered":"<p>Shure Microflex Complete Konferenzsystem \u2013 Eindr\u00fccke von der ISE Shure pr\u00e4sentiert das Microflex Complete Conferencing System Die neue Shure Konferenzanlage Microflex ist in kabelgebundenen und drahtlosen Varianten verf\u00fcgbar. Drahtlose Sprechstellen Shure Microflex Complete Im Hintergrund ist die Ladestation f\u00fcr die Akkus der transportablen Sprechstellen zu sehen (Lithium-Ionen-Akkus mit bis zu 10 Stunden Betriebsdauer) . Die [&hellip;]<\/p>","protected":false},"author":1,"featured_media":45482,"parent":0,"menu_order":0,"comment_status":"closed","ping_status":"closed","template":"","meta":{"_acf_changed":false,"footnotes":""},"class_list":["post-12682","page","type-page","status-publish","has-post-thumbnail","hentry"],"acf":[],"_links":{"self":[{"href":"https:\/\/konferenztechnik.de\/pl\/wp-json\/wp\/v2\/pages\/12682","targetHints":{"allow":["GET"]}}],"collection":[{"href":"https:\/\/konferenztechnik.de\/pl\/wp-json\/wp\/v2\/pages"}],"about":[{"href":"https:\/\/konferenztechnik.de\/pl\/wp-json\/wp\/v2\/types\/page"}],"author":[{"embeddable":true,"href":"https:\/\/konferenztechnik.de\/pl\/wp-json\/wp\/v2\/users\/1"}],"replies":[{"embeddable":true,"href":"https:\/\/konferenztechnik.de\/pl\/wp-json\/wp\/v2\/comments?post=12682"}],"version-history":[{"count":0,"href":"https:\/\/konferenztechnik.de\/pl\/wp-json\/wp\/v2\/pages\/12682\/revisions"}],"wp:featuredmedia":[{"embeddable":true,"href":"https:\/\/konferenztechnik.de\/pl\/wp-json\/wp\/v2\/media\/45482"}],"wp:attachment":[{"href":"https:\/\/konferenztechnik.de\/pl\/wp-json\/wp\/v2\/media?parent=12682"}],"curies":[{"name":"wp","href":"https:\/\/api.w.org\/{rel}","templated":true}]}}