{"id":12706,"date":"2018-02-08T12:07:25","date_gmt":"2018-02-08T11:07:25","guid":{"rendered":"https:\/\/www.konferenztechnik.de\/?page_id=12706"},"modified":"2023-07-05T15:10:16","modified_gmt":"2023-07-05T13:10:16","slug":"kompletny-system-konferencyjny-shure-microflex","status":"publish","type":"page","link":"https:\/\/konferenztechnik.de\/pl\/kompletny-system-konferencyjny-shure-microflex\/","title":{"rendered":"Kompletny system konferencyjny Shure Microflex"},"content":{"rendered":"<h1>Shure Microflex Kompletny system konferencyjny \u2013 Prezentacja produktu<\/h1>\n<div class=\"call-action-slider-img\">\n<p><img decoding=\"async\" class=\"alignleft size-full wp-image-12412\" src=\"https:\/\/konferenztechnik.de\/wp-content\/uploads\/2018\/02\/shure-microflex-konferenz.jpg\" alt=\"System konferencyjny Shure Microflex\" title=\"\"><\/p>\n<p><button class=\"bbtn popmake-12386\">Pro\u015bba o wycen\u0119 \u203a<\/button><\/p>\n<\/div>\n<p>Kompletny system bezprzewodowy Microflex minimalizuje czas przygotowania do spotka\u0144 i konferencji. Nowoczesny, prosty design jest elegancki i dyskretny oraz pasuje zar\u00f3wno do nowoczesnych, jak i zabytkowych pomieszcze\u0144. Jako\u015b\u0107 wykonania jest bardzo wysoka. Obs\u0142uga jest intuicyjna i prosta.<\/p>\n<p><img decoding=\"async\" class=\"alignleft size-full wp-image-12412\" src=\"https:\/\/konferenztechnik.de\/wp-content\/uploads\/2018\/02\/sprechstelle-shure-microflex-complete.jpg\" alt=\"Stacja interkomowa Shure Microflex Complete\" title=\"\"><\/p>\n<h2>Najwa\u017cniejsze informacje techniczne System konferencyjny Shure Microflex<\/h2>\n<ul>\n<li style=\"line-height: 1.4em; padding-bottom: 10px;\">Bezpieczna wydajno\u015b\u0107 RF w sieci Wi-Fi 2,4 GHz\/5 GHz<\/li>\n<li style=\"line-height: 1.4em; padding-bottom: 10px;\">Bezb\u0142\u0119dna transmisja bez utraty sygna\u0142u dzi\u0119ki technologii automatycznego wykrywania i unikania zak\u0142\u00f3ce\u0144 (rozpoznaje mo\u017cliwe zak\u0142\u00f3cenia z wyprzedzeniem i automatycznie prze\u0142\u0105cza si\u0119 na wolne cz\u0119stotliwo\u015bci).<\/li>\n<li style=\"line-height: 1.4em; padding-bottom: 10px;\">Niezawodne szyfrowanie AES-128, dzi\u0119ki kt\u00f3remu zawarto\u015b\u0107 sesji pozostaje poufna.<\/li>\n<li style=\"line-height: 1.4em; padding-bottom: 10px;\">Jeden punkt dost\u0119powy MXCW-APT mo\u017ce zarz\u0105dza\u0107 maksymalnie 125 jednostkami konferencyjnymi \u2013 bez dodatkowego oprogramowania lub licencji.<\/li>\n<li style=\"line-height: 1.4em; padding-bottom: 10px;\">Mikrofony na g\u0119siej szyi z kapsu\u0142ami Microflex i technologi\u0105 CommShield zapewniaj\u0105 wyj\u0105tkow\u0105 jako\u015b\u0107 d\u017awi\u0119ku i odporno\u015b\u0107 na zak\u0142\u00f3cenia powodowane przez sygna\u0142y radiowe.<\/li>\n<li style=\"line-height: 1.4em; padding-bottom: 10px;\">Aktywacja mikrofon\u00f3w mo\u017ce by\u0107 ustawiona automatycznie lub indywidualnie<\/li>\n<li style=\"line-height: 1.4em; padding-bottom: 10px;\">G\u0142osowanie elektroniczne, zarz\u0105dzanie porz\u0105dkiem obrad, identyfikacja uczestnik\u00f3w<\/li>\n<\/ul>\n<p><img decoding=\"async\" class=\"alignleft size-full wp-image-12412\" src=\"https:\/\/konferenztechnik.de\/wp-content\/uploads\/2018\/02\/shure-microflex-complete-drahtgebunden.jpg\" alt=\"Shure Microflex Complete\" title=\"\"><\/p>\n<h2>Przewodowy system konferencyjny Microflex Complete \u2013<\/h2>\n<p>Kompletny system dyskusyjno-konferencyjny Microflex sk\u0142ada si\u0119 z szeregu mikrofon\u00f3w konferencyjnych do monta\u017cu na stole lub instalacji na stole, kt\u00f3re mo\u017cna \u0142atwo zintegrowa\u0107 z salami konferencyjnymi, salami s\u0105dowymi i salami konferencyjnymi.<\/p>\n<p><img decoding=\"async\" class=\"alignleft size-full wp-image-12412\" src=\"https:\/\/konferenztechnik.de\/wp-content\/uploads\/2018\/02\/Shure-Microflex-Complete.jpg\" alt=\"Kompletna konsola t\u0142umacza Shure Microflex\" title=\"\"><br \/>\nPortfolio nowego systemu konferencyjnego Microflex Complete uzupe\u0142nia pulpit t\u0142umacza zgodny z najnowsz\u0105 norm\u0105 DIN\/ISO.<\/p>\n<p>Jedno jest pewne: zar\u00f3wno bezprzewodowa, jak i przewodowa wersja nowego systemu dyskusyjnego mo\u017ce by\u0107 pierwszym wyborem dla wielu przysz\u0142ych projekt\u00f3w. Po wynaj\u0119ciu, bezprzewodowe jednostki mikrofonowe mog\u0105 by\u0107 u\u017cywane niemal wsz\u0119dzie z czasem pracy do 10 godzin. Dzi\u0119ki bezpiecznemu szyfrowaniu mog\u0105 by\u0107 r\u00f3wnie\u017c bezpiecznie u\u017cywane na konferencjach organizowanych przez rz\u0105dy, w\u0142adze i rady nadzorcze. Jeste\u015bmy zachwyceni tym nowym systemem.<\/p>\n<h2>Linki i dalsze informacje<\/h2>\n<ul>\n<li><a href=\"https:\/\/konferenztechnik.de\/pl\/kompletny-system-konferencyjny-shure-microflex-2\/\">Shure Microflex Complete \u2013 Wra\u017cenia z targ\u00f3w ISE 2018<\/a><\/li>\n<\/ul>","protected":false},"excerpt":{"rendered":"<p>Shure Microflex Complete Konferenzanlage \u2013 Produktvorstellung Angebot anfordern \u203a Das Microflex Complete Wireless System minimiert die Einrichtungs- und Aufbauzeit bei Besprechungen und Konferenzen. Das moderne, schlichte Design ist formsch\u00f6n und dezent und passt sowohl in moderne als auch historische R\u00e4ume. Die Verarbeitung ist sehr hochwertig. Die Bedienung ist intuitiv und einfach. Technik-Highlights Shure Microflex Konferenzsystem [&hellip;]<\/p>","protected":false},"author":1,"featured_media":45482,"parent":0,"menu_order":0,"comment_status":"closed","ping_status":"closed","template":"","meta":{"_acf_changed":false,"footnotes":""},"class_list":["post-12706","page","type-page","status-publish","has-post-thumbnail","hentry"],"acf":[],"_links":{"self":[{"href":"https:\/\/konferenztechnik.de\/pl\/wp-json\/wp\/v2\/pages\/12706","targetHints":{"allow":["GET"]}}],"collection":[{"href":"https:\/\/konferenztechnik.de\/pl\/wp-json\/wp\/v2\/pages"}],"about":[{"href":"https:\/\/konferenztechnik.de\/pl\/wp-json\/wp\/v2\/types\/page"}],"author":[{"embeddable":true,"href":"https:\/\/konferenztechnik.de\/pl\/wp-json\/wp\/v2\/users\/1"}],"replies":[{"embeddable":true,"href":"https:\/\/konferenztechnik.de\/pl\/wp-json\/wp\/v2\/comments?post=12706"}],"version-history":[{"count":0,"href":"https:\/\/konferenztechnik.de\/pl\/wp-json\/wp\/v2\/pages\/12706\/revisions"}],"wp:featuredmedia":[{"embeddable":true,"href":"https:\/\/konferenztechnik.de\/pl\/wp-json\/wp\/v2\/media\/45482"}],"wp:attachment":[{"href":"https:\/\/konferenztechnik.de\/pl\/wp-json\/wp\/v2\/media?parent=12706"}],"curies":[{"name":"wp","href":"https:\/\/api.w.org\/{rel}","templated":true}]}}