{"id":1289,"date":"2013-08-23T13:43:12","date_gmt":"2013-08-23T11:43:12","guid":{"rendered":"https:\/\/pcs-miete.de\/?page_id=1289"},"modified":"2023-07-05T14:11:50","modified_gmt":"2023-07-05T12:11:50","slug":"technologia-audio-mikrofony-wzmocnienie-dzwieku-pokoj-kontrolny-i-odtwarzanie","status":"publish","type":"page","link":"https:\/\/konferenztechnik.de\/pl\/dystrybucja-technologii-konferencyjnych-i-multimedialnych\/technologia-audio-mikrofony-wzmocnienie-dzwieku-pokoj-kontrolny-i-odtwarzanie\/","title":{"rendered":"Technologia audio: mikrofony, wzmocnienie d\u017awi\u0119ku, pok\u00f3j kontrolny i odtwarzanie"},"content":{"rendered":"<h1>Technologia audio: mikrofony, konsole mikserskie, nag\u0142o\u015bnienie<\/h1>\n<p><a href=\"\/pl\/dystrybucja-technologii-konferencyjnych-i-multimedialnych\/technologia-audio-mikrofony-wzmocnienie-dzwieku-pokoj-kontrolny-i-odtwarzanie\/mikrofony\/\"><img fetchpriority=\"high\" decoding=\"async\" class=\"alignnone size-full wp-image-1208\" alt=\"a1\" src=\"https:\/\/konferenztechnik.de\/wp-content\/uploads\/2013\/08\/a1.jpg\" width=\"288\" height=\"198\" title=\"\"><\/a><a href=\"\/pl\/dystrybucja-technologii-konferencyjnych-i-multimedialnych\/technologia-audio-mikrofony-wzmocnienie-dzwieku-pokoj-kontrolny-i-odtwarzanie\/mikrofony\/\"><br \/>\nMikrofony<\/a><\/p>\n<p><a href=\"\/pl\/dystrybucja-technologii-konferencyjnych-i-multimedialnych\/technologia-audio-mikrofony-wzmocnienie-dzwieku-pokoj-kontrolny-i-odtwarzanie\/system-dzwiekowy\/\"><img decoding=\"async\" class=\"alignnone size-full wp-image-1208\" alt=\"Ekrany i wy\u015bwietlacze\" src=\"https:\/\/konferenztechnik.de\/wp-content\/uploads\/2013\/08\/a2.jpg\" width=\"288\" height=\"198\" title=\"\"><\/a><a href=\"\/pl\/dystrybucja-technologii-konferencyjnych-i-multimedialnych\/technologia-audio-mikrofony-wzmocnienie-dzwieku-pokoj-kontrolny-i-odtwarzanie\/system-dzwiekowy\/\"><br \/>\nSystem d\u017awi\u0119kowy<\/a><\/p>\n<p><a href=\"\/pl\/dystrybucja-technologii-konferencyjnych-i-multimedialnych\/technologia-audio-mikrofony-wzmocnienie-dzwieku-pokoj-kontrolny-i-odtwarzanie\/konsole-mikserskie\/\"><img decoding=\"async\" class=\"alignnone size-full wp-image-1209\" alt=\"Uchwyty do rzutnik\u00f3w i projektor\u00f3w\" src=\"https:\/\/konferenztechnik.de\/wp-content\/uploads\/2013\/08\/a3.jpg\" width=\"288\" height=\"198\" title=\"\"><\/a><a href=\"\/pl\/dystrybucja-technologii-konferencyjnych-i-multimedialnych\/technologia-audio-mikrofony-wzmocnienie-dzwieku-pokoj-kontrolny-i-odtwarzanie\/konsole-mikserskie\/\"><br \/>\nKonsole mikserskie<\/a><\/p>\n<p><a href=\"\/pl\/dystrybucja-technologii-konferencyjnych-i-multimedialnych\/technologia-audio-mikrofony-wzmocnienie-dzwieku-pokoj-kontrolny-i-odtwarzanie\/dynamika-i-efekty\/\"><img loading=\"lazy\" decoding=\"async\" class=\"alignnone size-full wp-image-1211\" alt=\"Obudowa do projektor\u00f3w\" src=\"https:\/\/konferenztechnik.de\/wp-content\/uploads\/2013\/08\/a4.jpg\" width=\"288\" height=\"198\" title=\"\"><\/a><a href=\"\/pl\/dystrybucja-technologii-konferencyjnych-i-multimedialnych\/technologia-audio-mikrofony-wzmocnienie-dzwieku-pokoj-kontrolny-i-odtwarzanie\/dynamika-i-efekty\/\"><br \/>\nCyfrowe przetwarzanie sygna\u0142\u00f3w (DSP)<\/a><\/p>\n<p><a href=\"\/pl\/dystrybucja-technologii-konferencyjnych-i-multimedialnych\/rejestrowanie\/\"><img loading=\"lazy\" decoding=\"async\" src=\"https:\/\/konferenztechnik.de\/wp-content\/uploads\/2013\/08\/audiotechnik-bei-pcs_marantz-mp3-rekorder.jpg\" alt=\"Technologia audio w PCS - Nagrywanie i rejestrowanie\" width=\"288\" height=\"198\" class=\"alignleft size-full wp-image-3491\" title=\"\"><br \/>\nNagrywanie i odtwarzanie<\/a><\/p>\n<div class=\"boxcontainer\">\n<div class=\"box1-2\">\n<h1>Osoba do kontaktu<\/h1>\n<\/div>\n<div class=\"box1-2-order\">\n<h1>Dalsze linki<\/h1>\n<\/div>\n<div class=\"box1-4\">\n<div class=\"box-head\">Dystrybucja i sprzeda\u017c<\/div>\n<\/div>\n<div class=\"box2-4-2\" style=\"order:1;\">\n<div class=\"weiterlinks\">\n<ul>\n<a title=\"Dystrybucja wed\u0142ug grup produkt\u00f3w\" href=\"\/pl\/grupy-produktow\/\">Dystrybucja wed\u0142ug grup produkt\u00f3w<\/a><br \/>\n<a title=\"Dystrybucja wed\u0142ug producenta\" href=\"\/pl\/producent\/\">Dystrybucja wed\u0142ug producenta<\/a><br \/>\n<a title=\"Produkty na zam\u00f3wienie, konserwacja i naprawy\" href=\"\/pl\/uslugi-2\/konserwacja-i-naprawa\/\">Produkty na zam\u00f3wienie, konserwacja i naprawy<\/a><br \/>\n<a title=\"10 dobrych powod\u00f3w dla PCS\" href=\"\/pl\/o-nas-2\/10-dobrych-powodow-dla-komputerow\/\">10 dobrych powod\u00f3w dla PCS<\/a><br \/>\n<a title=\"Referencje\" href=\"\/pl\/o-nas-2\/instalacja-listy-referencyjnej\/\">Referencje Instalacja i integracja<\/a><br \/>\n<a title=\"PCS: Wszystkie us\u0142ugi w skr\u00f3cie\" href=\"\/pl\/uslugi-2\/\">PCS: Wszystkie us\u0142ugi w skr\u00f3cie<\/a><\/ul>\n<\/div>\n<\/div>\n<\/div>","protected":false},"excerpt":{"rendered":"<p>Audiotechnik: Mikrofone, Mischpulte, Beschallung Mikrofone Beschallung Mischpulte Digital Signal Processing (DSP) Aufnahme und Wiedergabe Ansprechpartner Weiterf\u00fchrende Links Vertrieb und Verkauf Vertrieb nach Produktgruppen Vertrieb nach Hersteller Sonderanfertigungen, Wartung und Reparaturen 10 gute Gr\u00fcnde f\u00fcr PCS Referenzen Installation und Integration PCS: Alle Leistungen im \u00dcberblick<\/p>","protected":false},"author":1,"featured_media":45482,"parent":3614,"menu_order":219,"comment_status":"closed","ping_status":"open","template":"","meta":{"_acf_changed":false,"footnotes":""},"class_list":["post-1289","page","type-page","status-publish","has-post-thumbnail","hentry"],"acf":[],"_links":{"self":[{"href":"https:\/\/konferenztechnik.de\/pl\/wp-json\/wp\/v2\/pages\/1289","targetHints":{"allow":["GET"]}}],"collection":[{"href":"https:\/\/konferenztechnik.de\/pl\/wp-json\/wp\/v2\/pages"}],"about":[{"href":"https:\/\/konferenztechnik.de\/pl\/wp-json\/wp\/v2\/types\/page"}],"author":[{"embeddable":true,"href":"https:\/\/konferenztechnik.de\/pl\/wp-json\/wp\/v2\/users\/1"}],"replies":[{"embeddable":true,"href":"https:\/\/konferenztechnik.de\/pl\/wp-json\/wp\/v2\/comments?post=1289"}],"version-history":[{"count":0,"href":"https:\/\/konferenztechnik.de\/pl\/wp-json\/wp\/v2\/pages\/1289\/revisions"}],"up":[{"embeddable":true,"href":"https:\/\/konferenztechnik.de\/pl\/wp-json\/wp\/v2\/pages\/3614"}],"wp:featuredmedia":[{"embeddable":true,"href":"https:\/\/konferenztechnik.de\/pl\/wp-json\/wp\/v2\/media\/45482"}],"wp:attachment":[{"href":"https:\/\/konferenztechnik.de\/pl\/wp-json\/wp\/v2\/media?parent=1289"}],"curies":[{"name":"wp","href":"https:\/\/api.w.org\/{rel}","templated":true}]}}