{"id":13037,"date":"2018-05-02T18:50:17","date_gmt":"2018-05-02T17:50:17","guid":{"rendered":"https:\/\/www.konferenztechnik.de\/?page_id=13037"},"modified":"2023-09-01T13:16:24","modified_gmt":"2023-09-01T11:16:24","slug":"kup-sennheiser-tourguide","status":"publish","type":"page","link":"https:\/\/konferenztechnik.de\/pl\/kup-sennheiser-tourguide\/","title":{"rendered":"Kup Sennheiser Tourguide"},"content":{"rendered":"<h1>Kup Sennheiser Tourguide 2020 D<\/h1>\n<div class=\"call-action-slider-img\">\n<img decoding=\"async\" src=\"https:\/\/konferenztechnik.de\/wp-content\/uploads\/2018\/05\/EK-2020-D-II-kaufen.jpg\" alt=\"Kup Sennheiser Tourguide w PCS Konferenztechnik\" class=\"alignnone size-full wp-image-12201\" title=\"\"><br \/>\n<button class=\"bbtn popmake-12226\">Popro\u015b o wycen\u0119 &#x9B;<\/button><\/div>\n<h2>Odbiornik EK 2020-D-II<\/h2>\n<p>[spacer size=\"10\u2033]<\/p>\n<p>Bardzo wytrzyma\u0142y, wszechstronny odbiornik bodypack jest<br \/>\nIdealne do u\u017cytku podczas wycieczek z przewodnikiem, konferencji i wspomagania s\u0142uchu: wystarczy wybra\u0107 odpowiednie s\u0142uchawki.<br \/>\nlub p\u0119tla indukcyjna do aparat\u00f3w s\u0142uchowych z cewk\u0105 T, gotowe! Cyfrowa transmisja sygna\u0142u dla wysokiej<br \/>\nJako\u015b\u0107 d\u017awi\u0119ku i intuicyjna obs\u0142uga s\u0105 wyj\u0105tkowe. G\u0142o\u015bno\u015b\u0107, jako\u015b\u0107 odbioru, stan baterii i kana\u0142 odbioru<br \/>\ns\u0105 odczytywane z pod\u015bwietlanego wy\u015bwietlacza LCD. Zintegrowany klips umo\u017cliwia noszenie na koszuli, pasku lub smyczy.<\/p>\n<p>4: Pod\u015bwietlany wy\u015bwietlacz OLED dostarcza informacji o kanale odbioru, g\u0142o\u015bno\u015bci, stanie baterii i jako\u015bci odbioru.<\/p>\n<p>2: Przyciski wyboru kana\u0142u<\/p>\n<p>3: Regulacja g\u0142o\u015bno\u015bci<\/p>\n<p>Funkcja automatycznego wy\u0142\u0105czania (gdy nadajnik jest wy\u0142\u0105czony lub<br \/>\nZdejmowanie s\u0142uchawek oszcz\u0119dza bateri\u0119 (\u017cywotno\u015b\u0107 baterii do 16 godzin). Zasi\u0119g odbioru na zewn\u0105trz wynosi oko\u0142o 100 metr\u00f3w,<br \/>\noko\u0142o 50 metr\u00f3w w zamkni\u0119tych pomieszczeniach.<\/p>\n<hr style=\"background-color:#999999; margin-bottom:30px;\">\n<div class=\"call-action-slider-img\">\n<img decoding=\"async\" src=\"https:\/\/konferenztechnik.de\/wp-content\/uploads\/2018\/05\/HDE-2020-D-II-kaufen.jpg\" alt=\"Kup podp\u00f3rk\u0119 pod brod\u0119 Sennheiser w PCS Konferenztechnik\" class=\"alignnone size-full wp-image-12201\" title=\"\"><\/p>\n<\/div>\n<h2>Odbiornik HDE 2020-D-II<\/h2>\n<p>[spacer size=\"10\u2033]<\/p>\n<p>S\u0142uchawki z podbr\u00f3dkiem, kt\u00f3re s\u0105 wygodne w noszeniu dla s\u0142uchaczy, wa\u017c\u0105<br \/>\ntylko 70 g. Jest to odbiornik i s\u0142uchawki w jednym, bez spl\u0105tanych kabli. Dzi\u0119ki temu s\u0142uchacze nie nosz\u0105 ze sob\u0105 wi\u0119cej, ni\u017c naprawd\u0119 potrzebuj\u0105.<br \/>\nWydajna bateria s\u0142uchawki zapewnia do 8 godzin pracy, dzi\u0119ki czemu mo\u017cliwe jest nawet ca\u0142odniowe zwiedzanie miasta.<br \/>\ncentrum kultury lub du\u017cej firmy. Zestaw s\u0142uchawkowy w\u0142\u0105cza si\u0119 automatycznie po jego za\u0142o\u017ceniu i zdj\u0119ciu<br \/>\ni wy\u0142\u0105czy\u0107. Oszcz\u0119dza to bateri\u0119.<\/p>\n<p>Zasi\u0119g odbioru odbiornika podbr\u00f3dkowego wynosi oko\u0142o 100 metr\u00f3w na zewn\u0105trz i oko\u0142o 100 metr\u00f3w w pomieszczeniach.<br \/>\npokoje oko\u0142o 50 metr\u00f3w.<\/p>\n<hr style=\"background-color:#999999; margin-bottom:30px;\">\n<div class=\"call-action-slider-img\">\n<img decoding=\"async\" src=\"https:\/\/konferenztechnik.de\/wp-content\/uploads\/2018\/05\/SK-2020-D-kaufen.jpg\" alt=\"Kup nadajnik bodypack Sennheiser Tourguide\" class=\"alignnone size-full wp-image-12201\" title=\"\"><\/p>\n<\/div>\n<h2>Nadajnik kieszonkowy SK 2020-D<\/h2>\n<p>[spacer size=\"10\u2033]<\/p>\n<p>Po\u0142\u0105czenie nadajnika bodypack i mikrofonu nag\u0142ownego (HS 2-ew) zapewnia maksymaln\u0105 swobod\u0119 ruch\u00f3w podczas trasy.<br \/>\nMo\u017cesz spokojnie wyja\u015bni\u0107 przedmiot lub zademonstrowa\u0107 go obiema r\u0119kami.<br \/>\nMo\u017cna r\u00f3wnie\u017c u\u017cy\u0107 wej\u015bcia liniowego nadajnika do odtwarzania zewn\u0119trznych \u017ar\u00f3de\u0142 d\u017awi\u0119ku \u2013 podczas kontynuowania m\u00f3wienia lub<br \/>\nwyciszenie mikrofonu. Nadajnik mo\u017cna obs\u0142ugiwa\u0107 bardzo intuicyjnie, pod\u015bwietlany wy\u015bwietlacz informuje o<br \/>\nustawienie kana\u0142u, stan baterii oraz poziom dla wej\u015bcia mikrofonowego i liniowego. Nadajnik jest wytrzyma\u0142y<br \/>\nz metalow\u0105 obudow\u0105.<\/p>\n<hr style=\"background-color:#999999; margin-bottom:30px;\">\n<div class=\"call-action-slider-img\">\n<img decoding=\"async\" src=\"https:\/\/konferenztechnik.de\/wp-content\/uploads\/2018\/05\/SKM-2020-D-kaufen.jpg\" alt=\"Kup nadajnik r\u0119czny Sennheiser Tourguide\" class=\"alignnone size-full wp-image-12201\" title=\"\"><\/p>\n<\/div>\n<h2>Nadajnik r\u0119czny SKM 2020-D<\/h2>\n<p>[spacer size=\"10\u2033]<\/p>\n<p>Mikrofon r\u0119czny SKM 2020-D t\u0142umi niepo\u017c\u0105dane d\u017awi\u0119ki z otoczenia. Jego bardzo wytrzyma\u0142y nadajnik jest \u0142atwy i wygodny w obs\u0142udze. Pod\u015bwietlany wy\u015bwietlacz pokazuje kana\u0142 transmisji i<br \/>\nWy\u015bwietlany stan baterii. Akumulator pozwala na prac\u0119 do 8 godzin.<\/p>\n<p>1: W\u0142\u0105cznik\/wy\u0142\u0105cznik<\/p>\n<p>2: Obrotowa i zdejmowana za\u015blepka (do ochrony element\u00f3w operacyjnych)<\/p>\n<p>3: Komora baterii<\/p>\n<hr style=\"background-color:#999999; margin-bottom:30px;\">\n<div class=\"call-action-slider-img\">\n<img decoding=\"async\" src=\"https:\/\/konferenztechnik.de\/wp-content\/uploads\/2018\/05\/EZL-2020-20-L-kaufen.jpg\" alt=\"Kup akcesoria Sennheiser Tourguide\" class=\"alignnone size-full wp-image-12201\" title=\"\"><\/p>\n<\/div>\n<h2>Etui \u0142aduj\u0105ce EZL 2020-20-L<\/h2>\n<p>[spacer size=\"10\u2033]<\/p>\n<p>przypadek \u0142adowania, kt\u00f3ry mo\u017ce by\u0107 u\u017cywany jako<br \/>\nMiejsce do przechowywania ca\u0142ego sprz\u0119tu, a tak\u017ce stacja \u0142aduj\u0105ca do telefon\u00f3w i nadajnik\u00f3w. 20 gniazd \u0142adowania dla<br \/>\nW tym celu zapewniono odbiornik z paskiem pod brod\u0105 oraz dwa gniazda \u0142adowania nadajnika i zapasowej baterii.<br \/>\nZielony przycisk \"Copy\" oszcz\u0119dza wiele pracy: wystarczy ustawi\u0107 s\u0142uchawk\u0119 na \u017c\u0105dany kana\u0142 odbioru i nacisn\u0105\u0107 przycisk,<br \/>\na wszystkie u\u017cywane odbiorniki s\u0105 automatycznie ustawiane na t\u0119 sam\u0105 cz\u0119stotliwo\u015b\u0107 i \u015bredni\u0105 g\u0142o\u015bno\u015b\u0107.<\/p>\n<hr style=\"background-color:#999999; margin-bottom:30px;\">\n<div class=\"call-action-slider-img\">\n<img decoding=\"async\" src=\"https:\/\/konferenztechnik.de\/wp-content\/uploads\/2018\/05\/EK2020-Mikro.jpg\" alt=\"System przewodnika Sennheiser Tourguide ze s\u0142uchawkami\" class=\"alignnone size-full wp-image-12201\" title=\"\"><\/p>\n<\/div>\n<div class=\"call-action-slider-img\">\n<img decoding=\"async\" src=\"https:\/\/konferenztechnik.de\/wp-content\/uploads\/2018\/05\/sennheiser-personenfuehrung-tourguide.jpg\" alt=\"Podbr\u00f3dek z osobistym systemem naprowadzania Sennheiser Tourguide\" class=\"alignnone size-full wp-image-12201\" title=\"\"><br \/>\n<button class=\"bbtn popmake-12226\">Popro\u015b o wycen\u0119 &#x9B;<\/button><\/div>\n<div style=\"background-color:#f2f2f2; width:100%; display:block; margin-bottom:40px;\">\n<div style=\"text-align:center; width:100%; padding:left:10px; padding-top:18px;\"><img decoding=\"async\" src=\"https:\/\/konferenztechnik.de\/wp-content\/uploads\/2018\/05\/bewerten-happy.png\" alt=\"\" width=\"142\" height=\"42\" class=\"aligncenter size-full wp-image-13128\" title=\"\"><\/div>\n<div style=\"text-align:left; padding:10px;\">Pasuje jak ula\u0142! Skorzystaj z naszych porad. Ch\u0119tnie podejmiemy z Tob\u0105 wsp\u00f3\u0142prac\u0119 w celu okre\u015blenia, kt\u00f3ry system prowadnic spe\u0142ni Twoje wymagania w danym otoczeniu.<\/div>\n<\/div>\n<div class=\"callouthoch\">\n[callout add_button=\"no\" button_text=\"Learn More\" button_url=\"#\" button_color=\"#a62055\u2033]<br \/>\nMo\u017cesz skontaktowa\u0107 si\u0119 z nami bezpo\u015brednio telefonicznie:<br \/>\n[v_icon color=\"#a62055\u2033 size=\"20px\" target=\"_blank\" name=\"moon-phone-2\u2033] +49 211 737798 20<br \/>\n[\/callout]<\/div>\n<div class=\"callouthoch\">\n[callout add_button=\"no\" button_text=\"Learn More\" button_url=\"#\" button_color=\"#a62055\u2033]<br \/>\nProsimy o przesy\u0142anie zapyta\u0144 poczt\u0105 elektroniczn\u0105 na adres:<br \/>\n[v_icon color=\"#a62055\u2033 size=\"20px\" target=\"_blank\" name=\"moon-envelop-2\u2033] <a href=\"mailto:vertrieb@konferenztechnik.de\" onclick=\"ga('send', 'event', 'Email-Klick', 'F\u00fchrungsanlagen kaufen  Vertrieb');\"> vertrieb@konferenztechnik.de<\/a><br \/>\n[\/callout]<\/div>\n<p>[spacer size=\"10\u2033]<\/p>\n<div class=\"weiterlinks\" style=\"background-color:#ffffff;\">\n<h1>Dalsze linki<\/h1>\n<p>[list icon=\"moon-arrow-right-2\u2033 color=\"#a62055\u2033]<a title=\"Obs\u0142uga wydarze\u0144 wieloj\u0119zycznych\" href=\"\/pl\/kup-osobisty-system-naprowadzania\/\">Strona przegl\u0105du system\u00f3w naprowadzania pasa\u017cer\u00f3w<\/a>[\/list]<br \/>\n[list icon=\"moon-arrow-right-2\u2033 color=\"#a62055\u2033]<a title=\"Obs\u0142uga wydarze\u0144 wieloj\u0119zycznych\" href=\"\/pl\/system-komunikacji-beyerdynamic-unite\/\">Dost\u0119pny wkr\u00f3tce: System naprowadzania Beyerdynamic Unite<\/a>[\/list]<br \/>\n[list icon=\"moon-arrow-right-2\u2033 color=\"#a62055\u2033]<a title=\"Obs\u0142uga wydarze\u0144 wieloj\u0119zycznych\" href=\"\/pl\/kup-technologie-konferencyjna\/\">Sprzeda\u017c technologii konferencyjnych<\/a>[\/list]<br \/>\n[list icon=\"moon-arrow-right-2\u2033 color=\"#a62055\u2033]<a title=\"Referencje\" href=\"\/pl\/instalacja-i-integracja-technologii-konferencyjnych-i-systemow-multimedialnych\/\">Instalacja technologii konferencyjnej i medialnej<\/a>[\/list]<br \/>\n[list icon=\"moon-arrow-right-2\u2033 color=\"#a62055\u2033]<a title=\"Szkolenia i us\u0142ugi dla t\u0142umaczy ustnych\" href=\"\/pl\/szkolenia-i-uslugi-dla-tlumaczy-ustnych\/\">Szkolenia i us\u0142ugi dla t\u0142umaczy ustnych<\/a>[\/list]<br \/>\n[list icon=\"moon-arrow-right-2\u2033 color=\"#a62055\u2033]<a title=\"10 dobrych powod\u00f3w dla PCS\" href=\"\/pl\/o-nas-2\/10-dobrych-powodow-dla-komputerow\/\">10 dobrych powod\u00f3w dla PCS<\/a>[\/list]<br \/>\n[list icon=\"moon-arrow-right-2\u2033 color=\"#a62055\u2033]<a title=\"PCS: Wszystkie us\u0142ugi w skr\u00f3cie\" href=\"\/pl\/uslugi-2\/\">PCS: Wszystkie us\u0142ugi w skr\u00f3cie<\/a>[\/list]<\/ul>\n<\/div>\n<\/div>\n<p>[spacer size=\"20\u2033]<\/p>","protected":false},"excerpt":{"rendered":"<p>Kup Sennheiser Tourguide 2020 D Popro\u015b o wycen\u0119 &#x9B; Odbiornik EK 2020-D-II [spacer size=\"10\u2033] Bardzo wytrzyma\u0142y, wszechstronny odbiornik bodypack jest idealny do u\u017cytku w obszarach wycieczek z przewodnikiem, konferencji i wspomagania s\u0142uchu: wystarczy wybra\u0107 odpowiednie s\u0142uchawki lub p\u0119tl\u0119 indukcyjn\u0105 do u\u017cytku z aparatami s\u0142uchowymi z cewk\u0105 T i gotowe! Cyfrowa transmisja sygna\u0142u zapewnia wysok\u0105 jako\u015b\u0107 d\u017awi\u0119ku, a intuicyjna obs\u0142uga [...]<\/p>","protected":false},"author":1,"featured_media":45482,"parent":0,"menu_order":0,"comment_status":"closed","ping_status":"closed","template":"","meta":{"_acf_changed":false,"footnotes":""},"class_list":["post-13037","page","type-page","status-publish","has-post-thumbnail","hentry"],"acf":[],"_links":{"self":[{"href":"https:\/\/konferenztechnik.de\/pl\/wp-json\/wp\/v2\/pages\/13037","targetHints":{"allow":["GET"]}}],"collection":[{"href":"https:\/\/konferenztechnik.de\/pl\/wp-json\/wp\/v2\/pages"}],"about":[{"href":"https:\/\/konferenztechnik.de\/pl\/wp-json\/wp\/v2\/types\/page"}],"author":[{"embeddable":true,"href":"https:\/\/konferenztechnik.de\/pl\/wp-json\/wp\/v2\/users\/1"}],"replies":[{"embeddable":true,"href":"https:\/\/konferenztechnik.de\/pl\/wp-json\/wp\/v2\/comments?post=13037"}],"version-history":[{"count":0,"href":"https:\/\/konferenztechnik.de\/pl\/wp-json\/wp\/v2\/pages\/13037\/revisions"}],"wp:featuredmedia":[{"embeddable":true,"href":"https:\/\/konferenztechnik.de\/pl\/wp-json\/wp\/v2\/media\/45482"}],"wp:attachment":[{"href":"https:\/\/konferenztechnik.de\/pl\/wp-json\/wp\/v2\/media?parent=13037"}],"curies":[{"name":"wp","href":"https:\/\/api.w.org\/{rel}","templated":true}]}}