{"id":13130,"date":"2018-05-03T15:12:09","date_gmt":"2018-05-03T14:12:09","guid":{"rendered":"https:\/\/www.konferenztechnik.de\/?page_id=13130"},"modified":"2023-09-01T13:18:20","modified_gmt":"2023-09-01T11:18:20","slug":"kup-beyerdynamic-synexis","status":"publish","type":"page","link":"https:\/\/konferenztechnik.de\/pl\/kup-beyerdynamic-synexis\/","title":{"rendered":"Kup Beyerdynamic Synexis"},"content":{"rendered":"<h1>Kup Beyerdynamic Synexis<\/h1>\n<div class=\"call-action-slider-img\">\n<img decoding=\"async\" src=\"https:\/\/konferenztechnik.de\/wp-content\/uploads\/2018\/05\/Beyerdynamic-SYNEXIS-RP8-kaufen.jpg\" alt=\"Kup Beyerdynamic Synexis w PCS Konferenztechnik\" class=\"alignnone size-full wp-image-12201\" title=\"\"><br \/>\n<button class=\"bbtn popmake-12226\">Popro\u015b o wycen\u0119 &#x9B;<\/button><\/div>\n<h2>Odbiornik kieszonkowy SYNEXIS RP8<\/h2>\n<p>[spacer size=\"10\u2033]<\/p>\n<p>Kieszonkowy odbiornik Synexis RP8 jest idealny do wycieczek z przewodnikiem, konferencji lub wieloj\u0119zycznych t\u0142umacze\u0144 ustnych. Do z\u0142\u0105cza mini jack (3,5 mm) mo\u017cna pod\u0142\u0105czy\u0107 standardowe s\u0142uchawki lub p\u0119tl\u0119 indukcyjn\u0105 dla os\u00f3b z aparatami s\u0142uchowymi. Zasi\u0119g wynosi ok. 100 metr\u00f3w w linii wzroku mi\u0119dzy nadajnikiem a odbiornikiem. Informacje o kanale, stanie baterii i cz\u0119stotliwo\u015bci s\u0105 wyra\u017anie widoczne na wy\u015bwietlaczu. Odbiornik mo\u017cna przymocowa\u0107 do od\u0142\u0105czanego klipsa do paska lub nosi\u0107 na szyi za pomoc\u0105 smyczy. Synexis RP8 mo\u017ce by\u0107 zasilany dwoma akumulatorami NiMH lub bateriami AA 1,5 V.<\/p>\n<p>1: Regulacja g\u0142o\u015bno\u015bci<\/p>\n<p>2: Wyj\u015bcie mini jack<\/p>\n<p>3: Przyciski wyboru kana\u0142u<\/p>\n<p>4: Pod\u015bwietlany wy\u015bwietlacz OLED dostarcza informacji o kanale odbioru, g\u0142o\u015bno\u015bci, stanie baterii i jako\u015bci odbioru.<\/p>\n<hr style=\"background-color:#999999; margin-bottom:30px;\">\n<div class=\"call-action-slider-img\">\n<img decoding=\"async\" src=\"https:\/\/konferenztechnik.de\/wp-content\/uploads\/2018\/05\/TaschensenderSYNEXIS-TP8.jpg\" alt=\"Kup nadajnik bodypack SYNEXIS-TP8\" class=\"alignnone size-full wp-image-12201\" title=\"\"><\/p>\n<\/div>\n<h2>Nadajnik bodypack SYNEXIS TP8<\/h2>\n<p>[spacer size=\"10\u2033]<\/p>\n<p>Nadajnik bodypack Synexis TP8 jest u\u017cywany razem z odbiornikiem bodypack Synexis RP8 podczas wycieczek z przewodnikiem i konferencji. Zasi\u0119g wynosi oko\u0142o 100 metr\u00f3w z lini\u0105 wzroku mi\u0119dzy nadajnikiem a odbiornikiem. Mikrofon mo\u017cna pod\u0142\u0105czy\u0107 do 4-pinowego z\u0142\u0105cza mini XLR, a zewn\u0119trzne \u017ar\u00f3d\u0142o d\u017awi\u0119ku mo\u017cna pod\u0142\u0105czy\u0107 do z\u0142\u0105cza aux-in. Przez wej\u015bcie AUX mo\u017cna odtwarza\u0107 muzyk\u0119 lub dowolny sygna\u0142 audio. Wy\u015bwietlacz OLED zapewnia bardzo czytelne wy\u015bwietlanie kana\u0142u, stanu baterii i cz\u0119stotliwo\u015bci. Nadajnik jest zasilany dwoma akumulatorami NiMH lub bateriami AA 1,5 V.<\/p>\n<p>1: Wej\u015bcie Mini XLR<\/p>\n<p>2: Przycisk funkcji wyciszenia mikrofonu (muting)<\/p>\n<p>3: Przyciski wyboru kana\u0142u<\/p>\n<p>4: Wy\u015bwietlacz OLED (do wy\u015bwietlania kana\u0142u, stanu na\u0142adowania baterii, cz\u0119stotliwo\u015bci i<br \/>\nFunkcja blokady wyboru kana\u0142u)<\/p>\n<p>5: Wej\u015bcie liniowe (do pod\u0142\u0105czania \u017ar\u00f3d\u0142a sygna\u0142u audio, np. odtwarzacza MP3),<br \/>\nStereo jack 3,5 mm)<\/p>\n<h3>Wszechstronny nadajnik kieszonkowy<\/p>\n<h3>Opr\u00f3cz r\u00f3\u017cnych mikrofon\u00f3w i zestaw\u00f3w s\u0142uchawkowych, mo\u017cna pod\u0142\u0105czy\u0107 dodatkowe \u017ar\u00f3d\u0142a d\u017awi\u0119ku i wprowadzi\u0107 je przez oddzielne wej\u015bcie. Ta funkcja miksowania umo\u017cliwia na przyk\u0142ad przesy\u0142anie muzyki lub drugiego nadajnika w celu komunikacji dwukierunkowej.<\/p>\n<hr style=\"background-color:#999999; margin-bottom:30px;\">\n<div class=\"call-action-slider-img\">\n<img decoding=\"async\" src=\"https:\/\/konferenztechnik.de\/wp-content\/uploads\/2018\/05\/Handsender-SYNEXIS-TH8.jpg\" alt=\"Kup nadajnik r\u0119czny SYNEXIS-TH8\" class=\"alignnone size-full wp-image-12201\" title=\"\"><\/p>\n<\/div>\n<h2>R\u0119czny nadajnik SYNEXIS TH8<\/h2>\n<p>[spacer size=\"10\u2033]<\/p>\n<p>Nadajnik r\u0119czny Synexis TH8 w po\u0142\u0105czeniu z odbiornikiem bodypack Synexis RP8 jest idealny do wycieczek z przewodnikiem, konferencji lub t\u0142umacze\u0144 szeptanych. Zasi\u0119g wynosi oko\u0142o 100 metr\u00f3w z lini\u0105 wzroku mi\u0119dzy nadajnikiem a odbiornikiem. Mikrofon z redukcj\u0105 szum\u00f3w o charakterystyce kardioidalnej skutecznie blokuje szumy t\u0142a. Zintegrowana os\u0142ona przeciwwietrzna zapewnia r\u00f3wnie\u017c optymaln\u0105 zrozumia\u0142o\u015b\u0107 mowy. Za pomoc\u0105 prze\u0142\u0105cznika mo\u017cna dostosowa\u0107 czu\u0142o\u015b\u0107 mikrofonu do komunikacji na bliskie lub dalekie odleg\u0142o\u015bci. Nadajnik jest zasilany dwoma akumulatorami NiMH lub bateriami AA 1,5 V. Wy\u015bwietlacz bardzo wyra\u017anie pokazuje kana\u0142, stan baterii i cz\u0119stotliwo\u015b\u0107. Nadajnik mo\u017cna r\u00f3wnie\u017c nosi\u0107 na szyi za pomoc\u0105 opcjonalnego paska na szyj\u0119, aby mie\u0107 wolne r\u0119ce.<\/p>\n<p>1: Przycisk z funkcj\u0105 wyciszenia i diod\u0105 LED informuj\u0105c\u0105 o stanie wyciszenia i \u0142adowania<\/p>\n<p>2: Przyciski strza\u0142ek do wyboru kana\u0142u i wy\u015bwietlania cz\u0119stotliwo\u015bci<\/p>\n<p>3: Wy\u015bwietlacz OLED do wy\u015bwietlania stanu baterii, kana\u0142u, cz\u0119stotliwo\u015bci i<br \/>\nFunkcja wyciszenia<\/p>\n<p>4: Przycisk w\u0142\u0105czania\/wy\u0142\u0105czania i ustawiania<\/p>\n<hr style=\"background-color:#999999; margin-bottom:30px;\">\n<div class=\"call-action-slider-img\">\n<img decoding=\"async\" src=\"https:\/\/konferenztechnik.de\/wp-content\/uploads\/2018\/05\/Sender-SYNEXIS-TS8.jpg\" alt=\"Kup stacjonarny nadajnik SYNEXIS TS8 \" class=\"alignnone size-full wp-image-12201\" title=\"\"><\/p>\n<\/div>\n<h2>Nadajnik stacjonarny SYNEXIS TS8<\/h2>\n<p>[spacer size=\"10\u2033]<\/p>\n<p>Stacjonarny nadajnik Synexis TS8 jest u\u017cywany razem z odbiornikiem bodypack Synexis RP8. Nadajnik stacjonarny nadaje si\u0119 do r\u00f3\u017cnych zastosowa\u0144: na przyk\u0142ad podczas konferencji mo\u017cna transmitowa\u0107 kilka j\u0119zyk\u00f3w jednocze\u015bnie. Alternatywnie, komunikaty i wyja\u015bnienia mog\u0105 by\u0107 przekazywane za po\u015brednictwem pod\u0142\u0105czonego mikrofonu. Muzyk\u0119 lub dowolny sygna\u0142 audio mo\u017cna przesy\u0142a\u0107 za pomoc\u0105 odtwarzacza MP3 lub CD. Zasi\u0119g w tym przypadku r\u00f3wnie\u017c wynosi oko\u0142o 100 metr\u00f3w, przy zachowaniu linii wzroku mi\u0119dzy nadajnikiem a odbiornikiem. Nadajnik jest zasilany za pomoc\u0105 do\u0142\u0105czonego zasilacza sieciowego. Szeroka gama akcesori\u00f3w wchodz\u0105cych w zakres dostawy umo\u017cliwia instalacj\u0119 stacjonarnego nadajnika w szafie Rack 19\u2033 lub obudowie oraz przymocowanie anteny z przodu.<\/p>\n<p>1: Regulacja poziomu wej\u015bcia g\u0142\u00f3wnego<\/p>\n<p>2: Regulacja poziomu wej\u015bcia Aux<\/p>\n<p>3: Wy\u015bwietlacz OLED, wyb\u00f3r kana\u0142u<\/p>\n<p>4: Regulacja poziomu s\u0142uchawek<\/p>\n<p>5: Wej\u015bcie\/wyj\u015bcie AUX<\/p>\n<p>6: Wej\u015bcie g\u0142\u00f3wne (zbalansowane\/niezbalansowane)<\/p>\n<hr style=\"background-color:#999999; margin-bottom:30px;\">\n<div class=\"call-action-slider-img\">\n<img decoding=\"async\" src=\"https:\/\/konferenztechnik.de\/wp-content\/uploads\/2018\/05\/Ladegeraet-SYNEXIS-C10.jpg\" alt=\"Kup \u0142adowark\u0119 SYNEXIS C10\" class=\"alignnone size-full wp-image-12201\" title=\"\"><\/p>\n<\/div>\n<h2>\u0141adowarka SYNEXIS C10<\/h2>\n<p>[spacer size=\"10\u2033]<\/p>\n<p>\u0141adowarka Synexis C10 oferuje 10 gniazd \u0142adowania dla nadajnik\u00f3w bodypack Synexis TP8 lub odbiornik\u00f3w bodypack RP8 wyposa\u017conych w akumulatory NiMH. Stan na\u0142adowania akumulator\u00f3w jest wy\u015bwietlany za pomoc\u0105 diody LED na odpowiednim nadajniku lub odbiorniku.<\/p>\n<ul>\n<li>Dziesi\u0119\u0107 gniazd \u0142adowania dla odbiornik\u00f3w\/nadajnik\u00f3w kieszonkowych<\/li>\n<li>Pod\u0142\u0105czenie do sieci, mo\u017cliwo\u015b\u0107 kaskadowania<\/li>\n<li>Dioda LED wska\u017anika pracy<\/li>\n<li>Solidna metalowa obudowa, 19\u2033, 3 U<\/li>\n<\/ul>\n<p>Synexis SG24: obudowa stoj\u0105ca 19\u2033\/24 U Obudowa stoj\u0105ca 19\u2033 SG 24 z zamykanymi drzwiami<\/p>\n<p>[spacer size=\"10\u2033]<\/p>\n<hr style=\"background-color:#999999; margin-bottom:30px;\">\n<div class=\"call-action-slider-img\">\n<img decoding=\"async\" src=\"https:\/\/konferenztechnik.de\/wp-content\/uploads\/2018\/05\/fuehrungsanlage-zueboer-kaufen.jpg\" alt=\"Kup akcesoria SYNEXIS \" class=\"alignnone size-full wp-image-12201\" title=\"\"><\/p>\n<\/div>\n<div class=\"call-action-slider-img\">\n<img decoding=\"async\" src=\"https:\/\/konferenztechnik.de\/wp-content\/uploads\/2018\/05\/synexis-ladekoffer.jpg\" alt=\"Kup etui \u0142aduj\u0105ce SYNEXIS\" class=\"alignnone size-full wp-image-12201\" title=\"\"><\/p>\n<\/div>\n<h2>Akcesoria SYNEXIS<\/h2>\n<p>[spacer size=\"10\u2033]<\/p>\n<p>Dla rodziny produkt\u00f3w SYNEXIS dost\u0119pna jest szeroka gama akcesori\u00f3w:<\/p>\n<p>[list icon=\"moon-checkmark\" color=\"#a62055\u2033]Jednouszne s\u0142uchawki DT1[\/list]<br \/>\n[list icon=\"moon-checkmark\" color=\"#a62055\u2033]Procek indukcyjny IL 200[\/list]<br \/>\n[list icon=\"moon-checkmark\" color=\"#a62055\u2033]Etui transportowe i \u0142aduj\u0105ce SYNEXIS C20[\/list]<br \/>\n[list icon=\"moon-checkmark\" color=\"#a62055\u2033]Etui transportowe i \u0142aduj\u0105ce SYNEXIS C30[\/list]<\/p>\n<p>...i wiele wi\u0119cej.<\/p>\n<p>Odbiorniki i nadajniki mo\u017cna r\u00f3wnie\u017c \u0142\u0105czy\u0107 ze s\u0142uchawkami i mikrofonami innych producent\u00f3w lub integrowa\u0107 z istniej\u0105cymi systemami konferencyjnymi. Wystarczy skontaktowa\u0107 si\u0119 z nami, a ch\u0119tnie doradzimy.<\/p>\n<p>[spacer size=\"10\u2033]<\/p>\n<hr style=\"background-color:#999999; margin-bottom:30px;\">\n<div class=\"call-action-slider-img\">\n<img decoding=\"async\" src=\"https:\/\/konferenztechnik.de\/wp-content\/uploads\/2018\/05\/synexis-personenfuehrungsanlage-kaufen.jpg\" alt=\"Kup osobisty system nawigacji Synexis\" class=\"alignnone size-full wp-image-12201\" title=\"\"><br \/>\n<button class=\"bbtn popmake-12226\">Popro\u015b o wycen\u0119 &#x9B;<\/button><\/div>\n<div style=\"background-color:#f2f2f2; width:100%; display:block; margin-bottom:40px;\">\n<div style=\"text-align:center; width:100%; padding:left:10px; padding-top:18px;\"><img decoding=\"async\" src=\"https:\/\/konferenztechnik.de\/wp-content\/uploads\/2018\/05\/bewerten-happy.png\" alt=\"\" width=\"142\" height=\"42\" class=\"aligncenter size-full wp-image-13128\" title=\"\"><\/div>\n<div style=\"text-align:left; padding:10px;\">Pasuje jak ula\u0142! Skorzystaj z naszych porad. Ch\u0119tnie podejmiemy z Tob\u0105 wsp\u00f3\u0142prac\u0119 w celu okre\u015blenia, kt\u00f3ry system prowadnic w danej konfiguracji najlepiej spe\u0142ni Twoje wymagania.<\/div>\n<\/div>\n<div class=\"callouthoch\">\n[callout add_button=\"no\" button_text=\"Learn More\" button_url=\"#\" button_color=\"#a62055\u2033]<br \/>\nMo\u017cesz skontaktowa\u0107 si\u0119 z nami bezpo\u015brednio telefonicznie:<br \/>\n[v_icon color=\"#a62055\u2033 size=\"20px\" target=\"_blank\" name=\"moon-phone-2\u2033] +49 211 737798 20<br \/>\n[\/callout]<\/div>\n<div class=\"callouthoch\">\n[callout add_button=\"no\" button_text=\"Learn More\" button_url=\"#\" button_color=\"#a62055\u2033]<br \/>\nProsimy o przesy\u0142anie zapyta\u0144 poczt\u0105 elektroniczn\u0105 na adres:<br \/>\n[v_icon color=\"#a62055\u2033 size=\"20px\" target=\"_blank\" name=\"moon-envelop-2\u2033] <a href=\"mailto:vertrieb@konferenztechnik.de\" onclick=\"ga('send', 'event', 'Email-Klick', 'F\u00fchrungsanlagen kaufen  Vertrieb');\"> vertrieb@konferenztechnik.de<\/a><br \/>\n[\/callout]<\/div>\n<p>[spacer size=\"10\u2033]<\/p>\n<div class=\"weiterlinks\" style=\"background-color:#ffffff;\">\n<h1>Dalsze linki<\/h1>\n<p>[list icon=\"moon-arrow-right-2\u2033 color=\"#a62055\u2033]<a title=\"Obs\u0142uga wydarze\u0144 wieloj\u0119zycznych\" href=\"\/pl\/kup-osobisty-system-naprowadzania\/\">Strona przegl\u0105du system\u00f3w naprowadzania pasa\u017cer\u00f3w<\/a>[\/list]<br \/>\n[list icon=\"moon-arrow-right-2\u2033 color=\"#a62055\u2033]<a title=\"Obs\u0142uga wydarze\u0144 wieloj\u0119zycznych\" href=\"\/pl\/system-komunikacji-beyerdynamic-unite\/\">Dost\u0119pny wkr\u00f3tce: System naprowadzania Beyerdynamic Unite<\/a>[\/list]<br \/>\n[list icon=\"moon-arrow-right-2\u2033 color=\"#a62055\u2033]<a title=\"Obs\u0142uga wydarze\u0144 wieloj\u0119zycznych\" href=\"\/pl\/kup-technologie-konferencyjna\/\">Sprzeda\u017c technologii konferencyjnych<\/a>[\/list]<br \/>\n[list icon=\"moon-arrow-right-2\u2033 color=\"#a62055\u2033]<a title=\"Referencje\" href=\"\/pl\/instalacja-i-integracja-technologii-konferencyjnych-i-systemow-multimedialnych\/\">Instalacja technologii konferencyjnej i medialnej<\/a>[\/list]<br \/>\n[list icon=\"moon-arrow-right-2\u2033 color=\"#a62055\u2033]<a title=\"Szkolenia i us\u0142ugi dla t\u0142umaczy ustnych\" href=\"\/pl\/szkolenia-i-uslugi-dla-tlumaczy-ustnych\/\">Szkolenia i us\u0142ugi dla t\u0142umaczy ustnych<\/a>[\/list]<br \/>\n[list icon=\"moon-arrow-right-2\u2033 color=\"#a62055\u2033]<a title=\"10 dobrych powod\u00f3w dla PCS\" href=\"\/pl\/o-nas-2\/10-dobrych-powodow-dla-komputerow\/\">10 dobrych powod\u00f3w dla PCS<\/a>[\/list]<br \/>\n[list icon=\"moon-arrow-right-2\u2033 color=\"#a62055\u2033]<a title=\"PCS: Wszystkie us\u0142ugi w skr\u00f3cie\" href=\"\/pl\/uslugi-2\/\">PCS: Wszystkie us\u0142ugi w skr\u00f3cie<\/a>[\/list]<\/ul>\n<\/div>\n<\/div>\n<p>[spacer size=\"20\u2033]<\/p><\/h3>","protected":false},"excerpt":{"rendered":"<p>Beyerdynamic Synexis kaufen Angebot anfordern &#x9B; Taschenempf\u00e4nger SYNEXIS RP8 [spacer size=&#8220;10&#8243;] Der Synexis RP8 Taschenempf\u00e4nger ist ideal f\u00fcr Personenf\u00fchrungen, Konferenzen oder mehrsprachige Dolmetscheranwendungen geeignet. An den Miniklinkenanschluss (3,5 mm) kann ein handels\u00fcblicher Kopfh\u00f6rer oder eine Induktionsschlinge f\u00fcr Personen mit H\u00f6rger\u00e4t angeschlossen werden. Die Reichweite betr\u00e4gt bei Sichtverbindung zwischen Sender und Empf\u00e4nger ca. 100 m. Auf [&hellip;]<\/p>","protected":false},"author":1,"featured_media":45482,"parent":0,"menu_order":0,"comment_status":"closed","ping_status":"closed","template":"","meta":{"_acf_changed":false,"footnotes":""},"class_list":["post-13130","page","type-page","status-publish","has-post-thumbnail","hentry"],"acf":[],"_links":{"self":[{"href":"https:\/\/konferenztechnik.de\/pl\/wp-json\/wp\/v2\/pages\/13130","targetHints":{"allow":["GET"]}}],"collection":[{"href":"https:\/\/konferenztechnik.de\/pl\/wp-json\/wp\/v2\/pages"}],"about":[{"href":"https:\/\/konferenztechnik.de\/pl\/wp-json\/wp\/v2\/types\/page"}],"author":[{"embeddable":true,"href":"https:\/\/konferenztechnik.de\/pl\/wp-json\/wp\/v2\/users\/1"}],"replies":[{"embeddable":true,"href":"https:\/\/konferenztechnik.de\/pl\/wp-json\/wp\/v2\/comments?post=13130"}],"version-history":[{"count":0,"href":"https:\/\/konferenztechnik.de\/pl\/wp-json\/wp\/v2\/pages\/13130\/revisions"}],"wp:featuredmedia":[{"embeddable":true,"href":"https:\/\/konferenztechnik.de\/pl\/wp-json\/wp\/v2\/media\/45482"}],"wp:attachment":[{"href":"https:\/\/konferenztechnik.de\/pl\/wp-json\/wp\/v2\/media?parent=13130"}],"curies":[{"name":"wp","href":"https:\/\/api.w.org\/{rel}","templated":true}]}}