{"id":13239,"date":"2018-07-02T13:54:06","date_gmt":"2018-07-02T12:54:06","guid":{"rendered":"https:\/\/www.konferenztechnik.de\/?page_id=13239"},"modified":"2018-07-02T13:54:06","modified_gmt":"2018-07-02T12:54:06","slug":"zakup-kabin-do-tlumaczen-ustnych","status":"publish","type":"page","link":"https:\/\/konferenztechnik.de\/pl\/zakup-kabin-do-tlumaczen-ustnych\/","title":{"rendered":"Kup kabiny do t\u0142umacze\u0144 ustnych"},"content":{"rendered":"<h1>Kup kabiny do t\u0142umacze\u0144 ustnych od PCS<\/h1>\n<div class=\"call-action-slider-img\">\n<img decoding=\"async\" src=\"https:\/\/konferenztechnik.de\/wp-content\/uploads\/2018\/07\/Dolmetscherkabinen-kaufen-Audipack-Silent-9600-1-2.jpg\" alt=\"Kup kabiny do t\u0142umacze\u0144 ustnych Audipack Silent 9600\" class=\"alignleft size-full wp-image-13406\" title=\"\"><br \/>\n<button class=\"bbtn popmake-13384\">Popro\u015b o wycen\u0119 &#x9B;<\/button>\n<\/div>\n<p>W PCS mo\u017cna kupi\u0107 kabiny do t\u0142umacze\u0144 ustnych w r\u00f3\u017cnych rozmiarach i wzorach. Kabiny maj\u0105 najlepsze warto\u015bci izolacji akustycznej. Mo\u017cna je elastycznie zestawia\u0107 w zale\u017cno\u015bci od wymaga\u0144 przestrzennych i potrzeb, a dzi\u0119ki prostemu systemowi wtykowemu mo\u017cna je szybko montowa\u0107 i demontowa\u0107. Nasze kabiny do t\u0142umacze\u0144 ustnych mog\u0105 by\u0107 u\u017cywane zar\u00f3wno w sta\u0142ej lokalizacji, jak i w ruchu.<\/p>\n<h2>Nasze kabiny t\u0142umaczeniowe oferuj\u0105 nast\u0119puj\u0105ce atrakcje<\/h2>\n<p>[list icon=\"moon-checkmark\" color=\"#a62055\u2033]Certyfikowany zgodnie z norm\u0105 ISO 4043:2016[\/list]<br \/>\n[list icon=\"moon-checkmark\" color=\"#a62055\u2033]Wysoka izolacja akustyczna[\/list]<br \/>\n[list icon=\"moon-checkmark\" color=\"#a62055\u2033]Wydajny system wentylacji[\/list]<br \/>\n[list icon=\"moon-checkmark\" color=\"#a62055\u2033]\u0141atwy monta\u017c i demonta\u017c[\/list]<br \/>\n[list icon=\"moon-checkmark\" color=\"#a62055\u2033]Du\u017ce okno podgl\u0105du[\/list]<\/p>\n<p>[spacer size=\"20\u2033]<\/p>\n<p>[column size=\"1-3\u2033 last=\"1\u2033]<\/p>\n<p><figure id=\"attachment_9210\" aria-describedby=\"caption-attachment-9210\" style=\"width: 536px\" class=\"wp-caption alignleft\"><img decoding=\"async\" src=\"https:\/\/konferenztechnik.de\/wp-content\/uploads\/2018\/07\/Audipack-Silent-Serie-akustische-Daemmung-1.jpg\" alt=\"Izolacja akustyczna z serii Audipack Silent\" class=\"alignleft size-full wp-image-13431\" width=\"548\" title=\"\"><figcaption id=\"caption-attachment-9210\" class=\"wp-caption-text\">Wysoka izolacja akustyczna<\/figcaption><\/figure><br \/>\n[\/column]<\/p>\n<p>[column size=\"1-3\u2033 last=\"1\u2033]<br \/>\n<figure id=\"attachment_9211\" aria-describedby=\"caption-attachment-9211\" style=\"width: 548px\" class=\"wp-caption alignleft\"><img fetchpriority=\"high\" decoding=\"async\" width=\"500\" height=\"500\" src=\"https:\/\/konferenztechnik.de\/wp-content\/uploads\/2018\/07\/Audipack-Silent-Serie-Transportcase.jpg\" alt=\"Walizka transportowa Audipack Silent Series\" class=\"alignleft size-full wp-image-13435\" title=\"\" srcset=\"https:\/\/konferenztechnik.de\/wp-content\/uploads\/2018\/07\/Audipack-Silent-Serie-Transportcase.jpg 500w, https:\/\/konferenztechnik.de\/wp-content\/uploads\/2018\/07\/Audipack-Silent-Serie-Transportcase-300x300.jpg 300w, https:\/\/konferenztechnik.de\/wp-content\/uploads\/2018\/07\/Audipack-Silent-Serie-Transportcase-150x150.jpg 150w\" sizes=\"(max-width: 500px) 100vw, 500px\" \/><figcaption id=\"caption-attachment-9211\" class=\"wp-caption-text\">Wyb\u00f3r skrzy\u0144 transportowych<\/figcaption><\/figure><br \/>\n[\/column]<\/p>\n<p>[column size=\"1-3\u2033 last=\"1\u2033]<br \/>\n<figure id=\"attachment_9212\" aria-describedby=\"caption-attachment-9212\" style=\"width: 548px\" class=\"wp-caption alignleft\"><img decoding=\"async\" src=\"https:\/\/konferenztechnik.de\/wp-content\/uploads\/2018\/07\/Audipack-Silent-Serie-LED-Deckenlicht2.jpg\" alt=\"Lampa sufitowa LED Audipack Silent Series2\" width=\"500\" height=\"500\" class=\"alignleft size-full wp-image-13445\" title=\"\" srcset=\"https:\/\/konferenztechnik.de\/wp-content\/uploads\/2018\/07\/Audipack-Silent-Serie-LED-Deckenlicht2.jpg 500w, https:\/\/konferenztechnik.de\/wp-content\/uploads\/2018\/07\/Audipack-Silent-Serie-LED-Deckenlicht2-300x300.jpg 300w, https:\/\/konferenztechnik.de\/wp-content\/uploads\/2018\/07\/Audipack-Silent-Serie-LED-Deckenlicht2-150x150.jpg 150w\" sizes=\"(max-width: 500px) 100vw, 500px\" \/><figcaption id=\"caption-attachment-9212\" class=\"wp-caption-text\">Lampa sufitowa LED<\/figcaption><\/figure><br \/>\n[\/column]<\/p>\n<p>[column size=\"1-3\u2033 last=\"1\u2033]<br \/>\n<figure id=\"attachment_9213\" aria-describedby=\"caption-attachment-9213\" style=\"width: 548px\" class=\"wp-caption alignleft\"><img decoding=\"async\" width=\"500\" height=\"500\" src=\"https:\/\/konferenztechnik.de\/wp-content\/uploads\/2018\/07\/Audipack-Silent-Serie-Erweiterungsset.jpg\" alt=\"Zestaw rozszerze\u0144 Audipack Silent Series\" class=\"alignleft size-full wp-image-13439\" title=\"\" srcset=\"https:\/\/konferenztechnik.de\/wp-content\/uploads\/2018\/07\/Audipack-Silent-Serie-Erweiterungsset.jpg 500w, https:\/\/konferenztechnik.de\/wp-content\/uploads\/2018\/07\/Audipack-Silent-Serie-Erweiterungsset-300x300.jpg 300w, https:\/\/konferenztechnik.de\/wp-content\/uploads\/2018\/07\/Audipack-Silent-Serie-Erweiterungsset-150x150.jpg 150w\" sizes=\"(max-width: 500px) 100vw, 500px\" \/><figcaption id=\"caption-attachment-9213\" class=\"wp-caption-text\">Dost\u0119pne zestawy przed\u0142u\u017caj\u0105ce<\/figcaption><\/figure><br \/>\n[\/column]<\/p>\n<p>[column size=\"1-3\u2033 last=\"1\u2033]<br \/>\n<figure id=\"attachment_9214\" aria-describedby=\"caption-attachment-9214\" style=\"width: 403px\" class=\"wp-caption alignleft\"><img loading=\"lazy\" decoding=\"async\" src=\"https:\/\/konferenztechnik.de\/wp-content\/uploads\/2018\/07\/Audipack-CO2-Messgeraet-luftqualitaet.jpg\" alt=\"Audipack-CO2 - urz\u0105dzenie do pomiaru jako\u015bci powietrza\" width=\"500\" height=\"500\" class=\"alignleft size-full wp-image-13437\" title=\"\" srcset=\"https:\/\/konferenztechnik.de\/wp-content\/uploads\/2018\/07\/Audipack-CO2-Messgeraet-luftqualitaet.jpg 500w, https:\/\/konferenztechnik.de\/wp-content\/uploads\/2018\/07\/Audipack-CO2-Messgeraet-luftqualitaet-300x300.jpg 300w, https:\/\/konferenztechnik.de\/wp-content\/uploads\/2018\/07\/Audipack-CO2-Messgeraet-luftqualitaet-150x150.jpg 150w\" sizes=\"(max-width: 500px) 100vw, 500px\" \/><figcaption id=\"caption-attachment-9214\" class=\"wp-caption-text\">Urz\u0105dzenie do pomiaru CO2<\/figcaption><\/figure><br \/>\n[\/column]<\/p>\n<p>[column size=\"1-3\u2033 last=\"1\u2033]<br \/>\n<figure id=\"attachment_9215\" aria-describedby=\"caption-attachment-9215\" style=\"width: 548px\" class=\"wp-caption alignleft\"><img loading=\"lazy\" decoding=\"async\" width=\"500\" height=\"500\" src=\"https:\/\/konferenztechnik.de\/wp-content\/uploads\/2018\/07\/Audipack-Silent-Serie-Transportwagen.jpg\" alt=\"W\u00f3zki transportowe Audipack Silent Series\" class=\"alignleft size-full wp-image-13441\" title=\"\" srcset=\"https:\/\/konferenztechnik.de\/wp-content\/uploads\/2018\/07\/Audipack-Silent-Serie-Transportwagen.jpg 500w, https:\/\/konferenztechnik.de\/wp-content\/uploads\/2018\/07\/Audipack-Silent-Serie-Transportwagen-300x300.jpg 300w, https:\/\/konferenztechnik.de\/wp-content\/uploads\/2018\/07\/Audipack-Silent-Serie-Transportwagen-150x150.jpg 150w\" sizes=\"(max-width: 500px) 100vw, 500px\" \/><figcaption id=\"caption-attachment-9215\" class=\"wp-caption-text\">W\u00f3zek transportowy<\/figcaption><\/figure><br \/>\n[\/column]<\/p>\n<p>[spacer size=\"20\u2033]<\/p>\n<h2>Specyfikacja kabin do t\u0142umacze\u0144 ustnych Audipack Silent<\/h2>\n<p><\/p>\n<div class=\"newskasten\">\n<p>\n[v_icon color=\"#a62055\u2033 size=\"18px\" target=\"_blank\" name=\"moon-bookmark-3\u2033]<strong> Certyfikat ISO<\/strong><br \/>\nKabiny t\u0142umaczeniowe Audipack s\u0105 certyfikowane zgodnie z norm\u0105 ISO 4043\/2016.\n<\/p>\n<p>\n[v_icon color=\"#a62055\u2033 size=\"18px\" target=\"_blank\" name=\"moon-balance\"]<strong> Waga<\/strong><br \/>\n210 kg\n<\/p>\n<p>\n[v_icon color=\"#a62055\u2033 size=\"18px\" target=\"_blank\" name=\"moon-volume-mute-5\u2033]<strong> Izolacja akustyczna<\/strong><br \/>\n24 dB\n<\/p>\n<p>\n[v_icon color=\"#a62055\u2033 size=\"18px\" target=\"_blank\" name=\"moon-rulers\"]<strong> Wymiary wewn\u0119trzne<\/strong><br \/>\n160 cm x 160 cm x 200 cm (szer.\/g\u0142.\/wys.)\n<\/p>\n<p>\n[v_icon color=\"#a62055\u2033 size=\"18px\" target=\"_blank\" name=\"moon-rulers\"]<strong> Wymiary zewn\u0119trzne<\/strong><br \/>\n168 cm x 168 cm x ok. 220 cm (z wentylacj\u0105, W\/D\/H)<br \/>\n(Nale\u017cy zachowa\u0107 0,5 m odst\u0119pu z lewej, prawej lub tylnej strony drzwi i przej\u015bcia).\n<\/p>\n<\/div>\n<p>PCS oferuje wy\u0142\u0105cznie kabiny z serii Audipack Silent. Kabiny t\u0142umaczeniowe Audipack sta\u0142y si\u0119 mi\u0119dzynarodowym standardem i s\u0105 u\u017cywane codziennie na niezliczonych konferencjach wysokiego szczebla od Brukseli po Berlin. W po\u0142\u0105czeniu z nowoczesn\u0105 technologi\u0105 t\u0142umacze\u0144 symultanicznych, kabiny Audipack s\u0105 najlepszym wyborem, gdy t\u0142umacze symultaniczni s\u0105 potrzebni na mi\u0119dzynarodowych konferencjach i kongresach.<\/p>\n<h2>Produkty na zam\u00f3wienie<\/h2>\n<div class=\"call-action-slider-img\">\n<img decoding=\"async\" src=\"https:\/\/konferenztechnik.de\/wp-content\/uploads\/2018\/07\/Sonderanfertigungen-Dolmetscherkabinen-Audipack-1.jpg\" alt=\"Dostosowane kabiny t\u0142umaczeniowe Audipack\" class=\"alignleft size-full wp-image-13409\" title=\"\"><br \/>\n<button class=\"bbtn popmake-13384\">Produkty niestandardowe &#x9B;<\/button><\/div>\n<p><p>Standardowym kolorem kabin t\u0142umaczeniowych Audipack jest jasnoszary, kt\u00f3ry odpowiada w przybli\u017ceniu RAL 7042. Jednak kabiny mog\u0105 by\u0107 r\u00f3wnie\u017c dostarczane w wielu innych kolorach i kolorach specjalnych. Zapytaj nas o r\u00f3\u017cne opcje i terminy dostaw.<br \/>\n<\/p>\n<h3>Gama kolor\u00f3w kabin t\u0142umaczeniowych Audipack Silent<\/h3>\n<figure id=\"attachment_13489\" aria-describedby=\"caption-attachment-13489\" style=\"width: 1200px\" class=\"wp-caption alignleft\"><img decoding=\"async\" src=\"https:\/\/www.konferenztechnik.de\/bilder\/farben-dolmetschkabinen.svg\" alt=\"Kolorowy stolik Audipack kabiny dla t\u0142umaczy ustnych\" class=\"size-full wp-image-13489\" title=\"\"><figcaption id=\"caption-attachment-13489\" class=\"wp-caption-text\">Kolorowy stolik Audipack kabiny dla t\u0142umaczy ustnych<\/figcaption><\/figure>\n<h2>Norma ISO dotycz\u0105ca kabin do t\u0142umacze\u0144 ustnych (4043:2016)<\/h2>\n<p>Nasze kabiny do t\u0142umacze\u0144 ustnych s\u0105 zgodne z najnowsz\u0105 norm\u0105 ISO dotycz\u0105c\u0105 mobilnych kabin do t\u0142umacze\u0144 ustnych. W wielu instytucjach i obiektach obowi\u0105zkowe jest obecnie, aby kabiny do t\u0142umacze\u0144 ustnych spe\u0142nia\u0142y okre\u015blone normy ISO. Normy te reguluj\u0105 w\u0142a\u015bciwo\u015bci akustyczne kabin pod wzgl\u0119dem profesjonalnej izolacji akustycznej, a tak\u017ce wyposa\u017cenia technicznego i komfortu, jaki musz\u0105 oferowa\u0107 kabiny do t\u0142umacze\u0144 ustnych.<br \/>\nNowy standard jest skierowany do producent\u00f3w kabin do t\u0142umacze\u0144 ustnych, firm wynajmuj\u0105cych sprz\u0119t do t\u0142umacze\u0144 ustnych, organizator\u00f3w wydarze\u0144 i agencji eventowych.\n<\/p>\n<p>[spacer size=\"20\u2033]<\/p>\n<h2>Dalsze linki do normy ISO<\/h2>\n<p>&#x9B; <a href=\"https:\/\/www.professional-system.de\/basics\/iso-normen-fuer-dolmetscherkabinen\/\" target=\"_blank\" rel=\"noopener\">Artyku\u0142 na temat nowego standardu w Professional Systems<\/a><br \/>\n&#x9B; <a href=\"https:\/\/www.beuth.de\/de\/norm\/din-en-iso-4043\/259413493\" target=\"_blank\" rel=\"noopener\">Norma DIN do pobrania ze strony Beuth-Verlag<\/a><\/p>\n<h2>Kabiny do t\u0142umacze\u0144 ustnych Audipack Silent 9600 i Audipack Silent 9700<\/h2>\n<figure id=\"attachment_10328\" aria-describedby=\"caption-attachment-10328\" style=\"width: 1200px\" class=\"wp-caption alignleft\"><img decoding=\"async\" src=\"https:\/\/www.konferenztechnik.de\/bilder\/grundriss-dolmetscherkabine-audipack.svg\" alt=\"Plan pi\u0119tra kabiny t\u0142umaczeniowej Audipack\" class=\"size-full wp-image-10328\" title=\"\"><figcaption id=\"caption-attachment-10328\" class=\"wp-caption-text\">Po lewej: Standardowa kabina dla dw\u00f3ch t\u0142umaczy<br \/>Po prawej: Rozszerzona kabina dla 3 t\u0142umaczy (Audipack Silent Series 9600)<\/figcaption><\/figure>\n<p>[clear]<br \/>\n[spacer size=\"20\u2033]<br \/>\n[column size=\"1-2\u2033 last=\"0\u2033]<\/p>\n<h2>Audipack Silent 9600<\/h2>\n<p><a href=\"https:\/\/konferenztechnik.de\/pl\/kup-audipack-silent-9600\/\" target=\"self\" rel=\"noopener\"><img decoding=\"async\" src=\"https:\/\/konferenztechnik.de\/wp-content\/uploads\/2018\/06\/audipack-silent-9600-1.jpg\" alt=\"Kabina do t\u0142umacze\u0144 ustnych Audipack Silent 9600\" class=\"alignleft size-full wp-image-13567\" title=\"\"><\/a><br \/>\n[list icon=\"moon-checkmark\" color=\"#a62055\u2033]Certyfikowany zgodnie z norm\u0105 ISO 4043:2016[\/list]<br \/>\n[list icon=\"moon-checkmark\" color=\"#a62055\u2033]Du\u017ce okno podgl\u0105du[\/list]<br \/>\n[list icon=\"moon-checkmark\" color=\"#a62055\u2033]Wysoka izolacja akustyczna[\/list]<br \/>\n[list icon=\"moon-checkmark\" color=\"#a62055\u2033]Wydajny system wentylacji[\/list]<br \/>\n[list icon=\"moon-checkmark\" color=\"#a62055\u2033]Szybki monta\u017c i demonta\u017c[\/list]<br \/>\n[spacer size=\"20\u2033]<br \/>\n[button link=\"https:\/\/www.konferenztechnik.de\/audipack-silent-9600-kaufen\/\" target=\"self\" color=\"#a62055\u2033 text=\"light\"]Wi\u0119cej informacji[\/button]<br \/>\n[\/column]<br \/>\n[column size=\"1-2\u2033 last=\"1\u2033]<\/p>\n<h2>Audipack Silent 9700<\/h2>\n<p><a href=\"https:\/\/konferenztechnik.de\/pl\/kup-audipack-silent-9700\/\" target=\"self\" rel=\"noopener\"><img decoding=\"async\" src=\"https:\/\/konferenztechnik.de\/wp-content\/uploads\/2018\/07\/audipack-silent-9700-dolmetscherkabine-1.jpg\" alt=\"Kabina do t\u0142umacze\u0144 ustnych Aaudipack Silent 9700\" class=\"alignleft size-full wp-image-13520\" title=\"\"><\/a><br \/>\n[list icon=\"moon-checkmark\" color=\"#a62055\u2033]Certyfikowany zgodnie z norm\u0105 ISO 4043:2016[\/list]<br \/>\n[list icon=\"moon-checkmark\" color=\"#a62055\u2033]Szczeg\u00f3lnie \u0142atwy w demonta\u017cu[\/list]<br \/>\n[list icon=\"moon-checkmark\" color=\"#a62055\u2033]Ni\u017csza waga poszczeg\u00f3lnych cz\u0119\u015bci[\/list]<br \/>\n[list icon=\"moon-checkmark\" color=\"#a62055\u2033]Wysoka izolacja akustyczna[\/list]<br \/>\n[list icon=\"moon-checkmark\" color=\"#a62055\u2033]Szybki monta\u017c i demonta\u017c[\/list]<br \/>\n[spacer size=\"20\u2033]<br \/>\n[button link=\"https:\/\/www.konferenztechnik.de\/audipack-silent-9700-kaufen\/\" target=\"self\" color=\"#a62055\u2033 text=\"light\"]Wi\u0119cej informacji[\/button]<br \/>\n[\/column]<\/p>\n<p>[spacer size=\"30\u2033]<\/p>\n<p>[callout add_button=\"no\" button_text=\"Learn More\" button_url=\"#\" button_color=\"#a62055\u2033]<\/p>\n<h2>Nowe numery modeli w Audipack<\/h2>\n<p>[spacer size=\"10\u2033]<\/p>\n<p>Nowe modele kabin do t\u0142umacze\u0144 ustnych z serii Audipack Silent s\u0105 ju\u017c dost\u0119pne.<br \/>\nW tym celu Audipack wprowadzi\u0142 nowe numery modeli:<\/p>\n<p>Audipack Silent 9300 stanie si\u0119 nowym ISO<br \/>\n<br \/>&#x9B; <a href=\"https:\/\/konferenztechnik.de\/pl\/kup-audipack-silent-9600\/\">Audipack Silent 9600<\/a><\/p>\n<p>Audipack Silent 9500 stanie si\u0119 nowym standardem dla<br \/>\n<br \/>&#x9B; <a href=\"https:\/\/konferenztechnik.de\/pl\/kup-audipack-silent-9700\/\">Audipack Silent 9700<\/a><\/p>\n<p>Modele 9300 i 9500 nie b\u0119d\u0105 ju\u017c dost\u0119pne w przysz\u0142o\u015bci.<\/p>\n<p>[\/callout]<\/p>\n<div class=\"newskasten\">\n<h2>Pliki do pobrania: Broszura, instrukcja monta\u017cu, informacje<\/h2>\n<p><a href=\"https:\/\/konferenztechnik.de\/wp-content\/uploads\/2018\/07\/Audipack-Silent-Serie-Broschuere-1.pdf-1.pdf\" target=\"_blank\" rel=\"noopener\">[v_icon color=\"#A61F54\u2033 size=\"18px\" target=\"_blank\" name=\"moon-file-pdf\"] PDF do pobrania: Broszura Audipack Silent Series w formacie PDF<\/a><br \/>\n<a href=\"https:\/\/konferenztechnik.de\/wp-content\/uploads\/2017\/05\/Audipack-Silent-Serie-Dolmetschkabine-Aufbauanleitung.pdf\" target=\"_blank\" rel=\"noopener\">[v_icon color=\"#A61F54\u2033 size=\"18px\" target=\"_blank\" name=\"moon-file-pdf\"] PDF do pobrania: Instrukcja monta\u017cu Audipack Silent Series<\/a>\n<\/div>\n<div class=\"call-action-slider-img\">\n<img decoding=\"async\" src=\"https:\/\/konferenztechnik.de\/wp-content\/uploads\/2018\/07\/Dolmetscherkabinen-kaufen-sofort-ab-Lager-lieferbar-1.jpg\" alt=\"Kup kabiny t\u0142umaczeniowe dost\u0119pne natychmiast z magazynu\" class=\"alignleft size-full wp-image-13391\" title=\"\"><br \/>\n<button class=\"bbtn popmake-13384\">Popro\u015b o wycen\u0119 &#x9B;<\/button>\n<\/div>\n<div class=\"callouthoch\">\n[callout add_button=\"no\" button_text=\"Learn More\" button_url=\"#\" button_color=\"#a62055\u2033]<br \/>\nMo\u017cesz skontaktowa\u0107 si\u0119 z nami bezpo\u015brednio telefonicznie:<br \/>\n[v_icon color=\"#a62055\u2033 size=\"20px\" target=\"_blank\" name=\"moon-phone-2\u2033] +49 211 737798 20<br \/>\n[\/callout]\n<\/div>\n<div class=\"callouthoch\">\n[callout add_button=\"no\" button_text=\"Learn More\" button_url=\"#\" button_color=\"#a62055\u2033]<br \/>\nProsimy o przesy\u0142anie zapyta\u0144 poczt\u0105 elektroniczn\u0105 na adres:<br \/>\n[v_icon color=\"#a62055\u2033 size=\"20px\" target=\"_blank\" name=\"moon-envelop-2\u2033] <a href=\"mailto:vertrieb@konferenztechnik.de\" onclick=\"ga('send', 'event', 'Email-Klick', 'Dolmetscherkabinen kaufen Vertrieb');\"> vertrieb@konferenztechnik.de<\/a><br \/>\n[\/callout]\n<\/div>","protected":false},"excerpt":{"rendered":"<p>Dolmetscherkabinen kaufen bei PCS Angebot anfordern &#x9B; Bei PCS k\u00f6nnen Sie Dolmetscherkabinen in verschiedenen Gr\u00f6\u00dfen und Ausf\u00fchrungen kaufen. Die Kabinen haben beste Werte bei der Schalld\u00e4mmung. Sie k\u00f6nnen je nach Platzbedarf und Anforderung flexibel zusammengestellt werden und sind durch ein einfaches Stecksystem schnell auf- und abgebaut. Unsere Dolmetscherkabinen sind sowohl an einem festen Standort als [&hellip;]<\/p>","protected":false},"author":1,"featured_media":45482,"parent":0,"menu_order":0,"comment_status":"closed","ping_status":"closed","template":"page-right-sidebar.php","meta":{"_acf_changed":false,"footnotes":""},"class_list":["post-13239","page","type-page","status-publish","has-post-thumbnail","hentry"],"acf":[],"_links":{"self":[{"href":"https:\/\/konferenztechnik.de\/pl\/wp-json\/wp\/v2\/pages\/13239","targetHints":{"allow":["GET"]}}],"collection":[{"href":"https:\/\/konferenztechnik.de\/pl\/wp-json\/wp\/v2\/pages"}],"about":[{"href":"https:\/\/konferenztechnik.de\/pl\/wp-json\/wp\/v2\/types\/page"}],"author":[{"embeddable":true,"href":"https:\/\/konferenztechnik.de\/pl\/wp-json\/wp\/v2\/users\/1"}],"replies":[{"embeddable":true,"href":"https:\/\/konferenztechnik.de\/pl\/wp-json\/wp\/v2\/comments?post=13239"}],"version-history":[{"count":0,"href":"https:\/\/konferenztechnik.de\/pl\/wp-json\/wp\/v2\/pages\/13239\/revisions"}],"wp:featuredmedia":[{"embeddable":true,"href":"https:\/\/konferenztechnik.de\/pl\/wp-json\/wp\/v2\/media\/45482"}],"wp:attachment":[{"href":"https:\/\/konferenztechnik.de\/pl\/wp-json\/wp\/v2\/media?parent=13239"}],"curies":[{"name":"wp","href":"https:\/\/api.w.org\/{rel}","templated":true}]}}