{"id":141,"date":"2013-06-25T11:07:51","date_gmt":"2013-06-25T09:07:51","guid":{"rendered":"https:\/\/pcs-miete.de\/?page_id=141"},"modified":"2023-09-01T13:22:07","modified_gmt":"2023-09-01T11:22:07","slug":"o-nas","status":"publish","type":"page","link":"https:\/\/konferenztechnik.de\/pl\/o-nas\/","title":{"rendered":"O nas"},"content":{"rendered":"<h1>O nas<\/h1>\n<p>[rev_slider overuns]<br \/>\n[spacer size=\"20\u2033]<\/p>\n<p>[column size=\"1-2\u2033 last=\"0\u2033]<\/p>\n<p>PCS obs\u0142uguje konferencje i spotkania na ca\u0142ym \u015bwiecie od 1995 r. Jeste\u015bmy partnerem w zakresie wynajmu, sprzeda\u017cy i serwisu sprz\u0119tu do t\u0142umacze\u0144 ustnych i technologii konferencyjnych. Wsp\u00f3\u0142pracujemy z najbardziej renomowanymi t\u0142umaczami ustnymi, aby zapewni\u0107 niezawodne, wysokiej jako\u015bci t\u0142umaczenia \u2013, niezale\u017cnie od tego, jak trudny jest temat. Od pocz\u0105tku naszej dzia\u0142alno\u015bci, czerpali\u015bmy rado\u015b\u0107 ze szczeg\u00f3lnej atmosfery panuj\u0105cej na konferencjach i z pe\u0142nym zaanga\u017cowaniem wspierali\u015bmy naszych klient\u00f3w, za ka\u017cdym razem wykorzystuj\u0105c nasze wieloletnie do\u015bwiadczenie. W 2006 roku firma PCS rozszerzy\u0142a swoj\u0105 dzia\u0142alno\u015b\u0107, oferuj\u0105c sta\u0142e instalacje i sprzeda\u017c sprz\u0119tu do t\u0142umacze\u0144 ustnych, system\u00f3w dyskusyjnych oraz technologii konferencyjnych i medialnych.<\/p>\n<p>[\/column]<\/p>\n<p>[column size=\"1-2\u2033 last=\"1\u2033]<\/p>\n<p>Nasz zesp\u00f3\u0142 sk\u0142ada si\u0119 g\u0142\u00f3wnie z zatrudnionych na sta\u0142e ekspert\u00f3w z r\u00f3\u017cnych dziedzin sektora audiowizualnego: in\u017cynier\u00f3w, ekspert\u00f3w ds. technologii eventowych, wykwalifikowanych elektryk\u00f3w, programist\u00f3w i technik\u00f3w eventowych. Mo\u017cemy r\u00f3wnie\u017c zapewni\u0107 niezawodne planowanie, profesjonalne rozwi\u0105zania i dok\u0142adnie wykonan\u0105 prac\u0119. Dzi\u0119ki rozbudowanemu zapleczu warsztatowemu i dobrze wyszkolonemu zespo\u0142owi konserwacyjnemu zapewniamy sta\u0142e wsparcie. Nieustannie d\u0105\u017cymy do zapewnienia najlepszej mo\u017cliwej satysfakcji klienta. R\u00f3wne partnerstwo mi\u0119dzy nami a naszymi klientami, dostawcami i pracownikami gwarantuje powodzenie projektu i stanowi strategiczn\u0105 podstaw\u0119 naszego d\u0142ugoterminowego sukcesu.<\/p>\n<p>[\/column]<\/p>\n<p><img decoding=\"async\" src=\"https:\/\/konferenztechnik.de\/wp-content\/uploads\/2018\/01\/poster-pcs.png\" alt=\"pcs-poster\" class=\"alignnone size-full wp-image-8180\" title=\"\"><\/p>","protected":false},"excerpt":{"rendered":"<p>About Us [rev_slider ueberuns] [spacer size=&#8220;20&#8243;] [column size=&#8220;1-2&#8243; last=&#8220;0&#8243;] PCS has been supporting conferences and meetings around the world since 1995. We are your partner for hire, sales and service of interpreting equipment and conference technology. We work with the most renowned interpreters to provide you with reliable, high-quality translations \u2013 no matter how challenging [&hellip;]<\/p>","protected":false},"author":1,"featured_media":45482,"parent":0,"menu_order":256,"comment_status":"closed","ping_status":"open","template":"","meta":{"_acf_changed":false,"footnotes":""},"class_list":["post-141","page","type-page","status-publish","has-post-thumbnail","hentry"],"acf":[],"_links":{"self":[{"href":"https:\/\/konferenztechnik.de\/pl\/wp-json\/wp\/v2\/pages\/141","targetHints":{"allow":["GET"]}}],"collection":[{"href":"https:\/\/konferenztechnik.de\/pl\/wp-json\/wp\/v2\/pages"}],"about":[{"href":"https:\/\/konferenztechnik.de\/pl\/wp-json\/wp\/v2\/types\/page"}],"author":[{"embeddable":true,"href":"https:\/\/konferenztechnik.de\/pl\/wp-json\/wp\/v2\/users\/1"}],"replies":[{"embeddable":true,"href":"https:\/\/konferenztechnik.de\/pl\/wp-json\/wp\/v2\/comments?post=141"}],"version-history":[{"count":0,"href":"https:\/\/konferenztechnik.de\/pl\/wp-json\/wp\/v2\/pages\/141\/revisions"}],"wp:featuredmedia":[{"embeddable":true,"href":"https:\/\/konferenztechnik.de\/pl\/wp-json\/wp\/v2\/media\/45482"}],"wp:attachment":[{"href":"https:\/\/konferenztechnik.de\/pl\/wp-json\/wp\/v2\/media?parent=141"}],"curies":[{"name":"wp","href":"https:\/\/api.w.org\/{rel}","templated":true}]}}