{"id":14162,"date":"2018-10-30T11:39:11","date_gmt":"2018-10-30T10:39:11","guid":{"rendered":"https:\/\/www.konferenztechnik.de\/?page_id=14162"},"modified":"2018-10-30T11:39:11","modified_gmt":"2018-10-30T10:39:11","slug":"wynajem-odbiornika-konferencyjnego","status":"publish","type":"page","link":"https:\/\/konferenztechnik.de\/pl\/wynajem-odbiornika-konferencyjnego\/","title":{"rendered":"Wynajem odbiornika konferencyjnego"},"content":{"rendered":"<h1>Wynajem odbiornik\u00f3w konferencyjnych: Odbiorniki i s\u0142uchawki na konferencje z t\u0142umaczeniem symultanicznym<\/h1>\n<p>Wynajmuj od nas odbiorniki konferencyjne na konferencje, spotkania i kongresy ka\u017cdej wielko\u015bci. Nasze nowoczesne odbiorniki s\u0105 niezawodne, \u0142atwe w u\u017cyciu i wygodne w noszeniu. Odbiorniki konferencyjne mog\u0105 odbiera\u0107 do 32 kana\u0142\u00f3w g\u0142osowych jednocze\u015bnie. Mog\u0105 by\u0107 u\u017cywane zar\u00f3wno w ma\u0142ych salach konferencyjnych, jak i w du\u017cych salach konferencyjnych i wystawowych. Mo\u017cesz r\u00f3wnie\u017c wynaj\u0105\u0107 od nas niezb\u0119dn\u0105 technologi\u0119 transmisji (cyfrow\u0105 podczerwie\u0144, technologi\u0119 radiow\u0105 UHF lub DECT), systemy t\u0142umacze\u0144 ustnych i kabiny do t\u0142umacze\u0144 ustnych. Z przyjemno\u015bci\u0105 przedstawimy ofert\u0119 na poszczeg\u00f3lne komponenty lub kompletny system.<\/p>\n<div class=\"call-action-slider-img\">\n<img decoding=\"async\" src=\"https:\/\/konferenztechnik.de\/wp-content\/uploads\/2018\/10\/konferenzempfaenger-mieten-bei-PCS-1.jpg\" alt=\"Wynajem odbiornik\u00f3w konferencyjnych od PCS\" class=\"alignleft size-full wp-image-14171\" title=\"\"><br \/>\n<button class=\"btn popmake-14167\">Pro\u015bba o wycen\u0119,<br \/>w ci\u0105gu jednej godziny<br \/>z tob\u0105! &#x9B;<\/button>\n<\/div>\n<h2>Wynajem odbiornik\u00f3w bez minimalnej ilo\u015bci zam\u00f3wienia<\/h2>\n<p>Nawiasem m\u00f3wi\u0105c, w PCS nie ma minimalnej ilo\u015bci zam\u00f3wienia. Je\u015bli potrzebujesz tylko jednego odbiornika, musisz zap\u0142aci\u0107 tylko za jeden odbiornik. To bardzo proste.<\/p>\n<h2>Odbiornik podczerwieni i odbiornik radiowy do t\u0142umaczenia<\/h2>\n<p>PCS Konferenztechnik wynajmuje zar\u00f3wno cyfrowe odbiorniki podczerwieni, jak i odbiorniki radiowe na potrzeby konferencji z udzia\u0142em t\u0142umaczy symultanicznych. Dobieramy odpowiedni\u0105 technologi\u0119 transmisji do warunk\u00f3w przestrzennych i przesy\u0142anego sygna\u0142u. <\/p>\n<h2>Cyfrowa transmisja w podczerwieni na potrzeby konferencji<\/h2>\n<p>Sygna\u0142y podczerwieni s\u0105 przesy\u0142ane cyfrowo. Umo\u017cliwia to jednoczesne przesy\u0142anie sygna\u0142\u00f3w o najwy\u017cszej jako\u015bci d\u017awi\u0119ku i bardzo du\u017cym zasi\u0119gu transmisji. Dzi\u0119ki wysokiej jasno\u015bci mo\u017cna pokry\u0107 du\u017ce obszary za pomoc\u0105 zaledwie kilku emiter\u00f3w podczerwieni. Sygna\u0142 jest niewra\u017cliwy na \u015bwiat\u0142o i mo\u017ce by\u0107 u\u017cywany nawet na zewn\u0105trz.<\/p>\n<h2>Odbiornik radiowy UHF do konferencji<\/h2>\n<p>W firmie PCS mo\u017cna wynaj\u0105\u0107 nowoczesne odbiorniki radiowe UHF. Odbiorniki maj\u0105 du\u017cy zasi\u0119g, nawet w du\u017cych budynkach i halach. Odbiorniki nadaj\u0105 w wolnym od rejestracji pa\u015bmie ISM. W zakresie od 863 do 865 MHz mog\u0105 by\u0107 z \u0142atwo\u015bci\u0105 u\u017cywane r\u00f3wnolegle z profesjonalnymi mikrofonami radiowymi bez powodowania zak\u0142\u00f3ce\u0144 lub innych zak\u0142\u00f3ce\u0144.<\/p>\n<p><img decoding=\"async\" src=\"https:\/\/konferenztechnik.de\/wp-content\/uploads\/2018\/10\/Empfaenger-mieten-bei-pcs-1.jpg\" alt=\"Wynajem odbiornik\u00f3w od PCS\" class=\"alignleft size-full wp-image-14175\" title=\"\"><\/p>\n<h2>Wynajem s\u0142uchawek do odbiornik\u00f3w konferencyjnych<\/h2>\n<p>W PCS mo\u017cesz wypo\u017cyczy\u0107 s\u0142uchawki w du\u017cych ilo\u015bciach. Oferujemy trzy rodzaje s\u0142uchawek:<br \/>\nPojedyncza s\u0142uchawka<br \/>\nS\u0142uchawki jednouszne s\u0105 szczeg\u00f3lnie przydatne podczas dyskusji przy okr\u0105g\u0142ym stole lub dyskusji panelowych; wsz\u0119dzie tam, gdzie uczestnicy musz\u0105 szybko s\u0142ysze\u0107 zar\u00f3wno s\u0142owo m\u00f3wione w pomieszczeniu, jak i t\u0142umaczenie.<\/p>\n<p>2. s\u0142uchawki mono<br \/>\nS\u0142uchawki mono s\u0105 zawsze idealne, gdy transmitowana jest prawie wy\u0142\u0105cznie mowa. Nasze s\u0142uchawki mono maj\u0105 dwie s\u0142uchawki, z kt\u00f3rych przesy\u0142any jest ten sam sygna\u0142.<\/p>\n<p>3. s\u0142uchawki stereo<br \/>\nS\u0142uchawki stereo mog\u0105 by\u0107 u\u017cywane uniwersalnie. Nadaj\u0105 si\u0119 zar\u00f3wno do transmisji mowy, jak i muzyki czy d\u017awi\u0119ku filmowego.<\/p>\n<h2>Przesy\u0142anie sygna\u0142\u00f3w audio w stereo<\/h2>\n<p>Nasze odbiorniki podczerwieni i DECT mog\u0105 by\u0107 u\u017cywane do s\u0142uchania sygna\u0142\u00f3w w jako\u015bci stereo i CD. Umo\u017cliwia to na przyk\u0142ad transmisj\u0119 muzyki, d\u017awi\u0119ku filmowego lub podobnych sygna\u0142\u00f3w, kt\u00f3re wymagaj\u0105 szczeg\u00f3lnie dobrego d\u017awi\u0119ku. Obszary zastosowa\u0144 obejmuj\u0105 wieloj\u0119zyczne filmy kinowe, spacery audio, ciche dyskoteki, nieme prezentacje lub przedstawienia teatralne. Odbiorniki umo\u017cliwiaj\u0105 r\u00f3wnie\u017c korzystanie z w\u0142asnych s\u0142uchawek.<\/p>\n<h2>Wynajem kompletnych system\u00f3w t\u0142umacze\u0144 ustnych od PCS<\/h2>\n<p>Oferujemy wynajem kompletnych system\u00f3w do t\u0142umacze\u0144 ustnych. Obejmuj\u0105 one kabiny do t\u0142umacze\u0144 ustnych, centra t\u0142umacze\u0144 ustnych, pulpity do t\u0142umacze\u0144 ustnych, technologi\u0119 transmisji i odbiorniki konferencyjne. Oferujemy r\u00f3wnie\u017c wynajem sprz\u0119tu audio i wideo. Zesp\u00f3\u0142 planowania projekt\u00f3w PCS wesprze Ci\u0119 w technicznym planowaniu i realizacji konferencji lub wydarzenia. Nasi wyszkoleni technicy z przyjemno\u015bci\u0105 zajm\u0105 si\u0119 monta\u017cem i demonta\u017cem, a tak\u017ce wsparciem technicznym.<\/p>\n<h2>Inne technologie konferencyjne i do t\u0142umacze\u0144 ustnych z naszej oferty<\/h2>\n<div id=\"newscontainer\">\n<div class=\"newskasten\"><a href=\"https:\/\/konferenztechnik.de\/pl\/wynajem-sprzetu-konferencyjnego\/systemy-tlumaczen-ustnych\/\">Systemy t\u0142umacze\u0144 ustnych<br \/>\n<img fetchpriority=\"high\" decoding=\"async\" width=\"410\" height=\"304\" src=\"https:\/\/konferenztechnik.de\/wp-content\/uploads\/2017\/05\/dolmetscheranlagen-mieten.jpg\" alt=\"Wynajem system\u00f3w t\u0142umacze\u0144 ustnych - PCS Konferenztechnik\" class=\"alignleft size-full wp-image-10339\" title=\"\" srcset=\"https:\/\/konferenztechnik.de\/wp-content\/uploads\/2017\/05\/dolmetscheranlagen-mieten.jpg 410w, https:\/\/konferenztechnik.de\/wp-content\/uploads\/2017\/05\/dolmetscheranlagen-mieten-300x222.jpg 300w\" sizes=\"(max-width: 410px) 100vw, 410px\" \/><br \/>\n<\/a><br \/>\n[clear]<br \/>\n[list icon=\"moon-checkmark\" color=\"#a62055\u2033]Dopasowanie kabiny[\/list]<br \/>\n[list icon=\"moon-checkmark\" color=\"#a62055\u2033]Nowoczesne systemy[\/list]<br \/>\n[list icon=\"moon-checkmark\" color=\"#a62055\u2033]Du\u017ca ilo\u015b\u0107[\/list]<\/p>\n<p><a class=\"weiter\" href=\"https:\/\/konferenztechnik.de\/pl\/wynajem-sprzetu-konferencyjnego\/systemy-tlumaczen-ustnych\/\">\u203a Wi\u0119cej<\/a><\/div>\n<div class=\"newskasten\"><a href=\"https:\/\/konferenztechnik.de\/pl\/wynajem-sprzetu-konferencyjnego\/udogodnienia-do-dyskusji\/\">Stacje interkomowe<br \/>\n<img decoding=\"async\" width=\"410\" height=\"304\" src=\"https:\/\/konferenztechnik.de\/wp-content\/uploads\/2017\/05\/drahtlose-sprechstellen-mieten.jpg\" alt=\"Wynajem mikrofon\u00f3w bezprzewodowych - PCS Konferenztechnik\" class=\"alignleft size-full wp-image-10340\" title=\"\" srcset=\"https:\/\/konferenztechnik.de\/wp-content\/uploads\/2017\/05\/drahtlose-sprechstellen-mieten.jpg 410w, https:\/\/konferenztechnik.de\/wp-content\/uploads\/2017\/05\/drahtlose-sprechstellen-mieten-300x222.jpg 300w\" sizes=\"(max-width: 410px) 100vw, 410px\" \/><\/a><br \/>\n[clear]<br \/>\n[list icon=\"moon-checkmark\" color=\"#a62055\u2033]Bezprzewodowy[\/list]<br \/>\n[list icon=\"moon-checkmark\" colour=\"#a62055\u2033]Wired[\/list]<br \/>\n[list icon=\"moon-checkmark\" color=\"#a62055\u2033]Digital &amp; Secure[\/list]<\/p>\n<p><a class=\"weiter\" href=\"https:\/\/konferenztechnik.de\/pl\/wynajem-sprzetu-konferencyjnego\/udogodnienia-do-dyskusji\/\">\u203a Wi\u0119cej<\/a><\/div>\n<div class=\"newskasten\"><a href=\"https:\/\/konferenztechnik.de\/pl\/wynajem-sprzetu-konferencyjnego\/technologia-av-mikrofony-systemy-dzwiekowe-projektory\/\">Technologia audio i wideo<br \/>\n<img decoding=\"async\" width=\"410\" height=\"304\" src=\"https:\/\/konferenztechnik.de\/wp-content\/uploads\/2017\/05\/audiotechnik-mieten-pcs.jpg\" alt=\"Wynajem technologii audio - PCS Konferenztechnik\" class=\"alignleft size-full wp-image-10341\" title=\"\" srcset=\"https:\/\/konferenztechnik.de\/wp-content\/uploads\/2017\/05\/audiotechnik-mieten-pcs.jpg 410w, https:\/\/konferenztechnik.de\/wp-content\/uploads\/2017\/05\/audiotechnik-mieten-pcs-300x222.jpg 300w\" sizes=\"(max-width: 410px) 100vw, 410px\" \/><\/a><br \/>\n[clear]<br \/>\n[list icon=\"moon-checkmark\" color=\"#a62055\u2033]Projektory[\/list]<br \/>\n[list icon=\"moon-checkmark\" color=\"#a62055\u2033]Mikrofony[\/list]<br \/>\n[list icon=\"moon-checkmark\" color=\"#a62055\u2033]Nag\u0142o\u015bnienie dowolnego rodzaju[\/list]<\/p>\n<p><a class=\"weiter\" href=\"https:\/\/konferenztechnik.de\/pl\/wynajem-sprzetu-konferencyjnego\/technologia-av-mikrofony-systemy-dzwiekowe-projektory\/\">\u203a Wi\u0119cej<\/a><\/div>\n<\/div>\n<p>[spacer size=\"20\u2033]<\/p>\n<p>[callout add_button=\"no\" button_text=\"Learn More\" button_url=\"#\" button_color=\"#a62055\u2033]<br \/>\nNasi konsultanci projektowi z przyjemno\u015bci\u0105 pomog\u0105 w planowaniu i realizacji wydarzenia. Po prostu skontaktuj si\u0119 z nami.<br \/>\n[\/callout]<\/p>\n<p>[spacer size=\"20\u2033]<br \/>\n[clear]<\/p>\n<div class=\"boxcontainer\">\n<div class=\"box1-4\">\n<div class=\"box-head\">P\u00f3\u0142noc i zach\u00f3d<\/div>\n<p><img loading=\"lazy\" decoding=\"async\" width=\"800\" height=\"533\" src=\"https:\/\/konferenztechnik.de\/wp-content\/uploads\/2013\/09\/monika_van_den_boogaard_pcs-gmbh.jpg\" alt=\"monika_van_den_boogaard_pcs-gmbh\" class=\"alignleft size-full wp-image-2312\" title=\"\" srcset=\"https:\/\/konferenztechnik.de\/wp-content\/uploads\/2013\/09\/monika_van_den_boogaard_pcs-gmbh.jpg 800w, https:\/\/konferenztechnik.de\/wp-content\/uploads\/2013\/09\/monika_van_den_boogaard_pcs-gmbh-300x200.jpg 300w, https:\/\/konferenztechnik.de\/wp-content\/uploads\/2013\/09\/monika_van_den_boogaard_pcs-gmbh-768x512.jpg 768w\" sizes=\"(max-width: 800px) 100vw, 800px\" \/><br \/>\nMonika van den Boogaard<br \/>\nKonsultant ds. projekt\u00f3w Wynajem<br \/>\nTelefon +49 211 737798 10<br \/>\n<span class=\"volleansicht\">e-mail <a href=\"mailto:vandenboogaard@konferenztechnik.de\" onclick=\"ga('send', 'event', 'Email-Klick', 'Kontakt Boogaard');\">pisa\u0107<\/a><br \/><\/span><br \/>\n<span class=\"mobileansicht\">e-mail <a href=\"mailto:vandenboogaard@konferenztechnik.de\" onclick=\"ga('send', 'event', 'Email-Klick', 'Kontakt Boogaard');\">pisa\u0107<\/a><br \/><\/span>\n<\/div>\n<div class=\"box1-4\">\n<div class=\"box-head\">Wsch\u00f3d<\/div>\n<p><img loading=\"lazy\" decoding=\"async\" width=\"2316\" height=\"1543\" src=\"https:\/\/konferenztechnik.de\/wp-content\/uploads\/2017\/05\/sebastian-meyer-pcs-gmbh.jpg\" alt=\"Sebastian Meyer PCS GmbH - Dyspozycja\" class=\"alignleft size-full wp-image-10048\" title=\"\" srcset=\"https:\/\/konferenztechnik.de\/wp-content\/uploads\/2017\/05\/sebastian-meyer-pcs-gmbh.jpg 2316w, https:\/\/konferenztechnik.de\/wp-content\/uploads\/2017\/05\/sebastian-meyer-pcs-gmbh-300x200.jpg 300w, https:\/\/konferenztechnik.de\/wp-content\/uploads\/2017\/05\/sebastian-meyer-pcs-gmbh-1024x682.jpg 1024w, https:\/\/konferenztechnik.de\/wp-content\/uploads\/2017\/05\/sebastian-meyer-pcs-gmbh-768x512.jpg 768w, https:\/\/konferenztechnik.de\/wp-content\/uploads\/2017\/05\/sebastian-meyer-pcs-gmbh-1536x1023.jpg 1536w, https:\/\/konferenztechnik.de\/wp-content\/uploads\/2017\/05\/sebastian-meyer-pcs-gmbh-2048x1364.jpg 2048w\" sizes=\"(max-width: 2316px) 100vw, 2316px\" \/><br \/>\nSebastian Meyer<br \/>\nKonsultant ds. projekt\u00f3w Wynajem<br \/>\nTelefon +49 30 6959690 15<br \/>\n<span class=\"volleansicht\">e-mail <a href=\"mailto:meyer@konferenztechnik.de\" onclick=\"ga('send', 'event', 'Email-Klick', 'Kontakt Meyer');\">pisa\u0107<\/a><br \/><\/span><br \/>\n<span class=\"mobileansicht\">e-mail <a href=\"mailto:meyer@konferenztechnik.de\" onclick=\"ga('send', 'event', 'Email-Klick', 'Kontakt Meyer');\">pisa\u0107<\/a><br \/><\/span>\n<\/div>\n<div class=\"box1-4\">\n<div class=\"box-head\">Po\u0142udnie<\/div>\n<p><img loading=\"lazy\" decoding=\"async\" width=\"800\" height=\"533\" src=\"https:\/\/konferenztechnik.de\/wp-content\/uploads\/2013\/09\/sebastian_gegusch_pcs-gmbh.jpg\" alt=\"Sebastian Gegusch PCS-GmbH\" class=\"alignleft size-full wp-image-3153\" title=\"\" srcset=\"https:\/\/konferenztechnik.de\/wp-content\/uploads\/2013\/09\/sebastian_gegusch_pcs-gmbh.jpg 800w, https:\/\/konferenztechnik.de\/wp-content\/uploads\/2013\/09\/sebastian_gegusch_pcs-gmbh-300x200.jpg 300w, https:\/\/konferenztechnik.de\/wp-content\/uploads\/2013\/09\/sebastian_gegusch_pcs-gmbh-768x512.jpg 768w\" sizes=\"(max-width: 800px) 100vw, 800px\" \/><br \/>\nSebastian Gegusch<br \/>\nZarz\u0105dzanie projektami i planowanie<br \/>\nTelefon +49 89 248830021<br \/>\n<span class=\"volleansicht\">e-mail <a href=\"mailto:gegusch@konferenztechnik.de\" onclick=\"ga('send', 'event', 'Email-Klick', 'Kontakt Gegusch');\">pisa\u0107<\/a><br \/><\/span><br \/>\n<span class=\"mobileansicht\">e-mail <a href=\"mailto:gegusch@konferenztechnik.de\" onclick=\"ga('send', 'event', 'Email-Klick', 'Kontakt Gegusch');\">pisa\u0107<\/a><br \/><\/span>\n<\/div>\n<div class=\"box1-4-empty\">\n<\/div>\n<\/div>","protected":false},"excerpt":{"rendered":"<p>Konferenzempf\u00e4nger mieten: Empf\u00e4nger und Kopfh\u00f6rer f\u00fcr Konferenzen mit Simultan\u00fcbersetzung Mieten Sie bei PCS Konferenzempf\u00e4nger f\u00fcr Konferenzen, Tagungen und Kongresse jeder Gr\u00f6\u00dfenordnung. Unsere modernen Empf\u00e4nger sind zuverl\u00e4ssig, einfach zu bedienen und bieten einen hohen Tragekomfort. Mit den Konferenzempf\u00e4ngern k\u00f6nnen bis zu 32 Sprach-Kan\u00e4le gleichzeitig empfangen werden. Sie k\u00f6nnen sowohl in kleinen Tagungsr\u00e4umen als auch in gro\u00dfen [&hellip;]<\/p>","protected":false},"author":1,"featured_media":45482,"parent":0,"menu_order":0,"comment_status":"closed","ping_status":"closed","template":"page-right-sidebar.php","meta":{"_acf_changed":false,"footnotes":""},"class_list":["post-14162","page","type-page","status-publish","has-post-thumbnail","hentry"],"acf":[],"_links":{"self":[{"href":"https:\/\/konferenztechnik.de\/pl\/wp-json\/wp\/v2\/pages\/14162","targetHints":{"allow":["GET"]}}],"collection":[{"href":"https:\/\/konferenztechnik.de\/pl\/wp-json\/wp\/v2\/pages"}],"about":[{"href":"https:\/\/konferenztechnik.de\/pl\/wp-json\/wp\/v2\/types\/page"}],"author":[{"embeddable":true,"href":"https:\/\/konferenztechnik.de\/pl\/wp-json\/wp\/v2\/users\/1"}],"replies":[{"embeddable":true,"href":"https:\/\/konferenztechnik.de\/pl\/wp-json\/wp\/v2\/comments?post=14162"}],"version-history":[{"count":0,"href":"https:\/\/konferenztechnik.de\/pl\/wp-json\/wp\/v2\/pages\/14162\/revisions"}],"wp:featuredmedia":[{"embeddable":true,"href":"https:\/\/konferenztechnik.de\/pl\/wp-json\/wp\/v2\/media\/45482"}],"wp:attachment":[{"href":"https:\/\/konferenztechnik.de\/pl\/wp-json\/wp\/v2\/media?parent=14162"}],"curies":[{"name":"wp","href":"https:\/\/api.w.org\/{rel}","templated":true}]}}