{"id":1565,"date":"2013-08-30T15:12:58","date_gmt":"2013-08-30T13:12:58","guid":{"rendered":"https:\/\/konferenztechnik.de\/?page_id=1565"},"modified":"2013-08-30T15:12:58","modified_gmt":"2013-08-30T13:12:58","slug":"instalacja-listy-referencyjnej","status":"publish","type":"page","link":"https:\/\/konferenztechnik.de\/pl\/o-nas-2\/instalacja-listy-referencyjnej\/","title":{"rendered":"Lista referencyjna instalacji"},"content":{"rendered":"<h1>Lista referencyjna instalacji<\/h1>\n<ul>\n<li>1) FC Union Berlin e.V.<\/li>\n<li>Adolf W\u00fcrth GmbH &amp; Co. KG Siedziba Grupy K\u00fcnzelsau<\/li>\n<li>Answers GmbH \u2013 Berlin<\/li>\n<li>August Storck KG Berlin<\/li>\n<li>A\u00dcW Allg\u00e4uer \u00dcberlandwerk GmbH Kempten<\/li>\n<li>Ardex GmbH \u2013 Witten<\/li>\n<li>Katedra w Berlinie Berlin<\/li>\n<li>Uniwersytet Nauk Stosowanych Beuth w Berlinie<\/li>\n<li>Ambasada Stan\u00f3w Zjednoczonych Berlin<\/li>\n<li>Federalne Ministerstwo Pracy i Spraw Socjalnych Berlin<\/li>\n<li>Rada Federalna Berlin<\/li>\n<li>CBC Cologne Broadcasting Centre GmbH Kolonia<\/li>\n<li>Centrum kongresowe CCH w Hamburgu<\/li>\n<li>Centrum kongresowe CCD D\u00fcsseldorf Messe D\u00fcsseldorf<\/li>\n<li>DEGES Deutsche Einheit Fernstra\u00dfenplanungs- und -bau GmbH Berlin<\/li>\n<li>Deutsche Apotheker- und \u00c4rztebank Siedziba g\u0142\u00f3wna D\u00fcsseldorf<\/li>\n<li>Deutsche Bank AG Siedziba g\u0142\u00f3wna Frankfurt nad Menem<\/li>\n<li>Deutschlandradio Berlin<\/li>\n<li>Ecolab Niemcy Monheim<\/li>\n<li>Akademia Europejska w Berlinie<\/li>\n<li>Fundacja Fritza Thyssena \u2013 Niemiecki Instytut Historyczny w Moskwie<\/li>\n<li>Fundacja Fritza Thyssena \u2013 Dom Fundacji Fritza Thyssena \u2013 Kolonia<\/li>\n<li>GEA Refrigeration Germany GmbH \u2013 Berlin<\/li>\n<li>Gmina Burbach<\/li>\n<li>Gmina Dossenheim<\/li>\n<li>Fundacja Gerdy Henkel w D\u00fcsseldorfie<\/li>\n<li>GSK Stockmann &amp; Kollegen kancelaria prawna biuro w Berlinie<\/li>\n<li>Hostel Cologne \u2013 Kolonia<\/li>\n<li>Instytut Iberoameryka\u0144ski w Berlinie<\/li>\n<li>Istituto Italiano di Cultura (W\u0142oski Instytut Kultury) Berlin<\/li>\n<li>Lokalizacja KfW Bank Berlin<\/li>\n<li>Komatsu Mining Germany GmbH D\u00fcsseldorf<\/li>\n<li>Okr\u0119gowa Kasa Oszcz\u0119dno\u015bci w Heilbronn<\/li>\n<li>Krajowy Urz\u0105d Zdrowia i Spraw Spo\u0142ecznych w Berlinie (LAGeSo)<\/li>\n<li>Okr\u0119g Odra-Szprewa<\/li>\n<li>Okr\u0119g Stendal<\/li>\n<li>MAN Truck &amp; Bus Deutschland GmbH Berlin<\/li>\n<li>Muzeum Komunikacji w Berlinie<\/li>\n<li>Muzeum Kunstpalast D\u00fcsseldorf<\/li>\n<li>Normfest GmbH Velbert<\/li>\n<li>Ratusz Alt Landsberg Brandenburgia<\/li>\n<li>Ratusz Falkensee Falkensee<\/li>\n<li>Rauch M\u00f6belwerke GmbH Freudenberg<\/li>\n<li>Robert Schumann Hall D\u00fcsseldorf<\/li>\n<li>Sekretariat Sta\u0142ej Konferencji Ministr\u00f3w Edukacji i Kultury Berlin<\/li>\n<li>Senacki Departament Pracy, Integracji i Spraw Kobiet Berlin<\/li>\n<li>Departament Senatu ds. Ekonomii, Technologii i Bada\u0144 w Berlinie<\/li>\n<li>Miasto Mettmann<\/li>\n<li>Vodafone Services Group GmbH \u2013 Ratingen<\/li>\n<li>Weiss-Druck GmbH &amp; Co. KG \u2013 Monschau<\/li>\n<li>WILO AG Dortmund<\/li>\n<li>ZDF Mainz<\/li>\n<\/ul>","protected":false},"excerpt":{"rendered":"<p>Referencje Instalacja i sprzeda\u017c 1. FC Union Berlin e.V. Adolf W\u00fcrth GmbH &amp; Co. KG Siedziba g\u0142\u00f3wna K\u00fcnzelsau Answers GmbH \u2013 Berlin August Storck KG Berlin A\u00dcW Allg\u00e4uer \u00dcberlandwerk GmbH Kempten Ardex GmbH \u2013 Witten Berliner Dom Berlin Beuth Hochschule f\u00fcr Technik Berlin Ambasada Stan\u00f3w Zjednoczonych Berlin Federalne Ministerstwo Pracy i Spraw Socjalnych Berlin Bundesrat Berlin [...]<\/p>","protected":false},"author":1,"featured_media":45482,"parent":12,"menu_order":185,"comment_status":"closed","ping_status":"open","template":"page-right-sidebar.php","meta":{"_acf_changed":false,"footnotes":""},"class_list":["post-1565","page","type-page","status-publish","has-post-thumbnail","hentry"],"acf":[],"_links":{"self":[{"href":"https:\/\/konferenztechnik.de\/pl\/wp-json\/wp\/v2\/pages\/1565","targetHints":{"allow":["GET"]}}],"collection":[{"href":"https:\/\/konferenztechnik.de\/pl\/wp-json\/wp\/v2\/pages"}],"about":[{"href":"https:\/\/konferenztechnik.de\/pl\/wp-json\/wp\/v2\/types\/page"}],"author":[{"embeddable":true,"href":"https:\/\/konferenztechnik.de\/pl\/wp-json\/wp\/v2\/users\/1"}],"replies":[{"embeddable":true,"href":"https:\/\/konferenztechnik.de\/pl\/wp-json\/wp\/v2\/comments?post=1565"}],"version-history":[{"count":0,"href":"https:\/\/konferenztechnik.de\/pl\/wp-json\/wp\/v2\/pages\/1565\/revisions"}],"up":[{"embeddable":true,"href":"https:\/\/konferenztechnik.de\/pl\/wp-json\/wp\/v2\/pages\/12"}],"wp:featuredmedia":[{"embeddable":true,"href":"https:\/\/konferenztechnik.de\/pl\/wp-json\/wp\/v2\/media\/45482"}],"wp:attachment":[{"href":"https:\/\/konferenztechnik.de\/pl\/wp-json\/wp\/v2\/media?parent=1565"}],"curies":[{"name":"wp","href":"https:\/\/api.w.org\/{rel}","templated":true}]}}