{"id":15768,"date":"2020-03-03T15:58:42","date_gmt":"2020-03-03T14:58:42","guid":{"rendered":"https:\/\/www.konferenztechnik.de\/?page_id=15768"},"modified":"2023-07-05T10:55:57","modified_gmt":"2023-07-05T08:55:57","slug":"wideokonferencja","status":"publish","type":"page","link":"https:\/\/konferenztechnik.de\/pl\/wideokonferencja\/","title":{"rendered":"Wideokonferencja"},"content":{"rendered":"<h1>Wynajem wideokonferencji \u2013 Wirtualne konferencje na ca\u0142ym \u015bwiecie<\/h1>\n<h2>Szybka i elastyczna komunikacja na ca\u0142ym \u015bwiecie. Networking pracownik\u00f3w, wirtualne spotkania i konferencje<\/h2>\n<div class=\"call-action-slider-img\"><img decoding=\"async\" class=\"alignleft size-full wp-image-15812\" src=\"https:\/\/konferenztechnik.de\/wp-content\/uploads\/2020\/03\/videokonferenz-technik-mieten-1.jpg\" alt=\"Wynajem technologii wideokonferencyjnej od PCS\" title=\"\"><br \/>\n<button class=\"btn btn-nopic popmake-14167\">Zapytaj teraz \u203a<\/button><\/div>\n<p>Jeste\u015bmy dostawc\u0105 technologii do wideokonferencji. Wynajmij odpowiedni system do swojej wideokonferencji od PCS Konferenztechnik. Wybierz konfiguracj\u0119 zgodnie z wymaganiami i rozmiarem spotkania\/konferencji.<\/p>\n<p>Oferujemy niestandardowe rozwi\u0105zania dla ma\u0142ych spotka\u0144, a tak\u017ce dla spotka\u0144 zarz\u0105du o podwy\u017cszonych wymaganiach w zakresie bezpiecze\u0144stwa, komfortu i funkcjonalno\u015bci. W zale\u017cno\u015bci od aktualnej sytuacji, wszystkie spotkania mog\u0105 r\u00f3wnie\u017c odbywa\u0107 si\u0119 wy\u0142\u0105cznie wirtualnie. Wszyscy uczestnicy do\u0142\u0105czaj\u0105 za po\u015brednictwem klienta ze swoich stacji roboczych. Dzia\u0142a to r\u00f3wnie\u017c z domowego biura.<\/p>\n<p>Mo\u017cemy po\u0142\u0105czy\u0107 t\u0142umaczy symultanicznych dla maksymalnie 10 j\u0119zyk\u00f3w na \u017cywo za po\u015brednictwem naszych HUB-\u00f3w t\u0142umaczeniowych. Wszyscy uczestnicy m\u00f3wi\u0105 w swoim ojczystym j\u0119zyku i mog\u0105 wybra\u0107 odpowiedni kana\u0142 t\u0142umaczenia.<\/p>\n<h2><strong>Te opcje s\u0105 standardowym wyposa\u017ceniem PCS<\/strong><\/h2>\n<p>Wirtualne spotkania na ca\u0142ym \u015bwiecie<br \/>\nNieograniczona liczba widz\u00f3w za po\u015brednictwem transmisji strumieniowej<br \/>\nT\u0142umacze ustni obs\u0142uguj\u0105cy do 32 j\u0119zyk\u00f3w jednocze\u015bnie<br \/>\n300 aktywnych uczestnik\u00f3w (prelegent\u00f3w, prezenter\u00f3w)<\/p>\n<p>9 zdalnych centr\u00f3w t\u0142umacze\u0144 ustnych, tymczasowe centra w ca\u0142ym kraju<br \/>\nWsparcie ze strony technik\u00f3w i moderator\u00f3w<br \/>\nOchrona has\u0142em i szyfrowana transmisja<\/p>\n<p>W przypadku niestandardowych rozwi\u0105za\u0144 z wi\u0119ksz\u0105 liczb\u0105 uczestnik\u00f3w, j\u0119zyk\u00f3w lub innych wymaga\u0144, prosimy o kontakt. Znajdziemy odpowiednie rozwi\u0105zanie.<\/p>\n<h2><b>Wynajem wideokonferencji: Przyk\u0142ady zastosowa\u0144 i opcje techniczne<\/b><\/h2>\n<p>Wideokonferencje s\u0105 zawsze planowane przez nas indywidualnie, technologia jest zazwyczaj konfigurowana i demontowana przez naszych technik\u00f3w i w razie potrzeby wspierana.<\/p>\n<div class=\"bundle-container\">\n<div class=\"bundle-box\"><span class=\"no-hint\">Spontaniczny, elastyczny<\/span><\/p>\n<div class=\"bundle-box-head\"><span class=\"bundle-title\">Podstawy wideokonferencji<\/span><\/div>\n<div class=\"bundle-box-body\">\n<p class=\"text-kleiner\">Ta konfiguracja jest odpowiednia dla mniejszych spotka\u0144 z maksymalnie 8 osobami. Obejmuje sta\u0142\u0105 pozycj\u0119 kamery, mikrofon pokojowy dla wszystkich uczestnik\u00f3w, g\u0142o\u015bnik sto\u0142owy i wy\u015bwietlacz.<\/p>\n<\/div>\n<p>Wy\u015bwietlacz<br \/>\nKamera (d\u0142ugie uj\u0119cie)<br \/>\nMikrofon sto\u0142owy<br \/>\nG\u0142o\u015bnik sto\u0142owy<\/p>\n<p><span class=\"bundle-space popmake-14167\">Zapytaj teraz<\/span><\/p>\n<\/div>\n<div class=\"bundle-box\"><span class=\"no-hint\">Prawie zawsze odpowiednie<\/span><\/p>\n<div class=\"bundle-box-head\"><span class=\"bundle-title\">Standard wideokonferencji<\/span><\/div>\n<div class=\"bundle-box-body\">\n<p class=\"text-kleiner\">Standardowa konfiguracja wideokonferencji jest zalecana dla spotka\u0144 do 15 os\u00f3b. Indywidualnie regulowane pozycje kamery poprawiaj\u0105 widok uczestnik\u00f3w.<\/p>\n<\/div>\n<p>Wy\u015bwietlacz<br \/>\nKamera z indywidualnymi pozycjami plus d\u0142ugie uj\u0119cie<br \/>\nMikrofon sto\u0142owy<br \/>\nG\u0142o\u015bnik sto\u0142owy<\/p>\n<p><span class=\"bundle-space popmake-14167\">Zapytaj teraz<\/span><\/p>\n<\/div>\n<div class=\"bundle-box\"><span class=\"hint\">Nasza rekomendacja<\/span><\/p>\n<div class=\"bundle-box-head\">\n<p><span class=\"bundle-title\">Dodatkowa wideokonferencja<\/span><\/p>\n<\/div>\n<div class=\"bundle-box-body\">\n<p class=\"text-kleiner\">Spotkanie prezesa, posiedzenie rady nadzorczej lub inne wa\u017cne spotkania: indywidualne mikrofony i g\u0142o\u015bniki dla ka\u017cdego uczestnika oraz automatyczne pozycjonowanie kamery po aktywacji mikrofonu.<\/p>\n<\/div>\n<p>Wy\u015bwietlacz<br \/>\nKamera z automatyczn\u0105 pozycj\u0105 g\u0142o\u015bnika<br \/>\nIndywidualny mikrofon sto\u0142owy dla ka\u017cdego uczestnika<br \/>\nG\u0142o\u015bnik zintegrowany z mikrofonem biurkowym<\/p>\n<p><span class=\"bundle-space popmake-14167\">Zapytaj teraz<\/span><\/p>\n<\/div>\n<\/div>\n<p>Zarezerwuj opcjonalne funkcje zgodnie z wymaganiami lub stw\u00f3rz w\u0142asny system:<\/p>\n<div id=\"newscontainer\">\n<div class=\"newskasten\">\n<h3>Funkcja interpretacji<\/h3>\n<p>Integracyjny system t\u0142umacze\u0144 ustnych<br \/>\n<a href=\"https:\/\/konferenztechnik.de\/pl\/tlumaczenie-zdalne-2\/\">Zdalne t\u0142umaczenie ustne<\/a><br \/>\nPrzesy\u0142anie strumieniowe do sieci w razie potrzeby<br \/>\n<a href=\"https:\/\/konferenztechnik.de\/pl\/wynajem-kabin-do-tlumaczen-ustnych\/\">Kabiny do t\u0142umacze\u0144 ustnych<\/a><\/p>\n<\/div>\n<div class=\"newskasten\">\n<h3>Audio i wideo<\/h3>\n<p><a href=\"https:\/\/konferenztechnik.de\/pl\/leksykon\/systemy-dzwiekowe\/\">System d\u017awi\u0119kowy<\/a><br \/>\nNagrywanie d\u017awi\u0119ku i obrazu<br \/>\nProjektory, ekrany<\/p>\n<\/div>\n<div class=\"newskasten\">\n<h3>Streaming<\/h3>\n<p>Streaming audio i wideo<br \/>\nSpersonalizowane logowanie<br \/>\nDost\u0119pny na ca\u0142ym \u015bwiecie<\/p>\n<\/div>\n<\/div>\n<h2>Wideokonferencja z kamer\u0105 DOME<\/h2>\n<p>Pod\u0142\u0105czamy system wideokonferencyjny do kamery DOME. Jest ona poruszana za pomoc\u0105 silnika i automatycznie ustawia ostro\u015b\u0107 na m\u00f3wcy po aktywacji jego mikrofonu. Po zako\u0144czeniu przem\u00f3wienia kamera DOME powraca do swojej pierwotnej pozycji i pokazuje d\u0142ugie uj\u0119cie, tj. ca\u0142\u0105 sal\u0119 konferencyjn\u0105. System ten nadaje si\u0119 zar\u00f3wno do ma\u0142ych, jak i du\u017cych spotka\u0144 i konferencji.<\/p>\n<p><img decoding=\"async\" class=\"alignleft size-full wp-image-15822\" src=\"https:\/\/konferenztechnik.de\/wp-content\/uploads\/2020\/03\/Videokonferenz-mit-DOME-Kamera-1.jpg\" alt=\"Wideokonferencja z u\u017cyciem kamer i mikrofon\u00f3w DOME\" title=\"\"><\/p>\n<h2>R\u00f3\u017cne typy mikrofon\u00f3w i wzmocnienie d\u017awi\u0119ku<\/h2>\n<p>W zale\u017cno\u015bci od wielko\u015bci spotkania lub konferencji dost\u0119pne s\u0105 r\u00f3\u017cne konfiguracje technologii audio. W przypadku mniejszych spotka\u0144 zalecamy mikrofon pokojowy umieszczony na \u015brodku sto\u0142u. Mikrofon ten w r\u00f3wnym stopniu odbiera wypowiedzi wszystkich uczestnik\u00f3w. Zintegrowany g\u0142o\u015bnik jest u\u017cywany do nag\u0142o\u015bnienia. Dodatkowe g\u0142o\u015bniki mog\u0105 by\u0107 r\u00f3wnie\u017c ustawione w celu pokrycia wi\u0119kszego obszaru. Je\u015bli jest kilku uczestnik\u00f3w, mo\u017cna r\u00f3wnie\u017c ustawi\u0107 kilka mikrofon\u00f3w pokojowych.<\/p>\n<p><img fetchpriority=\"high\" decoding=\"async\" width=\"640\" height=\"383\" class=\"alignleft size-full wp-image-15832\" src=\"https:\/\/konferenztechnik.de\/wp-content\/uploads\/2020\/03\/videokonferenz-lautsprecher-mieten.jpg\" alt=\"Wynajem g\u0142o\u015bnik\u00f3w do wideokonferencji\" title=\"\" srcset=\"https:\/\/konferenztechnik.de\/wp-content\/uploads\/2020\/03\/videokonferenz-lautsprecher-mieten.jpg 640w, https:\/\/konferenztechnik.de\/wp-content\/uploads\/2020\/03\/videokonferenz-lautsprecher-mieten-300x180.jpg 300w\" sizes=\"(max-width: 640px) 100vw, 640px\" \/><\/p>\n<p>Mikrofony sto\u0142owe najlepiej sprawdzaj\u0105 si\u0119 w wi\u0119kszych grupach. W takiej konfiguracji ka\u017cdy uczestnik ma w\u0142asny mikrofon, kt\u00f3ry mo\u017ce aktywowa\u0107 i dezaktywowa\u0107 za pomoc\u0105 przycisku. Mo\u017cliwe jest r\u00f3wnie\u017c wsp\u00f3\u0142dzielenie mikrofonu przez dw\u00f3ch uczestnik\u00f3w. Oszcz\u0119dza to miejsce i koszty. Korzystanie z mikrofon\u00f3w sto\u0142owych zwi\u0119ksza jako\u015b\u0107 d\u017awi\u0119ku wyst\u0105pie\u0144. Ponadto szumy t\u0142a s\u0105 lepiej t\u0142umione.<\/p>\n<p><img decoding=\"async\" width=\"640\" height=\"383\" class=\"alignleft size-full wp-image-15836\" src=\"https:\/\/konferenztechnik.de\/wp-content\/uploads\/2020\/03\/videokonferenz-mikrofone-mieten.jpg\" alt=\"Wynajem mikrofon\u00f3w do wideokonferencji\" title=\"\" srcset=\"https:\/\/konferenztechnik.de\/wp-content\/uploads\/2020\/03\/videokonferenz-mikrofone-mieten.jpg 640w, https:\/\/konferenztechnik.de\/wp-content\/uploads\/2020\/03\/videokonferenz-mikrofone-mieten-300x180.jpg 300w\" sizes=\"(max-width: 640px) 100vw, 640px\" \/><\/p>\n<h2>Wideokonferencje i t\u0142umacze ustni<\/h2>\n<p>Nasze systemy konferencyjne oferuj\u0105 opcj\u0119 integracji t\u0142umaczy symultanicznych bezpo\u015brednio z wideokonferencj\u0105. Uczestnicy mog\u0105 s\u0142ucha\u0107 t\u0142umaczenia bezpo\u015brednio przez mikrofony na swoich sto\u0142ach, przez odbiorniki konferencyjne (ze s\u0142uchawkami) lub przez system nag\u0142o\u015bnieniowy (w przypadku t\u0142umaczenia konsekutywnego). T\u0142umacze symultaniczni mog\u0105 pracowa\u0107 z kabiny t\u0142umaczeniowej bezpo\u015brednio na miejscu lub zdalnie, tj. \u0142\u0105cz\u0105c si\u0119 przez Internet.<\/p>\n<p><img decoding=\"async\" width=\"531\" height=\"383\" class=\"alignleft size-full wp-image-15841\" src=\"https:\/\/konferenztechnik.de\/wp-content\/uploads\/2020\/03\/videokonferenz-dolmetscher.jpg\" alt=\"Wideokonferencja z t\u0142umaczami\" title=\"\" srcset=\"https:\/\/konferenztechnik.de\/wp-content\/uploads\/2020\/03\/videokonferenz-dolmetscher.jpg 531w, https:\/\/konferenztechnik.de\/wp-content\/uploads\/2020\/03\/videokonferenz-dolmetscher-300x216.jpg 300w\" sizes=\"(max-width: 531px) 100vw, 531px\" \/><\/p>\n<h2>Wideokonferencja \u2013 Uwaga!<\/h2>\n<p>Istniej\u0105ce szerokopasmowe \u0142\u0105cze internetowe oraz zatwierdzenie\/konfiguracja linii dla naszego systemu przez dzia\u0142 IT s\u0105 warunkami wst\u0119pnymi do obs\u0142ugi system\u00f3w. Ch\u0119tnie doradzimy i wyja\u015bnimy wszystkie pytania z wyprzedzeniem.<\/p>","protected":false},"excerpt":{"rendered":"<p>Videokonferenz mieten &#8211; Virtuelle Konferenzen weltweit Schnelle und flexible Kommunikation weltweit. Mitarbeiter vernetzen, virtuelle Meetings und Konferenzen Jetzt anfragen \u203a Wir sind Anbieter f\u00fcr Technik f\u00fcr Ihre Videokonferenz. Mieten Sie bei PCS Konferenztechnik das passende System f\u00fcr Ihre Videokonferenz. Suchen Sie sich das Setup ganz nach Ihren Vorstellungen und der Gr\u00f6\u00dfe Ihres Meetings\/Ihrer Konferenz aus. [&hellip;]<\/p>","protected":false},"author":1,"featured_media":45482,"parent":0,"menu_order":0,"comment_status":"closed","ping_status":"closed","template":"","meta":{"_acf_changed":false,"footnotes":""},"class_list":["post-15768","page","type-page","status-publish","has-post-thumbnail","hentry"],"acf":[],"_links":{"self":[{"href":"https:\/\/konferenztechnik.de\/pl\/wp-json\/wp\/v2\/pages\/15768","targetHints":{"allow":["GET"]}}],"collection":[{"href":"https:\/\/konferenztechnik.de\/pl\/wp-json\/wp\/v2\/pages"}],"about":[{"href":"https:\/\/konferenztechnik.de\/pl\/wp-json\/wp\/v2\/types\/page"}],"author":[{"embeddable":true,"href":"https:\/\/konferenztechnik.de\/pl\/wp-json\/wp\/v2\/users\/1"}],"replies":[{"embeddable":true,"href":"https:\/\/konferenztechnik.de\/pl\/wp-json\/wp\/v2\/comments?post=15768"}],"version-history":[{"count":0,"href":"https:\/\/konferenztechnik.de\/pl\/wp-json\/wp\/v2\/pages\/15768\/revisions"}],"wp:featuredmedia":[{"embeddable":true,"href":"https:\/\/konferenztechnik.de\/pl\/wp-json\/wp\/v2\/media\/45482"}],"wp:attachment":[{"href":"https:\/\/konferenztechnik.de\/pl\/wp-json\/wp\/v2\/media?parent=15768"}],"curies":[{"name":"wp","href":"https:\/\/api.w.org\/{rel}","templated":true}]}}