{"id":15875,"date":"2020-03-04T15:27:31","date_gmt":"2020-03-04T14:27:31","guid":{"rendered":"https:\/\/www.konferenztechnik.de\/?page_id=15875"},"modified":"2020-03-04T15:27:31","modified_gmt":"2020-03-04T14:27:31","slug":"technologia-streamingu-wypozyczen","status":"publish","type":"page","link":"https:\/\/konferenztechnik.de\/pl\/technologia-streamingu-wypozyczen\/","title":{"rendered":"Technologia strumieniowego wynajmu"},"content":{"rendered":"<h1>Wynajem technologii streamingowej \u2013 Streaming wydarze\u0144, konferencji i spotka\u0144<\/h1>\n<h2>Po\u0142\u0105cz pracownik\u00f3w, klient\u00f3w, dzia\u0142y i oddzia\u0142y firmy na ca\u0142ym \u015bwiecie i wzmocnij komunikacj\u0119 poprzez streaming.<\/h2>\n<div class=\"call-action-slider-img\">\n<img fetchpriority=\"high\" decoding=\"async\" width=\"940\" height=\"411\" src=\"https:\/\/konferenztechnik.de\/wp-content\/uploads\/2013\/09\/b061.jpg\" alt=\"Technologia strumieniowego wynajmu\" class=\"alignleft size-full wp-image-3201\" title=\"\" srcset=\"https:\/\/konferenztechnik.de\/wp-content\/uploads\/2013\/09\/b061.jpg 940w, https:\/\/konferenztechnik.de\/wp-content\/uploads\/2013\/09\/b061-300x131.jpg 300w, https:\/\/konferenztechnik.de\/wp-content\/uploads\/2013\/09\/b061-768x336.jpg 768w\" sizes=\"(max-width: 940px) 100vw, 940px\" \/><br \/>\n<button class=\"btn btn-nopic popmake-14167\">Uzyskaj wycen\u0119 teraz &#x9B;<\/button>\n<\/div>\n<p>Wynajem technologii streamingu od PCS: Strumieniujemy wydarzenia online: transmituj konferencje, spotkania i wydarzenia na \u017cywo w Internecie i udost\u0119pniaj je do p\u00f3\u017aniejszego ogl\u0105dania. Pozw\u00f3l uczestnikom z zagranicy, pracownikom z innych oddzia\u0142\u00f3w, a nawet szerszej publiczno\u015bci \u0142atwo uczestniczy\u0107 w Twoich wydarzeniach.<\/p>\n<h2><strong>Strumieniowe przesy\u0142anie d\u017awi\u0119ku<\/strong><\/h2>\n<div class=\"call-action-slider-img\">\n<img decoding=\"async\" src=\"https:\/\/konferenztechnik.de\/wp-content\/uploads\/2013\/06\/06-ueber-uns-technikerplatz.jpg\" alt=\"Technicy przy pracy.\" width=\"940\" height=\"420\" class=\"size-full wp-image-233\" title=\"\" srcset=\"https:\/\/konferenztechnik.de\/wp-content\/uploads\/2013\/06\/06-ueber-uns-technikerplatz.jpg 940w, https:\/\/konferenztechnik.de\/wp-content\/uploads\/2013\/06\/06-ueber-uns-technikerplatz-300x134.jpg 300w, https:\/\/konferenztechnik.de\/wp-content\/uploads\/2013\/06\/06-ueber-uns-technikerplatz-768x343.jpg 768w\" sizes=\"(max-width: 940px) 100vw, 940px\" \/><br \/>\n<button class=\"btn btn-nopic popmake-14167\">Zapytaj o ceny teraz &#x9B;<\/button>\n<\/div>\n<p>Zapewnij odbiorcom strumie\u0144 audio. Mog\u0105 oni \u015bledzi\u0107 wydarzenie na \u017cywo lub z op\u00f3\u017anieniem.<\/p>\n<h2><strong>Transmisja strumieniowa wideo<\/strong><\/h2>\n<div class=\"call-action-slider-img\">\n<img decoding=\"async\" src=\"https:\/\/konferenztechnik.de\/wp-content\/uploads\/2013\/09\/b02.jpg\" alt=\"Wynajem technologii streamingu od PCS\" width=\"940\" height=\"411\" class=\"alignleft size-full wp-image-3151\" title=\"\" srcset=\"https:\/\/konferenztechnik.de\/wp-content\/uploads\/2013\/09\/b02.jpg 940w, https:\/\/konferenztechnik.de\/wp-content\/uploads\/2013\/09\/b02-300x131.jpg 300w, https:\/\/konferenztechnik.de\/wp-content\/uploads\/2013\/09\/b02-768x336.jpg 768w\" sizes=\"(max-width: 940px) 100vw, 940px\" \/><br \/>\n<button class=\"btn btn-nopic popmake-14167\">Popro\u015b o wycen\u0119 teraz &#x9B;<\/button>\n<\/div>\n<p>Opr\u00f3cz d\u017awi\u0119ku przesy\u0142any jest r\u00f3wnie\u017c obraz. Mo\u017cliwe s\u0105 zar\u00f3wno proste transmisje z zaledwie kilkoma stanowiskami kamerowymi, jak i rozbudowane produkcje z w\u0142asnymi re\u017cyserami obrazu, kamerzystami i mikserami wideo. Wi\u0119cej informacji na temat wideokonferencji mo\u017cna znale\u017a\u0107 tutaj: <a href=\"https:\/\/konferenztechnik.de\/pl\/wideokonferencja\/\">Wynajem technologii wideokonferencji<\/a>.<\/p>\n<h2><strong>Zdalne t\u0142umaczenie ustne<\/strong><\/h2>\n<div class=\"call-action-slider-img\">\n<img loading=\"lazy\" decoding=\"async\" src=\"https:\/\/konferenztechnik.de\/wp-content\/uploads\/2013\/06\/11-simultanevent-konferenztechnik.jpg\" alt=\"Nadz\u00f3r nad jednoczesnymi wydarzeniami, konferencjami i funkcjami.\" width=\"940\" height=\"420\" class=\"size-full wp-image-266\" title=\"\" srcset=\"https:\/\/konferenztechnik.de\/wp-content\/uploads\/2013\/06\/11-simultanevent-konferenztechnik.jpg 940w, https:\/\/konferenztechnik.de\/wp-content\/uploads\/2013\/06\/11-simultanevent-konferenztechnik-300x134.jpg 300w, https:\/\/konferenztechnik.de\/wp-content\/uploads\/2013\/06\/11-simultanevent-konferenztechnik-768x343.jpg 768w\" sizes=\"(max-width: 940px) 100vw, 940px\" \/><br \/>\n<button class=\"btn btn-nopic popmake-14167\">Uzyskaj wycen\u0119 teraz &#x9B;<\/button>\n<\/div>\n<p>Oferujemy zdalne t\u0142umaczenia ustne ze wszystkich oddzia\u0142\u00f3w PCS w ca\u0142ym kraju. W razie potrzeby mo\u017cna skorzysta\u0107 z naszych scentralizowanych centr\u00f3w t\u0142umacze\u0144 zdalnych.<\/p>\n<p>W przypadku t\u0142umacze\u0144 zdalnych (RSI) t\u0142umacze pracuj\u0105 niezale\u017cnie od lokalizacji wydarzenia. Ich miejsce pracy mo\u017ce znajdowa\u0107 si\u0119 w s\u0105siednim pomieszczeniu, w innej cz\u0119\u015bci budynku lub nawet w zupe\u0142nie innej lokalizacji. Jest to znane jako t\u0142umaczenie zdalne. Niezb\u0119dne sygna\u0142y audio i wideo s\u0105 przez nas konwertowane cyfrowo i przesy\u0142ane strumieniowo do dowolnej lokalizacji za po\u015brednictwem sieci budynku lub Internetu, a nast\u0119pnie wysy\u0142ane z powrotem. W idealnym przypadku odbywa si\u0119 to z tak zwanych studi\u00f3w t\u0142umacze\u0144 ustnych (centr\u00f3w t\u0142umacze\u0144 ustnych).<\/p>\n<p><a href=\"https:\/\/konferenztechnik.de\/pl\/tlumaczenie-zdalne-2\/\">Wi\u0119cej informacji<\/a><\/p>\n<h2><strong>Zdalne studio \/ HUB zdalnego t\u0142umaczenia ustnego<\/strong><\/h2>\n<p>Oferujemy teraz studia t\u0142umacze\u0144 ustnych we wszystkich oddzia\u0142ach PCS. Skorzystaj z naszych zdalnych HUB-\u00f3w w Berlinie, Monachium lub D\u00fcsseldorfie, aby Twoje wydarzenie by\u0142o t\u0142umaczone symultanicznie w ca\u0142ym kraju lub na ca\u0142ym \u015bwiecie. Mo\u017cemy r\u00f3wnie\u017c skonfigurowa\u0107 nasze tymczasowe HUB-y w Twojej okolicy lub w najlepszej lokalizacji dla t\u0142umaczy.<\/p>\n<p><a href=\"https:\/\/konferenztechnik.de\/pl\/tlumaczenie-zdalne-2\/\">Wi\u0119cej informacji<\/a><\/p>\n<p>Je\u015bli chcesz korzysta\u0107 z t\u0142umaczenia zdalnego, musisz zapewni\u0107 stanowisko pracy dla t\u0142umaczy, kt\u00f3re jest niezale\u017cne od miejsca wydarzenia. Stanowisko takie mo\u017ce znajdowa\u0107 si\u0119 w s\u0105siednim pomieszczeniu, innej cz\u0119\u015bci budynku lub na zewn\u0105trz. W razie potrzeby mo\u017cemy utworzy\u0107 zewn\u0119trzne, mobilne i tymczasowe centrum t\u0142umacze\u0144 ustnych \u2013, znane r\u00f3wnie\u017c jako \"studio t\u0142umacze\u0144 ustnych\". Studio to zostanie dostosowane pod wzgl\u0119dem wielko\u015bci i zakresu do potrzeb.<\/p>\n<p>Wa\u017cne jest, aby miejsce pracy t\u0142umaczy ustnych spe\u0142nia\u0142o standardy jako\u015bci wymagane dla t\u0142umacze\u0144 symultanicznych. S\u0142owa kluczowe to: Akustyka pomieszczenia, jako\u015b\u0107 strumieni audio i wideo oraz technologia t\u0142umaczenia ustnego. Standardy te s\u0105 regulowane przez normy ISO, kt\u00f3rych u\u017cywamy jako przewodnika podczas tworzenia miejsca pracy. Je\u015bli masz bardziej konkretne pomys\u0142y, mo\u017cemy r\u00f3wnie\u017c skonfigurowa\u0107 HUBy\/studia zgodnie z Twoimi \u017cyczeniami.<\/p>\n<h2><strong>Konferencja telefoniczna<\/strong><\/h2>\n<div class=\"call-action-slider-img\">\n<img loading=\"lazy\" decoding=\"async\" width=\"1024\" height=\"385\" src=\"https:\/\/konferenztechnik.de\/wp-content\/uploads\/2017\/02\/sennheiserteamconnectwireless-1024x385.jpg\" alt=\"\" class=\"alignleft size-large wp-image-9113\" title=\"\" srcset=\"https:\/\/konferenztechnik.de\/wp-content\/uploads\/2017\/02\/sennheiserteamconnectwireless-1024x385.jpg 1024w, https:\/\/konferenztechnik.de\/wp-content\/uploads\/2017\/02\/sennheiserteamconnectwireless-300x113.jpg 300w, https:\/\/konferenztechnik.de\/wp-content\/uploads\/2017\/02\/sennheiserteamconnectwireless-768x288.jpg 768w, https:\/\/konferenztechnik.de\/wp-content\/uploads\/2017\/02\/sennheiserteamconnectwireless.jpg 1201w\" sizes=\"(max-width: 1024px) 100vw, 1024px\" \/><br \/>\n<button class=\"btn btn-nopic popmake-14167\">Popro\u015b o wycen\u0119 teraz &#x9B;<\/button>\n<\/div>\n<p>W przypadku konferencji telefonicznej sygna\u0142 audio jest albo przesy\u0142any strumieniowo przez Internet i w ten spos\u00f3b udost\u0119pniany zdalnej stacji, albo transmisja odbywa si\u0119 za po\u015brednictwem linii telefonicznej. Pracujemy z wysokowydajnymi cyfrowymi (lub analogowymi, je\u015bli to konieczne) hybrydami telefonicznymi lub innymi systemami internetowymi.<\/p>\n<p>[spacer size=\"20\u2033]<br \/>\n[clear]<\/p>\n<div class=\"boxcontainer\">\n<div class=\"box1-4\">\n<div class=\"box-head\">Streaming i RSI<\/div>\n<p><img loading=\"lazy\" decoding=\"async\" width=\"800\" height=\"533\" src=\"https:\/\/konferenztechnik.de\/wp-content\/uploads\/2013\/09\/christian_becker_pcs-gmbh.jpg\" alt=\"christian_becker_pcs-gmbh\" class=\"alignleft size-full wp-image-2293\" title=\"\" srcset=\"https:\/\/konferenztechnik.de\/wp-content\/uploads\/2013\/09\/christian_becker_pcs-gmbh.jpg 800w, https:\/\/konferenztechnik.de\/wp-content\/uploads\/2013\/09\/christian_becker_pcs-gmbh-300x200.jpg 300w, https:\/\/konferenztechnik.de\/wp-content\/uploads\/2013\/09\/christian_becker_pcs-gmbh-768x512.jpg 768w\" sizes=\"(max-width: 800px) 100vw, 800px\" \/><br \/>\nChristian Becker<br \/>\nKierownik ds. wynajmu<br \/>\nTelefon +49 211 737798 17<br \/>\n<span class=\"volleansicht\">e-mail <a href=\"mailto:becker@konferenztechnik.de\" onclick=\"ga('send', 'event', 'Email-Klick', 'Kontakt Becker');\">pisa\u0107<\/a><br \/><\/span><br \/>\n<span class=\"mobileansicht\">e-mail <a href=\"mailto:becker@konferenztechnik.de\" onclick=\"ga('send', 'event', 'Email-Klick', 'Kontakt Becker');\">pisa\u0107<\/a><br \/><\/span>\n<\/div>\n<\/div>","protected":false},"excerpt":{"rendered":"<p>Streaming Technik mieten &#8211; Streaming von Events, Konferenzen und Meetings Mitarbeiter, Kunden, Abteilungen und Firmenniederlassungen weltweit vernetzen und die Kommunikation st\u00e4rken durch Streaming Jetzt Angebot einholen &#x9B; Streaming Technik mieten bei PCS: Wir streamen Ihre Veranstaltung ins Netz: Konferenzen, Tagungen, Meetings und Events live ins Internet streamen und auch sp\u00e4ter abrufbar machen. Lassen Sie internationale [&hellip;]<\/p>","protected":false},"author":1,"featured_media":45482,"parent":0,"menu_order":0,"comment_status":"closed","ping_status":"closed","template":"page-right-sidebar.php","meta":{"_acf_changed":false,"footnotes":""},"class_list":["post-15875","page","type-page","status-publish","has-post-thumbnail","hentry"],"acf":[],"_links":{"self":[{"href":"https:\/\/konferenztechnik.de\/pl\/wp-json\/wp\/v2\/pages\/15875","targetHints":{"allow":["GET"]}}],"collection":[{"href":"https:\/\/konferenztechnik.de\/pl\/wp-json\/wp\/v2\/pages"}],"about":[{"href":"https:\/\/konferenztechnik.de\/pl\/wp-json\/wp\/v2\/types\/page"}],"author":[{"embeddable":true,"href":"https:\/\/konferenztechnik.de\/pl\/wp-json\/wp\/v2\/users\/1"}],"replies":[{"embeddable":true,"href":"https:\/\/konferenztechnik.de\/pl\/wp-json\/wp\/v2\/comments?post=15875"}],"version-history":[{"count":0,"href":"https:\/\/konferenztechnik.de\/pl\/wp-json\/wp\/v2\/pages\/15875\/revisions"}],"wp:featuredmedia":[{"embeddable":true,"href":"https:\/\/konferenztechnik.de\/pl\/wp-json\/wp\/v2\/media\/45482"}],"wp:attachment":[{"href":"https:\/\/konferenztechnik.de\/pl\/wp-json\/wp\/v2\/media?parent=15875"}],"curies":[{"name":"wp","href":"https:\/\/api.w.org\/{rel}","templated":true}]}}