{"id":16088,"date":"2020-04-27T10:27:54","date_gmt":"2020-04-27T09:27:54","guid":{"rendered":"https:\/\/www.konferenztechnik.de\/?page_id=16088"},"modified":"2020-04-27T10:27:54","modified_gmt":"2020-04-27T09:27:54","slug":"tlumacz-ustny-duesseldorf","status":"publish","type":"page","link":"https:\/\/konferenztechnik.de\/pl\/tlumacz-ustny-duesseldorf\/","title":{"rendered":"T\u0142umacz ustny Hub D\u00fcsseldorf"},"content":{"rendered":"<h1>Interpreting Hub D\u00fcsseldorf: Zdalne centrum t\u0142umacze\u0144 ustnych dla obszaru D\u00fcsseldorfu, Kolonii, Essen i Wuppertalu.<\/h1>\n<div class=\"call-action-slider-img\">\n<img fetchpriority=\"high\" decoding=\"async\" src=\"https:\/\/konferenztechnik.de\/wp-content\/uploads\/2021\/08\/mobile-streamingstudios-bildregie-v2.jpg\" alt=\"mobile-streamingstudios-image-direction-v2\" width=\"835\" height=\"420\" class=\"alignleft size-full wp-image-18282\" title=\"\" srcset=\"https:\/\/konferenztechnik.de\/wp-content\/uploads\/2021\/08\/mobile-streamingstudios-bildregie-v2.jpg 835w, https:\/\/konferenztechnik.de\/wp-content\/uploads\/2021\/08\/mobile-streamingstudios-bildregie-v2-300x151.jpg 300w, https:\/\/konferenztechnik.de\/wp-content\/uploads\/2021\/08\/mobile-streamingstudios-bildregie-v2-768x386.jpg 768w\" sizes=\"(max-width: 835px) 100vw, 835px\" \/><br \/>\n<button class=\"btn btn-nopic popmake-9638\">Uzyskaj wycen\u0119 teraz &#x9B;<\/button>\n<\/div>\n<p>Nasze studia t\u0142umacze\u0144 ustnych w D\u00fcsseldorfie oferuj\u0105 profesjonalne miejsce pracy dla t\u0142umaczy. S\u0105 one wyposa\u017cone w profesjonaln\u0105 technologi\u0119 t\u0142umacze\u0144 ustnych, kt\u00f3ra jest uznawana przez t\u0142umaczy. Izolacja akustyczna, technologia audio i wideo oraz opcje komunikacji opieraj\u0105 si\u0119 zar\u00f3wno na standardach ISO dla zdalnych t\u0142umacze\u0144 ustnych, jak i specyfikacjach dla zdalnych t\u0142umacze\u0144 symultanicznych stowarzysze\u0144 t\u0142umaczy ustnych.<br \/>\nOferujemy stabilne i bezawaryjne pasma internetowe, chronione has\u0142em i szyfrowane transmisje oraz doskona\u0142\u0105 jako\u015b\u0107 audio i wideo na potrzeby profesjonalnych wydarze\u0144.<\/p>\n<p>[spacer size=\"10\u2033]<br \/>\n[column size=\"1-2\u2033 last=\"0\u2033]<br \/>\n[list icon=\"moon-checkmark\" color=\"#a62055\u2033]10 j\u0119zyk\u00f3w jednocze\u015bnie[\/list]<br \/>\n[list icon=\"moon-checkmark\" color=\"#a62055\u2033]Wsparcie technik\u00f3w i moderator\u00f3w[\/list]<br \/>\n[list icon=\"moon-checkmark\" color=\"#a62055\u2033]Nieograniczona liczba widz\u00f3w przez stream[\/list]<br \/>\n[\/column]<br \/>\n[column size=\"1-2\u2033 last=\"1\u2033]<br \/>\n[list icon=\"moon-checkmark\" color=\"#a62055\u2033]Wirtualne spotkania na ca\u0142ym \u015bwiecie[\/list]<br \/>\n[list icon=\"moon-checkmark\" color=\"#a62055\u2033]Ochrona has\u0142em i szyfrowana transmisja[\/list]<br \/>\n[list icon=\"moon-checkmark\" color=\"#a62055\u2033]Najlepsza jako\u015b\u0107 audio i wideo[\/list]<br \/>\n[\/column]<br \/>\n[spacer size=\"30\u2033]<\/p>\n<p>Zapewniamy wsparcie techniczne zar\u00f3wno na miejscu, jak i zdalnie \u2013 dla wszystkich uczestnik\u00f3w spotkania. Nasi moderatorzy\/koordynatorzy techniczni pomagaj\u0105 zapewni\u0107 sprawny przebieg konferencji pod wzgl\u0119dem technicznym i s\u0105 pod r\u0119k\u0105, aby odpowiedzie\u0107 na pytania przewodnicz\u0105cego spotkania i uczestnik\u00f3w. Na miejscu przez ca\u0142y czas obecni s\u0105 r\u00f3wnie\u017c technicy maj\u0105cy kontakt wzrokowy z t\u0142umaczami, kt\u00f3rzy pomagaj\u0105 w rozwi\u0105zywaniu pyta\u0144 i problem\u00f3w oraz szybko znajduj\u0105 rozwi\u0105zania.<\/p>\n<p>Oferujemy nasze koncentratory wraz z profesjonalnym systemem wideokonferencyjnym z szerok\u0105 gam\u0105 praktycznych funkcji. Wysy\u0142amy do lokalizacji firmy lub do uczestnik\u00f3w online<\/p>\n<h2><strong>Interpreting Hub D\u00fcsseldorf: wskaz\u00f3wki i lokalizacja studia t\u0142umacze\u0144 ustnych PCS<\/strong><\/h2>\n<p>PCS Interpreting Hub znajduje si\u0119 bezpo\u015brednio w naszym oddziale w D\u00fcsseldorfie. Na terenie obiektu dost\u0119pne s\u0105 bezp\u0142atne miejsca parkingowe, a my oferujemy catering i bezp\u0142atny dost\u0119p do Internetu.<\/p>\n<p>Znajdziesz nas przy Reisholzer Werftstra\u00dfe 42 w 40589 D\u00fcsseldorfie\n<\/p>\n<p><iframe class=\"maps-full\" src=\"https:\/\/www.google.com\/maps\/embed?pb=!1m18!1m12!1m3!1d2501.758503047735!2d6.835735115877984!3d51.16824147958075!2m3!1f0!2f0!3f0!3m2!1i1024!2i768!4f13.1!3m3!1m2!1s0x47b8cb5e271b419f%3A0x40d95e282c05fe95!2sReisholzer%20Werftstra%C3%9Fe%2042%2C%2040589%20D%C3%BCsseldorf!5e0!3m2!1sde!2sde!4v1643030857700!5m2!1sde!2sde\" style=\"border:0;\" allowfullscreen=\"\" loading=\"lazy\"><\/iframe><\/p>\n<p>[spacer size=\"15\u2033]<\/p>\n<h2><strong>Wi\u0119cej studi\u00f3w t\u0142umacze\u0144 ustnych PCS w ca\u0142ym kraju<\/strong><\/h2>\n<p>[spacer size=\"20\u2033]<br \/>\n[column size=\"1-2\u2033 last=\"0\u2033]<\/p>\n<p>PCS oferuje centra t\u0142umacze\u0144 ustnych we wszystkich lokalizacjach w Niemczech. Lokalizacje to Berlin, Monachium i D\u00fcsseldorf. Mo\u017cliwe jest r\u00f3wnie\u017c zainstalowanie mobilnych hub\u00f3w bezpo\u015brednio w pobli\u017cu lub na terenie firmy\/organizacji \u2013 do wynaj\u0119cia i oczywi\u015bcie do zakupu. Wystarczy si\u0119 z nami skontaktowa\u0107.<\/p>\n<p>[\/column]<\/p>\n<p>[column size=\"1-2\u2033 last=\"1\u2033]<br \/>\n<img decoding=\"async\" src=\"https:\/\/konferenztechnik.de\/wp-content\/uploads\/2021\/09\/PCS-Remote-Hubs-Dolmetsch-Hubs-Dolmetsch-Studios-bundesweit.jpg\" alt=\"PCS-Remote-Hubs-Interpreting-Hubs-Interpreting-Studios-nationwide\" width=\"777\" height=\"1024\" class=\"alignleft size-full wp-image-18392\" title=\"\" srcset=\"https:\/\/konferenztechnik.de\/wp-content\/uploads\/2021\/09\/PCS-Remote-Hubs-Dolmetsch-Hubs-Dolmetsch-Studios-bundesweit.jpg 777w, https:\/\/konferenztechnik.de\/wp-content\/uploads\/2021\/09\/PCS-Remote-Hubs-Dolmetsch-Hubs-Dolmetsch-Studios-bundesweit-228x300.jpg 228w, https:\/\/konferenztechnik.de\/wp-content\/uploads\/2021\/09\/PCS-Remote-Hubs-Dolmetsch-Hubs-Dolmetsch-Studios-bundesweit-768x1012.jpg 768w\" sizes=\"(max-width: 777px) 100vw, 777px\" \/><br \/>\n[\/column]<\/p>\n<h2><strong>Czym jest t\u0142umaczenie zdalne?<\/strong><\/h2>\n<p>Spotkanie, wydarzenie lub konferencja s\u0105 transmitowane do t\u0142umaczy ustnych za po\u015brednictwem sieci. T\u0142umacz\u0105 oni wydarzenie na \u017cywo i jednocze\u015bnie. R\u00f3\u017cne j\u0119zyki s\u0105 nast\u0119pnie przesy\u0142ane strumieniowo z powrotem do konferencji. Uczestnicy wydarzenia mog\u0105 wybra\u0107 \u017c\u0105dany j\u0119zyk i s\u0142ucha\u0107 go.<br \/>\nCa\u0142o\u015b\u0107 dzia\u0142a w czasie rzeczywistym, na ca\u0142ym \u015bwiecie. Mo\u017cesz s\u0142ucha\u0107 za pomoc\u0105 specjalnych odbiornik\u00f3w konferencyjnych, za po\u015brednictwem aplikacji na telefonie kom\u00f3rkowym, laptopie lub komputerze, telefonie stacjonarnym lub poprzez integracj\u0119 z oprogramowaniem do wideokonferencji.<br \/>\nWi\u0119cej informacji mo\u017cna znale\u017a\u0107 na naszej stronie internetowej pod adresem &#x9B; <a href=\"https:\/\/konferenztechnik.de\/pl\/tlumaczenie-zdalne-2\/\">Zdalne t\u0142umaczenie ustne<\/a><\/p>","protected":false},"excerpt":{"rendered":"<p>Dolmetscher Hub D\u00fcsseldorf: Remote Interpreting Hub f\u00fcr den Gro\u00dfraum D\u00fcsseldorf, K\u00f6ln, Essen und Wuppertal Jetzt Angebot einholen &#x9B; Unsere Dolmetsch Studios D\u00fcsseldorf bieten einen professionellen Arbeitsplatz f\u00fcr Dolmetscherinnen und Dolmetscher. Sie sind mit professioneller und bei Dolmetscher:innen bekannter Dolmetschtechnik ausgestattet. Schallisolierung, Audio- und Videotechnik und die Kommunikationsm\u00f6glichkeiten orientieren sich sowohl an den ISO-Normen f\u00fcr das [&hellip;]<\/p>","protected":false},"author":1,"featured_media":45482,"parent":0,"menu_order":0,"comment_status":"closed","ping_status":"closed","template":"page-right-sidebar.php","meta":{"_acf_changed":false,"footnotes":""},"class_list":["post-16088","page","type-page","status-publish","has-post-thumbnail","hentry"],"acf":[],"_links":{"self":[{"href":"https:\/\/konferenztechnik.de\/pl\/wp-json\/wp\/v2\/pages\/16088","targetHints":{"allow":["GET"]}}],"collection":[{"href":"https:\/\/konferenztechnik.de\/pl\/wp-json\/wp\/v2\/pages"}],"about":[{"href":"https:\/\/konferenztechnik.de\/pl\/wp-json\/wp\/v2\/types\/page"}],"author":[{"embeddable":true,"href":"https:\/\/konferenztechnik.de\/pl\/wp-json\/wp\/v2\/users\/1"}],"replies":[{"embeddable":true,"href":"https:\/\/konferenztechnik.de\/pl\/wp-json\/wp\/v2\/comments?post=16088"}],"version-history":[{"count":0,"href":"https:\/\/konferenztechnik.de\/pl\/wp-json\/wp\/v2\/pages\/16088\/revisions"}],"wp:featuredmedia":[{"embeddable":true,"href":"https:\/\/konferenztechnik.de\/pl\/wp-json\/wp\/v2\/media\/45482"}],"wp:attachment":[{"href":"https:\/\/konferenztechnik.de\/pl\/wp-json\/wp\/v2\/media?parent=16088"}],"curies":[{"name":"wp","href":"https:\/\/api.w.org\/{rel}","templated":true}]}}