{"id":16961,"date":"2021-03-30T16:14:01","date_gmt":"2021-03-30T15:14:01","guid":{"rendered":"https:\/\/www.konferenztechnik.de\/?page_id=16961"},"modified":"2023-08-29T14:53:57","modified_gmt":"2023-08-29T12:53:57","slug":"elastyczne-koncepcje-wydarzen","status":"publish","type":"page","link":"https:\/\/konferenztechnik.de\/pl\/elastyczne-koncepcje-wydarzen\/","title":{"rendered":"Elastyczne koncepcje wydarze\u0144"},"content":{"rendered":"<h1 id=\"hybrideevents\"><strong>Elastyczne koncepcje wydarze\u0144<\/strong><\/h1>\n<p>[rev_slider alias=\"events-1\u2033][\/rev_slider]<br \/>\n[spacer size=\"20\u2033]<\/p>\n<p>Warunki ramowe dla wydarze\u0144 bezpo\u015brednich zmieniaj\u0105 si\u0119 ka\u017cdego dnia. Wysoki stopie\u0144 elastyczno\u015bci ma kluczowe znaczenie dla zapewnienia, \u017ce wydarzenie nie tylko si\u0119 odb\u0119dzie, ale tak\u017ce dotrze do odbiorc\u00f3w tak skutecznie, jak to mo\u017cliwe.<\/p>\n<p>Idealnie by\u0142oby, gdyby wydarzenie mo\u017cna by\u0142o dostosowa\u0107 na tyle, by dzia\u0142a\u0142o optymalnie zar\u00f3wno wirtualnie, jak i z udzia\u0142em publiczno\u015bci.<\/p>\n<p>Lokalizacja wydarzenia i jego koncepcja powinny zapewnia\u0107 niezb\u0119dn\u0105 elastyczno\u015b\u0107, aby spe\u0142ni\u0107 zmieniaj\u0105ce si\u0119 ka\u017cdego dnia wymagania i ograniczenia. Nasze planowanie uwzgl\u0119dnia oczekiwane scenariusze, bior\u0105c pod uwag\u0119 efektywny stosunek koszt\u00f3w do korzy\u015bci.<\/p>\n<p>Wzrost liczby opcji testowych i profesjonalnych koncepcji higieny pozwala na organizacj\u0119 klasycznych, cyfrowych i hybrydowych wydarze\u0144. Interesariusze mog\u0105 bezpiecznie i wydajnie pracowa\u0107 na miejscu.<\/p>\n<p>Na przyk\u0142ad korzystanie ze s\u0142uchawek u\u0142atwia osi\u0105gni\u0119cie i utrzymanie niezb\u0119dnego dystansu. Od <a href=\"\/pl\/cicha-konferencja\/\">Cicha konferencja<\/a> osi\u0105ga si\u0119 poprzez ukierunkowane wykorzystanie <a href=\"\/pl\/systemy-rent-guide\/\">Systemy prowadz\u0105ce<\/a> Odleg\u0142e wydarzenie.<\/p>\n<p>Wsp\u00f3\u0142pracujemy z Tob\u0105, aby tworzy\u0107 elastyczne formaty, kt\u00f3re spe\u0142niaj\u0105 wymagania dnia: od tworzenia koncepcji higieny, modu\u0142owych przep\u0142yw\u00f3w uczestnik\u00f3w i rozwa\u017cania wariant\u00f3w awaryjnych w czysto cyfrowym formacie wydarzenia.<\/p>\n<p>[spacer size=\"20\u2033]<\/p>\n<p>.<\/p>\n<p>[spacer size=\"20\u2033]<\/p>\n<div class=\"weiterlinks\" style=\"background-color:#ffffff;\">\n<h2>Szczeg\u00f3\u0142owo<\/h2>\n<ul>\n        [list icon=\"moon-arrow-right-2\u2033 color=\"#a62055\u2033]<a title=\"Wydarzenia hybrydowe\"\n            href=\"\/pl\/wydarzenia-hybrydowe\/\">Wydarzenia hybrydowe<\/a>[\/list]<br \/>\n[list icon=\"moon-arrow-right-2\u2033 color=\"#a62055\u2033]<a title=\"Konferencje, wydarzenia, spotkania\"\n            href=\"\/pl\/konferencje-wydarzenia-spotkania-klasyczne-hybrydowe-cyfrowe-wirtualne-zdalne\/\">Konferencje, wydarzenia, spotkania \u2013 klasyczne, hybrydowe, cyfrowe, wirtualne, zdalne<\/a>[\/list]<\/ul>\n<\/div>","protected":false},"excerpt":{"rendered":"<p>Elastyczne koncepcje eventowe [rev_slider alias=\"events-1\u2033][\/rev_slider] [spacer size=\"20\u2033] Warunki ramowe dla wydarze\u0144 bezpo\u015brednich zmieniaj\u0105 si\u0119 ka\u017cdego dnia. Wysoki stopie\u0144 elastyczno\u015bci jest kluczowy, aby wydarzenie mog\u0142o nie tylko si\u0119 odby\u0107, ale tak\u017ce jak najlepiej dotrze\u0107 do odbiorc\u00f3w. Idealnie by\u0142oby, gdyby wydarzenie mo\u017cna by\u0142o dostosowa\u0107 na tyle, aby dzia\u0142a\u0142o optymalnie zar\u00f3wno wirtualnie, jak i z osobist\u0105 publiczno\u015bci\u0105. Lokalizacja wydarzenia i jego koncepcja powinny spe\u0142nia\u0107 [...]<\/p>","protected":false},"author":1,"featured_media":45482,"parent":0,"menu_order":0,"comment_status":"closed","ping_status":"closed","template":"","meta":{"_acf_changed":false,"footnotes":""},"class_list":["post-16961","page","type-page","status-publish","has-post-thumbnail","hentry"],"acf":[],"_links":{"self":[{"href":"https:\/\/konferenztechnik.de\/pl\/wp-json\/wp\/v2\/pages\/16961","targetHints":{"allow":["GET"]}}],"collection":[{"href":"https:\/\/konferenztechnik.de\/pl\/wp-json\/wp\/v2\/pages"}],"about":[{"href":"https:\/\/konferenztechnik.de\/pl\/wp-json\/wp\/v2\/types\/page"}],"author":[{"embeddable":true,"href":"https:\/\/konferenztechnik.de\/pl\/wp-json\/wp\/v2\/users\/1"}],"replies":[{"embeddable":true,"href":"https:\/\/konferenztechnik.de\/pl\/wp-json\/wp\/v2\/comments?post=16961"}],"version-history":[{"count":0,"href":"https:\/\/konferenztechnik.de\/pl\/wp-json\/wp\/v2\/pages\/16961\/revisions"}],"wp:featuredmedia":[{"embeddable":true,"href":"https:\/\/konferenztechnik.de\/pl\/wp-json\/wp\/v2\/media\/45482"}],"wp:attachment":[{"href":"https:\/\/konferenztechnik.de\/pl\/wp-json\/wp\/v2\/media?parent=16961"}],"curies":[{"name":"wp","href":"https:\/\/api.w.org\/{rel}","templated":true}]}}