{"id":1807,"date":"2013-09-05T11:26:39","date_gmt":"2013-09-05T09:26:39","guid":{"rendered":"https:\/\/konferenztechnik.de\/?page_id=1807"},"modified":"2013-09-05T11:26:39","modified_gmt":"2013-09-05T09:26:39","slug":"systemy-prowadzace","status":"publish","type":"page","link":"https:\/\/konferenztechnik.de\/pl\/wynajem-sprzetu-konferencyjnego\/systemy-prowadzace\/","title":{"rendered":"Systemy wynajmu przewodnik\u00f3w i systemy tour guide"},"content":{"rendered":"<h1>Systemy wynajmu przewodnik\u00f3w i systemy tour guide<\/h1>\n<p>Bezprzewodowe systemy przewodnik\u00f3w s\u0105 wykorzystywane do oprowadzania wycieczek na targach, w muzeach, w miejscach publicznych lub na halach fabrycznych, aby zapewni\u0107 doskona\u0142e po\u0142\u0105czenie mi\u0119dzy m\u00f3wc\u0105 a grup\u0105. Innym obszarem zastosowa\u0144 s\u0105 t\u0142umaczenia szeptane. <\/p>\n<p>Dzi\u0119ki elastycznemu wyborowi kana\u0142\u00f3w, kilka grup mo\u017ce uczestniczy\u0107 w wycieczkach z przewodnikiem niezale\u017cnie od siebie w tym samym czasie. W przypadku uczestnik\u00f3w z aparatami s\u0142uchowymi d\u017awi\u0119k mo\u017ce by\u0107 przesy\u0142any bezpo\u015brednio do ich aparat\u00f3w s\u0142uchowych za po\u015brednictwem p\u0119tli indukcyjnej. Systemy zwiedzania s\u0105 ma\u0142e i por\u0119czne, mieszcz\u0105 si\u0119 w walizkach i s\u0105 \u0142atwe w transporcie.<\/p>\n<p>[column size=\"1-2\u2033 last=\"0\u2033]<br \/>\n<img decoding=\"async\" src=\"https:\/\/konferenztechnik.de\/wp-content\/uploads\/2013\/09\/Holz-Pichler-2-Synexis_01-1024x683.jpg\" alt=\"Wycieczka po fabryce PCS\" class=\"alignleft size-large wp-image-8451\" title=\"\"><br \/>\n[\/column]<\/p>\n<p>[column size=\"1-2\u2033 last=\"1\u2033]<br \/>\n<img decoding=\"async\" src=\"https:\/\/konferenztechnik.de\/wp-content\/uploads\/2013\/09\/Synexis-Werksfuehrung-1024x683.jpg\" alt=\"zarz\u0105dzanie fabryk\u0105 synexis\" class=\"alignleft size-large wp-image-8447\" title=\"\"><br \/>\n[\/column]<\/p>\n<p>W PCS korzystamy mi\u0119dzy innymi z nast\u0119puj\u0105cych system\u00f3w tour guide:<\/p>\n<h2>Sennheiser Tourguide 2020<\/h2>\n<p>[column size=\"1-2\u2033 last=\"0\u2033]<br \/>\n<img fetchpriority=\"high\" decoding=\"async\" src=\"https:\/\/konferenztechnik.de\/wp-content\/uploads\/2015\/01\/tourguide.jpg\" alt=\"Sennheiser Tourguide SKM 2020\" width=\"320\" height=\"322\" class=\"alignleft size-full wp-image-4898\" title=\"\" srcset=\"https:\/\/konferenztechnik.de\/wp-content\/uploads\/2015\/01\/tourguide.jpg 320w, https:\/\/konferenztechnik.de\/wp-content\/uploads\/2015\/01\/tourguide-298x300.jpg 298w, https:\/\/konferenztechnik.de\/wp-content\/uploads\/2015\/01\/tourguide-150x150.jpg 150w\" sizes=\"(max-width: 320px) 100vw, 320px\" \/><br \/>\n[\/column]<\/p>\n<p>[column size=\"1-2\u2033 last=\"1\u2033]<br \/>\nZalet\u0105 tego systemu jest to, \u017ce odbiornik jest zintegrowany bezpo\u015brednio ze s\u0142uchawkami, tworz\u0105c z nimi jedn\u0105 ca\u0142o\u015b\u0107. U\u0142atwia to r\u00f3wnie\u017c oddawanie i zwracanie urz\u0105dze\u0144. System ten jest jednak nieco mniej wygodny w przypadku d\u0142ugotrwa\u0142ego noszenia przez kilka godzin.<\/p>\n<p>Systemy oferuj\u0105 do sze\u015bciu kana\u0142\u00f3w do jednoczesnej transmisji w wolnym pa\u015bmie cz\u0119stotliwo\u015bci 863-865 MHz.<\/p>\n<p>U\u0142atwia to zarz\u0105dzanie kilkoma grupami jednocze\u015bnie.<br \/>\n[\/column]<\/p>\n<h2>Beyerdynamic Synexis<\/h2>\n<p>[column size=\"1-2\u2033 last=\"0\u2033]<br \/>\n<img decoding=\"async\" width=\"2560\" height=\"1697\" src=\"https:\/\/konferenztechnik.de\/wp-content\/uploads\/2013\/09\/Synexis-C20-Charger-Group_01-scaled-1.jpg\" alt=\"Beyerdynamic Synexis Tourguide\" class=\"alignleft size-full wp-image-8435\" title=\"\" srcset=\"https:\/\/konferenztechnik.de\/wp-content\/uploads\/2013\/09\/Synexis-C20-Charger-Group_01-scaled-1.jpg 2560w, https:\/\/konferenztechnik.de\/wp-content\/uploads\/2013\/09\/Synexis-C20-Charger-Group_01-scaled-1-300x199.jpg 300w, https:\/\/konferenztechnik.de\/wp-content\/uploads\/2013\/09\/Synexis-C20-Charger-Group_01-scaled-1-1024x679.jpg 1024w, https:\/\/konferenztechnik.de\/wp-content\/uploads\/2013\/09\/Synexis-C20-Charger-Group_01-scaled-1-768x509.jpg 768w, https:\/\/konferenztechnik.de\/wp-content\/uploads\/2013\/09\/Synexis-C20-Charger-Group_01-scaled-1-1536x1018.jpg 1536w, https:\/\/konferenztechnik.de\/wp-content\/uploads\/2013\/09\/Synexis-C20-Charger-Group_01-scaled-1-2048x1358.jpg 2048w\" sizes=\"(max-width: 2560px) 100vw, 2560px\" \/><br \/>\n[\/column]<\/p>\n<p>[column size=\"1-2\u2033 last=\"1\u2033]<br \/>\nSkuteczna komunikacja staje si\u0119 coraz wa\u017cniejsza w dzisiejszym \u015bwiecie. Niezawodna technologia stanowi podstaw\u0119 wszystkich aplikacji audio w polityce, przemy\u015ble i instytucjach publicznych.<\/p>\n<p>Bezprzewodowy system t\u0142umaczenia i prowadzenia Synexis firmy Beyerdynamic zapewnia wszechstronne i ekonomiczne rozwi\u0105zanie spe\u0142niaj\u0105ce nawet najbardziej wymagaj\u0105ce wymagania.<\/p>\n<p>Jednocze\u015bnie mo\u017cna przesy\u0142a\u0107 do 18 sygna\u0142\u00f3w audio. Synexis umo\u017cliwia wyra\u017an\u0105 prezentacj\u0119, kt\u00f3ra jest zrozumia\u0142a dla ka\u017cdego i wsz\u0119dzie.<br \/>\n[\/column]<\/p>\n<p>[clear]<\/p>\n<h2>Beyerdynamic TTS 300 <\/h2>\n<p>[column size=\"1-2\u2033 last=\"0\u2033]<br \/>\n<img decoding=\"async\" width=\"800\" height=\"404\" src=\"https:\/\/konferenztechnik.de\/wp-content\/uploads\/2013\/09\/Funkempfaenger_FE316_ohne_KPF_gross1.jpg\" alt=\"radio_receiver_FE316_without_KPF_large\" class=\"alignleft size-full wp-image-3021\" title=\"\" srcset=\"https:\/\/konferenztechnik.de\/wp-content\/uploads\/2013\/09\/Funkempfaenger_FE316_ohne_KPF_gross1.jpg 800w, https:\/\/konferenztechnik.de\/wp-content\/uploads\/2013\/09\/Funkempfaenger_FE316_ohne_KPF_gross1-300x152.jpg 300w, https:\/\/konferenztechnik.de\/wp-content\/uploads\/2013\/09\/Funkempfaenger_FE316_ohne_KPF_gross1-768x388.jpg 768w\" sizes=\"(max-width: 800px) 100vw, 800px\" \/><br \/>\n[\/column]<\/p>\n<p>[column size=\"1-2\u2033 last=\"1\u2033]<br \/>\nSystem Beyerdynamic TTS 300 dzia\u0142a w oparciu o technologi\u0119 wysokiej cz\u0119stotliwo\u015bci. Transmisja z mikrofonu g\u0142o\u015bnika bezprzewodowego do odbiornik\u00f3w odbywa si\u0119 w nowoczesnym pa\u015bmie UHF (zakres cz\u0119stotliwo\u015bci 863 \u2013 865 MHz).<\/p>\n<p>Uczestnicy otrzymuj\u0105 odbiornik i s\u0142uchawki, aby mogli s\u0142ucha\u0107 kana\u0142\u00f3w transmisji m\u00f3wcy lub t\u0142umacza.<\/p>\n<p>Oferowany tutaj system gwarantuje r\u00f3wnoleg\u0142\u0105 prac\u0119 do 10 kana\u0142\u00f3w. Wieloj\u0119zyczne u\u017cytkowanie jest tutaj tak samo mo\u017cliwe, jak podzia\u0142 na kilka grup do prowadzenia (u\u017cycie jako system naprowadzania). Odbiorniki s\u0105 gotowe do ponownego u\u017cycia w bardzo kr\u00f3tkim czasie (czas \u0142adowania oko\u0142o 30 minut) za pomoc\u0105 do\u0142\u0105czonej walizki \u0142aduj\u0105cej.<br \/>\n[\/column]<\/p>\n<p>[spacer size=\"20\u2033]<\/p>\n<p>[callout add_button=\"no\" button_text=\"Learn More\" button_url=\"#\" button_color=\"#a62055\u2033]<br \/>\nWynajmij kompletne systemy tour guide od PCS lub elastycznie rozszerz sw\u00f3j asortyment o sprz\u0119t z naszego bogatego parku wynajmu.<br \/>\n[\/callout]<\/p>\n<p>[spacer size=\"20\u2033]<br \/>\n[clear]<\/p>\n<p>[column size=\"3-4\u2033 last=\"0\u2033]<br \/>\n[tabs style=\"2\u2033]<br \/>\n[tab title=\"Berlin\"]<br \/>\n<img loading=\"lazy\" decoding=\"async\" width=\"800\" height=\"533\" src=\"https:\/\/konferenztechnik.de\/wp-content\/uploads\/2013\/08\/sonja_tauscher_pcs-gmbh.jpg\" alt=\"Sonja Dannenbring - PCS GmbH\" class=\"alignnone size-full wp-image-4848\" title=\"\" srcset=\"https:\/\/konferenztechnik.de\/wp-content\/uploads\/2013\/08\/sonja_tauscher_pcs-gmbh.jpg 800w, https:\/\/konferenztechnik.de\/wp-content\/uploads\/2013\/08\/sonja_tauscher_pcs-gmbh-300x200.jpg 300w, https:\/\/konferenztechnik.de\/wp-content\/uploads\/2013\/08\/sonja_tauscher_pcs-gmbh-768x512.jpg 768w\" sizes=\"(max-width: 800px) 100vw, 800px\" \/>Sonja Dannenbring<br \/>\nKonsultant ds. projekt\u00f3w Wynajem<br \/>\nTelefon +49 30 6959690 12<br \/>\n<span class=\"volleansicht\">e-mail <a href=\"mailto:berlin@konferenztechnik.de\" onclick=\"ga('send', 'event', 'Email-Klick', 'F\u00fchrungsanlagen Dannenbring');\">pisa\u0107<\/a><br \/><\/span><br \/>\n<span class=\"mobileansicht\">e-mail <a href=\"mailto:berlin@konferenztechnik.de\" onclick=\"ga('send', 'event', 'Email-Klick', 'F\u00fchrungsanlagen Dannenbring');\">pisa\u0107<\/a><br \/><\/span><br \/>\nKod QR <a href=\"https:\/\/konferenztechnik.de\/wp-content\/uploads\/2013\/08\/qrcode-sonja.png\">&#x9B; show<\/a><br \/>\n[\/tab]<br \/>\n[\/tabs]<br \/>\n[\/column]<\/p>\n<p>[column size=\"3-4\u2033 last=\"0\u2033]<br \/>\n[tabs style=\"2\u2033]<br \/>\n[tab title=\"Monachium\"]<br \/>\n<img loading=\"lazy\" decoding=\"async\" width=\"800\" height=\"533\" src=\"https:\/\/konferenztechnik.de\/wp-content\/uploads\/2013\/09\/sebastian_gegusch_pcs-gmbh.jpg\" alt=\"Sebastian Gegusch PCS-GmbH\" class=\"alignleft size-full wp-image-3153\" title=\"\" srcset=\"https:\/\/konferenztechnik.de\/wp-content\/uploads\/2013\/09\/sebastian_gegusch_pcs-gmbh.jpg 800w, https:\/\/konferenztechnik.de\/wp-content\/uploads\/2013\/09\/sebastian_gegusch_pcs-gmbh-300x200.jpg 300w, https:\/\/konferenztechnik.de\/wp-content\/uploads\/2013\/09\/sebastian_gegusch_pcs-gmbh-768x512.jpg 768w\" sizes=\"(max-width: 800px) 100vw, 800px\" \/>Sebastian Gegusch<br \/>\nZarz\u0105dzanie projektami i planowanie<br \/>\nTelefon +49 89 21553290<br \/>\n<span class=\"volleansicht\">e-mail <a href=\"mailto:gegusch@konferenztechnik.de\" onclick=\"ga('send', 'event', 'Email-Klick', 'F\u00fchrungsanlagen Gegusch');\">pisa\u0107<\/a><br \/><\/span><br \/>\n<span class=\"mobileansicht\">e-mail <a href=\"mailto:gegusch@konferenztechnik.de\" onclick=\"ga('send', 'event', 'Email-Klick', 'F\u00fchrungsanlagen Gegusch');\">pisa\u0107<\/a><br \/><\/span><br \/>\nKod QR <a href=\"https:\/\/konferenztechnik.de\/wp-content\/uploads\/2013\/09\/sebastian_gegusch_qrcode.png\" title=\"Kod QR Sebastian Gegusch\">&#x9B; show<\/a><br \/>\n[\/tab]<br \/>\n[\/tabs]<br \/>\n[\/column]<\/p>\n<p>[column size=\"3-4\u2033 last=\"0\u2033]<br \/>\n[tabs style=\"2\u2033]<br \/>\n[tab title=\"D\u00fcsseldorf\"]<br \/>\n<img loading=\"lazy\" decoding=\"async\" width=\"800\" height=\"533\" src=\"https:\/\/konferenztechnik.de\/wp-content\/uploads\/2013\/09\/monika_van_den_boogaard_pcs-gmbh.jpg\" alt=\"monika_van_den_boogaard_pcs-gmbh\" class=\"alignleft size-full wp-image-2312\" title=\"\" srcset=\"https:\/\/konferenztechnik.de\/wp-content\/uploads\/2013\/09\/monika_van_den_boogaard_pcs-gmbh.jpg 800w, https:\/\/konferenztechnik.de\/wp-content\/uploads\/2013\/09\/monika_van_den_boogaard_pcs-gmbh-300x200.jpg 300w, https:\/\/konferenztechnik.de\/wp-content\/uploads\/2013\/09\/monika_van_den_boogaard_pcs-gmbh-768x512.jpg 768w\" sizes=\"(max-width: 800px) 100vw, 800px\" \/><br \/>\nMonika van den Boogaard<br \/>\nKonsultant ds. projekt\u00f3w Wynajem<br \/>\nTelefon +49 211 737798 10<br \/>\n<span class=\"volleansicht\">e-mail <a href=\"mailto:vandenboogaard@konferenztechnik.de\" onclick=\"ga('send', 'event', 'Email-Klick', 'F\u00fchrungsanlagen Boogaard');\">pisa\u0107<\/a><br \/><\/span><br \/>\n<span class=\"mobileansicht\">e-mail <a href=\"mailto:vandenboogaard@konferenztechnik.de\" onclick=\"ga('send', 'event', 'Email-Klick', 'F\u00fchrungsanlagen Boogaard');\">pisa\u0107<\/a><br \/><\/span><br \/>\nKod QR <a href=\"https:\/\/konferenztechnik.de\/wp-content\/uploads\/2013\/09\/monika_van_den_boogaard_qrcode.png\" title=\"Kod QR Monika van den Boogaard\">&#x9B; show<\/a><br \/>\n[\/tab]<br \/>\n[\/tabs]<br \/>\n[\/column]<\/p>\n<p>[column size=\"1-4\u2033 last=\"1\u2033]<br \/>\n[tabs style=\"2\u2033]<br \/>\n[tabs style=\"2\u2033]<br \/>\n[tab title=\"Heilbronn\"]<br \/>\n<img loading=\"lazy\" decoding=\"async\" width=\"800\" height=\"533\" src=\"https:\/\/konferenztechnik.de\/wp-content\/uploads\/2013\/08\/viola-eberhardt-pcs-gmbh.jpg\" alt=\"Viola Eberhardt PCS GmbH\" class=\"alignleft size-full wp-image-5950\" title=\"\" srcset=\"https:\/\/konferenztechnik.de\/wp-content\/uploads\/2013\/08\/viola-eberhardt-pcs-gmbh.jpg 800w, https:\/\/konferenztechnik.de\/wp-content\/uploads\/2013\/08\/viola-eberhardt-pcs-gmbh-300x200.jpg 300w, https:\/\/konferenztechnik.de\/wp-content\/uploads\/2013\/08\/viola-eberhardt-pcs-gmbh-768x512.jpg 768w\" sizes=\"(max-width: 800px) 100vw, 800px\" \/><br \/>\nViola Eberhardt<br \/>\nZarz\u0105dzanie projektami i planowanie<br \/>\nTelefon +49 7131 278010 11<br \/>\n<span class=\"volleansicht\">e-mail <a href=\"mailto:eberhardt@konferenztechnik.de\" onclick=\"ga('send', 'event', 'Email-Klick', 'F\u00fchrungsanlagen Eberhardt');\">pisa\u0107<\/a><br \/><\/span><br \/>\n<span class=\"mobileansicht\">e-mail <a href=\"mailto:eberhardt@konferenztechnik.de\" onclick=\"ga('send', 'event', 'Email-Klick', 'F\u00fchrungsanlagen Eberhardt');\">pisa\u0107<\/a><br \/><\/span><br \/>\nKod QR <a href=\"https:\/\/konferenztechnik.de\/wp-content\/uploads\/2013\/08\/viola-eberhardt-qr-code.png\" rel=\"attachment wp-att-5951\">Poka\u017c \u203a<\/a><br \/>\n[\/tab]<br \/>\n[\/tabs]<br \/>\n[\/column]<\/p>","protected":false},"excerpt":{"rendered":"<p>F\u00fchrungsanlagen und Tourguide-Systeme mieten Drahtlose Personen-F\u00fchrungsanlagen oder auch Tourguide-Systeme werden bei F\u00fchrungen auf Messen, in Museen, im \u00f6ffentlichen Raum oder in Fabrikhallen eingesetzt, um eine einwandfreie Verbindung vom Redner zur Gruppe zu gew\u00e4hrleisten. Ein weitereres Einsatzgebiet ist das Fl\u00fcsterdolmetschen. Durch die flexible Kanalauswahl k\u00f6nnen mehrere Gruppen gleichzeitig unabh\u00e4ngig voneinander an F\u00fchrungen teilnehmen. Bei Teilnehmern mit [&hellip;]<\/p>","protected":false},"author":1,"featured_media":45482,"parent":3618,"menu_order":159,"comment_status":"closed","ping_status":"open","template":"","meta":{"_acf_changed":false,"footnotes":""},"class_list":["post-1807","page","type-page","status-publish","has-post-thumbnail","hentry"],"acf":[],"_links":{"self":[{"href":"https:\/\/konferenztechnik.de\/pl\/wp-json\/wp\/v2\/pages\/1807","targetHints":{"allow":["GET"]}}],"collection":[{"href":"https:\/\/konferenztechnik.de\/pl\/wp-json\/wp\/v2\/pages"}],"about":[{"href":"https:\/\/konferenztechnik.de\/pl\/wp-json\/wp\/v2\/types\/page"}],"author":[{"embeddable":true,"href":"https:\/\/konferenztechnik.de\/pl\/wp-json\/wp\/v2\/users\/1"}],"replies":[{"embeddable":true,"href":"https:\/\/konferenztechnik.de\/pl\/wp-json\/wp\/v2\/comments?post=1807"}],"version-history":[{"count":0,"href":"https:\/\/konferenztechnik.de\/pl\/wp-json\/wp\/v2\/pages\/1807\/revisions"}],"up":[{"embeddable":true,"href":"https:\/\/konferenztechnik.de\/pl\/wp-json\/wp\/v2\/pages\/3618"}],"wp:featuredmedia":[{"embeddable":true,"href":"https:\/\/konferenztechnik.de\/pl\/wp-json\/wp\/v2\/media\/45482"}],"wp:attachment":[{"href":"https:\/\/konferenztechnik.de\/pl\/wp-json\/wp\/v2\/media?parent=1807"}],"curies":[{"name":"wp","href":"https:\/\/api.w.org\/{rel}","templated":true}]}}