{"id":18403,"date":"2021-09-23T15:21:14","date_gmt":"2021-09-23T14:21:14","guid":{"rendered":"https:\/\/www.konferenztechnik.de\/?page_id=18403"},"modified":"2023-07-05T10:49:31","modified_gmt":"2023-07-05T08:49:31","slug":"zdarzenia-powiekszenia","status":"publish","type":"page","link":"https:\/\/konferenztechnik.de\/pl\/zdarzenia-powiekszenia\/","title":{"rendered":"Zoom Events"},"content":{"rendered":"<div data-elementor-type=\"wp-page\" data-elementor-id=\"18403\" class=\"elementor elementor-18403\" data-elementor-post-type=\"page\">\n\t\t\t\t\t\t<section data-particle_enable=\"false\" data-particle-mobile-disabled=\"false\" class=\"elementor-section elementor-top-section elementor-element elementor-element-6d5079df elementor-section-boxed elementor-section-height-default elementor-section-height-default\" data-id=\"6d5079df\" data-element_type=\"section\">\n\t\t\t\t\t\t<div class=\"elementor-container elementor-column-gap-default\">\n\t\t\t\t\t<div class=\"elementor-column elementor-col-100 elementor-top-column elementor-element elementor-element-748553c3\" data-id=\"748553c3\" data-element_type=\"column\">\n\t\t\t<div class=\"elementor-widget-wrap elementor-element-populated\">\n\t\t\t\t\t\t<div class=\"elementor-element elementor-element-1b99b6e elementor-widget elementor-widget-text-editor\" data-id=\"1b99b6e\" data-element_type=\"widget\" data-widget_type=\"text-editor.default\">\n\t\t\t\t<div class=\"elementor-widget-container\">\n\t\t\t\t\t\t\t\t\t<h1>Zoom Events \u2013 Tworzenie, organizowanie i zarz\u0105dzanie wydarzeniami online za pomoc\u0105 platformy Zoom Events<\/h1>\n<img fetchpriority=\"high\" decoding=\"async\" class=\"alignleft size-full wp-image-18533\" src=\"https:\/\/konferenztechnik.de\/wp-content\/uploads\/2021\/09\/zoomevents-deutschland.png\" alt=\"Zarezerwuj wydarzenia Zoom w Niemczech\" width=\"1920\" height=\"865\" title=\"\" srcset=\"https:\/\/konferenztechnik.de\/wp-content\/uploads\/2021\/09\/zoomevents-deutschland.png 1920w, https:\/\/konferenztechnik.de\/wp-content\/uploads\/2021\/09\/zoomevents-deutschland-300x135.png 300w, https:\/\/konferenztechnik.de\/wp-content\/uploads\/2021\/09\/zoomevents-deutschland-1024x461.png 1024w, https:\/\/konferenztechnik.de\/wp-content\/uploads\/2021\/09\/zoomevents-deutschland-768x346.png 768w, https:\/\/konferenztechnik.de\/wp-content\/uploads\/2021\/09\/zoomevents-deutschland-1536x692.png 1536w\" sizes=\"(max-width: 1920px) 100vw, 1920px\" \/>\n\n<img decoding=\"async\" src=\"https:\/\/konferenztechnik.de\/wp-content\/uploads\/2021\/09\/ze-logo-300x43.png\" alt=\"Zoom Events\" width=\"300\" height=\"43\" title=\"\">\n\nPlatforma Zoom Events zaspokaja potrzeb\u0119 przeprowadzania indywidualnych wirtualnych do\u015bwiadcze\u0144 w prosty i skuteczny spos\u00f3b.\n\nZoom Events to kompleksowa platforma dla wirtualnych i hybrydowych wydarze\u0144 o r\u00f3\u017cnych formatach i rozmiarach. Wspieramy Ci\u0119 w planowaniu i tworzeniu wydarze\u0144, a dzi\u0119ki naszym serwerom w Niemczech zapewniamy, \u017ce s\u0105 one przeprowadzane bezpiecznie i zgodnie z przepisami o ochronie danych.\n\nZoom Events oferuje wszystko, czego potrzebujesz, aby bez obaw tworzy\u0107 wirtualne lub hybrydowe wydarzenia. Wsp\u00f3\u0142pracuj z naszymi ekspertami Zoom, aby stworzy\u0107 i zoptymalizowa\u0107 swoje wydarzenie. Zapewniamy infrastruktur\u0119 zgodn\u0105 z RODO oraz doradzamy i wspieramy w zakresie Zoom Meetings, Zoom Webinars i Zoom Events.\n\nPorozmawiaj z naszymi ekspertami o tym, co jest ju\u017c mo\u017cliwe dzi\u0119ki Zoom Events.\n<div class=\"box1-4\" style=\"margin-bottom: 0!important; margin-top: 0px;\"><b><span class=\"pcs-color\">Doradztwo i planowanie<\/span><\/b>\n<img decoding=\"async\" class=\"alignleft size-full wp-image-18690\" src=\"https:\/\/konferenztechnik.de\/wp-content\/uploads\/2021\/11\/Christian-becker-pcs-gmbh-foto-thomas-arendt-1.jpg\" alt=\"Christian Becker - PCS GmbH\" title=\"\"><\/div>\n<div><\/div>\n<div><\/div>\n<div><\/div>\n<div><\/div>\n<div><\/div>\n<div><\/div>\n<div><\/div>\n<div><\/div>\n<div><\/div>\n<div><\/div>\n<div><\/div>\n<div><\/div>\n<div><\/div>\n<div><\/div>\n<div><\/div>\n<div><\/div>\n<div><\/div>\n<div><\/div>\n<div><\/div>\n<div><\/div>\n<div><\/div>\n<div><\/div>\n<div><\/div>\n<div class=\"box1-4\" style=\"margin-bottom: 0!important; margin-top: 0px;\">Po prostu zadzwo\u0144 do nas!\n<a href=\"tel:08007274624\"><b>0800 727 46 24<\/b><\/a>\nLub napisz e-mail na adres:\n<span class=\"volleansicht\"><a href=\"mailto:info@konferenztechnik.de\">info@konferenztechnik.de<\/a>\n<\/span>\n<span class=\"mobileansicht\"><a href=\"mailto:info@konferenztechnik.de\">pisa\u0107<\/a>\n<\/span><\/div>\n<div id=\"newscontainer\">\n<div class=\"newskasten\"><img decoding=\"async\" class=\"alignleft size-medium wp-image-18461\" src=\"https:\/\/konferenztechnik.de\/wp-content\/uploads\/2021\/09\/datensicherheit-300x221.png\" alt=\"Zoom Events - Twoje dane s\u0105 bezpieczne dzi\u0119ki PCS\" width=\"300\" height=\"221\" title=\"\" srcset=\"https:\/\/konferenztechnik.de\/wp-content\/uploads\/2021\/09\/datensicherheit-300x221.png 300w, https:\/\/konferenztechnik.de\/wp-content\/uploads\/2021\/09\/datensicherheit.png 336w\" sizes=\"(max-width: 300px) 100vw, 300px\" \/>\n<h3 class=\"pcs-color\"><strong>Bezpiecze\u0144stwo danych<\/strong><\/h3>\nMonitorowanie i dokumentowanie przez ekspert\u00f3w PCS ds. ochrony danych\n\n<\/div>\n<div class=\"newskasten\"><img loading=\"lazy\" decoding=\"async\" class=\"alignleft size-medium wp-image-18494\" src=\"https:\/\/konferenztechnik.de\/wp-content\/uploads\/2021\/09\/zoom-dsvgo-1-300x221.png\" alt=\"Zoom Events - Zgodno\u015b\u0107 z ochron\u0105 danych, RODO\" width=\"300\" height=\"221\" title=\"\" srcset=\"https:\/\/konferenztechnik.de\/wp-content\/uploads\/2021\/09\/zoom-dsvgo-1-300x221.png 300w, https:\/\/konferenztechnik.de\/wp-content\/uploads\/2021\/09\/zoom-dsvgo-1.png 336w\" sizes=\"(max-width: 300px) 100vw, 300px\" \/>\n<h3 class=\"pcs-color\"><strong>Zgodno\u015b\u0107 z zasadami ochrony danych<\/strong><\/h3>\norganizowa\u0107 konferencje na niemieckich serwerach zgodnie z niemieckim i europejskim prawem ochrony danych\n\n<\/div>\n<div class=\"newskasten\"><img loading=\"lazy\" decoding=\"async\" class=\"alignleft size-medium wp-image-18479\" src=\"https:\/\/konferenztechnik.de\/wp-content\/uploads\/2021\/09\/anmeldung-300x221.png\" alt=\"Zoom Events - Sprzeda\u017c bilet\u00f3w, rejestracja\" width=\"300\" height=\"221\" title=\"\" srcset=\"https:\/\/konferenztechnik.de\/wp-content\/uploads\/2021\/09\/anmeldung-300x221.png 300w, https:\/\/konferenztechnik.de\/wp-content\/uploads\/2021\/09\/anmeldung.png 336w\" sizes=\"(max-width: 300px) 100vw, 300px\" \/>\n<h3 class=\"pcs-color\"><strong>Sprzeda\u017c bilet\u00f3w, rejestracja<\/strong><\/h3>\nZintegrowany zmienny, kompleksowy system logowania\n\n<\/div>\n<div class=\"newskasten\"><img loading=\"lazy\" decoding=\"async\" class=\"alignleft size-medium wp-image-18507\" src=\"https:\/\/konferenztechnik.de\/wp-content\/uploads\/2021\/09\/flexible-300x221.png\" alt=\"Zoom Events - elastyczna skalowalno\u015b\u0107\" width=\"300\" height=\"221\" title=\"\">\n<h3 class=\"pcs-color\"><strong>Elastyczno\u015b\u0107 i skalowalno\u015b\u0107<\/strong><\/h3>\nSzeroki zakres format\u00f3w i rozmiar\u00f3w\n\n<\/div>\n<div class=\"newskasten\"><img loading=\"lazy\" decoding=\"async\" class=\"alignleft size-medium wp-image-18498\" src=\"https:\/\/konferenztechnik.de\/wp-content\/uploads\/2021\/09\/allinone-300x221.png\" alt=\"Zoom Events - rezerwuj z PCS konferenztechnik.de\" width=\"300\" height=\"221\" title=\"\">\n<h3 class=\"pcs-color\"><strong>Najlepsza jako\u015b\u0107 z jednego \u017ar\u00f3d\u0142a<\/strong><\/h3>\nOptymalna jako\u015b\u0107 transmisji i kompletna platforma eventowa\n\n<\/div>\n<\/div>\n<div style=\"background-color: #f7f7f7; padding-left: 20px; padding-right: 20px; padding-top: 30px;\">\n<h3><strong>Rejestracje i zarz\u0105dzanie biletami<\/strong><\/h3>\nProsta rejestracja i sprzeda\u017c bilet\u00f3w dla uczestnik\u00f3w jest zintegrowana. Mo\u017cesz ustawi\u0107 liczb\u0119 bezp\u0142atnych i p\u0142atnych bilet\u00f3w, w\u0142\u0105czy\u0107 zakupy grupowe, opcje prezent\u00f3w lub darowizn. Rejestracja i sprzeda\u017c bilet\u00f3w mog\u0105 by\u0107 spersonalizowane.\n<h3><strong>Wydarzenia publiczne i prywatne<\/strong><\/h3>\nMo\u017cesz organizowa\u0107 bezp\u0142atne i p\u0142atne wydarzenia zar\u00f3wno publiczne, jak i prywatne.\n<h3><strong>R\u00f3\u017cnorodno\u015b\u0107 format\u00f3w wydarze\u0144<\/strong><\/h3>\nPlanuj pojedyncze wydarzenia, serie wydarze\u0144, kilka sesji lub r\u00f3wnoleg\u0142e spotkania. Jednodniowe, wielodniowe i oczywi\u015bcie z opcj\u0105 publikacji nagra\u0144 po wydarzeniu. Zasadniczo mo\u017cesz zdecydowa\u0107, czy chcesz udost\u0119pni\u0107 wydarzenie na \u017cywo, czy na \u017c\u0105danie.\n<h3><strong>Lobby, strona docelowa, centrum wydarze\u0144<\/strong><\/h3>\nZoom Events oferuje \u0142atwy spos\u00f3b na stworzenie punktu startowego (strony docelowej, centrum wydarze\u0144) dla swojego wydarzenia. Mog\u0105 one by\u0107 r\u00f3wnie\u017c publiczne lub prywatne i mog\u0105 by\u0107 u\u017cywane z indywidualnymi adresami URL.\n<h3><strong>Wymiana, nawi\u0105zywanie kontakt\u00f3w<\/strong><\/h3>\nWszyscy uczestnicy mog\u0105 nawi\u0105zywa\u0107 kontakty w lobby, rozmawia\u0107 ze sponsorami i wystawcami oraz wymienia\u0107 si\u0119 informacjami kontaktowymi.\n<h3><strong>Wsp\u00f3\u0142praca i wsp\u00f3\u0142dzia\u0142anie<\/strong><\/h3>\nIntegracja r\u00f3\u017cnych aplikacji w celu promowania wsp\u00f3\u0142pracy, takich jak tablice Miro, Trello, Mentimeter, ale tak\u017ce Microsoft Teams, Slack lub Google Workspace. Sam Zoom og\u0142osi\u0142 opracowanie w\u0142asnej wysokiej jako\u015bci tablicy (13\/09\/2021), kt\u00f3ra w przysz\u0142o\u015bci umo\u017cliwi r\u00f3wnie\u017c wsp\u00f3\u0142prac\u0119 VR.\n<h3><strong>Wieloj\u0119zyczny<\/strong><\/h3>\nUmo\u017cliwiamy t\u0142umaczenia wieloj\u0119zyczne i symultaniczne podczas wirtualnych wydarze\u0144 dzi\u0119ki Zoom Events\n<h3><strong>Dokumentacja i ocena<\/strong><\/h3>\nMo\u017cesz \u015bledzi\u0107 i dokumentowa\u0107 rejestracje, liczb\u0119 odwiedzaj\u0105cych, sprzeda\u017c bilet\u00f3w i przychody. Zoom Events oferuje analizy, kt\u00f3re pomagaj\u0105 w ocenie i ulepszaniu wydarze\u0144.\n\n<\/div>\n<h2><strong>Organizacja wydarze\u0144 Zoom zgodnie z przepisami o ochronie danych osobowych<\/strong><\/h2>\nZoom Events opiera si\u0119 na niezawodnej technologii wideo i czatu Zoom. Oceniamy technologi\u0119 i infrastruktur\u0119 Zoom jako najwy\u017cszej jako\u015bci i najbardziej niezawodne na rynku, a dzi\u0119ki naszym w\u0142asnym serwerom Zoom w Niemczech oferujemy wirtualne i hybrydowe wydarzenia zgodne z RODO, kt\u00f3re s\u0105 przeprowadzane \u015bci\u015ble zgodnie z niemieckim prawem o ochronie danych.\n<h2><strong>PCS jest dostawc\u0105 us\u0142ug Zoom Events<\/strong><\/h2>\nSkorzystaj z naszych szerokich licencji Zoom na swoje wydarzenia. Nasi eksperci pomog\u0105 Ci w konfiguracji, hostingu i personalizacji, a tak\u017ce odpowiedz\u0105 na wszelkie pytania. Oczywi\u015bcie pomo\u017cemy ci r\u00f3wnie\u017c, je\u015bli masz ju\u017c w\u0142asne licencje Zoom Events.\n\nPoznaj Zoom Events. Oferujemy szybkie i \u0142atwe wprowadzenie. Zapraszamy r\u00f3wnie\u017c do um\u00f3wienia si\u0119 na spotkanie demonstracyjne w celu zapoznania si\u0119 z funkcjami i zapleczem.\n\nPorozmawiaj z naszymi ekspertami o tym, co jest ju\u017c mo\u017cliwe dzi\u0119ki Zoom Events.\n<h2><b>Mo\u017ce Ci\u0119 to r\u00f3wnie\u017c zainteresowa\u0107<\/b><\/h2>\n<a title=\"Wydarzenia hybrydowe\" href=\"\/pl\/wydarzenia-hybrydowe\/\">Wydarzenia hybrydowe<\/a>\n<a title=\"Elastyczne koncepcje wydarze\u0144\" href=\"\/pl\/elastyczne-koncepcje-wydarzen\/\">Elastyczne koncepcje wydarze\u0144<\/a>\n<a href=\"https:\/\/konferenztechnik.de\/pl\/tlumaczenie-zdalne-2\/\">Zdalne t\u0142umaczenia ustne, centra i studia<\/a>\n\n\n<a href=\"https:\/\/konferenztechnik.de\/pl\/wideokonferencja\/\">Systemy wideokonferencyjne<\/a>\n<a href=\"https:\/\/konferenztechnik.de\/pl\/technologia-streamingu-wypozyczen\/\">Wynajem technologii przesy\u0142ania strumieniowego<\/a>\n<a href=\"https:\/\/konferenztechnik.de\/pl\/wynajem-sprzetu-konferencyjnego\/technologia-av-mikrofony-systemy-dzwiekowe-projektory\/\">Technologia audio, wideo i transmisji<\/a>\n<div class=\"box1-4 medium-size-txt\" style=\"margin-bottom: 0!important;\">\n<h2><b><span class=\"pcs-color medium-size-txt\">Twoi eksperci od wydarze\u0144<\/span><\/b><\/h2>\nNasi eksperci Zoom Events z przyjemno\u015bci\u0105 odpowiedz\u0105 na Twoje pytania, doradz\u0105 i przygotuj\u0105 spersonalizowan\u0105 wycen\u0119 lub indywidualny plan projektu.\n\n<img loading=\"lazy\" decoding=\"async\" class=\"alignleft size-full wp-image-18120\" src=\"https:\/\/konferenztechnik.de\/wp-content\/uploads\/2021\/08\/Sebastian-Meyer-PCS-GmbH-konferenztechnik-small.jpg\" alt=\"Sebastian Meyer - PCS-GmbH - Planowanie projekt\u00f3w\" width=\"150\" height=\"150\" title=\"\">\n<img loading=\"lazy\" decoding=\"async\" class=\"alignleft size-full wp-image-17771\" src=\"https:\/\/konferenztechnik.de\/wp-content\/uploads\/2021\/06\/christian-becker-pcs-gmbh.jpg\" alt=\"Christian Becker - PCS GmbH - Planowanie wydarze\u0144\" width=\"150\" height=\"150\" title=\"\">\n<img loading=\"lazy\" decoding=\"async\" class=\"alignleft size-full wp-image-17774\" src=\"https:\/\/konferenztechnik.de\/wp-content\/uploads\/2021\/06\/sebastian-gegusch-pcs-gmbh.jpg\" alt=\"Sebastian Gegusch - PCS GmbH - Planowanie projektu\" width=\"150\" height=\"150\" title=\"\">\n\n<span class=\"medium-size-txt\">\nPo prostu zadzwo\u0144 do nas!\n<a href=\"tel:08007274624\"><b>0800 727 46 24<\/b><\/a><\/span>\n\nProsimy o przes\u0142anie wiadomo\u015bci e-mail na adres:\n<span class=\"volleansicht\"><a href=\"mailto:info@konferenztechnik.de\">info@konferenztechnik.de<\/a>\n<\/span>\n<span class=\"mobileansicht\"><a href=\"mailto:info@konferenztechnik.de\">pisa\u0107<\/a>\n<\/span>\n\nPorozmawiaj z nami na czacie lub skorzystaj z us\u0142ugi oddzwaniania\n<h2>Zorganizuj oddzwonienie<\/h2>\n<\/div>\t\t\t\t\t\t\t\t<\/div>\n\t\t\t\t<\/div>\n\t\t\t\t\t<\/div>\n\t\t<\/div>\n\t\t\t\t\t<\/div>\n\t\t<\/section>\n\t\t\t\t<\/div>","protected":false},"excerpt":{"rendered":"<p>Zoom Events \u2013 Online-Events erstellen, hosten und verwalten mit der Zoom Events-Plattform Die Zoom Events-Plattform erf\u00fcllt die Bed\u00fcrfnisse, individuelle virtuelle Erlebnisse einfach und effizient durchzuf\u00fchren. Zoom Events ist eine All-in-one-Plattform f\u00fcr virtuelle und hybride Events unterschiedlichster Formate und Gr\u00f6\u00dfenordnungen. Wir unterst\u00fctzen Sie bei der Planung und Erstellung und sorgen mit unseren Servern in Deutschland f\u00fcr [&hellip;]<\/p>","protected":false},"author":1,"featured_media":45482,"parent":0,"menu_order":0,"comment_status":"closed","ping_status":"closed","template":"","meta":{"_acf_changed":false,"footnotes":""},"class_list":["post-18403","page","type-page","status-publish","has-post-thumbnail","hentry"],"acf":[],"_links":{"self":[{"href":"https:\/\/konferenztechnik.de\/pl\/wp-json\/wp\/v2\/pages\/18403","targetHints":{"allow":["GET"]}}],"collection":[{"href":"https:\/\/konferenztechnik.de\/pl\/wp-json\/wp\/v2\/pages"}],"about":[{"href":"https:\/\/konferenztechnik.de\/pl\/wp-json\/wp\/v2\/types\/page"}],"author":[{"embeddable":true,"href":"https:\/\/konferenztechnik.de\/pl\/wp-json\/wp\/v2\/users\/1"}],"replies":[{"embeddable":true,"href":"https:\/\/konferenztechnik.de\/pl\/wp-json\/wp\/v2\/comments?post=18403"}],"version-history":[{"count":0,"href":"https:\/\/konferenztechnik.de\/pl\/wp-json\/wp\/v2\/pages\/18403\/revisions"}],"wp:featuredmedia":[{"embeddable":true,"href":"https:\/\/konferenztechnik.de\/pl\/wp-json\/wp\/v2\/media\/45482"}],"wp:attachment":[{"href":"https:\/\/konferenztechnik.de\/pl\/wp-json\/wp\/v2\/media?parent=18403"}],"curies":[{"name":"wp","href":"https:\/\/api.w.org\/{rel}","templated":true}]}}