{"id":18584,"date":"2021-10-05T11:33:23","date_gmt":"2021-10-05T10:33:23","guid":{"rendered":"https:\/\/www.konferenztechnik.de\/?page_id=18584"},"modified":"2023-09-01T11:51:05","modified_gmt":"2023-09-01T09:51:05","slug":"project-planner-f-d-m-w-dziedzinie-technologii-konferencyjnych-i-wydarzen","status":"publish","type":"page","link":"https:\/\/konferenztechnik.de\/pl\/project-planner-f-d-m-w-dziedzinie-technologii-konferencyjnych-i-wydarzen\/","title":{"rendered":"Project planner (f\/m) w dziedzinie technologii konferencyjnych i wydarze\u0144"},"content":{"rendered":"<p>[column size=\"3-4\u2033 last=\"0\u2033]<br \/>\n[note color=\"#FFCC00\u2033]<br \/>\n[spacer size=\"20\u2033]<br \/>\nStanowisko zosta\u0142o ju\u017c obsadzone. Dzi\u0119kujemy za nades\u0142ane zg\u0142oszenia!<br \/>\n[spacer size=\"20\u2033]<br \/>\n[\/note]<\/p>\n<h1><strong>Poszukujemy planist\u00f3w projekt\u00f3w (f\/m) w dziedzinie technologii konferencyjnych i wydarze\u0144<\/strong><\/h1>\n<p>Poszukujemy planisty projekt\u00f3w (f\/m) w dziedzinie konferencji, technologii symultanicznej i wydarze\u0144 dla wszystkich lokalizacji ze skutkiem natychmiastowym.<\/p>\n<h2><strong>Twoje zadania<\/strong><\/h2>\n<ul>\n<li>Podejmiesz si\u0119 specjalistycznych zada\u0144 zwi\u0105zanych z planowaniem naszych projekt\u00f3w.<\/li>\n<li>Organizujesz i kontrolujesz procesy przed, w trakcie i po zako\u0144czeniu projekt\u00f3w: Planowanie techniczne, planowanie personelu, logistyka pojazd\u00f3w, zwroty towar\u00f3w i odprawy.<\/li>\n<li>Planujesz materia\u0142y i zasoby (technik\u00f3w, pojazdy) dla naszych projekt\u00f3w w oprogramowaniu projektowym EasyJob.<\/li>\n<li>Organizujesz i monitorujesz p\u0142ynn\u0105 wymian\u0119 towar\u00f3w mi\u0119dzy naszymi oddzia\u0142ami, zapewniaj\u0105c dost\u0119pno\u015b\u0107 zasob\u00f3w i materia\u0142\u00f3w dla wszystkich bie\u017c\u0105cych i nadchodz\u0105cych projekt\u00f3w.<\/li>\n<li>Jeste\u015b punktem kontaktowym dla naszych klient\u00f3w i partner\u00f3w, a tak\u017ce wewn\u0119trznie dla naszych technik\u00f3w, planist\u00f3w projekt\u00f3w i specjalist\u00f3w ds. logistyki magazynowej.<\/li>\n<\/ul>\n<p>[\/column]<br \/>\n[column size=\"1-4\u2033 last=\"1\u2033]<\/p>\n<div class=\"box1-4\" style=\"margin-bottom: 0!important; margin-top:50px\">\n<b><span class=\"pcs-color\">Aplikacje i zapytania<\/span><\/b><br \/>\n<img fetchpriority=\"high\" decoding=\"async\" width=\"800\" height=\"533\" src=\"https:\/\/konferenztechnik.de\/wp-content\/uploads\/2013\/09\/thorsten_geissler_pcs-gmbh.jpg\" alt=\"Thorsten Gei\u00dfler\" class=\"alignleft size-full wp-image-2317\" title=\"\" srcset=\"https:\/\/konferenztechnik.de\/wp-content\/uploads\/2013\/09\/thorsten_geissler_pcs-gmbh.jpg 800w, https:\/\/konferenztechnik.de\/wp-content\/uploads\/2013\/09\/thorsten_geissler_pcs-gmbh-300x200.jpg 300w, https:\/\/konferenztechnik.de\/wp-content\/uploads\/2013\/09\/thorsten_geissler_pcs-gmbh-768x512.jpg 768w\" sizes=\"(max-width: 800px) 100vw, 800px\" \/><\/p>\n<p>Thorsten Gei\u00dfler<br \/>\n<a href=\"tel:+4921173779816\"><b>+49 211 737798 16<\/b><\/a><br \/>\n<span class=\"volleansicht\"><a href=\"mailto:geissler@konferenztechnik.de\" onclick=\"ga('send', 'event', 'Email-Klick', 'Kontakt bewerben');\">geissler@konferenztechnik.de<\/a><br \/>\n<\/span><br \/>\n<span class=\"mobileansicht\"><a href=\"mailto:geissler@konferenztechnik.de\" onclick=\"ga('send', 'event', 'Email-Klick', 'Kontakt bewerben');\">pisa\u0107<\/a><br \/>\n<\/span><\/p>\n<\/div>\n<p>[\/column]<\/p>\n<p>[spacer size=\"20\u2033]<\/p>\n<h2><strong>Twoje do\u015bwiadczenie i wiedza<\/strong><\/h2>\n<ul>\n<li>Do\u015bwiadczenie w tworzeniu harmonogram\u00f3w lub planowaniu projekt\u00f3w w bran\u017cy eventowej<\/li>\n<li>Znajomo\u015b\u0107 oprogramowania projektowego i system\u00f3w zarz\u0105dzania towarami, najlepiej Protonic EasyJob<\/li>\n<li>Bardzo dobra znajomo\u015b\u0107 technologii medi\u00f3w AV oraz technologii konferencyjnej i symultanicznej.<\/li>\n<li>Pracujesz w spos\u00f3b wysoce zorientowany na klienta i us\u0142ugi.<\/li>\n<li>Lubisz pracowa\u0107 w zespole i wchodzi\u0107 w interakcje ze wsp\u00f3\u0142pracownikami.<\/li>\n<li>Szybko pojmujesz rzeczy i szybko opracowujesz rozwi\u0105zania<\/li>\n<li>Pracujesz w bardzo ustrukturyzowany spos\u00f3b i zawsze zachowujesz przegl\u0105d sytuacji.<\/li>\n<li>Bardzo dobre umiej\u0119tno\u015bci obs\u0142ugi komputera (PC, Windows, Microsoft Office)<\/li>\n<li>Bardzo dobra znajomo\u015b\u0107 j\u0119zyka niemieckiego w mowie i pi\u015bmie<\/li>\n<li>Dobra znajomo\u015b\u0107 j\u0119zyka angielskiego w mowie i pi\u015bmie<\/li>\n<\/ul>\n<p>[spacer size=\"20\u2033]<\/p>\n<h2><strong>Co oferujemy<\/strong><\/h2>\n<ul>\n<li>Sta\u0142e stanowisko (mo\u017cliwe elastyczne modele pracy: pe\u0142ny etat, p\u00f3\u0142 etatu, mini-job, midi-job lub pracuj\u0105cy student)<\/li>\n<li>Mo\u017cliwo\u015b\u0107 pracy mobilnej<\/li>\n<li>Zak\u0142adowy program emerytalny<\/li>\n<li>Firmowe ubezpieczenie zdrowotne (dodatek dentystyczny, okulary)<\/li>\n<li>Rower s\u0142u\u017cbowy<\/li>\n<li>Ciekawe i zr\u00f3\u017cnicowane projekty<\/li>\n<li>Zmotywowany zesp\u00f3\u0142, kt\u00f3ry dobrze si\u0119 bawi i lubi swoj\u0105 prac\u0119<\/li>\n<li>Elastyczne godziny pracy<\/li>\n<li>P\u0142askie hierarchie<\/li>\n<\/ul>","protected":false},"excerpt":{"rendered":"<p>[column size=&#8220;3-4&#8243; last=&#8220;0&#8243;] [note color=&#8220;#FFCC00&#8243;] [spacer size=&#8220;20&#8243;] Die Stelle ist mittlerweile besetzt. Vielen Dank f\u00fcr Ihre Bewerbungen! [spacer size=&#8220;20&#8243;] [\/note] Wir suchen Projektplaner:in (w\/d\/m) im Bereich Konferenztechnik und Event F\u00fcr alle Standorte suchen wir ab sofort eine:n Projektplaner:in (w\/d\/m) im Bereich Konferenz-, Simultantechnik und Event. Ihre Aufgaben Sie \u00fcbernehmen fachplanerische Aufgaben f\u00fcr unsere Projekte. Sie [&hellip;]<\/p>","protected":false},"author":1,"featured_media":45482,"parent":0,"menu_order":0,"comment_status":"closed","ping_status":"closed","template":"","meta":{"_acf_changed":false,"footnotes":""},"class_list":["post-18584","page","type-page","status-publish","has-post-thumbnail","hentry"],"acf":[],"_links":{"self":[{"href":"https:\/\/konferenztechnik.de\/pl\/wp-json\/wp\/v2\/pages\/18584","targetHints":{"allow":["GET"]}}],"collection":[{"href":"https:\/\/konferenztechnik.de\/pl\/wp-json\/wp\/v2\/pages"}],"about":[{"href":"https:\/\/konferenztechnik.de\/pl\/wp-json\/wp\/v2\/types\/page"}],"author":[{"embeddable":true,"href":"https:\/\/konferenztechnik.de\/pl\/wp-json\/wp\/v2\/users\/1"}],"replies":[{"embeddable":true,"href":"https:\/\/konferenztechnik.de\/pl\/wp-json\/wp\/v2\/comments?post=18584"}],"version-history":[{"count":0,"href":"https:\/\/konferenztechnik.de\/pl\/wp-json\/wp\/v2\/pages\/18584\/revisions"}],"wp:featuredmedia":[{"embeddable":true,"href":"https:\/\/konferenztechnik.de\/pl\/wp-json\/wp\/v2\/media\/45482"}],"wp:attachment":[{"href":"https:\/\/konferenztechnik.de\/pl\/wp-json\/wp\/v2\/media?parent=18584"}],"curies":[{"name":"wp","href":"https:\/\/api.w.org\/{rel}","templated":true}]}}