{"id":18928,"date":"2022-03-30T14:02:02","date_gmt":"2022-03-30T13:02:02","guid":{"rendered":"https:\/\/www.konferenztechnik.de\/?page_id=18928"},"modified":"2023-08-28T15:44:31","modified_gmt":"2023-08-28T13:44:31","slug":"koordynacja-techniczna-i-wsparcie-dla-studiow-tlumaczen-ustnych-d-w-m","status":"publish","type":"page","link":"https:\/\/konferenztechnik.de\/pl\/kariera\/koordynacja-techniczna-i-wsparcie-dla-studiow-tlumaczen-ustnych-d-w-m\/","title":{"rendered":"Koordynacja techniczna i wsparcie dla studi\u00f3w t\u0142umacze\u0144 ustnych (d\/k\/m)"},"content":{"rendered":"<h1><b>Koordynacja techniczna i wsparcie dla studi\u00f3w t\u0142umacze\u0144 ustnych (d\/k\/m)<\/b><\/h1>\n<p>[note color=\"#FFCC00\u2033]<br \/>\n[spacer size=\"20\u2033]<br \/>\nStanowisko zosta\u0142o ju\u017c obsadzone. Dzi\u0119kujemy za nades\u0142ane zg\u0142oszenia!<br \/>\n[spacer size=\"20\u2033]<br \/>\n[\/note]<br \/>\n[column size=\"3-4\u2033 last=\"0\u2033]<\/p>\n<h2><b>Opis stanowiska<\/b><\/h2>\n<p>B\u0119dziesz centraln\u0105 (techniczn\u0105) osob\u0105 kontaktow\u0105 dla naszych berli\u0144skich studi\u00f3w z ponad 50 stanowiskami dla t\u0142umaczy symultanicznych. B\u0119dziesz odpowiedzialny za konfiguracj\u0119 techniczn\u0105, koordynacj\u0119 i nadz\u00f3r nad wydarzeniami w naszych studiach, a tak\u017ce za dzia\u0142ania nast\u0119pcze oraz wszelkie niezb\u0119dne prace zwi\u0105zane z przebudow\u0105 i demonta\u017cem. W zale\u017cno\u015bci od wielko\u015bci wydarzenia b\u0119dziesz pracowa\u0107 w zespole z naszymi technikami.<\/p>\n<p>[\/column]<br \/>\n[column size=\"1-4\u2033 last=\"1\u2033]<\/p>\n<div class=\"box1-4\">\n<img fetchpriority=\"high\" decoding=\"async\" width=\"800\" height=\"533\" src=\"https:\/\/konferenztechnik.de\/wp-content\/uploads\/2013\/09\/gunnar_hermenau_pcs-gmbh.jpg\" alt=\"gunnar_hermenau_pcs-gmbh\" class=\"alignleft size-full wp-image-2301\" title=\"\" srcset=\"https:\/\/konferenztechnik.de\/wp-content\/uploads\/2013\/09\/gunnar_hermenau_pcs-gmbh.jpg 800w, https:\/\/konferenztechnik.de\/wp-content\/uploads\/2013\/09\/gunnar_hermenau_pcs-gmbh-300x200.jpg 300w, https:\/\/konferenztechnik.de\/wp-content\/uploads\/2013\/09\/gunnar_hermenau_pcs-gmbh-768x512.jpg 768w\" sizes=\"(max-width: 800px) 100vw, 800px\" \/><br \/>\nAplikacje prosimy przesy\u0142a\u0107 na adres<br \/>\nGunnar Hermenau<br \/>\nTel. <a href=\"tel:+49\" 30 6959690 14\">+49 30 6959690 14<\/a><br \/>\n<span class=\"volleansicht\">e-mail <a href=\"mailto:hermenau@konferenztechnik.de\" onclick=\"ga('send', 'event', 'Email-Klick', 'Kontakt Hermenau');\">pisa\u0107<\/a><br \/>\n<\/span><br \/>\n<span class=\"mobileansicht\">e-mail <a href=\"mailto:hermenau@konferenztechnik.de\" onclick=\"ga('send', 'event', 'Email-Klick', 'Kontakt Hermenau');\">pisa\u0107<\/a><br \/>\n<\/span><\/div>\n<p>[\/column]<\/p>\n<h2><b>Twoje zadania<\/b><\/h2>\n<ul>\n<li>Konfiguracja, obs\u0142uga i wsparcie ca\u0142ego sprz\u0119tu technicznego w naszych studiach (koncentracja na d\u017awi\u0119ku, o\u015bwietleniu, obrazie, informatyce eventowej, technologii t\u0142umacze\u0144 ustnych).<\/li>\n<li>Przygotowywanie i monitorowanie wydarze\u0144 w naszych studiach<\/li>\n<li>Konserwacja i serwis naszej technologii studyjnej<\/li>\n<li>Wsparcie techniczne przed, w trakcie i po wydarzeniach<\/li>\n<li>Koordynacja wydarze\u0144 cyfrowych i hybrydowych<\/li>\n<li>Konfiguracja, instalacja i obs\u0142uga technologii eventowej podczas wydarze\u0144 na miejscu<\/li>\n<\/ul>\n<p>[spacer size=\"20\u2033]<\/p>\n<h2><b>Tw\u00f3j profil<\/b><\/h2>\n<ul>\n<li>Pomy\u015blnie uko\u0144czone szkolenie jako specjalista ds. technologii wydarze\u0144 w dziedzinie in\u017cynierii d\u017awi\u0119ku lub in\u017cynierii wydarze\u0144 lub podobne szkolenie \/ studia lub kilka lat odpowiedniego do\u015bwiadczenia zawodowego<\/li>\n<li>Bardzo dobra znajomo\u015b\u0107 technologii audio, wideo i t\u0142umacze\u0144 ustnych, a tak\u017ce informatyki eventowej.<\/li>\n<li>Bardzo dobre umiej\u0119tno\u015bci obs\u0142ugi komputera (PC\/Mac\/systemy operacyjne)<\/li>\n<li>Dobra znajomo\u015b\u0107 MS Office, MS Teams, Zoom lub innych system\u00f3w wideokonferencyjnych lub platform eventowych.<\/li>\n<li>Bardzo dobre umiej\u0119tno\u015bci komunikacyjne w j\u0119zyku niemieckim i dobre w j\u0119zyku angielskim<\/li>\n<li>Lubisz pracowa\u0107 w zespole i masz wysoki poziom umiej\u0119tno\u015bci organizacyjnych i komunikacyjnych.<\/li>\n<li>Jeste\u015b niezawodny i zachowujesz kontrol\u0119 nawet w stresuj\u0105cych sytuacjach.<\/li>\n<\/ul>\n<p>[spacer size=\"20\u2033]<\/p>\n<h2><b>Oferujemy<\/b><\/h2>\n<ul>\n<li>Sta\u0142e stanowisko z godziwym wynagrodzeniem<\/li>\n<li>\u015awietny i zmotywowany zesp\u00f3\u0142<\/li>\n<li>P\u0142aska hierarchia i kr\u00f3tkie procesy decyzyjne<\/li>\n<li>Centralnie po\u0142o\u017cone, nowoczesne miejsce pracy<\/li>\n<li>Elastyczne godziny pracy<\/li>\n<li>Pracowniczy program emerytalny i dodatkowe ubezpieczenie stomatologiczne<\/li>\n<li>Rower s\u0142u\u017cbowy<\/li>\n<\/ul>","protected":false},"excerpt":{"rendered":"<p>Technische Koordination und Betreuung Dolmetschstudios (d\/w\/m) [note color=&#8220;#FFCC00&#8243;] [spacer size=&#8220;20&#8243;] Die Stelle ist mittlerweile besetzt. Vielen Dank f\u00fcr Ihre Bewerbungen! [spacer size=&#8220;20&#8243;] [\/note] [column size=&#8220;3-4&#8243; last=&#8220;0&#8243;] Stellenbeschreibung Du bist zentrale (technische) Ansprechperson f\u00fcr unsere Berliner Studios mit \u00fcber 50 Arbeitspl\u00e4tzen f\u00fcr Simultandolmetscher:innen. Du \u00fcbernimmst die technische Einrichtung, die Koordination und Betreuung von Events in unseren [&hellip;]<\/p>","protected":false},"author":1,"featured_media":45482,"parent":5827,"menu_order":0,"comment_status":"closed","ping_status":"closed","template":"","meta":{"_acf_changed":false,"footnotes":""},"class_list":["post-18928","page","type-page","status-publish","has-post-thumbnail","hentry"],"acf":[],"_links":{"self":[{"href":"https:\/\/konferenztechnik.de\/pl\/wp-json\/wp\/v2\/pages\/18928","targetHints":{"allow":["GET"]}}],"collection":[{"href":"https:\/\/konferenztechnik.de\/pl\/wp-json\/wp\/v2\/pages"}],"about":[{"href":"https:\/\/konferenztechnik.de\/pl\/wp-json\/wp\/v2\/types\/page"}],"author":[{"embeddable":true,"href":"https:\/\/konferenztechnik.de\/pl\/wp-json\/wp\/v2\/users\/1"}],"replies":[{"embeddable":true,"href":"https:\/\/konferenztechnik.de\/pl\/wp-json\/wp\/v2\/comments?post=18928"}],"version-history":[{"count":0,"href":"https:\/\/konferenztechnik.de\/pl\/wp-json\/wp\/v2\/pages\/18928\/revisions"}],"up":[{"embeddable":true,"href":"https:\/\/konferenztechnik.de\/pl\/wp-json\/wp\/v2\/pages\/5827"}],"wp:featuredmedia":[{"embeddable":true,"href":"https:\/\/konferenztechnik.de\/pl\/wp-json\/wp\/v2\/media\/45482"}],"wp:attachment":[{"href":"https:\/\/konferenztechnik.de\/pl\/wp-json\/wp\/v2\/media?parent=18928"}],"curies":[{"name":"wp","href":"https:\/\/api.w.org\/{rel}","templated":true}]}}