{"id":1899,"date":"2013-09-06T11:43:05","date_gmt":"2013-09-06T09:43:05","guid":{"rendered":"https:\/\/konferenztechnik.de\/?page_id=1899"},"modified":"2013-09-06T11:43:05","modified_gmt":"2013-09-06T09:43:05","slug":"systemy-naprowadzania-sennheiser","status":"publish","type":"page","link":"https:\/\/konferenztechnik.de\/pl\/dystrybucja-technologii-konferencyjnych-i-multimedialnych\/systemy-naprowadzania-sennheiser\/","title":{"rendered":"Systemy naprowadzania Sennheiser"},"content":{"rendered":"<h1>Systemy przewodnik\u00f3w i systemy tour guide firmy Sennheiser<\/h1>\n<p>System Sennheiser TourGuide jest idealnym \u015brodkiem do oprowadzania po fabrykach i miastach, gdy tylko grupa, kt\u00f3ra ma by\u0107 oprowadzana, przekroczy okre\u015blon\u0105 liczb\u0119 os\u00f3b i gdy ha\u0142as otoczenia \u2013, taki jak w zak\u0142adach produkcyjnych \u2013, jest tak wysoki, \u017ce nie jest ju\u017c mo\u017cliwe porozumiewanie si\u0119 bez takiej pomocy.<\/p>\n<p>Oto szczeg\u00f3\u0142owe funkcje tego systemu TourGuide:<\/p>\n<ul>\n<li>6 kana\u0142\u00f3w w wolnym od licencji europejskim zakresie cz\u0119stotliwo\u015bci: 863-865 MHz<\/li>\n<li>Technologia cyfrowej transmisji radiowej<\/li>\n<li>Bardzo \u0142atwa obs\u0142uga i dzia\u0142anie<\/li>\n<li>Wytrzyma\u0142a, sprawdzona obudowa nadajnika r\u0119cznego<\/li>\n<li>Idealny w ha\u0142a\u015bliwym otoczeniu<\/li>\n<li>Pod\u015bwietlany wy\u015bwietlacz ze wska\u017anikiem<\/li>\n<li>Proste ustawienie kana\u0142u<\/li>\n<li>Wy\u015bwietlanie stanu baterii<\/li>\n<\/ul>\n<p>[spacer size=\"20\u2033]<br \/>\n[tabs style=\"1\u2033]<br \/>\n[tab title=\"Artyku\u0142\"]<\/p>\n<h2>Odbiornik podbr\u00f3dka HDE 2020-D<\/h2>\n<p>[column size=\"2-5\u2033 last=\"0\u2033]<\/p>\n<p><a href=\"https:\/\/konferenztechnik.de\/wp-content\/uploads\/2013\/09\/TourGuide_Empfaenger_HDE2020-D_gross.jpg\"><img fetchpriority=\"high\" decoding=\"async\" width=\"410\" height=\"497\" src=\"https:\/\/konferenztechnik.de\/wp-content\/uploads\/2013\/09\/TourGuide_Empfaenger_HDE2020-D_gross.jpg\" alt=\"Odbiornik Sennheiser TourGuide HDE2020-D\" class=\"alignnone size-full wp-image-1905\" title=\"\" srcset=\"https:\/\/konferenztechnik.de\/wp-content\/uploads\/2013\/09\/TourGuide_Empfaenger_HDE2020-D_gross.jpg 410w, https:\/\/konferenztechnik.de\/wp-content\/uploads\/2013\/09\/TourGuide_Empfaenger_HDE2020-D_gross-247x300.jpg 247w\" sizes=\"(max-width: 410px) 100vw, 410px\" \/><\/a><\/p>\n<p>[\/column]<br \/>\n[column size=\"3-5\u2033 last=\"1\u2033]<br \/>\nHDE 2020-D to wygodny w noszeniu zestaw s\u0142uchawkowy TourGuide System 2020-D firmy Sennheiser. Jest to odbiornik i zestaw s\u0142uchawkowy w jednym \u2013 bez irytuj\u0105cych kabli. Akumulator zestawu s\u0142uchawkowego zapewnia do 8 godzin pracy podczas typowych wycieczek po fabryce i mie\u015bcie. Wbudowany wy\u015bwietlacz LCD dostarcza informacji o g\u0142o\u015bno\u015bci, jako\u015bci odbioru, stanie baterii i wybranym kanale odbioru.<br \/>\n[\/column]<br \/>\n[\/tab]<br \/>\n[\/tabs]<\/p>\n<p>[spacer size=\"20\u2033]<br \/>\n[tabs style=\"1\u2033]<br \/>\n[tab title=\"Artyku\u0142\"]<\/p>\n<h2>Odbiornik kieszonkowy EK 2020-D<\/h2>\n<p>[column size=\"2-5\u2033 last=\"0\u2033]<\/p>\n<p><a href=\"https:\/\/konferenztechnik.de\/wp-content\/uploads\/2013\/09\/sennheiser-tourguide-EK_2020-D_gross.jpg\"><img decoding=\"async\" width=\"275\" height=\"413\" src=\"https:\/\/konferenztechnik.de\/wp-content\/uploads\/2013\/09\/sennheiser-tourguide-EK_2020-D_gross.jpg\" alt=\"Sennheiser Tourguide EK2020-D\" class=\"alignnone size-full wp-image-1907\" title=\"\" srcset=\"https:\/\/konferenztechnik.de\/wp-content\/uploads\/2013\/09\/sennheiser-tourguide-EK_2020-D_gross.jpg 275w, https:\/\/konferenztechnik.de\/wp-content\/uploads\/2013\/09\/sennheiser-tourguide-EK_2020-D_gross-200x300.jpg 200w\" sizes=\"(max-width: 275px) 100vw, 275px\" \/><\/a><br \/>\n[\/column]<br \/>\n[column size=\"3-5\u2033 last=\"1\u2033]<br \/>\nEK 2020-D to kieszonkowy odbiornik, kt\u00f3ry mo\u017ce by\u0107 u\u017cywany z indywidualnymi s\u0142uchawkami lub p\u0119tl\u0105 indukcyjn\u0105. Idealnie nadaje si\u0119 do u\u017cytku z aparatami s\u0142uchowymi, osobistym przewodnictwem lub podczas konferencji. Odbiornik mo\u017ce by\u0107 u\u017cywany w po\u0142\u0105czeniu z aparatami s\u0142uchowymi z cewk\u0105 T.<br \/>\n[\/column]<br \/>\n[\/tab]<br \/>\n[tab title=\"Szczeg\u00f3\u0142y techniczne\"]<\/p>\n<h2>Odbiornik kieszonkowy EK 2020-D<\/h2>\n<p>Zasi\u0119g odbioru EK 2020-D wynosi oko\u0142o 50 metr\u00f3w na zewn\u0105trz i oko\u0142o 100 metr\u00f3w w pomieszczeniach. G\u0142o\u015bno\u015b\u0107, jako\u015b\u0107 odbioru, stan baterii i kana\u0142 odbioru mo\u017cna odczyta\u0107 na wy\u015bwietlaczu LCD. Mo\u017ce by\u0107 r\u00f3wnie\u017c u\u017cywany w trybie mieszanym z odbiornikami podbr\u00f3dkowymi HDE 2020-D bez \u017cadnych problem\u00f3w.<\/p>\n<ul>\n<li>Bezp\u0142atny wyb\u00f3r s\u0142uchawek lub korzystanie z p\u0119tli indukcyjnej<\/li>\n<li>16 godzin pracy na baterii<\/li>\n<li>Cyfrowa transmisja sygna\u0142u HF<\/li>\n<li>Pod\u015bwietlany wy\u015bwietlacz LCD<\/li>\n<li>Mo\u017cliwa praca mieszana z odbiornikiem podbr\u00f3dkowym HDE 2020-D<\/li>\n<\/ul>\n<p>[\/tab]<br \/>\n[\/tabs]<br \/>\n[spacer size=\"20\u2033]<br \/>\n[tabs style=\"1\u2033]<br \/>\n[tab title=\"Artyku\u0142\"]<\/p>\n<h2>Nadajnik r\u0119czny SKM 2020-D<\/h2>\n<p>[column size=\"2-5\u2033 last=\"0\u2033]<\/p>\n<p><a href=\"https:\/\/konferenztechnik.de\/wp-content\/uploads\/2013\/09\/TourGuide_Handsender_SKM2020-D_gross.jpg\"><img decoding=\"async\" width=\"527\" height=\"198\" src=\"https:\/\/konferenztechnik.de\/wp-content\/uploads\/2013\/09\/TourGuide_Handsender_SKM2020-D_gross.jpg\" alt=\"Nadajnik r\u0119czny TourGuide SKM2020-D\" class=\"alignnone size-full wp-image-1909\" title=\"\" srcset=\"https:\/\/konferenztechnik.de\/wp-content\/uploads\/2013\/09\/TourGuide_Handsender_SKM2020-D_gross.jpg 527w, https:\/\/konferenztechnik.de\/wp-content\/uploads\/2013\/09\/TourGuide_Handsender_SKM2020-D_gross-300x113.jpg 300w\" sizes=\"(max-width: 527px) 100vw, 527px\" \/><\/a><br \/>\n[\/column]<br \/>\n[column size=\"3-5\u2033 last=\"1\u2033]<\/p>\n<p>Nadajnik r\u0119czny SKM 2020-D dla systemu TourGuide oferuje zasi\u0119g do 100 metr\u00f3w na zewn\u0105trz i oko\u0142o 50 metr\u00f3w w pomieszczeniach.<\/p>\n<p>Nadajnik jest \u0142atwy i wygodny w obs\u0142udze. Pod\u015bwietlany wy\u015bwietlacz pokazuje kana\u0142 transmisji i stan baterii. Akumulator umo\u017cliwia prac\u0119 przez 8 godzin. Po zako\u0144czeniu ka\u017cdej trasy mo\u017cna go szybko na\u0142adowa\u0107 w etui \u0142aduj\u0105cym EZL 2020-20L. <\/p>\n<p>[\/column]<br \/>\n[\/tab]<br \/>\n[\/tabs]<br \/>\n[spacer size=\"20\u2033]<br \/>\n[tabs style=\"1\u2033]<br \/>\n[tab title=\"Artyku\u0142\"]<\/p>\n<h2>Nadajnik kieszonkowy SK 2020-D<\/h2>\n<p>[column size=\"2-5\u2033 last=\"0\u2033]<\/p>\n<p><a href=\"https:\/\/konferenztechnik.de\/wp-content\/uploads\/2013\/09\/TourGuide_Taschensender_SK2020-D_gross.jpg\"><img loading=\"lazy\" decoding=\"async\" width=\"280\" height=\"420\" src=\"https:\/\/konferenztechnik.de\/wp-content\/uploads\/2013\/09\/TourGuide_Taschensender_SK2020-D_gross.jpg\" alt=\"Nadajnik bodypack Sennheiser TourGuide SK2020-D\" class=\"alignnone size-full wp-image-1911\" title=\"\" srcset=\"https:\/\/konferenztechnik.de\/wp-content\/uploads\/2013\/09\/TourGuide_Taschensender_SK2020-D_gross.jpg 280w, https:\/\/konferenztechnik.de\/wp-content\/uploads\/2013\/09\/TourGuide_Taschensender_SK2020-D_gross-200x300.jpg 200w\" sizes=\"(max-width: 280px) 100vw, 280px\" \/><\/a><br \/>\n[\/column]<br \/>\n[column size=\"3-5\u2033 last=\"1\u2033]<\/p>\n<p>Nadajnik bodypack TourGuide SK 2020-D w po\u0142\u0105czeniu z mikrofonem nag\u0142ownym lub przypinanym zapewnia maksymaln\u0105 swobod\u0119 ruch\u00f3w podczas wycieczki. Mo\u017cesz obja\u015bnia\u0107 obiekt lub demonstrowa\u0107 obiekt obiema r\u0119kami w wolnym czasie.<\/p>\n<p>Mo\u017cna r\u00f3wnie\u017c u\u017cy\u0107 wej\u015bcia liniowego nadajnika do nagrywania zewn\u0119trznych \u017ar\u00f3de\u0142 d\u017awi\u0119ku podczas m\u00f3wienia lub wyciszenia mikrofonu. Obs\u0142uga nadajnika jest bardzo intuicyjna, a pod\u015bwietlany wy\u015bwietlacz informuje o ustawieniach kana\u0142u, stanie baterii oraz g\u0142o\u015bno\u015bci wej\u015bcia mikrofonowego i liniowego. Dzi\u0119ki metalowej obudowie nadajnik jest r\u00f3wnie\u017c bardzo wytrzyma\u0142y.<\/p>\n<p>[\/column]<br \/>\n[\/tab]<br \/>\n[\/tabs]<br \/>\n[spacer size=\"20\u2033]<\/p>\n<p>[tabs style=\"1\u2033]<br \/>\n[tab title=\"Artyku\u0142\"]<\/p>\n<h2> Mikrofon zestawu s\u0142uchawkowego HS 2<\/h2>\n<p>[column size=\"2-5\u2033 last=\"0\u2033]<\/p>\n<p><a href=\"https:\/\/konferenztechnik.de\/wp-content\/uploads\/2013\/09\/Kopfbuegelmikrofon_HS2_gross.jpg\"><img loading=\"lazy\" decoding=\"async\" width=\"544\" height=\"413\" src=\"https:\/\/konferenztechnik.de\/wp-content\/uploads\/2013\/09\/Kopfbuegelmikrofon_HS2_gross.jpg\" alt=\"Mikrofon nag\u0142owny Sennheiser HS2\" class=\"alignnone size-full wp-image-1913\" title=\"\" srcset=\"https:\/\/konferenztechnik.de\/wp-content\/uploads\/2013\/09\/Kopfbuegelmikrofon_HS2_gross.jpg 544w, https:\/\/konferenztechnik.de\/wp-content\/uploads\/2013\/09\/Kopfbuegelmikrofon_HS2_gross-300x228.jpg 300w\" sizes=\"(max-width: 544px) 100vw, 544px\" \/><\/a><br \/>\n[\/column]<br \/>\n[column size=\"3-5\u2033 last=\"1\u2033]<\/p>\n<p>HS 2 to mikrofon nag\u0142owny ze stalowym kablem do \u0142adowania i specjaln\u0105 wtyczk\u0105. Wielokierunkowy mikrofon pojemno\u015bciowy spe\u0142nia najwy\u017csze wymagania w zakresie jako\u015bci d\u017awi\u0119ku i wytrzyma\u0142o\u015bci. Nadaje si\u0119 do transmisji g\u0142osu i mowy we wszystkich obszarach technologii transmisji i jest idealnym uzupe\u0142nieniem wspomnianego nadajnika bodypack SK 2020-D.<\/p>\n<p>[\/column]<br \/>\n[\/tab]<br \/>\n[\/tabs]<br \/>\n[spacer size=\"20\u2033]<br \/>\n[tabs style=\"1\u2033]<br \/>\n[tab title=\"Artyku\u0142\"]<\/p>\n<h2>Etui do transportu i \u0142adowania EZL 2020-D<\/h2>\n<p>[column size=\"2-5\u2033 last=\"0\u2033]<\/p>\n<p><a href=\"https:\/\/konferenztechnik.de\/wp-content\/uploads\/2013\/09\/TourGuide_Ladekoffer_EZL2020-20L_gross.jpg\"><img loading=\"lazy\" decoding=\"async\" width=\"410\" height=\"454\" src=\"https:\/\/konferenztechnik.de\/wp-content\/uploads\/2013\/09\/TourGuide_Ladekoffer_EZL2020-20L_gross.jpg\" alt=\"Etui \u0142aduj\u0105ce Sennheiser TourGuide_EZL2020-20L\" class=\"alignnone size-full wp-image-1915\" title=\"\" srcset=\"https:\/\/konferenztechnik.de\/wp-content\/uploads\/2013\/09\/TourGuide_Ladekoffer_EZL2020-20L_gross.jpg 410w, https:\/\/konferenztechnik.de\/wp-content\/uploads\/2013\/09\/TourGuide_Ladekoffer_EZL2020-20L_gross-271x300.jpg 271w\" sizes=\"(max-width: 410px) 100vw, 410px\" \/><\/a><br \/>\n[\/column]<br \/>\n[column size=\"3-5\u2033 last=\"1\u2033]<\/p>\n<p>Praktyczne etui \u0142aduj\u0105ce EZL 2020-20L s\u0142u\u017cy zar\u00f3wno jako miejsce do przechowywania ca\u0142ego sprz\u0119tu, jak i jako stacja \u0142aduj\u0105ca do s\u0142uchawek i nadajnika. Posiada 20 gniazd \u0142adowania dla s\u0142uchawek z podbr\u00f3dkiem i dwa gniazda \u0142adowania dla nadajnika i jego baterii. Zielony przycisk \"Copy\" oszcz\u0119dza wiele pracy: wystarczy ustawi\u0107 odbiornik na \u017c\u0105dany kana\u0142 odbioru, nacisn\u0105\u0107 przycisk, a wszystkie u\u017cywane odbiorniki zostan\u0105 automatycznie ustawione na t\u0119 sam\u0105 cz\u0119stotliwo\u015b\u0107 i \u015bredni\u0105 g\u0142o\u015bno\u015b\u0107. <\/p>\n<p>[\/column]<br \/>\n[\/tab]<br \/>\n[\/tabs]<br \/>\n[spacer size=\"20\u2033]<\/p>","protected":false},"excerpt":{"rendered":"<p>F\u00fchrungsanlagen und Tourguide Systeme der Firma Sennheiser Eine Sennheiser-TourGuide-Anlage ist das ideale Medium f\u00fcr Werksf\u00fchrungen und Stadtbesichtigungen, sobald die zu f\u00fchrende Gruppe eine bestimmte Personenzahl \u00fcberschritten hat und sobald die Umgebungsger\u00e4usche &#8211; wie in Produktionsst\u00e4tten &#8211; so hoch sind, dass man sich ohne ein solches Hilfmittel nicht mehr verst\u00e4ndigen kann. Hier die Merkmale dieser TourGuide-Anlage [&hellip;]<\/p>","protected":false},"author":1,"featured_media":45482,"parent":3614,"menu_order":153,"comment_status":"closed","ping_status":"open","template":"page-right-sidebar.php","meta":{"_acf_changed":false,"footnotes":""},"class_list":["post-1899","page","type-page","status-publish","has-post-thumbnail","hentry"],"acf":[],"_links":{"self":[{"href":"https:\/\/konferenztechnik.de\/pl\/wp-json\/wp\/v2\/pages\/1899","targetHints":{"allow":["GET"]}}],"collection":[{"href":"https:\/\/konferenztechnik.de\/pl\/wp-json\/wp\/v2\/pages"}],"about":[{"href":"https:\/\/konferenztechnik.de\/pl\/wp-json\/wp\/v2\/types\/page"}],"author":[{"embeddable":true,"href":"https:\/\/konferenztechnik.de\/pl\/wp-json\/wp\/v2\/users\/1"}],"replies":[{"embeddable":true,"href":"https:\/\/konferenztechnik.de\/pl\/wp-json\/wp\/v2\/comments?post=1899"}],"version-history":[{"count":0,"href":"https:\/\/konferenztechnik.de\/pl\/wp-json\/wp\/v2\/pages\/1899\/revisions"}],"up":[{"embeddable":true,"href":"https:\/\/konferenztechnik.de\/pl\/wp-json\/wp\/v2\/pages\/3614"}],"wp:featuredmedia":[{"embeddable":true,"href":"https:\/\/konferenztechnik.de\/pl\/wp-json\/wp\/v2\/media\/45482"}],"wp:attachment":[{"href":"https:\/\/konferenztechnik.de\/pl\/wp-json\/wp\/v2\/media?parent=1899"}],"curies":[{"name":"wp","href":"https:\/\/api.w.org\/{rel}","templated":true}]}}