{"id":19369,"date":"2022-05-23T09:23:19","date_gmt":"2022-05-23T08:23:19","guid":{"rendered":"https:\/\/www.konferenztechnik.de\/?page_id=19369"},"modified":"2023-09-01T14:05:50","modified_gmt":"2023-09-01T12:05:50","slug":"konserwacja-i-naprawy-produktow-niestandardowych-2","status":"publish","type":"page","link":"https:\/\/konferenztechnik.de\/pl\/konserwacja-i-naprawy-produktow-niestandardowych-2\/","title":{"rendered":"Produkty na zam\u00f3wienie, konserwacja i naprawy"},"content":{"rendered":"<h1>Produkty na zam\u00f3wienie, konserwacja i naprawy<\/h1>\n<p>[rev_slider produkty niestandardowe]<br \/>\n[spacer size=\"20\u2033]<\/p>\n<p>Nasz wyszkolony personel i dobrze wyposa\u017cony warsztat s\u0105 do Pa\u0144stwa dyspozycji w zakresie wsparcia posprzeda\u017cowego, konserwacji i napraw.<\/p>\n<p>Tworzymy r\u00f3wnie\u017c niestandardowe rozwi\u0105zania w zakresie instalacji i sprzeda\u017cy. Oferujemy niestandardowe, wysokiej jako\u015bci rozwi\u0105zania multimedialne, dostosowane do Twoich pomys\u0142\u00f3w, specyfikacji wizualnych i wytycznych projektowych firmy, zaplanowane przez naszych in\u017cynier\u00f3w i fachowo wdro\u017cone.<\/p>\n<p>[column size=\"1-2\u2033 last=\"0\u2033]<br \/>\n<a href=\"https:\/\/konferenztechnik.de\/wp-content\/uploads\/2013\/08\/sonderanfertigung01.jpg\"><img fetchpriority=\"high\" decoding=\"async\" src=\"https:\/\/konferenztechnik.de\/wp-content\/uploads\/2013\/08\/sonderanfertigung01.jpg\" alt=\"dostosowany01\" width=\"470\" height=\"400\" class=\"alignnone size-full wp-image-1610\" title=\"\" srcset=\"https:\/\/konferenztechnik.de\/wp-content\/uploads\/2013\/08\/sonderanfertigung01.jpg 470w, https:\/\/konferenztechnik.de\/wp-content\/uploads\/2013\/08\/sonderanfertigung01-300x255.jpg 300w\" sizes=\"(max-width: 470px) 100vw, 470px\" \/><\/a><br \/>\n[\/column]<\/p>\n<p>[column size=\"1-2\u2033 last=\"1\u2033]<br \/>\n<a href=\"https:\/\/konferenztechnik.de\/wp-content\/uploads\/2013\/08\/sonderanfertigung02.jpg\"><img decoding=\"async\" src=\"https:\/\/konferenztechnik.de\/wp-content\/uploads\/2013\/08\/sonderanfertigung02.jpg\" alt=\"customized02\" width=\"470\" height=\"400\" class=\"alignnone size-full wp-image-1611\" title=\"\" srcset=\"https:\/\/konferenztechnik.de\/wp-content\/uploads\/2013\/08\/sonderanfertigung02.jpg 470w, https:\/\/konferenztechnik.de\/wp-content\/uploads\/2013\/08\/sonderanfertigung02-300x255.jpg 300w\" sizes=\"(max-width: 470px) 100vw, 470px\" \/><\/a><br \/>\n[\/column]<\/p>\n<p>[column size=\"1-2\u2033 last=\"0\u2033]<br \/>\n<a href=\"https:\/\/konferenztechnik.de\/wp-content\/uploads\/2013\/08\/sonderanfertigung03.jpg\"><img decoding=\"async\" src=\"https:\/\/konferenztechnik.de\/wp-content\/uploads\/2013\/08\/sonderanfertigung03.jpg\" alt=\"dostosowany03\" width=\"470\" height=\"400\" class=\"alignnone size-full wp-image-1612\" title=\"\" srcset=\"https:\/\/konferenztechnik.de\/wp-content\/uploads\/2013\/08\/sonderanfertigung03.jpg 470w, https:\/\/konferenztechnik.de\/wp-content\/uploads\/2013\/08\/sonderanfertigung03-300x255.jpg 300w\" sizes=\"(max-width: 470px) 100vw, 470px\" \/><\/a><br \/>\n[\/column]<\/p>\n<p>[column size=\"1-2\u2033 last=\"1\u2033]<br \/>\n<a href=\"https:\/\/konferenztechnik.de\/wp-content\/uploads\/2013\/08\/sonderanfertigung04.jpg\"><img loading=\"lazy\" decoding=\"async\" src=\"https:\/\/konferenztechnik.de\/wp-content\/uploads\/2013\/08\/sonderanfertigung04.jpg\" alt=\"customised04\" width=\"470\" height=\"400\" class=\"alignnone size-full wp-image-1613\" title=\"\" srcset=\"https:\/\/konferenztechnik.de\/wp-content\/uploads\/2013\/08\/sonderanfertigung04.jpg 470w, https:\/\/konferenztechnik.de\/wp-content\/uploads\/2013\/08\/sonderanfertigung04-300x255.jpg 300w\" sizes=\"(max-width: 470px) 100vw, 470px\" \/><\/a><br \/>\n[\/column]<\/p>\n<p>Potrzebujesz podk\u0142adki do systemu konferencyjnego z 1950 roku lub mikrofonu w firmowym kolorze? Porozmawiaj z naszym dzia\u0142em personalizacji i napraw. Nawet najbardziej nietypowe zam\u00f3wienia s\u0105 dla nas codzienno\u015bci\u0105.<\/p>\n<p>[spacer size=\"30\u2033]<\/p>\n<h1>Osoba do kontaktu<\/h1>\n<p>[spacer size=\"20\u2033]<br \/>\n[column size=\"1-2\u2033 last=\"0\u2033]<br \/>\n[tabs style=\"2\u2033]<br \/>\n[tab title=\"Akcesoria konferencyjne, windy wideo, konserwacja i naprawa\"]<br \/>\n<img decoding=\"async\" src=\"https:\/\/konferenztechnik.de\/wp-content\/uploads\/2013\/09\/sebastian_spree_pcs-gmbh2.jpg\" alt=\"Sebastian Spree\" class=\"alignleft size-full wp-image-2315\" title=\"\"><\/p>\n<p>Sebastian Spree<br \/>\nKonsultant projektu<br \/>\nTelefon +49 211 737798 24<br \/>\ne-mail <a href=\"mailto:spree@konferenztechnik.de\">spree@konferenztechnik.de<\/a><br \/>\nKod QR <a href=\"https:\/\/konferenztechnik.de\/wp-content\/uploads\/2013\/09\/sebastian_spree_qrcode.png\">&#x9B; show<\/a><\/p>\n<p>[\/tab]<br \/>\n[\/tabs]<br \/>\n[\/column]<br \/>\n[column size=\"1-2\u2033 last=\"1\u2033]<\/p>\n<div class=\"weiterlinks2\">\n[tabs style=\"2\u2033]<br \/>\n[tab title=\"Dalsze linki\"]<\/p>\n<ul>\n<li>&#x9B; <a href=\"\/pl\/o-nas-2\/instalacja-listy-referencyjnej\/\" title=\"Referencje\">Referencje Instalacja i integracja<\/a><\/li>\n<li>&#x9B; <a href=\"\/pl\/o-nas-2\/10-dobrych-powodow-dla-komputerow\/\" title=\"10 dobrych powod\u00f3w dla PCS\">10 dobrych powod\u00f3w dla PCS<\/a><\/li>\n<li>\u203a <a title=\"Dystrybucja technologii konferencyjnych i medialnych\" href=\"\/pl\/uslugi-2\/konferencja-sprzedazowa-i-technologia-medialna\/\">Dystrybucja technologii konferencyjnych i medialnych<\/a><\/li>\n<\/ul>\n<\/div>\n<p>[\/tab]<br \/>\n[\/tabs]<br \/>\n[\/column]<br \/>\n[spacer size=\"30\u2033]<\/p>","protected":false},"excerpt":{"rendered":"<p>Sonderanfertigungen, Wartungen und Reparaturen [rev_slider sonderanfertigungen] [spacer size=&#8220;20&#8243;] Im After-Sales-Support stehen Ihnen f\u00fcr Wartungen und Reparaturen unser geschultes Personal und eine bestens ausgestattete Werkstatt zur Verf\u00fcgung. Hier entstehen auch Sonderl\u00f6sungen f\u00fcr Installationen und Vertrieb. Wir bieten ma\u00dfgeschneiderte, hochwertige, multimediale L\u00f6sungen, passend zu Ihren Vorstellungen, visuellen Vorgaben und Corporate-Design-Richtlinien, von uns ingenieurtechnisch geplant und fachm\u00e4nnisch umgesetzt. [&hellip;]<\/p>","protected":false},"author":1,"featured_media":45482,"parent":0,"menu_order":0,"comment_status":"closed","ping_status":"closed","template":"","meta":{"_acf_changed":false,"footnotes":""},"class_list":["post-19369","page","type-page","status-publish","has-post-thumbnail","hentry"],"acf":[],"_links":{"self":[{"href":"https:\/\/konferenztechnik.de\/pl\/wp-json\/wp\/v2\/pages\/19369","targetHints":{"allow":["GET"]}}],"collection":[{"href":"https:\/\/konferenztechnik.de\/pl\/wp-json\/wp\/v2\/pages"}],"about":[{"href":"https:\/\/konferenztechnik.de\/pl\/wp-json\/wp\/v2\/types\/page"}],"author":[{"embeddable":true,"href":"https:\/\/konferenztechnik.de\/pl\/wp-json\/wp\/v2\/users\/1"}],"replies":[{"embeddable":true,"href":"https:\/\/konferenztechnik.de\/pl\/wp-json\/wp\/v2\/comments?post=19369"}],"version-history":[{"count":0,"href":"https:\/\/konferenztechnik.de\/pl\/wp-json\/wp\/v2\/pages\/19369\/revisions"}],"wp:featuredmedia":[{"embeddable":true,"href":"https:\/\/konferenztechnik.de\/pl\/wp-json\/wp\/v2\/media\/45482"}],"wp:attachment":[{"href":"https:\/\/konferenztechnik.de\/pl\/wp-json\/wp\/v2\/media?parent=19369"}],"curies":[{"name":"wp","href":"https:\/\/api.w.org\/{rel}","templated":true}]}}