{"id":20181,"date":"2022-11-16T10:08:18","date_gmt":"2022-11-16T09:08:18","guid":{"rendered":"https:\/\/www.konferenztechnik.de\/?page_id=20181"},"modified":"2023-08-28T15:41:32","modified_gmt":"2023-08-28T13:41:32","slug":"pracownik-obslugi-biura-m-f-d-poszukiwany","status":"publish","type":"page","link":"https:\/\/konferenztechnik.de\/pl\/kariera\/pracownik-obslugi-biura-m-f-d-poszukiwany\/","title":{"rendered":"Poszukiwany pracownik obs\u0142ugi biura (m\/k\/d)"},"content":{"rendered":"<div class=\"center-box-medium\">\n<h1><strong>Poszukiwany pracownik obs\u0142ugi biura (m\/k\/d) (Berlin)<\/strong><\/h1>\n<p>Poszukujemy pracownika obs\u0142ugi biura (d\/w\/m) do organizacji biura i pracowni t\u0142umacze\u0144 przed i po spotkaniach i konferencjach. Poszukujemy zatrudnienia w wymiarze 2 \u2013 3 dni w tygodniu w elastycznych godzinach pracy.<\/p>\n<p>[spacer size=\"20\u2033]<\/p>\n<h2><strong>Wyb\u00f3r zada\u0144<\/strong><\/h2>\n<ul>\n<li>Przygotowanie i monitorowanie sal konferencyjnych<\/li>\n<li>Pomoc w przygotowaniu bufetu i cateringu<\/li>\n<li>Uzupe\u0142nianie materia\u0142\u00f3w eksploatacyjnych<\/li>\n<li>Dodatkowe sprz\u0105tanie poszczeg\u00f3lnych obszar\u00f3w o du\u017cym nat\u0119\u017ceniu ruchu, takich jak kuchnia, toalety i cz\u0119\u015bci wsp\u00f3lne (podstawowe sprz\u0105tanie jest przeprowadzane co tydzie\u0144 przez firm\u0119 sprz\u0105taj\u0105c\u0105).<\/li>\n<\/ul>\n<p>[spacer size=\"20\u2033]<\/p>\n<h2><strong>Tw\u00f3j profil<\/strong><\/h2>\n<ul>\n<li>Przyjazny i pomocny spos\u00f3b pracy<\/li>\n<li>Masz dobre umiej\u0119tno\u015bci organizacyjne i dobre oko do wykonywanych zada\u0144.<\/li>\n<li>Znajomo\u015b\u0107 j\u0119zyka niemieckiego<\/li>\n<\/ul>\n<p>[spacer size=\"20\u2033]<\/p>\n<h2><strong>Co oferujemy<\/strong><\/h2>\n<ul>\n<li>Sta\u0142e stanowisko z godziwym wynagrodzeniem w wysoko\u015bci 510 euro<\/li>\n<li>\u015awietny i przyjazny zesp\u00f3\u0142<\/li>\n<li>P\u0142aska hierarchia i kr\u00f3tkie procesy decyzyjne<\/li>\n<li>Centralnie po\u0142o\u017cone, nowoczesne miejsce pracy<\/li>\n<li>Dowolna organizacja godzin pracy<\/li>\n<\/ul>\n<p>[spacer size=\"20\u2033]<\/p>\n<h2>Aplikuj teraz<\/h2>\n<p>Czekamy na Twoj\u0105 aplikacj\u0119! Wystarczy wys\u0142a\u0107 do nas e-mail na adres:<\/p>\n<p>Gunnar Hermenau<br \/>\n<a href=\"mailto:hermenau@konferenztechnik.de\">hermenau@konferenztechnik.de<\/a><\/p>\n<p>Nie wymagamy konkretnego listu motywacyjnego, CV i referencje s\u0105 opcjonalne.<\/p>\n<p>W razie dalszych pyta\u0144 prosimy o kontakt z Gunnarem Hermenau pod numerem : <a href=\"tel:+4930695969014\">030 6959690 14<\/a> lub poczt\u0105 elektroniczn\u0105.<\/p>\n<\/div>","protected":false},"excerpt":{"rendered":"<p>B\u00fcro Servicekraft (m\/w\/d) gesucht (Berlin) Wir suchen eine B\u00fcro Servicekraft (d\/w\/m) f\u00fcr die Organisation unseres B\u00fcros und unserer Dolmetschstudios vor und nach Meetings und Konferenzen. Wir gehen von einer Besch\u00e4ftigung von 2 &#8211; 3 Tagen die Woche mit flexiblen Arbeitszeiten aus. [spacer size=&#8220;20&#8243;] Eine Auswahl an Aufgaben Vor- und Nachbereitung von Meeting- und Konferenzr\u00e4umen Hilfe [&hellip;]<\/p>","protected":false},"author":1,"featured_media":45482,"parent":5827,"menu_order":0,"comment_status":"closed","ping_status":"closed","template":"","meta":{"_acf_changed":false,"footnotes":""},"class_list":["post-20181","page","type-page","status-publish","has-post-thumbnail","hentry"],"acf":[],"_links":{"self":[{"href":"https:\/\/konferenztechnik.de\/pl\/wp-json\/wp\/v2\/pages\/20181","targetHints":{"allow":["GET"]}}],"collection":[{"href":"https:\/\/konferenztechnik.de\/pl\/wp-json\/wp\/v2\/pages"}],"about":[{"href":"https:\/\/konferenztechnik.de\/pl\/wp-json\/wp\/v2\/types\/page"}],"author":[{"embeddable":true,"href":"https:\/\/konferenztechnik.de\/pl\/wp-json\/wp\/v2\/users\/1"}],"replies":[{"embeddable":true,"href":"https:\/\/konferenztechnik.de\/pl\/wp-json\/wp\/v2\/comments?post=20181"}],"version-history":[{"count":0,"href":"https:\/\/konferenztechnik.de\/pl\/wp-json\/wp\/v2\/pages\/20181\/revisions"}],"up":[{"embeddable":true,"href":"https:\/\/konferenztechnik.de\/pl\/wp-json\/wp\/v2\/pages\/5827"}],"wp:featuredmedia":[{"embeddable":true,"href":"https:\/\/konferenztechnik.de\/pl\/wp-json\/wp\/v2\/media\/45482"}],"wp:attachment":[{"href":"https:\/\/konferenztechnik.de\/pl\/wp-json\/wp\/v2\/media?parent=20181"}],"curies":[{"name":"wp","href":"https:\/\/api.w.org\/{rel}","templated":true}]}}