{"id":20395,"date":"2023-02-21T17:09:53","date_gmt":"2023-02-21T16:09:53","guid":{"rendered":"https:\/\/www.konferenztechnik.de\/?page_id=20395"},"modified":"2023-09-01T11:30:45","modified_gmt":"2023-09-01T09:30:45","slug":"konferencje-z-zespolami-ms","status":"publish","type":"page","link":"https:\/\/konferenztechnik.de\/pl\/konferencje-z-zespolami-ms\/","title":{"rendered":"Konferencje z MS Teams"},"content":{"rendered":"<div data-elementor-type=\"wp-page\" data-elementor-id=\"20395\" class=\"elementor elementor-20395\" data-elementor-post-type=\"page\">\n\t\t\t\t\t\t<section data-particle_enable=\"false\" data-particle-mobile-disabled=\"false\" class=\"elementor-section elementor-top-section elementor-element elementor-element-61c1ffcb elementor-section-boxed elementor-section-height-default elementor-section-height-default\" data-id=\"61c1ffcb\" data-element_type=\"section\">\n\t\t\t\t\t\t<div class=\"elementor-container elementor-column-gap-default\">\n\t\t\t\t\t<div class=\"elementor-column elementor-col-100 elementor-top-column elementor-element elementor-element-6d181681\" data-id=\"6d181681\" data-element_type=\"column\">\n\t\t\t<div class=\"elementor-widget-wrap elementor-element-populated\">\n\t\t\t\t\t\t<div class=\"elementor-element elementor-element-6da05206 elementor-widget elementor-widget-text-editor\" data-id=\"6da05206\" data-element_type=\"widget\" data-widget_type=\"text-editor.default\">\n\t\t\t\t<div class=\"elementor-widget-container\">\n\t\t\t\t\t\t\t\t\t<h1>Profesjonalne konferencje z Microsoft Teams<\/h1>\n<img fetchpriority=\"high\" decoding=\"async\" src=\"https:\/\/konferenztechnik.de\/wp-content\/uploads\/2023\/02\/konferenzen-mit-msteams.jpg\" alt=\"\" width=\"1300\" height=\"490\" class=\"aligncenter size-full wp-image-20396\" title=\"\" srcset=\"https:\/\/konferenztechnik.de\/wp-content\/uploads\/2023\/02\/konferenzen-mit-msteams.jpg 1300w, https:\/\/konferenztechnik.de\/wp-content\/uploads\/2023\/02\/konferenzen-mit-msteams-300x113.jpg 300w, https:\/\/konferenztechnik.de\/wp-content\/uploads\/2023\/02\/konferenzen-mit-msteams-1024x386.jpg 1024w, https:\/\/konferenztechnik.de\/wp-content\/uploads\/2023\/02\/konferenzen-mit-msteams-768x289.jpg 768w\" sizes=\"(max-width: 1300px) 100vw, 1300px\" \/>\n\n[spacer size=\"20\u2033]\n<div class=\"newcolumn\">\n<h2><b>MS Teams teraz tak\u017ce wieloj\u0119zyczny i z funkcj\u0105 \"t\u0142umaczenia symultanicznego\"<\/b><\/h2>\nPrzez d\u0142ugi czas Microsoft Teams (MS Teams) gra\u0142 drugie skrzypce po Zoom, je\u015bli chodzi o formaty cyfrowe i hybrydowe. Jednak nasi technicy regularnie zg\u0142aszali, \u017ce MS Teams nadrabia zaleg\u0142o\u015bci: interfejs u\u017cytkownika by\u0142 stale ulepszany, a silnik audio stawa\u0142 si\u0119 coraz lepszy. Pod wzgl\u0119dem jako\u015bci g\u0142osu Zoom i MS Teams s\u0105 obecnie na r\u00f3wni.\nNa pocz\u0105tku roku Microsoft og\u0142osi\u0142, \u017ce zintegruje r\u00f3wnie\u017c profesjonalne t\u0142umaczenia ustne z Teams i dotrzyma\u0142 s\u0142owa. Microsoft oferuje opcj\u0119 integracji profesjonalnych t\u0142umaczy. Osoby mog\u0105 by\u0107 teraz dodawane i wybierane jako t\u0142umacze w Teams. Funkcja ta nosi w Microsoft nazw\u0119 \"t\u0142umaczenia j\u0119zykowego\".\n[spacer size=\u201d5\u2033]\n[list icon=\u201dmoon-arrow-right-2\u2033 colour=\u201d#a62055\u2033]<a title=\"Korzystanie z t\u0142umaczenia j\u0119zykowego podczas spotkania zespo\u0142u\" href=\"https:\/\/support.microsoft.com\/de-de\/office\/verwenden-der-sprachinterpretation-in-einer-teams-besprechung-b9fdde0f-1896-48ba-8540-efc99f5f4b2e\" target=\"_blank\" rel=\"noopener\">Korzystanie z t\u0142umaczenia j\u0119zykowego podczas spotkania zespo\u0142u<\/a>[\/list]\n\n[spacer size=\"30\u2033]\n<h2><b>PCS \u2013 konferenztechnik.de oferuje profesjonaln\u0105 obs\u0142ug\u0119 konferencji z Microsoft Teams<\/b><\/h2>\nNasi specjali\u015bci ds. format\u00f3w cyfrowych przechodz\u0105 obecnie dalsze szkolenia, aby zosta\u0107 certyfikowanymi administratorami Teams. Organizowanie profesjonalnych wydarze\u0144 za pomoc\u0105 MS Teams oferuje wi\u0119cej pu\u0142apek i przeszk\u00f3d. W szczeg\u00f3lno\u015bci du\u017ce firmy zintegrowa\u0142y Teams centralnie ze swoimi korporacyjnymi systemami IT i zdefiniowa\u0142y w\u0142asne \u015brodki bezpiecze\u0144stwa, autoryzacje i ograniczenia. Uczestnicy spoza firmy i zarz\u0105dzanej domeny nagle dowiaduj\u0105 si\u0119, \u017ce nie mog\u0105 si\u0119 zalogowa\u0107...\n<h2><b>MS Teams oraz ochrona i bezpiecze\u0144stwo danych<\/b><\/h2>\nJe\u015bli zapytasz Microsoft o bezpiecze\u0144stwo danych, brzmi to tak: \"Czy moje rozmowy i dane s\u0105 bezpieczne?\". \"Tak, poniewa\u017c Microsoft Teams jest integraln\u0105 cz\u0119\u015bci\u0105 Office 365, wi\u0119c oferuje te same funkcje ochrony danych i zgodno\u015bci, kt\u00f3re u\u017cytkownicy znaj\u0105 ju\u017c z Office 365. Dane s\u0105 szyfrowane podczas przesy\u0142ania i przechowywania. Pliki s\u0105 przechowywane w SharePoint i zabezpieczone szyfrowaniem SharePoint. Notatki s\u0105 przechowywane w OneNote i zabezpieczone szyfrowaniem OneNote\". Jednak niemieccy i europejscy eksperci ds. ochrony danych s\u0105 oburzeni post\u0119powaniem Microsoftu z danymi u\u017cytkownik\u00f3w. Jednocze\u015bnie tam, gdzie nasi klienci korzystaj\u0105 z MS Teams, kwestia bezpiecze\u0144stwa danych po stronie firmy jest zwykle wyja\u015bniana i akceptowana przez dzia\u0142 IT. Niemniej jednak dla wielu naszych klient\u00f3w korzystanie z us\u0142ug takich jak Google i Microsoft jest niedozwolone. W takim przypadku polecamy nasze rozwi\u0105zanie z Zoom na naszych w\u0142asnych serwerach lub nawet ca\u0142kowicie niezale\u017cne rozwi\u0105zania, takie jak te od Televic.\n<h2><b>MS Teams na w\u0142asnych serwerach \/ lokalnie<\/b><\/h2>\nCzy us\u0142uga Microsoft Teams jest r\u00f3wnie\u017c dost\u0119pna na moich w\u0142asnych serwerach? Nie, Microsoft Teams jest przeznaczony do wsp\u00f3\u0142pracy z SharePoint Online i Azure Active Directory. Chocia\u017c mo\u017cliwe jest korzystanie z niekt\u00f3rych funkcji w \u015brodowisku hybrydowym, pe\u0142ny zakres funkcji Microsoft Teams nie jest dost\u0119pny w instalacji lokalnej. Microsoft Teams nie wymaga instalacji na serwerze, co mo\u017ce by\u0107 znane z programu Skype dla firm. Microsoft Teams jest rozwi\u0105zaniem czysto chmurowym.\n<h2><b>Nowe Microsoft Teams od marca \u2013 MS Teams 2.0<\/b><\/h2>\nMicrosoft m\u00f3wi o znacznej poprawie, zw\u0142aszcza pod wzgl\u0119dem wydajno\u015bci. Jako\u015b\u0107 g\u0142osu i stoj\u0105cy za nim silnik g\u0142osowy ju\u017c zrobi\u0142y na nas wra\u017cenie. Mamy nadziej\u0119 na popraw\u0119 w szczeg\u00f3lno\u015bci obraz\u00f3w wideo. Og\u0142oszono jednak r\u00f3wnie\u017c, \u017ce korzystanie z \"wielu kont\" zostanie uproszczone. Ka\u017cdy, kto korzysta z Teams w r\u00f3\u017cnych organizacjach, wie, jak uci\u0105\u017cliwe i podatne na b\u0142\u0119dy jest to rozwi\u0105zanie. Zapowiedzi in\u017cynier\u00f3w Teams na The Verge brzmi\u0105 jak du\u017cy krok naprz\u00f3d. Jednak mi\u0119dzy wierszami czytamy r\u00f3wnie\u017c wiele o Microsoft 11, przegl\u0105darce Edge i komputerach PC. Jeste\u015bmy bardzo ciekawi, jak nowe Teams b\u0119dzie dzia\u0142a\u0107 na urz\u0105dzeniach Apple czy systemach Linux. B\u0119dziemy informowa\u0107 na bie\u017c\u0105co tutaj.\n\n[spacer size=\u201d30\u2033]\n[list icon=\u201dmoon-arrow-right-2\u2033 colour=\u201d#a62055\u2033]<a href=\"https:\/\/www.theverge.com\/2023\/2\/20\/23607037\/microsoft-teams-performance-improvements-less-cpu-memory\" rel=\"noopener\" target=\"_blank\">The Verge \u2013 Microsoft Teams otrzyma du\u017ce ulepszenia wydajno\u015bci w przysz\u0142ym miesi\u0105cu<\/a>[\/list]\n[spacer size=\"5\u2033]\n[list icon=\"moon-arrow-right-2\u2033 color=\"#a62055\u2033]<a href=\"https:\/\/www.drwindows.de\/news\/microsoft-teams-2-0-neue-version-mit-massiv-besserer-performance-startet-im-maerz\" rel=\"noopener\" target=\"_blank\">Dr Windows \u2013 Microsoft Teams 2.0<\/a>[\/list]\n[spacer size=\"30\u2033]\n<h2><b>Czy chcesz uruchomi\u0107 profesjonalne cyfrowe i hybrydowe formaty na \u017cywo z MS Teams? Mo\u017cemy Ci pom\u00f3c: <\/b><\/h2>\n<\/div>\n[spacer size=\"30\u2033]\n<div class=\"box1-4 medium-size-txt\" style=\"margin-bottom: 0!important\">\n<h2><b><span class=\"pcs-color medium-size-txt\">Tw\u00f3j zesp\u00f3\u0142 serwisowy<\/span><\/b><\/h2>\n[spacer size=\u201d5\u2033]\n[column size=\u201d1-2\u2033 last=\u201d0\u2033]\n\nNasz dzia\u0142 specjalistyczny ch\u0119tnie odpowie na pytania, doradzi w zakresie produkt\u00f3w, przedstawi spersonalizowan\u0105 wycen\u0119 lub indywidualne planowanie projektu.\n\n<img decoding=\"async\" src=\"https:\/\/konferenztechnik.de\/wp-content\/uploads\/2021\/08\/Monika-van-den-Boogaard-PCS-GmbH-konferenztechnik-small.jpg\" alt=\"Monika van den Boogaard - PCS GmbH - Doradztwo projektowe\" width=\"150\" height=\"150\" class=\"alignleft size-full wp-image-18125\" title=\"\">\n<img decoding=\"async\" src=\"https:\/\/konferenztechnik.de\/wp-content\/uploads\/2021\/08\/Sebastian-Meyer-PCS-GmbH-konferenztechnik-small.jpg\" alt=\"Sebastian Meyer - PCS GmbH - Konsultant projektu\" width=\"150\" height=\"150\" class=\"alignleft size-full wp-image-18120\" title=\"\">\n<img loading=\"lazy\" decoding=\"async\" src=\"https:\/\/konferenztechnik.de\/wp-content\/uploads\/2021\/06\/sebastian-gegusch-pcs-gmbh.jpg\" alt=\"Sebastian Gegusch - PCS GmbH - Planowanie projektu\" width=\"150\" height=\"150\" class=\"alignleft size-full wp-image-17774\" title=\"\">\n[spacer size=\"5\u2033]\n<span class=\"medium-size-txt\">\nPo prostu zadzwo\u0144 do nas!\n<a href=\"tel:08007274624\"><b>0800 727 46 24<\/b><\/a><\/span>\n\nProsimy o przes\u0142anie wiadomo\u015bci e-mail na adres:\n<span class=\"volleansicht\"><a href=\"mailto:info@konferenztechnik.de\" onclick=\"ga('send', 'event', 'Email-Klick', 'Kontakt Vermietung');\">info@konferenztechnik.de<\/a>\n<\/span>\n<span class=\"mobileansicht\"><a href=\"mailto:info@konferenztechnik.de\" onclick=\"ga('send', 'event', 'Email-Klick', 'Kontakt Vermietung');\">pisa\u0107<\/a>\n<\/span>\n\nPorozmawiaj z nami na czacie lub skorzystaj z us\u0142ugi oddzwaniania\n\n[\/column]\n[column size=\u201d1-2\u2033 last=\u201d1\u2033]\n<h2>Zorganizuj oddzwonienie<\/h2>\n[contact-form-7 id=\"17963\u2033 title=\"Um\u00f3w si\u0119 na oddzwonienie\"]\n[\/column]\n\n<\/div>\t\t\t\t\t\t\t\t<\/div>\n\t\t\t\t<\/div>\n\t\t\t\t\t<\/div>\n\t\t<\/div>\n\t\t\t\t\t<\/div>\n\t\t<\/section>\n\t\t\t\t<\/div>","protected":false},"excerpt":{"rendered":"<p>Professionelle Konferenzen mit Microsoft Teams [spacer size=&#8220;20&#8243;] MS Teams jetzt auch mehrsprachig und mit der Funktion &#8222;Simultandolmetschen&#8220; Microsoft Teams (MS Teams) spielte bei uns lange die zweite Geige hinter Zoom bei den digitalen und hybriden Formaten. Unsere Techniker*innen berichteten regelm\u00e4\u00dfig, wie MS Teams jedoch aufholte: die Benutzeroberfl\u00e4che wurde stetig verbessert und vor allem die Audio-Engine [&hellip;]<\/p>","protected":false},"author":1,"featured_media":45482,"parent":0,"menu_order":0,"comment_status":"closed","ping_status":"closed","template":"elementor_theme","meta":{"_acf_changed":false,"footnotes":""},"class_list":["post-20395","page","type-page","status-publish","has-post-thumbnail","hentry"],"acf":[],"_links":{"self":[{"href":"https:\/\/konferenztechnik.de\/pl\/wp-json\/wp\/v2\/pages\/20395","targetHints":{"allow":["GET"]}}],"collection":[{"href":"https:\/\/konferenztechnik.de\/pl\/wp-json\/wp\/v2\/pages"}],"about":[{"href":"https:\/\/konferenztechnik.de\/pl\/wp-json\/wp\/v2\/types\/page"}],"author":[{"embeddable":true,"href":"https:\/\/konferenztechnik.de\/pl\/wp-json\/wp\/v2\/users\/1"}],"replies":[{"embeddable":true,"href":"https:\/\/konferenztechnik.de\/pl\/wp-json\/wp\/v2\/comments?post=20395"}],"version-history":[{"count":0,"href":"https:\/\/konferenztechnik.de\/pl\/wp-json\/wp\/v2\/pages\/20395\/revisions"}],"wp:featuredmedia":[{"embeddable":true,"href":"https:\/\/konferenztechnik.de\/pl\/wp-json\/wp\/v2\/media\/45482"}],"wp:attachment":[{"href":"https:\/\/konferenztechnik.de\/pl\/wp-json\/wp\/v2\/media?parent=20395"}],"curies":[{"name":"wp","href":"https:\/\/api.w.org\/{rel}","templated":true}]}}