{"id":22331,"date":"2023-03-17T09:46:28","date_gmt":"2023-03-17T08:46:28","guid":{"rendered":"http:\/\/dev.konferenztechnik.de\/?page_id=22331"},"modified":"2023-03-17T10:14:36","modified_gmt":"2023-03-17T09:14:36","slug":"odniesienia-2","status":"publish","type":"page","link":"https:\/\/konferenztechnik.de\/pl\/odniesienia-2\/","title":{"rendered":"Referencje"},"content":{"rendered":"<div data-elementor-type=\"wp-page\" data-elementor-id=\"22331\" class=\"elementor elementor-22331\" data-elementor-post-type=\"page\">\n\t\t\t\t<div data-particle_enable=\"false\" data-particle-mobile-disabled=\"false\" class=\"elementor-element elementor-element-d46b3a1 e-flex e-con-boxed e-con e-parent\" data-id=\"d46b3a1\" data-element_type=\"container\">\n\t\t\t\t\t<div class=\"e-con-inner\">\n\t\t\t\t<div class=\"elementor-element elementor-element-a50cb88 elementor-widget elementor-widget-heading\" data-id=\"a50cb88\" data-element_type=\"widget\" data-widget_type=\"heading.default\">\n\t\t\t\t<div class=\"elementor-widget-container\">\n\t\t\t\t\t<h1 class=\"elementor-heading-title elementor-size-default\">Referencje<\/h1>\t\t\t\t<\/div>\n\t\t\t\t<\/div>\n\t\t\t\t\t<\/div>\n\t\t\t\t<\/div>\n\t\t<div data-particle_enable=\"false\" data-particle-mobile-disabled=\"false\" class=\"elementor-element elementor-element-1fae187 e-flex e-con-boxed e-con e-parent\" data-id=\"1fae187\" data-element_type=\"container\">\n\t\t\t\t\t<div class=\"e-con-inner\">\n\t\t<div data-particle_enable=\"false\" data-particle-mobile-disabled=\"false\" class=\"elementor-element elementor-element-19727bd e-flex e-con-boxed e-con e-parent\" data-id=\"19727bd\" data-element_type=\"container\">\n\t\t\t\t\t<div class=\"e-con-inner\">\n\t\t<div data-particle_enable=\"false\" data-particle-mobile-disabled=\"false\" class=\"elementor-element elementor-element-564b091 e-con-full e-flex e-con e-parent\" data-id=\"564b091\" data-element_type=\"container\">\n\t\t\t\t<div class=\"elementor-element elementor-element-54864c0 elementor-widget elementor-widget-heading\" data-id=\"54864c0\" data-element_type=\"widget\" data-widget_type=\"heading.default\">\n\t\t\t\t<div class=\"elementor-widget-container\">\n\t\t\t\t\t<h2 class=\"elementor-heading-title elementor-size-default\">Instalacja i sprzeda\u017c<\/h2>\t\t\t\t<\/div>\n\t\t\t\t<\/div>\n\t\t\t\t<div class=\"elementor-element elementor-element-dca91d6 elementor-widget elementor-widget-text-editor\" data-id=\"dca91d6\" data-element_type=\"widget\" data-widget_type=\"text-editor.default\">\n\t\t\t\t<div class=\"elementor-widget-container\">\n\t\t\t\t\t\t\t\t\t<ul>\n<li>1) FC Union Berlin e.V.<\/li>\n<li>Adolf W\u00fcrth GmbH &amp; Co. KG Siedziba Grupy K\u00fcnzelsau<\/li>\n<li>Answers GmbH \u2013 Berlin<\/li>\n<li>August Storck KG Berlin<\/li>\n<li>A\u00dcW Allg\u00e4uer \u00dcberlandwerk GmbH Kempten<\/li>\n<li>Ardex GmbH \u2013 Witten<\/li>\n<li>Katedra w Berlinie Berlin<\/li>\n<li>Uniwersytet Nauk Stosowanych Beuth w Berlinie<\/li>\n<li>Ambasada Stan\u00f3w Zjednoczonych Berlin<\/li>\n<li>Federalne Ministerstwo Pracy i Spraw Socjalnych Berlin<\/li>\n<li>Rada Federalna Berlin<\/li>\n<li>CBC Cologne Broadcasting Centre GmbH Kolonia<\/li>\n<li>Centrum kongresowe CCH w Hamburgu<\/li>\n<li>Centrum kongresowe CCD D\u00fcsseldorf Messe D\u00fcsseldorf<\/li>\n<li>DEGES Deutsche Einheit Fernstra\u00dfenplanungs- und -bau GmbH Berlin<\/li>\n<li>Deutsche Apotheker- und \u00c4rztebank Siedziba g\u0142\u00f3wna D\u00fcsseldorf<\/li>\n<li>Deutsche Bank AG Siedziba g\u0142\u00f3wna Frankfurt nad Menem<\/li>\n<li>Deutschlandradio Berlin<\/li>\n<li>Ecolab Niemcy Monheim<\/li>\n<li>Akademia Europejska w Berlinie<\/li>\n<li>Fundacja Fritza Thyssena \u2013 Niemiecki Instytut Historyczny w Moskwie<\/li>\n<li>Fundacja Fritza Thyssena \u2013 Dom Fundacji Fritza Thyssena \u2013 Kolonia<\/li>\n<li>GEA Refrigeration Germany GmbH \u2013 Berlin<\/li>\n<li>Gmina Burbach<\/li>\n<li>Gmina Dossenheim<\/li>\n<li>Fundacja Gerdy Henkel w D\u00fcsseldorfie<\/li>\n<li>GSK Stockmann &amp; Kollegen kancelaria prawna biuro w Berlinie<\/li>\n<li>Hostel Cologne \u2013 Kolonia<\/li>\n<li>Instytut Iberoameryka\u0144ski w Berlinie<\/li>\n<li>Istituto Italiano di Cultura (W\u0142oski Instytut Kultury) Berlin<\/li>\n<li>Lokalizacja KfW Bank Berlin<\/li>\n<li>Komatsu Mining Germany GmbH D\u00fcsseldorf<\/li>\n<li>Okr\u0119gowa Kasa Oszcz\u0119dno\u015bci w Heilbronn<\/li>\n<li>Krajowy Urz\u0105d Zdrowia i Spraw Spo\u0142ecznych w Berlinie (LAGeSo)<\/li>\n<li>Okr\u0119g Odra-Szprewa<\/li>\n<li>Okr\u0119g Stendal<\/li>\n<li>MAN Truck &amp; Bus Deutschland GmbH Berlin<\/li>\n<li>Muzeum Komunikacji w Berlinie<\/li>\n<li>Muzeum Kunstpalast D\u00fcsseldorf<\/li>\n<li>Normfest GmbH Velbert<\/li>\n<li>Ratusz Alt Landsberg Brandenburgia<\/li>\n<li>Ratusz Falkensee Falkensee<\/li>\n<li>Rauch M\u00f6belwerke GmbH Freudenberg<\/li>\n<li>Robert Schumann Hall D\u00fcsseldorf<\/li>\n<li>Sekretariat Sta\u0142ej Konferencji Ministr\u00f3w Edukacji i Kultury Berlin<\/li>\n<li>Senacki Departament Pracy, Integracji i Spraw Kobiet Berlin<\/li>\n<li>Departament Senatu ds. Ekonomii, Technologii i Bada\u0144 w Berlinie<\/li>\n<li>Miasto Mettmann<\/li>\n<li>Vodafone Services Group GmbH \u2013 Ratingen<\/li>\n<li>Weiss-Druck GmbH &amp; Co. KG \u2013 Monschau<\/li>\n<li>WILO AG Dortmund<\/li>\n<li>ZDF Mainz<\/li><li style=\"font-size: 17.6px;\">i wiele innych...<\/li>\n<\/ul>\t\t\t\t\t\t\t\t<\/div>\n\t\t\t\t<\/div>\n\t\t\t\t<\/div>\n\t\t<div data-particle_enable=\"false\" data-particle-mobile-disabled=\"false\" class=\"elementor-element elementor-element-cf01c11 e-flex e-con-boxed e-con e-parent\" data-id=\"cf01c11\" data-element_type=\"container\">\n\t\t\t\t\t<div class=\"e-con-inner\">\n\t\t\t\t<div class=\"elementor-element elementor-element-2872565 elementor-widget elementor-widget-heading\" data-id=\"2872565\" data-element_type=\"widget\" data-widget_type=\"heading.default\">\n\t\t\t\t<div class=\"elementor-widget-container\">\n\t\t\t\t\t<h2 class=\"elementor-heading-title elementor-size-default\">Konferencje i wydarzenia<\/h2>\t\t\t\t<\/div>\n\t\t\t\t<\/div>\n\t\t\t\t<div class=\"elementor-element elementor-element-5e1dd2a elementor-widget elementor-widget-text-editor\" data-id=\"5e1dd2a\" data-element_type=\"widget\" data-widget_type=\"text-editor.default\">\n\t\t\t\t<div class=\"elementor-widget-container\">\n\t\t\t\t\t\t\t\t\t<ul>\n<li>ABB LTD.<\/li>\n<li>Abbott GmbH &amp; Co. KG<\/li>\n<li>Grupa W\u00fcrth<\/li>\n<li>BMW Group<\/li>\n<li>Niemieckie Stowarzyszenie Wydawc\u00f3w i Ksi\u0119garzy<\/li>\n<li>Bosch Rexroth AG<\/li>\n<li>Ambasada USA<\/li>\n<li>BP Oil Marketing<\/li>\n<li>BPW \u2013 Bergische Achsen<\/li>\n<li>Brahms AG<\/li>\n<li>B. Braun Melsungen AG<\/li>\n<li>Federalne Stowarzyszenie T\u0142umaczy Ustnych i Pisemnych (BD\u00dc)<\/li>\n<li>Federalny Trybuna\u0142 Konstytucyjny<\/li>\n<li>Daimler AG<\/li>\n<li>Deichmann<\/li>\n<li>DFB \u2013 Niemiecki Zwi\u0105zek Pi\u0142ki No\u017cnej e.V.<\/li>\n<li>Fundacja Dietera Schwarza organizacja non-profit<\/li>\n<li>FIFA \u2013 F\u00e9d\u00e9ration Internationale de Football Association (Mi\u0119dzynarodowa Federacja Pi\u0142ki No\u017cnej)<\/li>\n<li>Fundacja Fritza Thyssena<\/li>\n<li>Fujifilm<\/li>\n<li>DMG Mori Seiki AG<\/li>\n<li>Drees &amp; Sommer AG<\/li>\n<li>Ecolab Germany GmbH<\/li>\n<li>Ford Werke AG<\/li>\n<li>Wolny Uniwersytet w Berlinie<\/li>\n<li>EASA \u2013 Europejska Agencja Bezpiecze\u0144stwa Lotniczego<\/li>\n<li>GETRAG International GmbH<\/li>\n<li>Izba Rzemie\u015blnicza w D\u00fcsseldorfie<\/li>\n<li>HeidelbergCement AG<\/li>\n<li>Henry Schein Dental Germany GmbH<\/li>\n<li>Uniwersytet Nauk Stosowanych w Niederrhein<\/li>\n<li>Hochtief AG<\/li>\n<li>ICG \u2013 Innovation Congress GmbH<\/li>\n<li>IHK D\u00fcsseldorf<\/li>\n<li>Kl\u00f6ckner AG<\/li>\n<li>KPMG<\/li>\n<li>Parlament krajowy NRW<\/li>\n<li>Lidl Dienstleistung GmbH &amp; Co. KG<\/li>\n<li>LKA D\u00fcsseldorf<\/li>\n<li>LR Health &amp; Beauty Systems GmbH<\/li>\n<li>Lufthansa Cargo AG<\/li>\n<li>Miejsce Pami\u0119ci i Centrum Pami\u0119ci Ravensbr\u00fcck<\/li>\n<li>Metro AG<\/li>\n<li>Nachi Europe GmbH<\/li>\n<li>REWE Zentral AG<\/li>\n<li>Rheinzink GmbH &amp; Co KG<\/li>\n<li>Sachtleben Chemie GmbH<\/li>\n<li>Santander Bank<\/li>\n<li>SCC EVENTS GmbH<\/li>\n<li>Sony Europe<\/li>\n<li>Sterling Fluid<\/li>\n<li>Targobank<\/li>\n<li>Telef\u00f3nica Deutschland Holding AG<\/li>\n<li>TEREX<\/li>\n<li>ThyssenKrupp AG<\/li>\n<li>Unilever Deutschland Holding GmbH<\/li>\n<li>Uniwersytet w Heidelbergu<\/li>\n<li>Vaillant GmbH<\/li>\n<li>Niemieckie Stowarzyszenie Cementowni<\/li>\n<li>VISTEON Germany GmbH<\/li>\n<li>WINGAS GmbH<\/li><li>i wiele innych...<\/li>\n<\/ul>\t\t\t\t\t\t\t\t<\/div>\n\t\t\t\t<\/div>\n\t\t\t\t\t<\/div>\n\t\t\t\t<\/div>\n\t\t\t\t\t<\/div>\n\t\t\t\t<\/div>\n\t\t\t\t\t<\/div>\n\t\t\t\t<\/div>\n\t\t<div data-particle_enable=\"false\" data-particle-mobile-disabled=\"false\" class=\"elementor-element elementor-element-25b3bfb e-flex e-con-boxed e-con e-parent\" data-id=\"25b3bfb\" data-element_type=\"container\">\n\t\t\t\t\t<div class=\"e-con-inner\">\n\t\t\t\t\t<\/div>\n\t\t\t\t<\/div>\n\t\t\t\t<\/div>","protected":false},"excerpt":{"rendered":"<p>Referencje Instalacja i sprzeda\u017c 1. FC Union Berlin e.V. Adolf W\u00fcrth GmbH &amp; Co. KG Siedziba g\u0142\u00f3wna K\u00fcnzelsau Answers GmbH \u2013 Berlin August Storck KG Berlin A\u00dcW Allg\u00e4uer \u00dcberlandwerk GmbH Kempten Ardex GmbH \u2013 Witten Berliner Dom Berlin Beuth Hochschule f\u00fcr Technik Berlin Ambasada Stan\u00f3w Zjednoczonych Berlin Federalne Ministerstwo Pracy i Spraw Socjalnych Berlin Bundesrat Berlin [...]<\/p>","protected":false},"author":1,"featured_media":45482,"parent":0,"menu_order":0,"comment_status":"closed","ping_status":"closed","template":"","meta":{"_acf_changed":false,"footnotes":""},"class_list":["post-22331","page","type-page","status-publish","has-post-thumbnail","hentry"],"acf":[],"_links":{"self":[{"href":"https:\/\/konferenztechnik.de\/pl\/wp-json\/wp\/v2\/pages\/22331","targetHints":{"allow":["GET"]}}],"collection":[{"href":"https:\/\/konferenztechnik.de\/pl\/wp-json\/wp\/v2\/pages"}],"about":[{"href":"https:\/\/konferenztechnik.de\/pl\/wp-json\/wp\/v2\/types\/page"}],"author":[{"embeddable":true,"href":"https:\/\/konferenztechnik.de\/pl\/wp-json\/wp\/v2\/users\/1"}],"replies":[{"embeddable":true,"href":"https:\/\/konferenztechnik.de\/pl\/wp-json\/wp\/v2\/comments?post=22331"}],"version-history":[{"count":0,"href":"https:\/\/konferenztechnik.de\/pl\/wp-json\/wp\/v2\/pages\/22331\/revisions"}],"wp:featuredmedia":[{"embeddable":true,"href":"https:\/\/konferenztechnik.de\/pl\/wp-json\/wp\/v2\/media\/45482"}],"wp:attachment":[{"href":"https:\/\/konferenztechnik.de\/pl\/wp-json\/wp\/v2\/media?parent=22331"}],"curies":[{"name":"wp","href":"https:\/\/api.w.org\/{rel}","templated":true}]}}