{"id":2266,"date":"2013-09-20T13:40:58","date_gmt":"2013-09-20T11:40:58","guid":{"rendered":"https:\/\/konferenztechnik.de\/?page_id=2266"},"modified":"2023-07-05T14:14:58","modified_gmt":"2023-07-05T12:14:58","slug":"system-dzwiekowy","status":"publish","type":"page","link":"https:\/\/konferenztechnik.de\/pl\/dystrybucja-technologii-konferencyjnych-i-multimedialnych\/technologia-audio-mikrofony-wzmocnienie-dzwieku-pokoj-kontrolny-i-odtwarzanie\/system-dzwiekowy\/","title":{"rendered":"System d\u017awi\u0119kowy"},"content":{"rendered":"<h1>G\u0142o\u015bnik<\/h1>\n<p>Profesjonalnie zaplanowane rozmieszczenie g\u0142o\u015bnik\u00f3w w sali konferencyjnej ma kluczowe znaczenie dla optymalnej zrozumia\u0142o\u015bci mowy. Architekci i projektanci AV powinni wymieni\u0107 si\u0119 niezb\u0119dnymi parametrami na wczesnym etapie i pracowa\u0107 rami\u0119 w rami\u0119.<\/p>\n<h4>G\u0142o\u015bnik Kling &amp; Freitag CA 106<\/h4>\n<p><a href=\"https:\/\/konferenztechnik.de\/wp-content\/uploads\/2013\/09\/Kling_Freitag_Lautsprecher_CA_gross.jpg\"><img fetchpriority=\"high\" decoding=\"async\" width=\"400\" height=\"256\" class=\"alignleft size-full wp-image-2378\" src=\"https:\/\/konferenztechnik.de\/wp-content\/uploads\/2013\/09\/Kling_Freitag_Lautsprecher_CA_gross.jpg\" alt=\"G\u0142o\u015bnik Kling &amp; Freitag CA 106 \" title=\"\" srcset=\"https:\/\/konferenztechnik.de\/wp-content\/uploads\/2013\/09\/Kling_Freitag_Lautsprecher_CA_gross.jpg 400w, https:\/\/konferenztechnik.de\/wp-content\/uploads\/2013\/09\/Kling_Freitag_Lautsprecher_CA_gross-300x192.jpg 300w\" sizes=\"(max-width: 400px) 100vw, 400px\" \/><\/a><\/p>\n<p>Ten ultrakompaktowy, wysokowydajny system dla kr\u00f3tkich i \u015brednich odleg\u0142o\u015bci ods\u0142uchu mo\u017ce by\u0107 u\u017cywany uniwersalnie i jest uwa\u017cany za standard bran\u017cowy. Opr\u00f3cz pracy z konwencjonalnymi wzmacniaczami, mo\u017cliwa jest r\u00f3wnie\u017c praca z cyfrowymi kontrolerami systemu. Dost\u0119pna jest r\u00f3wnie\u017c wersja odporna na warunki atmosferyczne.<\/p>\n<h4>Bezprzewodowy system audio Sennheiser LSP 500 Pro<\/h4>\n<ul>\n<li>Sterowanie za pomoc\u0105 aplikacji<\/li>\n<li>Oszcz\u0119dno\u015b\u0107 czasu i pieni\u0119dzy<\/li>\n<li>Bez kabli! Niezwykle szybki monta\u017c<\/li>\n<li>Do 70 % kr\u00f3tszy czas konfiguracji<\/li>\n<li>oszcz\u0119dno\u015b\u0107 do 70 % koszt\u00f3w akcesori\u00f3w (wzmacniacz, konsola mikserska, kable)<\/li>\n<li>do 40 % ni\u017csze koszty transportu<\/li>\n<\/ul>\n<p>Wi\u0119cej informacji<\/p>\n<ul>\n<li>Wymiary (szer. x wys. x g\u0142.): 290 x 550 x 320 mm (11,42\u2033 x 21,65\u2033 x 12,60\u2033)<\/li>\n<li>Konstrukcja akustyczna: system 2-dro\u017cny, zamkni\u0119ty<\/li>\n<li>Zakres cz\u0119stotliwo\u015bci: od 65 Hz do 18 kHz (-10 dB)<\/li>\n<li>Moc wyj\u015bciowa: 55 W mocy ci\u0105g\u0142ej, 120 W mocy szczytowej<\/li>\n<li>Korektor: p\u00f3\u0142parametryczny, 3-pasmowy<\/li>\n<li>Wej\u015bcie MIC: XLR-3F\/\u00bc\" (6,3 mm), gniazdo combo jack, prze\u0142\u0105czane zasilanie phantom 48 V<\/li>\n<li>Wej\u015bcie AUX IN: gniazdo stereo RCA<\/li>\n<li>Wyj\u015bcie LINE OUT: RCA stereo jack<\/li>\n<li>Wej\u015bcie LINK IN: XLR-3F<\/li>\n<li>LINK OUT Wyj\u015bcie: XLR-3M<\/li>\n<li>Port USB: USB 2.0<\/li>\n<li>Formaty plik\u00f3w USB: Odtwarzanie: mp3, wav, aac, flac Nagrywanie: wav<\/li>\n<li>Interfejs Bluetooth: A2DP z aptX\u00ae<\/li>\n<li>Interfejs WLAN: IEEE 802.11b\/g<\/li>\n<li>Szyfrowanie: WPA2<\/li>\n<li>Napi\u0119cie sieciowe\/cz\u0119stotliwo\u015b\u0107 sieci: 100\u2013240 V ~, 50\u201360 Hz<\/li>\n<li>Baterie: 2 x Sennheiser LBA 500, bateria litowo-jonowa 14,4 V\/4,4 Ah<\/li>\n<li>Czas u\u017cytkowania: oko\u0142o 6 godzin (j\u0119zyk)<\/li>\n<li>Czas \u0142adowania: oko\u0142o 5 godzin dla dw\u00f3ch akumulator\u00f3w<\/li>\n<\/ul>\n<p>Wi\u0119cej informacji<\/p>\n<h4>G\u0142o\u015bniki JBL Line Array VRX Systems<\/h4>\n<p><a href=\"https:\/\/konferenztechnik.de\/wp-content\/uploads\/2013\/09\/JBL_Lautsprecher_Line-Array_VRX-Systeme_gross.jpg\"><img decoding=\"async\" width=\"300\" height=\"300\" class=\"alignleft size-full wp-image-2377\" src=\"https:\/\/konferenztechnik.de\/wp-content\/uploads\/2013\/09\/JBL_Lautsprecher_Line-Array_VRX-Systeme_gross.jpg\" alt=\"G\u0142o\u015bniki JBL Line Array VRX Systems\" title=\"\" srcset=\"https:\/\/konferenztechnik.de\/wp-content\/uploads\/2013\/09\/JBL_Lautsprecher_Line-Array_VRX-Systeme_gross.jpg 300w, https:\/\/konferenztechnik.de\/wp-content\/uploads\/2013\/09\/JBL_Lautsprecher_Line-Array_VRX-Systeme_gross-150x150.jpg 150w\" sizes=\"(max-width: 300px) 100vw, 300px\" \/><\/a><\/p>\n<p>Tablice liniowe doskonale nadaj\u0105 si\u0119 do wzmacniania d\u017awi\u0119ku w du\u017cych pomieszczeniach, je\u015bli nie mo\u017cna lub nie chce si\u0119 rozmieszcza\u0107 kilku g\u0142o\u015bnik\u00f3w w pomieszczeniu. JBL oferuje dobry i \u0142atwy w instalacji system g\u0142o\u015bnik\u00f3w do tego celu.<\/p>\n<h4>Seria Tannoy DI<\/h4>\n<p><a href=\"https:\/\/konferenztechnik.de\/wp-content\/uploads\/2013\/09\/Tannoy_Di8-3q-top_gross.jpg\"><img decoding=\"async\" width=\"400\" height=\"600\" class=\"alignleft size-full wp-image-2376\" src=\"https:\/\/konferenztechnik.de\/wp-content\/uploads\/2013\/09\/Tannoy_Di8-3q-top_gross.jpg\" alt=\"Seria Tannoy DI\" title=\"\" srcset=\"https:\/\/konferenztechnik.de\/wp-content\/uploads\/2013\/09\/Tannoy_Di8-3q-top_gross.jpg 400w, https:\/\/konferenztechnik.de\/wp-content\/uploads\/2013\/09\/Tannoy_Di8-3q-top_gross-200x300.jpg 200w\" sizes=\"(max-width: 400px) 100vw, 400px\" \/><\/a><\/p>\n<p>Seria Di brytyjskiego producenta g\u0142o\u015bnik\u00f3w Tannoy zosta\u0142a zaprojektowana z my\u015bl\u0105 o szerokim zakresie zastosowa\u0144 instalacyjnych. Dzi\u0119ki wysokiej jako\u015bci d\u017awi\u0119ku g\u0142o\u015bniki nadaj\u0105 si\u0119 do ca\u0142ej gamy system\u00f3w nag\u0142o\u015bnieniowych, jako nag\u0142o\u015bnienie g\u0142\u00f3wne lub t\u0142a, wzmocnienie mowy lub muzyki. Ich solidna, a jednocze\u015bnie lekka konstrukcja sprawia, \u017ce s\u0105 \u0142atwe w instalacji. Opr\u00f3cz tej linii produkt\u00f3w, Tannoy ma w swoim programie g\u0142o\u015bniki do prawie ka\u017cdego mo\u017cliwego zastosowania. Opr\u00f3cz klasycznych g\u0142o\u015bnik\u00f3w do monta\u017cu powierzchniowego, dost\u0119pne s\u0105 g\u0142o\u015bniki sufitowe, g\u0142o\u015bniki \u015bcienne itp. Dost\u0119pna jest wersja tych g\u0142o\u015bnik\u00f3w do pod\u0142\u0105czenia do istniej\u0105cych system\u00f3w d\u017awi\u0119kowych 100V.<\/p>\n<h4>G\u0142o\u015bnik QSC HPRiGroup<\/h4>\n<p><a href=\"https:\/\/konferenztechnik.de\/wp-content\/uploads\/2013\/09\/Lautsprecher_QSC_HPRiGroup_gross.jpg\"><img loading=\"lazy\" decoding=\"async\" width=\"450\" height=\"285\" class=\"alignleft size-full wp-image-2379\" src=\"https:\/\/konferenztechnik.de\/wp-content\/uploads\/2013\/09\/Lautsprecher_QSC_HPRiGroup_gross.jpg\" alt=\"G\u0142o\u015bnik QSC HPRiGroup \" title=\"\" srcset=\"https:\/\/konferenztechnik.de\/wp-content\/uploads\/2013\/09\/Lautsprecher_QSC_HPRiGroup_gross.jpg 450w, https:\/\/konferenztechnik.de\/wp-content\/uploads\/2013\/09\/Lautsprecher_QSC_HPRiGroup_gross-300x190.jpg 300w\" sizes=\"(max-width: 450px) 100vw, 450px\" \/><\/a><\/p>\n<p>Seria HPR oferuje u\u017cytkownikom moc, technologi\u0119 i legendarn\u0105 niezawodno\u015b\u0107 wzmacniaczy mocy QSC, w po\u0142\u0105czeniu z \u0142atwo\u015bci\u0105 i wygod\u0105 obs\u0142ugi, kt\u00f3ra charakteryzuje aktywne systemy g\u0142o\u015bnikowe. Nie ma znaczenia, czy chcesz tylko wzmocni\u0107 wokale, odtwarza\u0107 muzyk\u0119, czy przesy\u0142a\u0107 inne sygna\u0142y akustyczne.<\/p>\n<h2>G\u0142o\u015bnik QSC HPRiGroup<\/h2>\n<ul>\n<li>Aktywne systemy g\u0142o\u015bnikowe z technologi\u0105 wzmacniacza QSC<\/li>\n<li>Wysoka moc ci\u0105g\u0142a wzmacniacza: subwoofer 700 W i g\u0142o\u015bniki pe\u0142nozakresowe do 600 W<\/li>\n<li>Solidna obudowa wykonana z 13-warstwowej sklejki brzozowej<\/li>\n<li>Wytrzyma\u0142a kratka przednia<\/li>\n<li>Zintegrowane mocowanie podstawki 35 mm (subwoofer i modele 2-dro\u017cne)<\/li>\n<li>Punkty mocowania M10 w modelach HPR122i, HPR152i i HPR153i<\/li>\n<\/ul>\n<h1>G\u0142o\u015bnik liniowy<\/h1>\n<p>W pomieszczeniach o wysokich wymaganiach akustycznych, doskona\u0142e rezultaty mo\u017cna osi\u0105gn\u0105\u0107 za pomoc\u0105 g\u0142o\u015bnik\u00f3w liniowych, poniewa\u017c generuj\u0105 one w\u0105sko promieniuj\u0105ce pole d\u017awi\u0119kowe.<br \/>\nZasadniczo g\u0142o\u015bniki te mo\u017cna podzieli\u0107 na systemy pasywne i aktywne. Systemy pasywne wymagaj\u0105 oddzielnego wzmacniacza z przetwarzaniem sygna\u0142u. Natomiast systemy aktywne posiadaj\u0105 ju\u017c zintegrowany wzmacniacz i system przetwarzania sygna\u0142u wykorzystuj\u0105cy cyfrowe procesory sygna\u0142owe (DSP). W wielu systemach aktywnych k\u0105ty dyspersji pionowej mog\u0105 by\u0107 sterowane cyfrowo, dzi\u0119ki czemu mo\u017cna precyzyjnie o\u015bwietli\u0107 jedn\u0105 lub wi\u0119cej stref ods\u0142uchu \u2013, np. w teatrze, na widowni i na poziomie. W tym przypadku m\u00f3wimy o sterowaniu wi\u0105zk\u0105, gdzie wsp\u00f3\u0142czynnik dyspersji jest ustawiany za pomoc\u0105 oprogramowania komputerowego.<\/p>\n<ul>\n<li>Wysoki k\u0105t dyspersji, skutkuj\u0105cy jednolitym polem d\u017awi\u0119kowym<\/li>\n<li>Optymalny w po\u0142\u0105czeniu z mikrofonami, niewra\u017cliwy na sprz\u0119\u017cenie zwrotne<\/li>\n<li>Mo\u017cliwa niewidoczna integracja z p\u0142ytami gipsowo-kartonowymi, drewnem lub innymi powierzchniami<\/li>\n<li>Mo\u017cliwo\u015b\u0107 uzyskania do 100 dB SPL<\/li>\n<li>Niewielka g\u0142\u0119boko\u015b\u0107 monta\u017cu, maks. 40 mm<\/li>\n<li>Dost\u0119pne wersje 100 V<\/li>\n<\/ul>\n<h4>RCF L2406-T<\/h4>\n<p><a href=\"https:\/\/konferenztechnik.de\/wp-content\/uploads\/2013\/09\/Zeilenlautsprecher_RCF_L2406T.jpg\"><img loading=\"lazy\" decoding=\"async\" width=\"388\" height=\"650\" class=\"alignleft size-full wp-image-2387\" src=\"https:\/\/konferenztechnik.de\/wp-content\/uploads\/2013\/09\/Zeilenlautsprecher_RCF_L2406T.jpg\" alt=\"RCF L2406-T \" title=\"\" srcset=\"https:\/\/konferenztechnik.de\/wp-content\/uploads\/2013\/09\/Zeilenlautsprecher_RCF_L2406T.jpg 388w, https:\/\/konferenztechnik.de\/wp-content\/uploads\/2013\/09\/Zeilenlautsprecher_RCF_L2406T-179x300.jpg 179w\" sizes=\"(max-width: 388px) 100vw, 388px\" \/><\/a><\/p>\n<p>L2406-T od RCF to przyk\u0142ad pasywnego g\u0142o\u015bnika liniowego. G\u0142o\u015bnik charakteryzuje si\u0119 nast\u0119puj\u0105cymi cechami:<\/p>\n<ul>\n<li>6 x 5\" LF, 4 x 1\" HF<\/li>\n<li>Obci\u0105\u017calno\u015b\u0107 200 W<\/li>\n<li>Rozproszenie 150\u00b0 w poziomie, 30\u00b0 w pionie<\/li>\n<li>Zakres cz\u0119stotliwo\u015bci 110 Hz \u2013 20 Hz<\/li>\n<li>Kuloodporna obudowa<\/li>\n<\/ul>\n<h4>Seria Tannoy QFlex<\/h4>\n<p><a href=\"https:\/\/konferenztechnik.de\/wp-content\/uploads\/2013\/09\/Tannoy-QFlex24.jpg\"><img loading=\"lazy\" decoding=\"async\" width=\"600\" height=\"600\" class=\"alignleft size-full wp-image-2388\" src=\"https:\/\/konferenztechnik.de\/wp-content\/uploads\/2013\/09\/Tannoy-QFlex24.jpg\" alt=\"Seria Tannoy QFlex \" title=\"\" srcset=\"https:\/\/konferenztechnik.de\/wp-content\/uploads\/2013\/09\/Tannoy-QFlex24.jpg 600w, https:\/\/konferenztechnik.de\/wp-content\/uploads\/2013\/09\/Tannoy-QFlex24-300x300.jpg 300w, https:\/\/konferenztechnik.de\/wp-content\/uploads\/2013\/09\/Tannoy-QFlex24-150x150.jpg 150w\" sizes=\"(max-width: 600px) 100vw, 600px\" \/><\/a><\/p>\n<p>Przyk\u0142adem aktywnego, sterowanego cyfrowo g\u0142o\u015bnika liniowego jest seria QFlex firmy Tannoy, tutaj QFlex 24.<\/p>\n<ul>\n<li>8 x 4\" LF, 8 x 3\" LF, 8 x 1\" HF<\/li>\n<li>Zintegrowany procesor DSP i wzmacniacz cyfrowy<\/li>\n<li>Rozproszenie 120\u00b0 w poziomie, regulowane w zakresie od 10\u00b0 do 100\u00b0 w pionie<\/li>\n<li>Zakres cz\u0119stotliwo\u015bci 110 Hz \u2013 20 kHz<\/li>\n<li>Odleg\u0142o\u015b\u0107 zastosowania do 40 m<\/li>\n<li>27 kg Waga<\/li>\n<\/ul>\n<p>Opr\u00f3cz tych g\u0142o\u015bnik\u00f3w sprzedajemy r\u00f3wnie\u017c g\u0142o\u015bniki liniowe Duran Audio, Pan Acoustics, Clearvoice System i wiele innych. Podczas korzystania z g\u0142o\u015bnik\u00f3w liniowych niezb\u0119dne jest precyzyjne planowanie. Z przyjemno\u015bci\u0105 doradzimy!<\/p>\n<h1>G\u0142o\u015bnik z p\u0142askim panelem<\/h1>\n<p>P\u0142askie g\u0142o\u015bniki membranowe oparte na zasadzie DML (Distributed Mode Loudspeaker) nadaj\u0105 si\u0119 do niewidocznego monta\u017cu w sufitach, \u015bcianach lub meblach. Prostok\u0105tne panele, kt\u00f3re s\u0105 wyposa\u017cone w dwa lub wi\u0119cej wzbudnik\u00f3w, mog\u0105 by\u0107 niewidocznie otynkowane na powierzchniach p\u0142yt gipsowo-kartonowych lub u\u017cyte za drewnian\u0105 warstw\u0105 o grubo\u015bci maksymalnie 2,5 mm w konstrukcji mebli.<\/p>\n<p><a href=\"https:\/\/konferenztechnik.de\/wp-content\/uploads\/2013\/09\/amina-wallsound.jpg\"><img loading=\"lazy\" decoding=\"async\" width=\"260\" height=\"150\" class=\"alignleft size-full wp-image-2389\" src=\"https:\/\/konferenztechnik.de\/wp-content\/uploads\/2013\/09\/amina-wallsound.jpg\" alt=\"Amina Wallsound\" title=\"\"><\/a><\/p>\n<p>Zastosowanie p\u0142askich g\u0142o\u015bnik\u00f3w sto\u017ckowych tworzy ledwo zlokalizowane pole d\u017awi\u0119kowe, kt\u00f3re jest r\u00f3wnomiernie roz\u0142o\u017cone w ca\u0142ym pomieszczeniu i jest szczeg\u00f3lnie odpowiednie do wzmacniania d\u017awi\u0119ku t\u0142a, ale tak\u017ce do wysokiej jako\u015bci wzmacniania d\u017awi\u0119ku sufitowego. W po\u0142\u0105czeniu z systemami mikrofonowymi, g\u0142o\u015bniki z p\u0142askim panelem s\u0105 znacznie bardziej odporne na sprz\u0119\u017cenia zwrotne ni\u017c konwencjonalne g\u0142o\u015bniki sto\u017ckowe.<\/p>\n<ul>\n<li>Wysoki k\u0105t dyspersji, skutkuj\u0105cy jednolitym polem d\u017awi\u0119kowym<\/li>\n<li>Optymalny w po\u0142\u0105czeniu z mikrofonami, niewra\u017cliwy na sprz\u0119\u017cenie zwrotne<\/li>\n<li>Mo\u017cliwa niewidoczna integracja z p\u0142ytami gipsowo-kartonowymi, drewnem lub innymi powierzchniami<\/li>\n<li>Mo\u017cliwo\u015b\u0107 uzyskania do 100 dB SPL<\/li>\n<li>Niewielka g\u0142\u0119boko\u015b\u0107 monta\u017cu, maks. 40 mm<\/li>\n<li>Dost\u0119pne wersje 100 V<\/li>\n<\/ul>\n<p><a href=\"https:\/\/konferenztechnik.de\/wp-content\/uploads\/2013\/09\/amina_flaechenmembran.jpg\"><img loading=\"lazy\" decoding=\"async\" width=\"139\" height=\"210\" class=\"alignright size-full wp-image-2390\" src=\"https:\/\/konferenztechnik.de\/wp-content\/uploads\/2013\/09\/amina_flaechenmembran.jpg\" alt=\"Membrana powierzchniowa Amina\" title=\"\"><\/a><\/p>\n<p>PCS sprzedaje g\u0142o\u015bniki p\u0142askie producent\u00f3w Sonus, ML Audio i Amina. Precyzyjne planowanie jest niezb\u0119dne podczas korzystania z p\u0142askich g\u0142o\u015bnik\u00f3w. Z przyjemno\u015bci\u0105 doradzimy!<\/p>\n<h1>Wzmacniacz<\/h1>\n<h4>Crown AMP z procesorem DSP serii 2000<\/h4>\n<p><a href=\"https:\/\/konferenztechnik.de\/wp-content\/uploads\/2013\/09\/Verstaerker_Crown_XTiSeries_gross.jpg\"><img loading=\"lazy\" decoding=\"async\" width=\"360\" height=\"218\" class=\"alignleft size-full wp-image-2398\" src=\"https:\/\/konferenztechnik.de\/wp-content\/uploads\/2013\/09\/Verstaerker_Crown_XTiSeries_gross.jpg\" alt=\"Crown AMP z procesorem DSP serii 2000\" title=\"\" srcset=\"https:\/\/konferenztechnik.de\/wp-content\/uploads\/2013\/09\/Verstaerker_Crown_XTiSeries_gross.jpg 360w, https:\/\/konferenztechnik.de\/wp-content\/uploads\/2013\/09\/Verstaerker_Crown_XTiSeries_gross-300x182.jpg 300w\" sizes=\"(max-width: 360px) 100vw, 360px\" \/><\/a><\/p>\n<p>Seria wzmacniaczy XTi sk\u0142ada si\u0119 z modeli XTi 1000, XTi 2000, XTi 4000 i XTi 6000, z kt\u00f3rych wszystkie s\u0105 niezwykle wytrzyma\u0142e i bardzo lekkie. Wzmacniacze mocy \u0142\u0105cz\u0105 elastyczny kontroler DSP i funkcje wzmacniacza w jednym urz\u0105dzeniu. Ich moc wyj\u015bciowa wynosi od 2x 500 do 2x 2100 W przy 4 omach.<\/p>","protected":false},"excerpt":{"rendered":"<p>Lautsprecher Eine professionell geplante Positionierung der Lautsprecher in einem Konferenzraum\/-Saal ist ma\u00dfgeblich f\u00fcr eine optimale Sprachverst\u00e4ndlichkeit. Architekten und AV-Planer sollten hier fr\u00fch und Hand in Hand die erforderlichen Parameter austauschen. Kling &amp; Freitag Lautsprecher CA 106 Dieses ultrakompakte Hochleistungs-System, f\u00fcr kurze und mittlere H\u00f6rabst\u00e4nde, ist universell einsetzbar und gilt in der Branche als Industriestandard. Neben [&hellip;]<\/p>","protected":false},"author":1,"featured_media":45482,"parent":1289,"menu_order":142,"comment_status":"closed","ping_status":"open","template":"","meta":{"_acf_changed":false,"footnotes":""},"class_list":["post-2266","page","type-page","status-publish","has-post-thumbnail","hentry"],"acf":[],"_links":{"self":[{"href":"https:\/\/konferenztechnik.de\/pl\/wp-json\/wp\/v2\/pages\/2266","targetHints":{"allow":["GET"]}}],"collection":[{"href":"https:\/\/konferenztechnik.de\/pl\/wp-json\/wp\/v2\/pages"}],"about":[{"href":"https:\/\/konferenztechnik.de\/pl\/wp-json\/wp\/v2\/types\/page"}],"author":[{"embeddable":true,"href":"https:\/\/konferenztechnik.de\/pl\/wp-json\/wp\/v2\/users\/1"}],"replies":[{"embeddable":true,"href":"https:\/\/konferenztechnik.de\/pl\/wp-json\/wp\/v2\/comments?post=2266"}],"version-history":[{"count":0,"href":"https:\/\/konferenztechnik.de\/pl\/wp-json\/wp\/v2\/pages\/2266\/revisions"}],"up":[{"embeddable":true,"href":"https:\/\/konferenztechnik.de\/pl\/wp-json\/wp\/v2\/pages\/1289"}],"wp:featuredmedia":[{"embeddable":true,"href":"https:\/\/konferenztechnik.de\/pl\/wp-json\/wp\/v2\/media\/45482"}],"wp:attachment":[{"href":"https:\/\/konferenztechnik.de\/pl\/wp-json\/wp\/v2\/media?parent=2266"}],"curies":[{"name":"wp","href":"https:\/\/api.w.org\/{rel}","templated":true}]}}