{"id":2278,"date":"2013-09-20T14:10:18","date_gmt":"2013-09-20T12:10:18","guid":{"rendered":"https:\/\/konferenztechnik.de\/?page_id=2278"},"modified":"2023-07-05T14:29:38","modified_gmt":"2023-07-05T12:29:38","slug":"dynamika-i-efekty","status":"publish","type":"page","link":"https:\/\/konferenztechnik.de\/pl\/dystrybucja-technologii-konferencyjnych-i-multimedialnych\/technologia-audio-mikrofony-wzmocnienie-dzwieku-pokoj-kontrolny-i-odtwarzanie\/dynamika-i-efekty\/","title":{"rendered":"Dynamika i efekty"},"content":{"rendered":"<h1>Dynamika i efekty<\/h1>\n<h2>Nexia<\/h2>\n<p><a href=\"https:\/\/konferenztechnik.de\/wp-content\/uploads\/2013\/09\/Biamp_Nexia_CS_gross.jpg\"><img fetchpriority=\"high\" decoding=\"async\" width=\"603\" height=\"217\" class=\"alignleft size-full wp-image-2408\" src=\"https:\/\/konferenztechnik.de\/wp-content\/uploads\/2013\/09\/Biamp_Nexia_CS_gross.jpg\" alt=\"Nexia\" title=\"\" srcset=\"https:\/\/konferenztechnik.de\/wp-content\/uploads\/2013\/09\/Biamp_Nexia_CS_gross.jpg 603w, https:\/\/konferenztechnik.de\/wp-content\/uploads\/2013\/09\/Biamp_Nexia_CS_gross-300x108.jpg 300w\" sizes=\"(max-width: 603px) 100vw, 603px\" \/><\/a><\/p>\n<p>Nexia to ekonomiczny cyfrowy system audio, kt\u00f3ry mo\u017cna dowolnie programowa\u0107 za pomoc\u0105 graficznego interfejsu u\u017cytkownika. Seria Nexia jest dost\u0119pna w r\u00f3\u017cnych konfiguracjach wej\u015b\u0107\/wyj\u015b\u0107, co u\u0142atwia znalezienie odpowiedniego urz\u0105dzenia do ka\u017cdego zastosowania. Maksymalnie cztery systemy Nexia mo\u017cna po\u0142\u0105czy\u0107 ze sob\u0105 po stronie audio za po\u015brednictwem wewn\u0119trznej magistrali NexLink. Dzi\u0119ki temu Nexia mo\u017ce by\u0107 wykorzystywana w centrach konferencyjnych, salach wielofunkcyjnych, salach szkoleniowych, restauracjach lub wsz\u0119dzie tam, gdzie wymagany jest swobodnie programowalny system audio.<\/p>\n<h2>Nexia<\/h2>\n<p>Dost\u0119pne s\u0105 nast\u0119puj\u0105ce typy Nexia:<\/p>\n<ul>\n<li>Nexia CS: Do zastosowa\u0144 intensywnie korzystaj\u0105cych z mikrofon\u00f3w, takich jak sale konferencyjne<\/li>\n<li>Nexia PM: Szczeg\u00f3lnie nadaje si\u0119 do zastosowa\u0144 AV, w kt\u00f3rych u\u017cywane s\u0105 zar\u00f3wno mikrofony, jak i urz\u0105dzenia odtwarzaj\u0105ce.<\/li>\n<li>Nexia SP: Idealny do zastosowa\u0144, w kt\u00f3rych sygna\u0142y liniowe musz\u0105 by\u0107 dystrybuowane do du\u017cej liczby wyj\u015b\u0107.<\/li>\n<li>Nexia TC: Idealny do szerokiego zakresu zastosowa\u0144 po\u0142\u0105cze\u0144 konferencyjnych<\/li>\n<li>Nexia VC: Idealnie nadaje si\u0119 do szerokiej gamy zastosowa\u0144 wideokonferencyjnych<\/li>\n<\/ul>\n<h2>Sabine FBX-2400<\/h2>\n<p><a href=\"https:\/\/konferenztechnik.de\/wp-content\/uploads\/2013\/09\/Sabine_FBX1200-2400_gross.jpg\"><img decoding=\"async\" width=\"800\" height=\"75\" class=\"alignleft size-full wp-image-2407\" src=\"https:\/\/konferenztechnik.de\/wp-content\/uploads\/2013\/09\/Sabine_FBX1200-2400_gross.jpg\" alt=\"Sabine FBX-2400\" title=\"\" srcset=\"https:\/\/konferenztechnik.de\/wp-content\/uploads\/2013\/09\/Sabine_FBX1200-2400_gross.jpg 800w, https:\/\/konferenztechnik.de\/wp-content\/uploads\/2013\/09\/Sabine_FBX1200-2400_gross-300x28.jpg 300w, https:\/\/konferenztechnik.de\/wp-content\/uploads\/2013\/09\/Sabine_FBX1200-2400_gross-768x72.jpg 768w\" sizes=\"(max-width: 800px) 100vw, 800px\" \/><\/a><\/p>\n<p>Z <em>Sabine Feedback-Exterminator<\/em> sprz\u0119\u017cenie zwrotne mo\u017ce by\u0107 automatycznie i niezawodnie t\u0142umione. Technologia, kt\u00f3ra za tym stoi, jest obecnie w pi\u0105tej generacji i wsp\u00f3\u0142pracuje z nowymi <em>Technologia SMARTFilter<\/em>.<\/p>\n<h2>Sabine FBX-2400<\/h2>\n<ul>\n<li>Do 12 automatycznych filtr\u00f3w sprz\u0119\u017cenia zwrotnego na kana\u0142<\/li>\n<li>2 kana\u0142y<\/li>\n<li>Wej\u015bcia\/wyj\u015bcia audio przez XLR<\/li>\n<li>1\/10 i 1\/5 oktawy prze\u0142\u0105czane w zale\u017cno\u015bci od zastosowania<\/li>\n<li>Filtry sta\u0142e i dynamiczne<\/li>\n<li>Technologia filtr\u00f3w SMART<\/li>\n<\/ul>","protected":false},"excerpt":{"rendered":"<p>Dynamics und Effekte Nexia Nexia ist ein kosteneffektives digitales Audiosystem, das \u00fcber eine grafische Oberfl\u00e4che frei programmiert werden kann. Die Nexia-Serie ist in verschiedenen I\/O-Konfigurationen erh\u00e4ltlich, so l\u00e4sst sich f\u00fcr jede Anwendung schnell das passende Ger\u00e4t finden. Bis zu vier Nexia Systeme k\u00f6nnen \u00fcber den internen NexLink Bus miteinander audioseitig gekoppelt werden. Nexia kommt so [&hellip;]<\/p>","protected":false},"author":1,"featured_media":45482,"parent":1289,"menu_order":139,"comment_status":"closed","ping_status":"open","template":"","meta":{"_acf_changed":false,"footnotes":""},"class_list":["post-2278","page","type-page","status-publish","has-post-thumbnail","hentry"],"acf":[],"_links":{"self":[{"href":"https:\/\/konferenztechnik.de\/pl\/wp-json\/wp\/v2\/pages\/2278","targetHints":{"allow":["GET"]}}],"collection":[{"href":"https:\/\/konferenztechnik.de\/pl\/wp-json\/wp\/v2\/pages"}],"about":[{"href":"https:\/\/konferenztechnik.de\/pl\/wp-json\/wp\/v2\/types\/page"}],"author":[{"embeddable":true,"href":"https:\/\/konferenztechnik.de\/pl\/wp-json\/wp\/v2\/users\/1"}],"replies":[{"embeddable":true,"href":"https:\/\/konferenztechnik.de\/pl\/wp-json\/wp\/v2\/comments?post=2278"}],"version-history":[{"count":0,"href":"https:\/\/konferenztechnik.de\/pl\/wp-json\/wp\/v2\/pages\/2278\/revisions"}],"up":[{"embeddable":true,"href":"https:\/\/konferenztechnik.de\/pl\/wp-json\/wp\/v2\/pages\/1289"}],"wp:featuredmedia":[{"embeddable":true,"href":"https:\/\/konferenztechnik.de\/pl\/wp-json\/wp\/v2\/media\/45482"}],"wp:attachment":[{"href":"https:\/\/konferenztechnik.de\/pl\/wp-json\/wp\/v2\/media?parent=2278"}],"curies":[{"name":"wp","href":"https:\/\/api.w.org\/{rel}","templated":true}]}}