{"id":2512,"date":"2013-09-23T13:24:27","date_gmt":"2013-09-23T11:24:27","guid":{"rendered":"https:\/\/konferenztechnik.de\/?page_id=2512"},"modified":"2023-06-29T14:24:12","modified_gmt":"2023-06-29T12:24:12","slug":"obiekty-do-dyskusji-2","status":"publish","type":"page","link":"https:\/\/konferenztechnik.de\/pl\/dystrybucja-technologii-konferencyjnych-i-multimedialnych\/obiekty-do-dyskusji-2\/","title":{"rendered":"Udogodnienia do dyskusji"},"content":{"rendered":"<h1>Udogodnienia do dyskusji<\/h1>\n<p>Typowe zastosowania system\u00f3w konferencyjnych to spotkania przy \"okr\u0105g\u0142ym stole\", takie jak posiedzenia rady zak\u0142adowej UE, posiedzenia ministerialne, posiedzenia rad lokalnych, konferencje prasowe, posiedzenia zarz\u0105du lub komitetu akcjonariuszy, a tak\u017ce wideokonferencje i zdalne t\u0142umaczenia symultaniczne. Systemy te, znane r\u00f3wnie\u017c jako \"\u0142a\u0144cuchy mikrofonowe\", nadaj\u0105 si\u0119 zatem g\u0142\u00f3wnie do spotka\u0144 wymagaj\u0105cych intensywnej dyskusji. W zale\u017cno\u015bci od typu systemu, pulpity mikrofonowe s\u0105 r\u00f3wnie\u017c wyposa\u017cone w wewn\u0119trzny g\u0142o\u015bnik, funkcj\u0119 g\u0142osowania lub kana\u0142y t\u0142umacze\u0144 ustnych.<\/p>\n<p><img decoding=\"async\" src=\"https:\/\/konferenztechnik.de\/wp-content\/uploads\/2016\/10\/Vertrieb-Sprechstellen.jpg\" alt=\"Sprzeda\u017c stacji interkomowych PCS\" width=\"850\" class=\"alignleft size-full wp-image-2677\" title=\"\"><\/p>\n<p>[clear]<\/p>\n<p>Zasadniczo rozr\u00f3\u017cnia si\u0119 nast\u0119puj\u0105ce dwa rodzaje system\u00f3w konferencyjnych:<\/p>\n<p><a href=\"\/pl\/dystrybucja-technologii-konferencyjnych-i-multimedialnych\/udogodnienia-do-dyskusji\/przewodowe-systemy-dyskusyjne\/\">\u203a Przewodowe systemy konferencyjne<\/a> \u2013 to konwencjonalny, klasyczny \u0142a\u0144cuch mikrofonowy, w kt\u00f3rym wszystkie modu\u0142y mikrofonowe s\u0105 po\u0142\u0105czone ze sob\u0105 kablem.<\/p>\n<p><a href=\"https:\/\/konferenztechnik.de\/pl\/kup-bezprzewodowe-systemy-konferencyjne\/\">\u203a Bezprzewodowe systemy konferencyjne<\/a> \u2013 bez kabla przez radio \u2013 naturalnie odporny na kran!<\/p>\n<p>[spacer size=\"20\u2033]<br \/>\n[column size=\"1-2\u2033 last=\"1\u2033]<br \/>\n[tabs style=\"2\u2033]<br \/>\n[tab title=\"Dalsze linki\"]<\/p>\n<div class=\"weiterlinks\" style=\"background-color:#efefef\">\n<ul>\n[list icon=\"moon-arrow-right-2\u2033 color=\"#a62055\u2033]<a title=\"Dystrybucja wed\u0142ug grup produkt\u00f3w\" href=\"\/pl\/grupy-produktow\/\">Dystrybucja wed\u0142ug grup produkt\u00f3w<\/a>[\/list]<br \/>\n[list icon=\"moon-arrow-right-2\u2033 color=\"#a62055\u2033]<a title=\"Dystrybucja wed\u0142ug producenta\" href=\"\/pl\/producent\/\">Dystrybucja wed\u0142ug producenta<\/a>[\/list]<br \/>\n[list icon=\"moon-arrow-right-2\u2033 color=\"#a62055\u2033]<a title=\"Produkty na zam\u00f3wienie, konserwacja i naprawy\" href=\"\/pl\/uslugi-2\/konserwacja-i-naprawa\/\">Produkty na zam\u00f3wienie, konserwacja i naprawy<\/a>[\/list]<br \/>\n[list icon=\"moon-arrow-right-2\u2033 color=\"#a62055\u2033]<a title=\"10 dobrych powod\u00f3w dla PCS\" href=\"\/pl\/o-nas-2\/10-dobrych-powodow-dla-komputerow\/\">10 dobrych powod\u00f3w dla PCS<\/a>[\/list]<br \/>\n[list icon=\"moon-arrow-right-2\u2033 color=\"#a62055\u2033]<a title=\"Referencje\" href=\"\/pl\/o-nas-2\/instalacja-listy-referencyjnej\/\">Referencje Instalacja i integracja<\/a>[\/list]<br \/>\n[list icon=\"moon-arrow-right-2\u2033 color=\"#a62055\u2033]<a title=\"PCS: Wszystkie us\u0142ugi w skr\u00f3cie\" href=\"\/pl\/uslugi-2\/\">PCS: Wszystkie us\u0142ugi w skr\u00f3cie<\/a>[\/list]<\/ul>\n<\/div>\n<p>[\/tab]<br \/>\n[\/tabs]<br \/>\n[\/column]<br \/>\n[spacer size=\"30\u2033]<\/p>","protected":false},"excerpt":{"rendered":"<p>Typowe zastosowania system\u00f3w konferencyjnych to spotkania przy \"okr\u0105g\u0142ym stole\", takie jak posiedzenia rady zak\u0142adowej UE, posiedzenia ministerialne, posiedzenia rad lokalnych, konferencje prasowe, posiedzenia zarz\u0105du lub komitetu akcjonariuszy, a tak\u017ce wideokonferencje i zdalne t\u0142umaczenia symultaniczne. Systemy te, znane r\u00f3wnie\u017c jako \"\u0142a\u0144cuchy mikrofonowe\", nadaj\u0105 si\u0119 zatem g\u0142\u00f3wnie do spotka\u0144 wymagaj\u0105cych intensywnej dyskusji. W zale\u017cno\u015bci od typu systemu, pulpity mikrofonowe s\u0105 r\u00f3wnie\u017c wyposa\u017cone w wewn\u0119trzny g\u0142o\u015bnik, funkcj\u0119 g\u0142osowania lub kana\u0142y t\u0142umacze\u0144 ustnych.<\/p>","protected":false},"author":1,"featured_media":45482,"parent":3614,"menu_order":136,"comment_status":"closed","ping_status":"open","template":"","meta":{"_acf_changed":false,"footnotes":""},"class_list":["post-2512","page","type-page","status-publish","has-post-thumbnail","hentry"],"acf":[],"_links":{"self":[{"href":"https:\/\/konferenztechnik.de\/pl\/wp-json\/wp\/v2\/pages\/2512","targetHints":{"allow":["GET"]}}],"collection":[{"href":"https:\/\/konferenztechnik.de\/pl\/wp-json\/wp\/v2\/pages"}],"about":[{"href":"https:\/\/konferenztechnik.de\/pl\/wp-json\/wp\/v2\/types\/page"}],"author":[{"embeddable":true,"href":"https:\/\/konferenztechnik.de\/pl\/wp-json\/wp\/v2\/users\/1"}],"replies":[{"embeddable":true,"href":"https:\/\/konferenztechnik.de\/pl\/wp-json\/wp\/v2\/comments?post=2512"}],"version-history":[{"count":0,"href":"https:\/\/konferenztechnik.de\/pl\/wp-json\/wp\/v2\/pages\/2512\/revisions"}],"up":[{"embeddable":true,"href":"https:\/\/konferenztechnik.de\/pl\/wp-json\/wp\/v2\/pages\/3614"}],"wp:featuredmedia":[{"embeddable":true,"href":"https:\/\/konferenztechnik.de\/pl\/wp-json\/wp\/v2\/media\/45482"}],"wp:attachment":[{"href":"https:\/\/konferenztechnik.de\/pl\/wp-json\/wp\/v2\/media?parent=2512"}],"curies":[{"name":"wp","href":"https:\/\/api.w.org\/{rel}","templated":true}]}}