{"id":2618,"date":"2013-09-25T15:11:34","date_gmt":"2013-09-25T13:11:34","guid":{"rendered":"https:\/\/konferenztechnik.de\/?page_id=2618"},"modified":"2023-07-05T10:34:46","modified_gmt":"2023-07-05T08:34:46","slug":"uchwyty-scienne","status":"publish","type":"page","link":"https:\/\/konferenztechnik.de\/pl\/dystrybucja-technologii-konferencyjnych-i-multimedialnych\/technologia-wideo-2\/uchwyty-do-wyswietlaczy-i-projektorow-2\/uchwyty-scienne\/","title":{"rendered":"Uchwyty \u015bcienne"},"content":{"rendered":"<div data-elementor-type=\"wp-page\" data-elementor-id=\"2618\" class=\"elementor elementor-2618\" data-elementor-post-type=\"page\">\n\t\t\t\t\t\t<section data-particle_enable=\"false\" data-particle-mobile-disabled=\"false\" class=\"elementor-section elementor-top-section elementor-element elementor-element-7b72f63e elementor-section-boxed elementor-section-height-default elementor-section-height-default\" data-id=\"7b72f63e\" data-element_type=\"section\">\n\t\t\t\t\t\t<div class=\"elementor-container elementor-column-gap-default\">\n\t\t\t\t\t<div class=\"elementor-column elementor-col-100 elementor-top-column elementor-element elementor-element-20bf9a01\" data-id=\"20bf9a01\" data-element_type=\"column\">\n\t\t\t<div class=\"elementor-widget-wrap elementor-element-populated\">\n\t\t\t\t\t\t<div class=\"elementor-element elementor-element-e7f401d elementor-widget elementor-widget-text-editor\" data-id=\"e7f401d\" data-element_type=\"widget\" data-widget_type=\"text-editor.default\">\n\t\t\t\t<div class=\"elementor-widget-container\">\n\t\t\t\t\t\t\t\t\t<h1>Uchwyty \u015bcienne<\/h1>\n<h2>Uchwyt \u015bcienny na ekran Audipack L&amp;S 3<\/h2>\n<a href=\"https:\/\/konferenztechnik.de\/wp-content\/uploads\/2013\/09\/Audipack_Wandhalterung1.jpg\"><img fetchpriority=\"high\" decoding=\"async\" width=\"792\" height=\"594\" class=\"alignleft size-full wp-image-2680\" src=\"https:\/\/konferenztechnik.de\/wp-content\/uploads\/2013\/09\/Audipack_Wandhalterung1.jpg\" alt=\"Uchwyt \u015bcienny na ekran Audipack L&amp;S 3\" title=\"\" srcset=\"https:\/\/konferenztechnik.de\/wp-content\/uploads\/2013\/09\/Audipack_Wandhalterung1.jpg 792w, https:\/\/konferenztechnik.de\/wp-content\/uploads\/2013\/09\/Audipack_Wandhalterung1-300x225.jpg 300w, https:\/\/konferenztechnik.de\/wp-content\/uploads\/2013\/09\/Audipack_Wandhalterung1-768x576.jpg 768w\" sizes=\"(max-width: 792px) 100vw, 792px\" \/><\/a>\n\nP\u0142aski uchwyt \u015bcienny do ekran\u00f3w o przek\u0105tnej do 127 cm (50 cali). Ten nieregulowany uchwyt \u015bcienny ma tylko 18 mm g\u0142\u0119boko\u015bci i oferuje opcj\u0119 zabezpieczenia ekranu za pomoc\u0105 hak\u00f3w zabezpieczaj\u0105cych (Lock &amp; Secure).\n<h2>Uchwyt \u015bcienny Smart Metals \u2013 z precyzyjn\u0105 regulacj\u0105<\/h2>\n<a href=\"https:\/\/konferenztechnik.de\/wp-content\/uploads\/2013\/09\/smart-metals_projector-wall-mont_0021840.jpg\"><img decoding=\"async\" class=\"alignleft size-medium wp-image-4459\" src=\"https:\/\/konferenztechnik.de\/wp-content\/uploads\/2013\/09\/smart-metals_projector-wall-mont_0021840-300x115.jpg\" alt=\"Uchwyt \u015bcienny do projektora Smart Metals 0021840\" width=\"300\" height=\"115\" title=\"\"><\/a>\n\nUchwyt \u015bcienny do projektor\u00f3w o ultrakr\u00f3tkim rzucie, takich jak seria Hitachi A100, Sanyo PLC-XL50 lub PDG-DWL2500. Uchwyt posiada unikaln\u0105 precyzyjn\u0105 regulacj\u0119, kt\u00f3ra umo\u017cliwia pochylanie i odchylanie projektora od \u015brodka obiektywu.\n<h2>Uchwyt \u015bcienny Smart Metals \u2013 z precyzyjn\u0105 regulacj\u0105<\/h2>\n<ul>\n \t<li>Minimalna d\u0142ugo\u015b\u0107: 55\u2033<\/li>\n \t<li>Maksymalna szeroko\u015b\u0107: 110\u2033 przek\u0105tnej ekranu<\/li>\n \t<li>Kolor: Ciemnoszary<\/li>\n \t<li>Dla producent\u00f3w: Sanyo i Panasonic<\/li>\n \t<li>Regulacja d\u0142ugo\u015bci: maunell<\/li>\n \t<li>Regulacja wysoko\u015bci: 50 mm<\/li>\n \t<li>Wspornik \/ interfejs: w zestawie<\/li>\n \t<li>Funkcja pochylenia Precyzyjna regulacja: +5\u00b0 do -5\u00b0<\/li>\n \t<li>Kana\u0142 kablowy: \u00d8 28 mm<\/li>\n \t<li>Dodatkowe informacje: nadaje si\u0119 r\u00f3wnie\u017c do Panasonic PT-CW230\/CW200<\/li>\n<\/ul>\n<a href=\"https:\/\/konferenztechnik.de\/wp-content\/uploads\/2013\/09\/0021840_manualEN.pdf\">Instrukcja Smart Metals 002.1840 (w j\u0119zyku angielskim)<\/a>\n<h2>Smart Metals \u2013 VideoWall 2\u00d72<\/h2>\n<a href=\"https:\/\/konferenztechnik.de\/wp-content\/uploads\/2013\/09\/smart-metals_video-wall082502202-landscape.jpg\"><img decoding=\"async\" class=\"alignleft size-medium wp-image-4463\" src=\"https:\/\/konferenztechnik.de\/wp-content\/uploads\/2013\/09\/smart-metals_video-wall082502202-landscape-300x280.jpg\" alt=\"\u015aciana wideo Smart Metals 082502202\" width=\"300\" height=\"280\" title=\"\" srcset=\"https:\/\/konferenztechnik.de\/wp-content\/uploads\/2013\/09\/smart-metals_video-wall082502202-landscape-300x280.jpg 300w, https:\/\/konferenztechnik.de\/wp-content\/uploads\/2013\/09\/smart-metals_video-wall082502202-landscape-768x717.jpg 768w, https:\/\/konferenztechnik.de\/wp-content\/uploads\/2013\/09\/smart-metals_video-wall082502202-landscape.jpg 1017w\" sizes=\"(max-width: 300px) 100vw, 300px\" \/><\/a>\n\nKompaktowa i \u0142atwa w transporcie \u015bciana wideo. \u015aciana jest niezwykle elastyczna w u\u017cyciu: mo\u017cna j\u0105 ustawi\u0107 na pod\u0142odze lub przymocowa\u0107 do \u015bcian lub kratownic. Monitory mo\u017cna bardzo \u0142atwo zamontowa\u0107 na \u015bcianie wideo. Monitory s\u0105 po\u0142\u0105czone ze sob\u0105 i z ram\u0105 za pomoc\u0105 specjalnych zacisk\u00f3w. Dost\u0119pne s\u0105 poziome i pionowe urz\u0105dzenia do precyzyjnej regulacji. \u015aciana wideo mo\u017ce by\u0107 u\u017cywana zar\u00f3wno w trybie pionowym, jak i poziomym.\n<h2>Smart Metals \u2013 VideoWall 2\u00d72<\/h2>\n<ul>\n \t<li>Waga: 147,78 kg<\/li>\n \t<li>Kolor: czarny<\/li>\n \t<li>Konfiguracja ekranu: 2\u00d72<\/li>\n \t<li>Pozycja ekranu: pozioma lub pionowa<\/li>\n \t<li>Regulacja wysoko\u015bci: precyzyjna regulacja<\/li>\n \t<li>Wspornik\/interfejs: W zestawie<\/li>\n \t<li>Obr\u00f3t: 90<\/li>\n \t<li>System mocowania: Mechanizm sprz\u0119gaj\u0105cy ze \u015brub\u0105 poci\u0105gow\u0105<\/li>\n \t<li>Dodatkowe informacje: Nowe konsole oferuj\u0105 poziom\u0105 i pionow\u0105 precyzyjn\u0105 regulacj\u0119 monitor\u00f3w oraz opcj\u0119 prze\u0142\u0105czania mi\u0119dzy trybem pionowym i poziomym. Regulowane n\u00f3\u017cki s\u0105 zintegrowane z ram\u0105 pod\u0142ogow\u0105.<\/li>\n<\/ul>\n<a href=\"https:\/\/konferenztechnik.de\/wp-content\/uploads\/2013\/09\/082502202_manualEN.pdf\">\u015aciana wideo 082502202 Podr\u0119cznik PL<\/a>\n\n<a href=\"https:\/\/konferenztechnik.de\/wp-content\/uploads\/2013\/09\/082502202_SmartMetals_productleafletEN.pdf\">\u015aciana wideo 082502202 Karta produktu PL<\/a>\n<h2>Smart Metals \u2013 VideoWall 3\u00d73<\/h2>\n<a href=\"https:\/\/konferenztechnik.de\/wp-content\/uploads\/2013\/09\/smart-metals_video-wall_082503302_front.jpg\"><img loading=\"lazy\" decoding=\"async\" class=\"alignleft size-medium wp-image-4468\" src=\"https:\/\/konferenztechnik.de\/wp-content\/uploads\/2013\/09\/smart-metals_video-wall_082503302_front-300x275.jpg\" alt=\"\u015aciana wideo Smart Metals 082503302\" width=\"300\" height=\"275\" title=\"\" srcset=\"https:\/\/konferenztechnik.de\/wp-content\/uploads\/2013\/09\/smart-metals_video-wall_082503302_front-300x275.jpg 300w, https:\/\/konferenztechnik.de\/wp-content\/uploads\/2013\/09\/smart-metals_video-wall_082503302_front-1024x940.jpg 1024w, https:\/\/konferenztechnik.de\/wp-content\/uploads\/2013\/09\/smart-metals_video-wall_082503302_front-768x705.jpg 768w, https:\/\/konferenztechnik.de\/wp-content\/uploads\/2013\/09\/smart-metals_video-wall_082503302_front.jpg 1035w\" sizes=\"(max-width: 300px) 100vw, 300px\" \/><\/a>\n\nKompaktowa i \u0142atwa w transporcie \u015bciana wideo. \u015aciana jest niezwykle elastyczna w u\u017cyciu: mo\u017cna j\u0105 ustawi\u0107 na pod\u0142odze lub przymocowa\u0107 do \u015bcian lub kratownic. Monitory mo\u017cna bardzo \u0142atwo zamontowa\u0107 na \u015bcianie wideo. Monitory s\u0105 po\u0142\u0105czone ze sob\u0105 i z ram\u0105 za pomoc\u0105 specjalnych zacisk\u00f3w. Dost\u0119pne s\u0105 poziome i pionowe urz\u0105dzenia do precyzyjnej regulacji. \u015aciana mo\u017ce by\u0107 u\u017cywana zar\u00f3wno w trybie pionowym, jak i poziomym.\n<h2>Smart Metals \u2013 VideoWall 3\u00d73<\/h2>\n<ul>\n \t<li>Waga: 319,08 kg<\/li>\n \t<li>Kolor: czarny<\/li>\n \t<li>Konfiguracja ekranu: 3 x 3<\/li>\n \t<li>Pozycja ekranu: pozioma lub pionowa<\/li>\n \t<li>Regulacja wysoko\u015bci: precyzyjna regulacja<\/li>\n \t<li>Uchwyt \/ interfejs: W zestawie<\/li>\n \t<li>Typ uchwytu \/ interfejsu: specyficzny dla ekranu<\/li>\n \t<li>Obr\u00f3t: 90<\/li>\n \t<li>System mocowania: Mechanizm sprz\u0119gaj\u0105cy ze \u015brub\u0105 poci\u0105gow\u0105<\/li>\n \t<li>Dodatkowe informacje: Nowe konsole oferuj\u0105 poziom\u0105 i pionow\u0105 precyzyjn\u0105 regulacj\u0119 monitor\u00f3w oraz opcj\u0119 prze\u0142\u0105czania mi\u0119dzy trybem pionowym i poziomym. Regulowane n\u00f3\u017cki s\u0105 zintegrowane z ram\u0105 pod\u0142ogow\u0105.<\/li>\n<\/ul>\n<a href=\"https:\/\/konferenztechnik.de\/wp-content\/uploads\/2013\/09\/082503302_SmartMetals_productleafletEN.pdf\">Karta produktu Smart Metals Video Wall 3\u00d73 w j\u0119zyku angielskim<\/a>\n<h2>Etui na tablet TC-IPAD do iPad\u00f3w 1, 2, 3 i 4<\/h2>\n<a href=\"https:\/\/konferenztechnik.de\/wp-content\/uploads\/2014\/02\/audipack-ipad-tablet-housing.jpg\"><img loading=\"lazy\" decoding=\"async\" width=\"450\" height=\"311\" class=\"alignleft size-full wp-image-4263\" src=\"https:\/\/konferenztechnik.de\/wp-content\/uploads\/2014\/02\/audipack-ipad-tablet-housing.jpg\" alt=\"Obudowa tabletu iPad\" title=\"\" srcset=\"https:\/\/konferenztechnik.de\/wp-content\/uploads\/2014\/02\/audipack-ipad-tablet-housing.jpg 450w, https:\/\/konferenztechnik.de\/wp-content\/uploads\/2014\/02\/audipack-ipad-tablet-housing-300x207.jpg 300w\" sizes=\"(max-width: 450px) 100vw, 450px\" \/><\/a>\n\n\nEtui TC-iPad w elegancki spos\u00f3b chroni iPada, gdy ma on by\u0107 zainstalowany lub wystawiony w miejscach publicznych.\niPad mo\u017ce by\u0107 szybko zabezpieczony w etui i w ten spos\u00f3b skutecznie chroniony przed kradzie\u017c\u0105. Dzi\u0119ki systemowi Smart Keylock, \u017cadne otwory na klucze ani \u015bruby nie s\u0105 widoczne z zewn\u0105trz. TC-Case mo\u017ce by\u0107 u\u017cywany do monta\u017cu na \u015bcianie lub w po\u0142\u0105czeniu z opcjonalnie dost\u0119pn\u0105 podstawk\u0105 jako stojak pod\u0142ogowy.\n<h2>Uchwyt \u015bcienny do p\u0142askich ekran\u00f3w Audipack L&amp;S 3 \u2013 z regulacj\u0105 nachylenia<\/h2>\n<a href=\"https:\/\/konferenztechnik.de\/wp-content\/uploads\/2013\/09\/Audipack_Wandhalterung2.jpg\"><img loading=\"lazy\" decoding=\"async\" width=\"792\" height=\"594\" class=\"alignleft size-full wp-image-2681\" src=\"https:\/\/konferenztechnik.de\/wp-content\/uploads\/2013\/09\/Audipack_Wandhalterung2.jpg\" alt=\"Uchwyt \u015bcienny do p\u0142askich ekran\u00f3w Audipack L&amp;S 3 - uchylny\" title=\"\" srcset=\"https:\/\/konferenztechnik.de\/wp-content\/uploads\/2013\/09\/Audipack_Wandhalterung2.jpg 792w, https:\/\/konferenztechnik.de\/wp-content\/uploads\/2013\/09\/Audipack_Wandhalterung2-300x225.jpg 300w, https:\/\/konferenztechnik.de\/wp-content\/uploads\/2013\/09\/Audipack_Wandhalterung2-768x576.jpg 768w\" sizes=\"(max-width: 792px) 100vw, 792px\" \/><\/a>\n\nP\u0142ynnie regulowany uchwyt \u015bcienny do ekran\u00f3w o przek\u0105tnej do 127 cm (50 cali). Wersja z bezstopniow\u0105 regulacj\u0105 k\u0105ta pionowego w zakresie od 0 do 10 stopni. Z zabezpieczeniem przed kradzie\u017c\u0105 w standardzie (blokady dost\u0119pne jako opcja).\n<h2>Uchwyt \u015bcienny na ekran Audipack VESA75\/100\/200<\/h2>\n<a href=\"https:\/\/konferenztechnik.de\/wp-content\/uploads\/2013\/09\/Audipack_WandhalterungVesa75_100_200.jpg\"><img loading=\"lazy\" decoding=\"async\" width=\"792\" height=\"594\" class=\"alignleft size-full wp-image-2679\" src=\"https:\/\/konferenztechnik.de\/wp-content\/uploads\/2013\/09\/Audipack_WandhalterungVesa75_100_200.jpg\" alt=\"Uchwyt \u015bcienny na ekran Audipack VESA75\/100\/200\" title=\"\" srcset=\"https:\/\/konferenztechnik.de\/wp-content\/uploads\/2013\/09\/Audipack_WandhalterungVesa75_100_200.jpg 792w, https:\/\/konferenztechnik.de\/wp-content\/uploads\/2013\/09\/Audipack_WandhalterungVesa75_100_200-300x225.jpg 300w, https:\/\/konferenztechnik.de\/wp-content\/uploads\/2013\/09\/Audipack_WandhalterungVesa75_100_200-768x576.jpg 768w\" sizes=\"(max-width: 792px) 100vw, 792px\" \/><\/a>\n\nPodw\u00f3jne obrotowe rami\u0119 do monta\u017cu \u015bciennego dla p\u0142askich ekran\u00f3w o przek\u0105tnej od 43 do 81 centymetr\u00f3w (od 17 do 32 cali). Punkty monta\u017cowe VESA 75\/100\/200. Ze zintegrowanym systemem prowadzenia kabli i poziomic\u0105 u\u0142atwiaj\u0105c\u0105 instalacj\u0119.\nUchwyty \u015bcienne VESA s\u0105 r\u00f3wnie\u017c dost\u0119pne w r\u00f3\u017cnych innych wersjach. Wystarczy nas zapyta\u0107!\n<h2>Obrotowy uchwyt \u015bcienny Audipack do ekran\u00f3w<\/h2>\n<a href=\"https:\/\/konferenztechnik.de\/wp-content\/uploads\/2013\/09\/Audipack_Wandhalterung_Schwenkarm.jpg\"><img loading=\"lazy\" decoding=\"async\" width=\"792\" height=\"594\" class=\"alignleft size-full wp-image-2683\" src=\"https:\/\/konferenztechnik.de\/wp-content\/uploads\/2013\/09\/Audipack_Wandhalterung_Schwenkarm.jpg\" alt=\"Obrotowy uchwyt \u015bcienny Audipack do ekran\u00f3w\" title=\"\" srcset=\"https:\/\/konferenztechnik.de\/wp-content\/uploads\/2013\/09\/Audipack_Wandhalterung_Schwenkarm.jpg 792w, https:\/\/konferenztechnik.de\/wp-content\/uploads\/2013\/09\/Audipack_Wandhalterung_Schwenkarm-300x225.jpg 300w, https:\/\/konferenztechnik.de\/wp-content\/uploads\/2013\/09\/Audipack_Wandhalterung_Schwenkarm-768x576.jpg 768w\" sizes=\"(max-width: 792px) 100vw, 792px\" \/><\/a>\n\nUchwyt \u015bcienny z ramieniem obrotowym dost\u0119pny dla ekran\u00f3w o przek\u0105tnej do 160 cm (63 cali). Rami\u0119 obrotowe mo\u017ce by\u0107 u\u017cywane do obracania ekranu w lewo lub w prawo i odsuwania go od \u015bciany w pozycji pionowej. Pozycj\u0119 ekranu mo\u017cna zablokowa\u0107 w dowolnym po\u0142o\u017ceniu. Ekran mo\u017cna zabezpieczy\u0107 za pomoc\u0105 haka zabezpieczaj\u0105cego (Lock &amp; Secure). Po ca\u0142kowitym z\u0142o\u017ceniu rami\u0119 obrotowe ma tylko 120 mm g\u0142\u0119boko\u015bci.\n<h2>Uchwyt \u015bcienny do projektora Audipack<\/h2>\n<a href=\"https:\/\/konferenztechnik.de\/wp-content\/uploads\/2013\/09\/Audipack_Wandhalterung5.jpg\"><img loading=\"lazy\" decoding=\"async\" width=\"792\" height=\"594\" class=\"alignleft size-full wp-image-2682\" src=\"https:\/\/konferenztechnik.de\/wp-content\/uploads\/2013\/09\/Audipack_Wandhalterung5.jpg\" alt=\"Uchwyt \u015bcienny do projektora Audipack\" title=\"\" srcset=\"https:\/\/konferenztechnik.de\/wp-content\/uploads\/2013\/09\/Audipack_Wandhalterung5.jpg 792w, https:\/\/konferenztechnik.de\/wp-content\/uploads\/2013\/09\/Audipack_Wandhalterung5-300x225.jpg 300w, https:\/\/konferenztechnik.de\/wp-content\/uploads\/2013\/09\/Audipack_Wandhalterung5-768x576.jpg 768w\" sizes=\"(max-width: 792px) 100vw, 792px\" \/><\/a>\n\nUchwyt \u015bcienny do projektor\u00f3w i kamer o wadze do 50 kg. Bardzo wysoka sztywno\u015b\u0107 i precyzyjna regulacja. Uchwyt \u015bcienny jest u\u017cywany w po\u0142\u0105czeniu z r\u00f3\u017cnymi uchwytami do projektor\u00f3w Audipack. Dost\u0119pne s\u0105 modele o r\u00f3\u017cnych d\u0142ugo\u015bciach.\n\n\n\nPCS GmbH jest oficjalnym niemieckim dystrybutorem Audipack. Oferujemy fachowe doradztwo i szybkie terminy dostaw.\n\n<img loading=\"lazy\" decoding=\"async\" class=\"alignright size-full wp-image-5489\" src=\"https:\/\/konferenztechnik.de\/wp-content\/uploads\/2013\/09\/PCS-GmbH-Audipack-authorized-dealer-small.jpg\" alt=\"PCS GmbH jest autoryzowanym dealerem Audipack\" width=\"200\" height=\"81\" title=\"\">\t\t\t\t\t\t\t\t<\/div>\n\t\t\t\t<\/div>\n\t\t\t\t\t<\/div>\n\t\t<\/div>\n\t\t\t\t\t<\/div>\n\t\t<\/section>\n\t\t\t\t<\/div>","protected":false},"excerpt":{"rendered":"<p>Wandhalterungen Audipack Bildschirm Wandhalterung L&amp;S 3 Flache Wandhalterung f\u00fcr Bildschirme bis 127 cm (50 Zoll). Diese nicht verstellbare Wandhalterung ist nur 18 mm tief und bietet die M\u00f6glichkeit, den Bildschrim mittels Sicherungshaken zu sichern (Lock &amp; Secure). Smart Metals &#8211; Wandhalterung mit Feineinstellung Wandhalterung f\u00fcr Ultra-Short-Throw-Projektoren, wie die Hitachi A100-Serie, der Sanyo PLC-XL50 oder PDG-DWL2500. [&hellip;]<\/p>","protected":false},"author":1,"featured_media":45482,"parent":1221,"menu_order":129,"comment_status":"closed","ping_status":"open","template":"","meta":{"_acf_changed":false,"footnotes":""},"class_list":["post-2618","page","type-page","status-publish","has-post-thumbnail","hentry"],"acf":[],"_links":{"self":[{"href":"https:\/\/konferenztechnik.de\/pl\/wp-json\/wp\/v2\/pages\/2618","targetHints":{"allow":["GET"]}}],"collection":[{"href":"https:\/\/konferenztechnik.de\/pl\/wp-json\/wp\/v2\/pages"}],"about":[{"href":"https:\/\/konferenztechnik.de\/pl\/wp-json\/wp\/v2\/types\/page"}],"author":[{"embeddable":true,"href":"https:\/\/konferenztechnik.de\/pl\/wp-json\/wp\/v2\/users\/1"}],"replies":[{"embeddable":true,"href":"https:\/\/konferenztechnik.de\/pl\/wp-json\/wp\/v2\/comments?post=2618"}],"version-history":[{"count":0,"href":"https:\/\/konferenztechnik.de\/pl\/wp-json\/wp\/v2\/pages\/2618\/revisions"}],"up":[{"embeddable":true,"href":"https:\/\/konferenztechnik.de\/pl\/wp-json\/wp\/v2\/pages\/1221"}],"wp:featuredmedia":[{"embeddable":true,"href":"https:\/\/konferenztechnik.de\/pl\/wp-json\/wp\/v2\/media\/45482"}],"wp:attachment":[{"href":"https:\/\/konferenztechnik.de\/pl\/wp-json\/wp\/v2\/media?parent=2618"}],"curies":[{"name":"wp","href":"https:\/\/api.w.org\/{rel}","templated":true}]}}