{"id":2628,"date":"2013-09-25T15:15:19","date_gmt":"2013-09-25T13:15:19","guid":{"rendered":"https:\/\/konferenztechnik.de\/?page_id=2628"},"modified":"2023-07-05T14:21:35","modified_gmt":"2023-07-05T12:21:35","slug":"uchwyty-sufitowe","status":"publish","type":"page","link":"https:\/\/konferenztechnik.de\/pl\/dystrybucja-technologii-konferencyjnych-i-multimedialnych\/technologia-wideo-2\/uchwyty-do-wyswietlaczy-i-projektorow-2\/uchwyty-sufitowe\/","title":{"rendered":"Wsporniki sufitowe"},"content":{"rendered":"<h1>Wsporniki sufitowe<\/h1>\n<h2>Uchwyt sufitowy do projektora Audipack<\/h2>\n<p><a href=\"https:\/\/konferenztechnik.de\/wp-content\/uploads\/2013\/09\/audipack_beamer_deckenhalterung_pcs.jpg\"><img fetchpriority=\"high\" decoding=\"async\" width=\"792\" height=\"594\" src=\"https:\/\/konferenztechnik.de\/wp-content\/uploads\/2013\/09\/audipack_beamer_deckenhalterung_pcs.jpg\" alt=\"Uchwyt sufitowy do projektora Audipack\" class=\"alignleft size-full wp-image-2752\" title=\"\" srcset=\"https:\/\/konferenztechnik.de\/wp-content\/uploads\/2013\/09\/audipack_beamer_deckenhalterung_pcs.jpg 792w, https:\/\/konferenztechnik.de\/wp-content\/uploads\/2013\/09\/audipack_beamer_deckenhalterung_pcs-300x225.jpg 300w, https:\/\/konferenztechnik.de\/wp-content\/uploads\/2013\/09\/audipack_beamer_deckenhalterung_pcs-768x576.jpg 768w\" sizes=\"(max-width: 792px) 100vw, 792px\" \/><\/a><\/p>\n<p>Uchwyt sufitowy do projektor\u00f3w i wy\u015bwietlaczy o wadze do 70 kg. Zawiera opatentowany przegub kulowy zapewniaj\u0105cy optymalne ustawienie projektora.<\/p>\n<h2>Uchwyt sufitowy do projektora Audipack<\/h2>\n<ul>\n<li>Bardzo niska waga<\/li>\n<li>Elastyczne ustawienie projektora<\/li>\n<li>P\u0142yta monta\u017cowa kompatybilna ze wszystkimi uchwytami do projektor\u00f3w Audipack<\/li>\n<li>Sta\u0142a d\u0142ugo\u015b\u0107 165 mm<\/li>\n<li>Certyfikat T\u00dcV<\/li>\n<li>Nr artyku\u0142u: 390065<\/li>\n<\/ul>\n<h2>Uchwyt do projektora z g\u0142owic\u0105 obrotow\u0105 90<\/h2>\n<p><a href=\"https:\/\/konferenztechnik.de\/wp-content\/uploads\/2013\/09\/audipack_projektorhalterung_392361_pcs.jpg\"><img decoding=\"async\" width=\"792\" height=\"594\" src=\"https:\/\/konferenztechnik.de\/wp-content\/uploads\/2013\/09\/audipack_projektorhalterung_392361_pcs.jpg\" alt=\"Uchwyt do projektora z g\u0142owic\u0105 obrotow\u0105 90\" class=\"alignleft size-full wp-image-2756\" title=\"\" srcset=\"https:\/\/konferenztechnik.de\/wp-content\/uploads\/2013\/09\/audipack_projektorhalterung_392361_pcs.jpg 792w, https:\/\/konferenztechnik.de\/wp-content\/uploads\/2013\/09\/audipack_projektorhalterung_392361_pcs-300x225.jpg 300w, https:\/\/konferenztechnik.de\/wp-content\/uploads\/2013\/09\/audipack_projektorhalterung_392361_pcs-768x576.jpg 768w\" sizes=\"(max-width: 792px) 100vw, 792px\" \/><\/a><\/p>\n<p>Uchwyt sufitowy do projektor\u00f3w i wy\u015bwietlaczy o wadze do 70 kg. Teleskopowa konstrukcja umo\u017cliwia elastyczn\u0105 regulacj\u0119 d\u0142ugo\u015bci w zakresie od 700 do 940 mm. Zawiera opatentowany przegub kulowy zapewniaj\u0105cy optymalne ustawienie projektora i mo\u017cliwo\u015b\u0107 przesuni\u0119cia go w pionie o 90 stopni. Gniazda kablowe zapewniaj\u0105 bezpieczn\u0105 i wygodn\u0105 instalacj\u0119.<\/p>\n<h2>Uchwyt do projektora z g\u0142owic\u0105 obrotow\u0105 90<\/h2>\n<ul>\n<li>Regulowana d\u0142ugo\u015b\u0107 od 700 do 940 mm<\/li>\n<li>Elastyczne ustawienie projektora, obr\u00f3t w pionie do 90 stopni<\/li>\n<li>P\u0142yta monta\u017cowa kompatybilna ze wszystkimi uchwytami do projektor\u00f3w Audipack<\/li>\n<li>Zintegrowany kana\u0142 kablowy z wyj\u015bciami<\/li>\n<li>Nr artyku\u0142u: 390201<\/li>\n<\/ul>\n<h2>Uchwyt do projektora Quick Release Plus<\/h2>\n<p><a href=\"https:\/\/konferenztechnik.de\/wp-content\/uploads\/2013\/09\/audipack_projektorhalterung_392361b_pcs.jpg\"><img decoding=\"async\" width=\"792\" height=\"594\" src=\"https:\/\/konferenztechnik.de\/wp-content\/uploads\/2013\/09\/audipack_projektorhalterung_392361b_pcs.jpg\" alt=\"Uchwyt do projektora Quick Release Plus\" class=\"alignleft size-full wp-image-2757\" title=\"\" srcset=\"https:\/\/konferenztechnik.de\/wp-content\/uploads\/2013\/09\/audipack_projektorhalterung_392361b_pcs.jpg 792w, https:\/\/konferenztechnik.de\/wp-content\/uploads\/2013\/09\/audipack_projektorhalterung_392361b_pcs-300x225.jpg 300w, https:\/\/konferenztechnik.de\/wp-content\/uploads\/2013\/09\/audipack_projektorhalterung_392361b_pcs-768x576.jpg 768w\" sizes=\"(max-width: 792px) 100vw, 792px\" \/><\/a><\/p>\n<p>Uchwyt sufitowy Quick Release Plus do projektor\u00f3w o wadze do 50 kg. Specjalny system blokowania Quick Release Plus umo\u017cliwia bardzo szybkie podnoszenie i opuszczanie projektora. Tr\u00f3jwymiarowa regulacja ustawienia projektora za pomoc\u0105 trzech pokr\u0119te\u0142 na p\u0142ycie monta\u017cowej. Idealny do konfiguracji z wieloma projektorami!<\/p>\n<h2>Uchwyt do projektora Quick Release Plus<\/h2>\n<ul>\n<li>Projektory do 50 kg<\/li>\n<li>Elastyczne, tr\u00f3jwymiarowe ustawienie projektora<\/li>\n<li>P\u0142yta monta\u017cowa kompatybilna ze wszystkimi uchwytami do projektor\u00f3w Audipack<\/li>\n<li>Nr artyku\u0142u: 392361<\/li>\n<\/ul>\n<h2>Uchwyt do projektora Quatrofix<\/h2>\n<p><a href=\"https:\/\/konferenztechnik.de\/wp-content\/uploads\/2013\/09\/Audipack-QFIX-0100G.jpg\"><img loading=\"lazy\" decoding=\"async\" width=\"800\" height=\"600\" src=\"https:\/\/konferenztechnik.de\/wp-content\/uploads\/2013\/09\/Audipack-QFIX-0100G.jpg\" alt=\"Uchwyt do projektora Quatrofix\" class=\"alignleft size-full wp-image-2751\" title=\"\" srcset=\"https:\/\/konferenztechnik.de\/wp-content\/uploads\/2013\/09\/Audipack-QFIX-0100G.jpg 800w, https:\/\/konferenztechnik.de\/wp-content\/uploads\/2013\/09\/Audipack-QFIX-0100G-300x225.jpg 300w, https:\/\/konferenztechnik.de\/wp-content\/uploads\/2013\/09\/Audipack-QFIX-0100G-768x576.jpg 768w\" sizes=\"(max-width: 800px) 100vw, 800px\" \/><\/a><\/p>\n<p>Uchwyt Quatrofix mo\u017cna elastycznie dopasowa\u0107 do rozmiaru projektora, dzi\u0119ki czemu mo\u017cna zamontowa\u0107 projektory r\u00f3\u017cnych producent\u00f3w i modeli. Mo\u017cna stosowa\u0107 projektory o wadze do 20 kg. Idealne rozwi\u0105zanie do szybkiego i \u0142atwego monta\u017cu projektor\u00f3w na suficie. Dost\u0119pny r\u00f3wnie\u017c w r\u00f3\u017cnych d\u0142ugo\u015bciach.<\/p>\n<h2>Uchwyt do projektora Quatrofix<\/h2>\n<ul>\n<li>minimalistyczny design<\/li>\n<li>Dost\u0119pne w r\u00f3\u017cnych rozmiarach<\/li>\n<li>Proste prowadzenie kabli<\/li>\n<\/ul>\n<h2>Uchwyt sufitowy Smart Metals \u2013 (seria Light) z uchwytem VESA 200<\/h2>\n<p><a href=\"https:\/\/konferenztechnik.de\/wp-content\/uploads\/2013\/09\/smart-metals_ceiling-mount_0728100122.jpg\"><img loading=\"lazy\" decoding=\"async\" src=\"https:\/\/konferenztechnik.de\/wp-content\/uploads\/2013\/09\/smart-metals_ceiling-mount_0728100122-124x300.jpg\" alt=\"Smart Metals_Ceiling Mount 0728100122\" width=\"124\" height=\"300\" class=\"alignleft size-medium wp-image-4431\" title=\"\"><\/a><\/p>\n<p>Uchwyt sufitowy do wy\u015bwietlaczy z serii Light. Wy\u015bwietlacze mog\u0105 by\u0107 montowane zar\u00f3wno w pozycji poziomej, jak i pionowej.  Uchwyt jest dostarczany z uchwytem VESA 200. Inne warianty uchwyt\u00f3w s\u0105 oczywi\u015bcie dost\u0119pne. Wystarczy o nie zapyta\u0107.<\/p>\n<h2>Uchwyt sufitowy Smart Metals \u2013 (seria Light) z uchwytem VESA 200<\/h2>\n<ul>\n<li>Maksymalna d\u0142ugo\u015b\u0107: 1000 mm<\/li>\n<li>Waga: 10,2 kg<\/li>\n<li>Kolor: ciemnoszary i aluminium<\/li>\n<li>Maksymalne obci\u0105\u017cenie: 30 kg<\/li>\n<li>Pozycja ekranu: pozioma i pionowa<\/li>\n<li>Zakres cali: maks. 55 cali<\/li>\n<li>Wspornik \/ interfejs: w zestawie<\/li>\n<li>Typ mocowania \/ interfejsu: VESA<\/li>\n<li>K\u0105t zasi\u0119gu \/ interfejs: VESA 100, 200<\/li>\n<li>Funkcja pochylania: maks. 15\u00b0<\/li>\n<li>Funkcja pochylenia sufitu: +30 \u00b0 do -30 \u00b0<\/li>\n<li>Kana\u0142 kablowy: 35 x 15 mm<\/li>\n<\/ul>\n<p><a href=\"https:\/\/konferenztechnik.de\/wp-content\/uploads\/2013\/09\/0728100122_SmartMetals_productleafletEN.pdf\">Karta informacyjna produktu Smart Metals 072.8100-122 (angielski)<\/a><\/p>\n<h2>Uchwyt sufitowy Smart Metals \u2013 (seria Light) z uchwytem VESA 400<\/h2>\n<p><a href=\"https:\/\/konferenztechnik.de\/wp-content\/uploads\/2013\/09\/smart-metals_ceiling-mount_0728100144.jpg\"><img loading=\"lazy\" decoding=\"async\" src=\"https:\/\/konferenztechnik.de\/wp-content\/uploads\/2013\/09\/smart-metals_ceiling-mount_0728100144-144x300.jpg\" alt=\"Uchwyt sufitowy Smart Metals 0728100144\" width=\"144\" height=\"300\" class=\"alignleft size-medium wp-image-4433\" title=\"\" srcset=\"https:\/\/konferenztechnik.de\/wp-content\/uploads\/2013\/09\/smart-metals_ceiling-mount_0728100144-144x300.jpg 144w, https:\/\/konferenztechnik.de\/wp-content\/uploads\/2013\/09\/smart-metals_ceiling-mount_0728100144.jpg 480w\" sizes=\"(max-width: 144px) 100vw, 144px\" \/><\/a><\/p>\n<p>Uchwyt sufitowy do wy\u015bwietlaczy z serii Light. Wy\u015bwietlacze mog\u0105 by\u0107 montowane zar\u00f3wno w pozycji poziomej, jak i pionowej.  Uchwyt jest dostarczany z mocowaniem VESA 400. Inne warianty uchwyt\u00f3w s\u0105 oczywi\u015bcie dost\u0119pne. Wystarczy o nie zapyta\u0107.<\/p>\n<h2>Uchwyt sufitowy Smart Metals \u2013 (seria Light) z uchwytem VESA 400<\/h2>\n<ul>\n<li>Maksymalna d\u0142ugo\u015b\u0107: 1000 mm<\/li>\n<li>Waga: 12,3 kg<\/li>\n<li>Kolor: ciemnoszary i aluminium<\/li>\n<li>Maksymalne obci\u0105\u017cenie: 30 kg<\/li>\n<li>Pozycja ekranu: pozioma i pionowa<\/li>\n<li>Zakres cali: maks. 55 cali<\/li>\n<li>Wspornik \/ interfejs: w zestawie<\/li>\n<li>Typ mocowania \/ interfejsu: VESA<\/li>\n<li>Funkcja pochylania: maks. 15\u00b0<\/li>\n<li>Funkcja pochylenia sufitu: +30 \u00b0 do -30 \u00b0<\/li>\n<li>Kana\u0142 kablowy: 35 x 15 mm<\/li>\n<\/ul>\n<p><a href=\"https:\/\/konferenztechnik.de\/wp-content\/uploads\/2013\/09\/0728100144_SmartMetals_productleafletEN.pdf\">0728100144_SmartMetals_productleafletEN<\/a>Karta informacyjna produktu Smart Metals 072.8100-144 (angielski)<\/p>\n<h2>Uchwyt sufitowy projektora<\/h2>\n<p><a href=\"https:\/\/konferenztechnik.de\/wp-content\/uploads\/2013\/09\/Audipack_Konstruktionsklammer.jpg\"><img loading=\"lazy\" decoding=\"async\" width=\"792\" height=\"594\" src=\"https:\/\/konferenztechnik.de\/wp-content\/uploads\/2013\/09\/Audipack_Konstruktionsklammer.jpg\" alt=\"Uchwyt sufitowy projektora\" class=\"alignleft size-full wp-image-2754\" title=\"\" srcset=\"https:\/\/konferenztechnik.de\/wp-content\/uploads\/2013\/09\/Audipack_Konstruktionsklammer.jpg 792w, https:\/\/konferenztechnik.de\/wp-content\/uploads\/2013\/09\/Audipack_Konstruktionsklammer-300x225.jpg 300w, https:\/\/konferenztechnik.de\/wp-content\/uploads\/2013\/09\/Audipack_Konstruktionsklammer-768x576.jpg 768w\" sizes=\"(max-width: 792px) 100vw, 792px\" \/><\/a><\/p>\n<p>Zacisk do mocowania projektor\u00f3w do belek stalowych lub innych konstrukcji bez utraty wytrzyma\u0142o\u015bci statycznej. Zacisk mo\u017ce by\u0107 u\u017cywany bez linki zabezpieczaj\u0105cej i jest niezwykle \u0142atwy w instalacji. Do projektor\u00f3w o wadze do 50 kg.<\/p>\n<h2>Uchwyt sufitowy do r\u0119cznego obracania<\/h2>\n<p><a href=\"https:\/\/konferenztechnik.de\/wp-content\/uploads\/2013\/09\/Audipack_Deckenhalterung_ManuelleRotation.jpg\"><img loading=\"lazy\" decoding=\"async\" width=\"792\" height=\"594\" src=\"https:\/\/konferenztechnik.de\/wp-content\/uploads\/2013\/09\/Audipack_Deckenhalterung_ManuelleRotation.jpg\" alt=\"Uchwyt sufitowy do r\u0119cznego obracania\" class=\"alignleft size-full wp-image-2753\" title=\"\" srcset=\"https:\/\/konferenztechnik.de\/wp-content\/uploads\/2013\/09\/Audipack_Deckenhalterung_ManuelleRotation.jpg 792w, https:\/\/konferenztechnik.de\/wp-content\/uploads\/2013\/09\/Audipack_Deckenhalterung_ManuelleRotation-300x225.jpg 300w, https:\/\/konferenztechnik.de\/wp-content\/uploads\/2013\/09\/Audipack_Deckenhalterung_ManuelleRotation-768x576.jpg 768w\" sizes=\"(max-width: 792px) 100vw, 792px\" \/><\/a><\/p>\n<p>R\u0119cznie obracana p\u0142yta monta\u017cowa do projektor\u00f3w. Po zamontowaniu projektor mo\u017cna obraca\u0107 wok\u00f3\u0142 w\u0142asnej osi. Zawiera przegub kulowy. Do projektor\u00f3w o wadze do 50 kg.<\/p>\n<h2>Zestaw lusterek Audipack<\/h2>\n<p><a href=\"https:\/\/konferenztechnik.de\/wp-content\/uploads\/2013\/09\/Audipack_MirrorKit.jpg\"><img loading=\"lazy\" decoding=\"async\" width=\"792\" height=\"594\" src=\"https:\/\/konferenztechnik.de\/wp-content\/uploads\/2013\/09\/Audipack_MirrorKit.jpg\" alt=\"Zestaw lusterek Audipack\" class=\"alignleft size-full wp-image-2755\" title=\"\" srcset=\"https:\/\/konferenztechnik.de\/wp-content\/uploads\/2013\/09\/Audipack_MirrorKit.jpg 792w, https:\/\/konferenztechnik.de\/wp-content\/uploads\/2013\/09\/Audipack_MirrorKit-300x225.jpg 300w, https:\/\/konferenztechnik.de\/wp-content\/uploads\/2013\/09\/Audipack_MirrorKit-768x576.jpg 768w\" sizes=\"(max-width: 792px) 100vw, 792px\" \/><\/a><\/p>\n<p>Dzi\u0119ki zestawowi lustrzanemu projektor jest instalowany na suficie, a projekcja jest odbijana przez rozk\u0142adane lustra i wy\u015bwietlana na \u015bcianie. Oznacza to, \u017ce projektor nie jest widoczny, jest cichszy, a wylot sufitowy jest widoczny tylko w rozmiarze lustra. Funkcja ta oferuje wiele zalet w pomieszczeniach, w kt\u00f3rych szczeg\u00f3lnie wa\u017cne jest, aby jak najmniej by\u0142o wida\u0107 wykorzystywan\u0105 technologi\u0119. Zestawy luster s\u0105 dost\u0119pne w r\u00f3\u017cnych wersjach dla r\u00f3\u017cnych producent\u00f3w i modeli.<\/p>\n<p>Dost\u0119pne s\u0105 r\u00f3wnie\u017c inne modele do monta\u017cu w sto\u0142ach konferencyjnych. Po prostu pozw\u00f3l nam doradzi\u0107!<\/p>\n<h2>Audipack RotaKit<\/h2>\n<p><a href=\"https:\/\/konferenztechnik.de\/wp-content\/uploads\/2013\/09\/Audipack_RotaKit.jpg\"><img loading=\"lazy\" decoding=\"async\" width=\"792\" height=\"594\" src=\"https:\/\/konferenztechnik.de\/wp-content\/uploads\/2013\/09\/Audipack_RotaKit.jpg\" alt=\"Audipack RotaKit\" class=\"alignleft size-full wp-image-2758\" title=\"\" srcset=\"https:\/\/konferenztechnik.de\/wp-content\/uploads\/2013\/09\/Audipack_RotaKit.jpg 792w, https:\/\/konferenztechnik.de\/wp-content\/uploads\/2013\/09\/Audipack_RotaKit-300x225.jpg 300w, https:\/\/konferenztechnik.de\/wp-content\/uploads\/2013\/09\/Audipack_RotaKit-768x576.jpg 768w\" sizes=\"(max-width: 792px) 100vw, 792px\" \/><\/a><\/p>\n<p>System elektryczny z czterema programowalnymi ustawieniami wst\u0119pnymi do obracania i wyr\u00f3wnywania projektora lub wy\u015bwietlacza w poziomie. Umo\u017cliwia to o\u015bwietlenie czterech r\u00f3\u017cnych powierzchni projekcyjnych, np. w pomieszczeniach ze zmieniaj\u0105c\u0105 si\u0119 pozycj\u0105 sceny. Dost\u0119pne s\u0105 trzy r\u00f3\u017cne modele standardowe.<\/p>\n<h2>Audipack RotaKit<\/h2>\n<ul>\n<li>Obroty elektryczne<\/li>\n<li>Mo\u017cliwo\u015b\u0107 sterowania za pomoc\u0105 przeka\u017anika stykowego<\/li>\n<li>Projektory do 20 kg, wy\u015bwietlacze do 50 kg<\/li>\n<li>Funkcja powolnego startu i powolnego zatrzymania<\/li>\n<\/ul>\n<p>PCS GmbH jest oficjalnym niemieckim dystrybutorem Audipack. Zapewniamy fachowe doradztwo i szybkie terminy dostaw.<\/p>\n<p><img loading=\"lazy\" decoding=\"async\" src=\"https:\/\/konferenztechnik.de\/wp-content\/uploads\/2013\/09\/PCS-GmbH-Audipack-authorized-dealer-small.jpg\" alt=\"PCS GmbH jest autoryzowanym dealerem Audipack\" width=\"200\" height=\"81\" class=\"alignright size-full wp-image-5489\" title=\"\"><\/p>","protected":false},"excerpt":{"rendered":"<p>Deckenhalterungen Audipack Projektor-Deckenhalterung Projektor-Deckenhalterung f\u00fcr Projektoren und Displays bis 70 kg. Inklusive patentiertem Kugelgelenk f\u00fcr eine optimale Projektorausrichtung. Audipack Projektor-Deckenhalterung sehr geringes Gewicht flexible Projektorausrichtung Montageplatte mit allen Audipack Projektorhalterungen kompatibel feste L\u00e4nge von 165 mm T\u00dcV zertifiziert Artikel Nr.: 390065 Projektorhalterung mit 90\u00b0 Drehkopf Projektor-Deckenhalterung f\u00fcr Projektoren und Displays bis 70 kg. Die Teleskopbauweise [&hellip;]<\/p>","protected":false},"author":1,"featured_media":45482,"parent":1221,"menu_order":128,"comment_status":"closed","ping_status":"open","template":"","meta":{"_acf_changed":false,"footnotes":""},"class_list":["post-2628","page","type-page","status-publish","has-post-thumbnail","hentry"],"acf":[],"_links":{"self":[{"href":"https:\/\/konferenztechnik.de\/pl\/wp-json\/wp\/v2\/pages\/2628","targetHints":{"allow":["GET"]}}],"collection":[{"href":"https:\/\/konferenztechnik.de\/pl\/wp-json\/wp\/v2\/pages"}],"about":[{"href":"https:\/\/konferenztechnik.de\/pl\/wp-json\/wp\/v2\/types\/page"}],"author":[{"embeddable":true,"href":"https:\/\/konferenztechnik.de\/pl\/wp-json\/wp\/v2\/users\/1"}],"replies":[{"embeddable":true,"href":"https:\/\/konferenztechnik.de\/pl\/wp-json\/wp\/v2\/comments?post=2628"}],"version-history":[{"count":0,"href":"https:\/\/konferenztechnik.de\/pl\/wp-json\/wp\/v2\/pages\/2628\/revisions"}],"up":[{"embeddable":true,"href":"https:\/\/konferenztechnik.de\/pl\/wp-json\/wp\/v2\/pages\/1221"}],"wp:featuredmedia":[{"embeddable":true,"href":"https:\/\/konferenztechnik.de\/pl\/wp-json\/wp\/v2\/media\/45482"}],"wp:attachment":[{"href":"https:\/\/konferenztechnik.de\/pl\/wp-json\/wp\/v2\/media?parent=2628"}],"curies":[{"name":"wp","href":"https:\/\/api.w.org\/{rel}","templated":true}]}}