{"id":2630,"date":"2013-09-25T15:16:13","date_gmt":"2013-09-25T13:16:13","guid":{"rendered":"https:\/\/konferenztechnik.de\/?page_id=2630"},"modified":"2023-07-05T10:58:26","modified_gmt":"2023-07-05T08:58:26","slug":"wsporniki-kratownicy","status":"publish","type":"page","link":"https:\/\/konferenztechnik.de\/pl\/dystrybucja-technologii-konferencyjnych-i-multimedialnych\/technologia-wideo-2\/uchwyty-do-wyswietlaczy-i-projektorow-2\/wsporniki-kratownicy\/","title":{"rendered":"Wsporniki kratownicy"},"content":{"rendered":"<h1>Wsporniki kratownicy<\/h1>\n<h2>Uchwyt do kratownicy projektora Audipack Quick Release<\/h2>\n<p><a href=\"https:\/\/konferenztechnik.de\/wp-content\/uploads\/2013\/09\/Audipack_Trusshalterung_QuickRelease.jpg\"><img fetchpriority=\"high\" decoding=\"async\" width=\"792\" height=\"594\" class=\"alignleft size-full wp-image-2773\" src=\"https:\/\/konferenztechnik.de\/wp-content\/uploads\/2013\/09\/Audipack_Trusshalterung_QuickRelease.jpg\" alt=\"Uchwyt do kratownicy projektora Audipack Quick Release\" title=\"\" srcset=\"https:\/\/konferenztechnik.de\/wp-content\/uploads\/2013\/09\/Audipack_Trusshalterung_QuickRelease.jpg 792w, https:\/\/konferenztechnik.de\/wp-content\/uploads\/2013\/09\/Audipack_Trusshalterung_QuickRelease-300x225.jpg 300w, https:\/\/konferenztechnik.de\/wp-content\/uploads\/2013\/09\/Audipack_Trusshalterung_QuickRelease-768x576.jpg 768w\" sizes=\"(max-width: 792px) 100vw, 792px\" \/><\/a><\/p>\n<p>Uchwyt kratownicowy do projektor\u00f3w o wadze do 50 kg, kt\u00f3ry mo\u017cna \u0142\u0105czy\u0107 ze wszystkimi uchwytami do projektor\u00f3w Audipack i Easy-Mounts.<\/p>\n<p>Uchwyt do kratownicy Quick Release mo\u017cna \u0142atwo i bezpiecznie przymocowa\u0107 do kratownicy. Dzi\u0119ki systemowi mocowania projektora z przegubem kulowym, projektory mog\u0105 by\u0107 montowane, wyr\u00f3wnywane lub wymieniane r\u00f3wnie \u0142atwo. Uchwyt jest dost\u0119pny w r\u00f3\u017cnych d\u0142ugo\u015bciach i wersjach i mo\u017cna go dostosowa\u0107 do w\u0142asnych potrzeb.<\/p>\n<h2>Uchwyt do kratownicy projektora Audipack Quick Release Plus<\/h2>\n<p><a href=\"https:\/\/konferenztechnik.de\/wp-content\/uploads\/2018\/04\/Audipack-projector-truss-mount-quick-release-plus.jpg\"><img decoding=\"async\" width=\"800\" height=\"600\" class=\"alignleft size-full wp-image-13004\" src=\"https:\/\/konferenztechnik.de\/wp-content\/uploads\/2018\/04\/Audipack-projector-truss-mount-quick-release-plus.jpg\" alt=\"Uchwyt do kratownicy projektora Audipack Quick-Release-Plus\" title=\"\" srcset=\"https:\/\/konferenztechnik.de\/wp-content\/uploads\/2018\/04\/Audipack-projector-truss-mount-quick-release-plus.jpg 800w, https:\/\/konferenztechnik.de\/wp-content\/uploads\/2018\/04\/Audipack-projector-truss-mount-quick-release-plus-300x225.jpg 300w, https:\/\/konferenztechnik.de\/wp-content\/uploads\/2018\/04\/Audipack-projector-truss-mount-quick-release-plus-768x576.jpg 768w\" sizes=\"(max-width: 800px) 100vw, 800px\" \/><\/a><\/p>\n<p>Uchwyt kratownicowy do projektor\u00f3w o wadze do 50 kg, kt\u00f3ry mo\u017cna \u0142\u0105czy\u0107 ze wszystkimi uchwytami do projektor\u00f3w Audipack i Easy-Mounts.<\/p>\n<p>Uchwyt do kratownicy Quick Release Projector Plus mo\u017cna \u0142atwo i bezpiecznie przymocowa\u0107 do kratownicy. Dzi\u0119ki systemowi mocowania projektora z przegubem kulowym, projektory mog\u0105 by\u0107 montowane, wyr\u00f3wnywane lub wymieniane r\u00f3wnie \u0142atwo.<\/p>\n<h2>Uchwyt do kratownicy projektora Audipack Quick Release Plus<\/h2>\n<p>Opr\u00f3cz przegubu kulowego, wersja Plus posiada platform\u0119 wyr\u00f3wnuj\u0105c\u0105 z trzema pokr\u0119t\u0142ami regulacyjnymi. Pozwala to na bardzo dok\u0142adne ustawienie pozycji projektora, co jest szczeg\u00f3lnie pomocne w przypadku korzystania z kilku projektor\u00f3w jednocze\u015bnie!<\/p>\n<p>Wspornik jest dost\u0119pny w r\u00f3\u017cnych d\u0142ugo\u015bciach i wzorach i mo\u017ce by\u0107 dostosowany do wymaga\u0144 klienta.<\/p>\n<h2>Uchwyt kratownicowy Smart Metals do regulacji projektora (nr prod. 002.1600)<\/h2>\n<p><a href=\"https:\/\/konferenztechnik.de\/wp-content\/uploads\/2014\/04\/smart-metals_truss-mount_0021600.jpg\"><img decoding=\"async\" width=\"1769\" height=\"1424\" class=\"alignleft size-full wp-image-4375\" src=\"https:\/\/konferenztechnik.de\/wp-content\/uploads\/2014\/04\/smart-metals_truss-mount_0021600.jpg\" alt=\"Mocowanie kratownicowe Smart Metals 002.1600\" title=\"\" srcset=\"https:\/\/konferenztechnik.de\/wp-content\/uploads\/2014\/04\/smart-metals_truss-mount_0021600.jpg 1769w, https:\/\/konferenztechnik.de\/wp-content\/uploads\/2014\/04\/smart-metals_truss-mount_0021600-300x241.jpg 300w, https:\/\/konferenztechnik.de\/wp-content\/uploads\/2014\/04\/smart-metals_truss-mount_0021600-1024x824.jpg 1024w, https:\/\/konferenztechnik.de\/wp-content\/uploads\/2014\/04\/smart-metals_truss-mount_0021600-768x618.jpg 768w, https:\/\/konferenztechnik.de\/wp-content\/uploads\/2014\/04\/smart-metals_truss-mount_0021600-1536x1236.jpg 1536w\" sizes=\"(max-width: 1769px) 100vw, 1769px\" \/><\/a><\/p>\n<p>Dzi\u0119ki specjalnemu mechanizmowi precyzyjnej regulacji gwintu mo\u017cliwe jest r\u00f3wnomierne obracanie i pochylanie projektor\u00f3w nawet o 20 stopni. Regulacji mo\u017cna dokona\u0107 niezwykle \u0142atwo, co mo\u017ce by\u0107 szczeg\u00f3lnie pomocne w przypadku wielu projekcji.<br \/>\nMechanizm oszcz\u0119dza cenny czas technik\u00f3w na miejscu. Uchwyt jest izolowany elektrycznie i mo\u017cna go zam\u00f3wi\u0107 w r\u00f3\u017cnych wersjach.<\/p>\n<h2>Uchwyt kratownicowy Smart Metals do regulacji projektora (nr prod. 002.1600)<\/h2>\n<ul>\n<li>Maksymalna d\u0142ugo\u015b\u0107: 180 mm<\/li>\n<li>Waga: 5,10 kg<\/li>\n<li>Kolor: czarny<\/li>\n<li>Maksymalne obci\u0105\u017cenie: 25 kg<\/li>\n<li>Wspornik \/ interfejs: opcjonalny<\/li>\n<li>Typ uchwytu \/ interfejsu: specyficzny dla projektora<\/li>\n<li>Funkcja pochylenia: precyzyjna regulacja od +20\u00b0 do -20\u00b0<\/li>\n<li>Obr\u00f3t: 180\u00b010.04.2014 14:22:02<\/li>\n<li>Dalsze informacje: Izolacja elektryczna, z wy\u0142\u0105czeniem zacisk\u00f3w spustowych Doughty (2x 003.1128)<\/li>\n<\/ul>\n<p><a href=\"https:\/\/konferenztechnik.de\/wp-content\/uploads\/2013\/09\/0021600_SmartMetals_productleafletEN.pdf\"> Karta informacyjna produktu Smart Metals 002.1600 (angielski)<\/a><\/p>\n<h2>Wspornik kratownicy Smart Metals \u2013 (numer produktu: 002.1660)<\/h2>\n<p><a href=\"https:\/\/konferenztechnik.de\/wp-content\/uploads\/2014\/04\/smart-metals_truss-mount_0021660-scaled-1.jpg\"><img loading=\"lazy\" decoding=\"async\" class=\"alignleft size-medium wp-image-4422\" src=\"https:\/\/konferenztechnik.de\/wp-content\/uploads\/2014\/04\/smart-metals_truss-mount_0021660-133x300.jpg\" alt=\"Wspornik trawersu Smart Metals 0021660\" width=\"133\" height=\"300\" title=\"\"><\/a><\/p>\n<p>Uchwyt ten jest idealny do szybkiego i \u0142atwego monta\u017cu projektor\u00f3w<br \/>\n(np. w sytuacjach wynajmu). Wystarczy \u0107wier\u0107 obrotu, aby b\u0142yskawicznie zamontowa\u0107 projektor na uchwycie.<br \/>\nUchwyt jest izolowany elektrycznie, dzi\u0119ki czemu nie jest wymagana dodatkowa izolacja kratownicy. Przegub kulowy umo\u017cliwia \u0142atw\u0105 regulacj\u0119 po\u0142o\u017cenia projektora. Ucha do podnoszenia s\u0105 zamontowane w celu zapewnienia wymaganego bezpiecze\u0144stwa.<\/p>\n<h2>Wspornik kratownicy Smart Metals \u2013 (numer produktu: 002.1660)<\/h2>\n<ul>\n<li>Minimalna d\u0142ugo\u015b\u0107: 450 mm<\/li>\n<li>Maksymalna d\u0142ugo\u015b\u0107: 700 mm<\/li>\n<li>Waga: 2,95 kg<\/li>\n<li>Kolor: czarny<\/li>\n<li>Maksymalne obci\u0105\u017cenie: 30 kg<\/li>\n<li>Regulacja wysoko\u015bci: R\u0119czna<\/li>\n<li>Wspornik \/ interfejs: dost\u0119pny osobno<\/li>\n<li>Typ mocowania \/ interfejsu: specyficzny dla projektora \/ mocowanie uniwersalne<\/li>\n<li>Funkcja pochylenia: +20 \u00b0 do -20 \u00b0<\/li>\n<li>Obr\u00f3t: 360<\/li>\n<li>Kana\u0142 kablowy: \u00d8 25 mm<\/li>\n<li>Dalsze informacje: Izolacja elektryczna, w tym pier\u015bcienie podnosz\u0105ce do zabezpieczenia projektora<\/li>\n<\/ul>\n<p><a href=\"https:\/\/konferenztechnik.de\/wp-content\/uploads\/2013\/09\/0021660_SmartMetals_productleafletEN.pdf\">0021660_SmartMetals_productleafletENSmart Metals karta informacyjna produktu 002.1660 (angielski)<\/a><\/p>\n<h2>Wspornik kratownicowy lub sufitowy Smart Metals (numer produktu: 002.1670)<\/h2>\n<p><a href=\"https:\/\/konferenztechnik.de\/wp-content\/uploads\/2013\/09\/smart-metals_truss-mount_0021670-scaled-1.jpg\"><img loading=\"lazy\" decoding=\"async\" class=\"alignleft size-medium wp-image-4426\" src=\"https:\/\/konferenztechnik.de\/wp-content\/uploads\/2013\/09\/smart-metals_truss-mount_0021670-98x300.jpg\" alt=\"Mocowanie kratownicowe Smart Metals 0021670\" width=\"98\" height=\"300\" title=\"\"><\/a><\/p>\n<p>Uchwyt ten zosta\u0142 specjalnie zaprojektowany do ci\u0119\u017ckich projektor\u00f3w instalacyjnych. Zestaw rur ma zintegrowan\u0105 precyzyjn\u0105 regulacj\u0119 i jest dost\u0119pny w trzech d\u0142ugo\u015bciach, kt\u00f3re mo\u017cna r\u00f3wnie\u017c dostosowa\u0107 na miejscu.<\/p>\n<p>Precyzyjna regulacja (patrz nr art. 002.1600) z gwintem umo\u017cliwia p\u0142ynne obracanie i pochylanie projektora o 20 stopni. Aby uzyska\u0107 optymalny monta\u017c, nale\u017cy po\u0142\u0105czy\u0107 ten zestaw z uchwytem do projektora.<\/p>\n<h2>Wspornik kratownicowy lub sufitowy Smart Metals (numer produktu: 002.1670)<\/h2>\n<ul>\n<li>Minimalna d\u0142ugo\u015b\u0107: mo\u017cliwo\u015b\u0107 skr\u00f3cenia d\u0142ugo\u015bci (do 452 mm)<\/li>\n<li>Maksymalna d\u0142ugo\u015b\u0107: 1222 mm<\/li>\n<li>Kolor: czarny<\/li>\n<li>Maksymalne obci\u0105\u017cenie: 25 kg<\/li>\n<li>Wspornik \/ interfejs: dost\u0119pny osobno<\/li>\n<li>Typ mocowania \/ interfejsu: specyficzny dla projektora<\/li>\n<li>Funkcja pochylenia: precyzyjna regulacja od +20\u00b0 do -20\u00b0<\/li>\n<li>Obr\u00f3t: 180\u00b0<\/li>\n<li>Kana\u0142 kablowy: \u00d8 45 mm<\/li>\n<\/ul>\n<p><a href=\"https:\/\/konferenztechnik.de\/wp-content\/uploads\/2013\/09\/0021670_SmartMetals_productleafletEN.pdf\">0021670_SmartMetals_productleafletENSmart Metals karta informacyjna produktu 002.1670 (angielski)<\/a><\/p>\n<h2>Ramka Audipack do projektor\u00f3w<\/h2>\n<p><a href=\"https:\/\/konferenztechnik.de\/wp-content\/uploads\/2013\/09\/Audipack_Trusshalterung_StackFrame.jpg\"><img loading=\"lazy\" decoding=\"async\" width=\"792\" height=\"594\" class=\"alignleft size-full wp-image-2772\" src=\"https:\/\/konferenztechnik.de\/wp-content\/uploads\/2013\/09\/Audipack_Trusshalterung_StackFrame.jpg\" alt=\"Ramka Audipack do projektor\u00f3w\" title=\"\" srcset=\"https:\/\/konferenztechnik.de\/wp-content\/uploads\/2013\/09\/Audipack_Trusshalterung_StackFrame.jpg 792w, https:\/\/konferenztechnik.de\/wp-content\/uploads\/2013\/09\/Audipack_Trusshalterung_StackFrame-300x225.jpg 300w, https:\/\/konferenztechnik.de\/wp-content\/uploads\/2013\/09\/Audipack_Trusshalterung_StackFrame-768x576.jpg 768w\" sizes=\"(max-width: 792px) 100vw, 792px\" \/><\/a><\/p>\n<p>Ramka 3D do projektor\u00f3w r\u00f3\u017cnych producent\u00f3w. Rama zapewnia szczeg\u00f3ln\u0105 ochron\u0119 projektor\u00f3w, zw\u0142aszcza podczas cz\u0119stego transportu lub monta\u017cu i demonta\u017cu. \u2013 jest szczeg\u00f3lnie interesuj\u0105cy dla firm wynajmuj\u0105cych lub organizator\u00f3w imprez mobilnych!<\/p>\n<h2>Ramka Audipack do projektor\u00f3w<\/h2>\n<p>Projektor jest zamontowany w ramie na p\u0142ycie. Trzy ko\u0142a regulacyjne umo\u017cliwiaj\u0105 bardzo dok\u0142adne ustawienie obrazu. W po\u0142\u0105czeniu z r\u00f3\u017cnymi akcesoriami, rama mo\u017ce by\u0107 optymalnie rozszerzona \u2013 r\u00f3wnie\u017c do u\u017cytku z kilkoma projektorami.<\/p>\n<ul>\n<li>Bardzo dobra ochrona przed uszkodzeniami transportowymi<\/li>\n<li>Idealny dla firm wynajmuj\u0105cych lub organizator\u00f3w imprez mobilnych<\/li>\n<li>Umo\u017cliwia najdok\u0142adniejsze wyr\u00f3wnanie obrazu, nawet podczas pracy z wieloma projektorami.<\/li>\n<li>Prosta instalacja projektora<\/li>\n<\/ul>\n<p>PCS GmbH jest oficjalnym niemieckim dystrybutorem Audipack. Zapewniamy fachowe doradztwo i szybkie terminy dostaw.<\/p>\n<p><img loading=\"lazy\" decoding=\"async\" class=\"alignright size-full wp-image-5489\" src=\"https:\/\/konferenztechnik.de\/wp-content\/uploads\/2013\/09\/PCS-GmbH-Audipack-authorized-dealer-small.jpg\" alt=\"PCS GmbH jest autoryzowanym dealerem Audipack\" width=\"200\" height=\"81\" title=\"\"><\/p>","protected":false},"excerpt":{"rendered":"<p>Traversenhalterungen Audipack Quick Release Projektor Traversen-Halterung Traversenhalterung f\u00fcr Projektoren bis 50 kg, die mit allen Audipack Projektorhalterungen und Easy-Mounts kombiniert werden kann. Die Quick Release Projektor Traversen-Halterung l\u00e4sst sich einfach und sicher an der Traverse befestigen. Dank des Projektorhalterungssystems mit Kugelgelenk lassen sich Projektoren danach ebenso einfach montieren, ausrichten oder austauschen. Die Halterung ist in [&hellip;]<\/p>","protected":false},"author":1,"featured_media":45482,"parent":1221,"menu_order":127,"comment_status":"closed","ping_status":"open","template":"","meta":{"_acf_changed":false,"footnotes":""},"class_list":["post-2630","page","type-page","status-publish","has-post-thumbnail","hentry"],"acf":[],"_links":{"self":[{"href":"https:\/\/konferenztechnik.de\/pl\/wp-json\/wp\/v2\/pages\/2630","targetHints":{"allow":["GET"]}}],"collection":[{"href":"https:\/\/konferenztechnik.de\/pl\/wp-json\/wp\/v2\/pages"}],"about":[{"href":"https:\/\/konferenztechnik.de\/pl\/wp-json\/wp\/v2\/types\/page"}],"author":[{"embeddable":true,"href":"https:\/\/konferenztechnik.de\/pl\/wp-json\/wp\/v2\/users\/1"}],"replies":[{"embeddable":true,"href":"https:\/\/konferenztechnik.de\/pl\/wp-json\/wp\/v2\/comments?post=2630"}],"version-history":[{"count":0,"href":"https:\/\/konferenztechnik.de\/pl\/wp-json\/wp\/v2\/pages\/2630\/revisions"}],"up":[{"embeddable":true,"href":"https:\/\/konferenztechnik.de\/pl\/wp-json\/wp\/v2\/pages\/1221"}],"wp:featuredmedia":[{"embeddable":true,"href":"https:\/\/konferenztechnik.de\/pl\/wp-json\/wp\/v2\/media\/45482"}],"wp:attachment":[{"href":"https:\/\/konferenztechnik.de\/pl\/wp-json\/wp\/v2\/media?parent=2630"}],"curies":[{"name":"wp","href":"https:\/\/api.w.org\/{rel}","templated":true}]}}