{"id":3320,"date":"2013-09-30T18:05:22","date_gmt":"2013-09-30T16:05:22","guid":{"rendered":"https:\/\/konferenztechnik.de\/?page_id=3320"},"modified":"2025-03-03T13:13:20","modified_gmt":"2025-03-03T12:13:20","slug":"ze-jestesmy","status":"publish","type":"page","link":"https:\/\/konferenztechnik.de\/pl\/ze-jestesmy\/","title":{"rendered":"o nas"},"content":{"rendered":"<div data-elementor-type=\"wp-page\" data-elementor-id=\"3320\" class=\"elementor elementor-3320\" data-elementor-post-type=\"page\">\n\t\t\t\t<div data-particle_enable=\"false\" data-particle-mobile-disabled=\"false\" class=\"elementor-element elementor-element-2fb1fdc e-flex e-con-boxed e-con e-parent\" data-id=\"2fb1fdc\" data-element_type=\"container\">\n\t\t\t\t\t<div class=\"e-con-inner\">\n\t\t<div data-particle_enable=\"false\" data-particle-mobile-disabled=\"false\" class=\"elementor-element elementor-element-a1dea13 e-flex e-con-boxed e-con e-child\" data-id=\"a1dea13\" data-element_type=\"container\">\n\t\t\t\t\t<div class=\"e-con-inner\">\n\t\t\t\t<div class=\"elementor-element elementor-element-225adb5 elementor-widget elementor-widget-heading\" data-id=\"225adb5\" data-element_type=\"widget\" data-widget_type=\"heading.default\">\n\t\t\t\t<div class=\"elementor-widget-container\">\n\t\t\t\t\t<h1 class=\"elementor-heading-title elementor-size-default\">To my<\/h1>\t\t\t\t<\/div>\n\t\t\t\t<\/div>\n\t\t\t\t<div class=\"elementor-element elementor-element-4781f5e elementor-widget elementor-widget-image\" data-id=\"4781f5e\" data-element_type=\"widget\" data-widget_type=\"image.default\">\n\t\t\t\t<div class=\"elementor-widget-container\">\n\t\t\t\t\t\t\t\t\t\t\t\t<figure class=\"wp-caption\">\n\t\t\t\t\t\t\t\t\t\t<img fetchpriority=\"high\" decoding=\"async\" width=\"1300\" height=\"704\" src=\"https:\/\/konferenztechnik.de\/wp-content\/uploads\/2024\/06\/teamspirit-pcs-konferenztechnik.jpg\" class=\"attachment-full size-full wp-image-45784\" alt=\"Technologia jest skonfigurowana, szybka migawka dla strony internetowej.\" srcset=\"https:\/\/konferenztechnik.de\/wp-content\/uploads\/2024\/06\/teamspirit-pcs-konferenztechnik.jpg 1300w, https:\/\/konferenztechnik.de\/wp-content\/uploads\/2024\/06\/teamspirit-pcs-konferenztechnik-300x162.jpg 300w, https:\/\/konferenztechnik.de\/wp-content\/uploads\/2024\/06\/teamspirit-pcs-konferenztechnik-1024x555.jpg 1024w, https:\/\/konferenztechnik.de\/wp-content\/uploads\/2024\/06\/teamspirit-pcs-konferenztechnik-768x416.jpg 768w, https:\/\/konferenztechnik.de\/wp-content\/uploads\/2024\/06\/teamspirit-pcs-konferenztechnik-18x10.jpg 18w\" sizes=\"(max-width: 1300px) 100vw, 1300px\" title=\"\">\t\t\t\t\t\t\t\t\t\t\t<figcaption class=\"widget-image-caption wp-caption-text\">Technologia jest skonfigurowana, szybka migawka dla strony internetowej.<\/figcaption>\n\t\t\t\t\t\t\t\t\t\t<\/figure>\n\t\t\t\t\t\t\t\t\t<\/div>\n\t\t\t\t<\/div>\n\t\t\t\t<div class=\"elementor-element elementor-element-446125b elementor-widget elementor-widget-image\" data-id=\"446125b\" data-element_type=\"widget\" data-widget_type=\"image.default\">\n\t\t\t\t<div class=\"elementor-widget-container\">\n\t\t\t\t\t\t\t\t\t\t\t\t<figure class=\"wp-caption\">\n\t\t\t\t\t\t\t\t\t\t<img decoding=\"async\" width=\"1300\" height=\"704\" src=\"https:\/\/konferenztechnik.de\/wp-content\/uploads\/2024\/06\/pcs-hoch-hinaus.jpg\" class=\"attachment-full size-full wp-image-45782\" alt=\"Technik PCS pracuje na w\u00f3zku wid\u0142owym\" srcset=\"https:\/\/konferenztechnik.de\/wp-content\/uploads\/2024\/06\/pcs-hoch-hinaus.jpg 1300w, https:\/\/konferenztechnik.de\/wp-content\/uploads\/2024\/06\/pcs-hoch-hinaus-300x162.jpg 300w, https:\/\/konferenztechnik.de\/wp-content\/uploads\/2024\/06\/pcs-hoch-hinaus-1024x555.jpg 1024w, https:\/\/konferenztechnik.de\/wp-content\/uploads\/2024\/06\/pcs-hoch-hinaus-768x416.jpg 768w, https:\/\/konferenztechnik.de\/wp-content\/uploads\/2024\/06\/pcs-hoch-hinaus-18x10.jpg 18w\" sizes=\"(max-width: 1300px) 100vw, 1300px\" title=\"\">\t\t\t\t\t\t\t\t\t\t\t<figcaption class=\"widget-image-caption wp-caption-text\">Jest tam r\u00f3wnie\u017c technik PCS.<\/figcaption>\n\t\t\t\t\t\t\t\t\t\t<\/figure>\n\t\t\t\t\t\t\t\t\t<\/div>\n\t\t\t\t<\/div>\n\t\t\t\t<div class=\"elementor-element elementor-element-b63cf68 elementor-widget elementor-widget-image\" data-id=\"b63cf68\" data-element_type=\"widget\" data-widget_type=\"image.default\">\n\t\t\t\t<div class=\"elementor-widget-container\">\n\t\t\t\t\t\t\t\t\t\t\t\t<figure class=\"wp-caption\">\n\t\t\t\t\t\t\t\t\t\t<img decoding=\"async\" width=\"1300\" height=\"704\" src=\"https:\/\/konferenztechnik.de\/wp-content\/uploads\/2023\/05\/pcs-feueruebung.jpg\" class=\"attachment-full size-full wp-image-28530\" alt=\"J\u00f6rg, jeden z naszych szef\u00f3w, podczas \u0107wicze\u0144 z ga\u015bnic\u0105. Nie, inni nie s\u0105 ani znudzeni, ani sceptyczni.\" srcset=\"https:\/\/konferenztechnik.de\/wp-content\/uploads\/2023\/05\/pcs-feueruebung.jpg 1300w, https:\/\/konferenztechnik.de\/wp-content\/uploads\/2023\/05\/pcs-feueruebung-300x162.jpg 300w, https:\/\/konferenztechnik.de\/wp-content\/uploads\/2023\/05\/pcs-feueruebung-1024x555.jpg 1024w, https:\/\/konferenztechnik.de\/wp-content\/uploads\/2023\/05\/pcs-feueruebung-768x416.jpg 768w, https:\/\/konferenztechnik.de\/wp-content\/uploads\/2023\/05\/pcs-feueruebung-18x10.jpg 18w\" sizes=\"(max-width: 1300px) 100vw, 1300px\" title=\"\">\t\t\t\t\t\t\t\t\t\t\t<figcaption class=\"widget-image-caption wp-caption-text\">J\u00f6rg, jeden z naszych szef\u00f3w, podczas \u0107wicze\u0144 z ga\u015bnic\u0105. Nie, inni nie s\u0105 ani znudzeni, ani sceptyczni.<\/figcaption>\n\t\t\t\t\t\t\t\t\t\t<\/figure>\n\t\t\t\t\t\t\t\t\t<\/div>\n\t\t\t\t<\/div>\n\t\t\t\t<div class=\"elementor-element elementor-element-1afe949 elementor-widget elementor-widget-image\" data-id=\"1afe949\" data-element_type=\"widget\" data-widget_type=\"image.default\">\n\t\t\t\t<div class=\"elementor-widget-container\">\n\t\t\t\t\t\t\t\t\t\t\t\t<figure class=\"wp-caption\">\n\t\t\t\t\t\t\t\t\t\t<img loading=\"lazy\" decoding=\"async\" width=\"1300\" height=\"704\" src=\"https:\/\/konferenztechnik.de\/wp-content\/uploads\/2023\/05\/kamera-pcs.jpg\" class=\"attachment-full size-full wp-image-28558\" alt=\"Kamerzysta PCS sprawdza ustawienia swojej wysokiej jako\u015bci kamery.\" srcset=\"https:\/\/konferenztechnik.de\/wp-content\/uploads\/2023\/05\/kamera-pcs.jpg 1300w, https:\/\/konferenztechnik.de\/wp-content\/uploads\/2023\/05\/kamera-pcs-300x162.jpg 300w, https:\/\/konferenztechnik.de\/wp-content\/uploads\/2023\/05\/kamera-pcs-1024x555.jpg 1024w, https:\/\/konferenztechnik.de\/wp-content\/uploads\/2023\/05\/kamera-pcs-768x416.jpg 768w, https:\/\/konferenztechnik.de\/wp-content\/uploads\/2023\/05\/kamera-pcs-18x10.jpg 18w\" sizes=\"(max-width: 1300px) 100vw, 1300px\" title=\"\">\t\t\t\t\t\t\t\t\t\t\t<figcaption class=\"widget-image-caption wp-caption-text\">Czy kamera jest w\u0142\u0105czona? Czy bateria jest bliska wyczerpania? Dlaczego tak krytycznie?<\/figcaption>\n\t\t\t\t\t\t\t\t\t\t<\/figure>\n\t\t\t\t\t\t\t\t\t<\/div>\n\t\t\t\t<\/div>\n\t\t\t\t<div class=\"elementor-element elementor-element-1c78e0b elementor-widget elementor-widget-image\" data-id=\"1c78e0b\" data-element_type=\"widget\" data-widget_type=\"image.default\">\n\t\t\t\t<div class=\"elementor-widget-container\">\n\t\t\t\t\t\t\t\t\t\t\t\t<figure class=\"wp-caption\">\n\t\t\t\t\t\t\t\t\t\t<img loading=\"lazy\" decoding=\"async\" width=\"1300\" height=\"704\" src=\"https:\/\/konferenztechnik.de\/wp-content\/uploads\/2024\/06\/pcs-team-konferenztechnik-1.jpg\" class=\"attachment-full size-full wp-image-45777\" alt=\"Zesp\u00f3\u0142 PCS w Televic\" srcset=\"https:\/\/konferenztechnik.de\/wp-content\/uploads\/2024\/06\/pcs-team-konferenztechnik-1.jpg 1300w, https:\/\/konferenztechnik.de\/wp-content\/uploads\/2024\/06\/pcs-team-konferenztechnik-1-300x162.jpg 300w, https:\/\/konferenztechnik.de\/wp-content\/uploads\/2024\/06\/pcs-team-konferenztechnik-1-1024x555.jpg 1024w, https:\/\/konferenztechnik.de\/wp-content\/uploads\/2024\/06\/pcs-team-konferenztechnik-1-768x416.jpg 768w, https:\/\/konferenztechnik.de\/wp-content\/uploads\/2024\/06\/pcs-team-konferenztechnik-1-18x10.jpg 18w\" sizes=\"(max-width: 1300px) 100vw, 1300px\" title=\"\">\t\t\t\t\t\t\t\t\t\t\t<figcaption class=\"widget-image-caption wp-caption-text\">U\u015bmiechnijcie si\u0119 wszyscy, zdj\u0119cie dru\u017cynowe! \ud83d\ude42<\/figcaption>\n\t\t\t\t\t\t\t\t\t\t<\/figure>\n\t\t\t\t\t\t\t\t\t<\/div>\n\t\t\t\t<\/div>\n\t\t\t\t<div class=\"elementor-element elementor-element-1672317 elementor-widget elementor-widget-image\" data-id=\"1672317\" data-element_type=\"widget\" data-widget_type=\"image.default\">\n\t\t\t\t<div class=\"elementor-widget-container\">\n\t\t\t\t\t\t\t\t\t\t\t\t<figure class=\"wp-caption\">\n\t\t\t\t\t\t\t\t\t\t<img loading=\"lazy\" decoding=\"async\" width=\"1300\" height=\"704\" src=\"https:\/\/konferenztechnik.de\/wp-content\/uploads\/2023\/05\/blick-dolmetscherkabine.jpg\" class=\"attachment-full size-full wp-image-28562\" alt=\"Widok aktywnego t\u0142umacza w kabinie t\u0142umaczeniowej, w szybie kabiny odbija si\u0119 prezentacja z konferencji\" srcset=\"https:\/\/konferenztechnik.de\/wp-content\/uploads\/2023\/05\/blick-dolmetscherkabine.jpg 1300w, https:\/\/konferenztechnik.de\/wp-content\/uploads\/2023\/05\/blick-dolmetscherkabine-300x162.jpg 300w, https:\/\/konferenztechnik.de\/wp-content\/uploads\/2023\/05\/blick-dolmetscherkabine-1024x555.jpg 1024w, https:\/\/konferenztechnik.de\/wp-content\/uploads\/2023\/05\/blick-dolmetscherkabine-768x416.jpg 768w, https:\/\/konferenztechnik.de\/wp-content\/uploads\/2023\/05\/blick-dolmetscherkabine-18x10.jpg 18w\" sizes=\"(max-width: 1300px) 100vw, 1300px\" title=\"\">\t\t\t\t\t\t\t\t\t\t\t<figcaption class=\"widget-image-caption wp-caption-text\">Widok z kabiny t\u0142umaczeniowej. Wieloj\u0119zyczne wydarzenia s\u0105 dla nas naprawd\u0119 ekscytuj\u0105ce.<\/figcaption>\n\t\t\t\t\t\t\t\t\t\t<\/figure>\n\t\t\t\t\t\t\t\t\t<\/div>\n\t\t\t\t<\/div>\n\t\t\t\t<div class=\"elementor-element elementor-element-a6bb08a elementor-widget elementor-widget-image\" data-id=\"a6bb08a\" data-element_type=\"widget\" data-widget_type=\"image.default\">\n\t\t\t\t<div class=\"elementor-widget-container\">\n\t\t\t\t\t\t\t\t\t\t\t\t<figure class=\"wp-caption\">\n\t\t\t\t\t\t\t\t\t\t<img loading=\"lazy\" decoding=\"async\" width=\"1300\" height=\"704\" src=\"https:\/\/konferenztechnik.de\/wp-content\/uploads\/2023\/05\/hybrider-konferenzraum.jpg\" class=\"attachment-full size-full wp-image-28584\" alt=\"Uko\u0144czono instalacj\u0119 hybrydowej sali konferencyjnej, okr\u0105g\u0142ego sto\u0142u dla 20 os\u00f3b, z wbudowanymi pulpitami mikrofonowymi, monitorami i kamerami PTZ po\u015brodku okr\u0105g\u0142ego sto\u0142u.\" srcset=\"https:\/\/konferenztechnik.de\/wp-content\/uploads\/2023\/05\/hybrider-konferenzraum.jpg 1300w, https:\/\/konferenztechnik.de\/wp-content\/uploads\/2023\/05\/hybrider-konferenzraum-300x162.jpg 300w, https:\/\/konferenztechnik.de\/wp-content\/uploads\/2023\/05\/hybrider-konferenzraum-1024x555.jpg 1024w, https:\/\/konferenztechnik.de\/wp-content\/uploads\/2023\/05\/hybrider-konferenzraum-768x416.jpg 768w, https:\/\/konferenztechnik.de\/wp-content\/uploads\/2023\/05\/hybrider-konferenzraum-18x10.jpg 18w\" sizes=\"(max-width: 1300px) 100vw, 1300px\" title=\"\">\t\t\t\t\t\t\t\t\t\t\t<figcaption class=\"widget-image-caption wp-caption-text\">Elegancka instalacja. Sprz\u0119t multimedialny do sal konferencyjnych.<\/figcaption>\n\t\t\t\t\t\t\t\t\t\t<\/figure>\n\t\t\t\t\t\t\t\t\t<\/div>\n\t\t\t\t<\/div>\n\t\t\t\t<div class=\"elementor-element elementor-element-97861b8 elementor-widget elementor-widget-image\" data-id=\"97861b8\" data-element_type=\"widget\" data-widget_type=\"image.default\">\n\t\t\t\t<div class=\"elementor-widget-container\">\n\t\t\t\t\t\t\t\t\t\t\t\t<figure class=\"wp-caption\">\n\t\t\t\t\t\t\t\t\t\t<img loading=\"lazy\" decoding=\"async\" width=\"1300\" height=\"704\" src=\"https:\/\/konferenztechnik.de\/wp-content\/uploads\/2024\/06\/pcs-konferenztechnik-team.jpg\" class=\"attachment-full size-full wp-image-45785\" alt=\"Technik PCS wyposa\u017ca g\u0142o\u015bnik w mikrofon.\" srcset=\"https:\/\/konferenztechnik.de\/wp-content\/uploads\/2024\/06\/pcs-konferenztechnik-team.jpg 1300w, https:\/\/konferenztechnik.de\/wp-content\/uploads\/2024\/06\/pcs-konferenztechnik-team-300x162.jpg 300w, https:\/\/konferenztechnik.de\/wp-content\/uploads\/2024\/06\/pcs-konferenztechnik-team-1024x555.jpg 1024w, https:\/\/konferenztechnik.de\/wp-content\/uploads\/2024\/06\/pcs-konferenztechnik-team-768x416.jpg 768w, https:\/\/konferenztechnik.de\/wp-content\/uploads\/2024\/06\/pcs-konferenztechnik-team-18x10.jpg 18w\" sizes=\"(max-width: 1300px) 100vw, 1300px\" title=\"\">\t\t\t\t\t\t\t\t\t\t\t<figcaption class=\"widget-image-caption wp-caption-text\">Ostatnie spojrzenie, mikrofon na miejscu, zaczynamy! <\/figcaption>\n\t\t\t\t\t\t\t\t\t\t<\/figure>\n\t\t\t\t\t\t\t\t\t<\/div>\n\t\t\t\t<\/div>\n\t\t\t\t<div class=\"elementor-element elementor-element-de2699e elementor-widget elementor-widget-image\" data-id=\"de2699e\" data-element_type=\"widget\" data-widget_type=\"image.default\">\n\t\t\t\t<div class=\"elementor-widget-container\">\n\t\t\t\t\t\t\t\t\t\t\t\t<figure class=\"wp-caption\">\n\t\t\t\t\t\t\t\t\t\t<img loading=\"lazy\" decoding=\"async\" width=\"1300\" height=\"704\" src=\"https:\/\/konferenztechnik.de\/wp-content\/uploads\/2023\/05\/pcs-ausflug.jpg\" class=\"attachment-full size-full wp-image-28554\" alt=\"Wewn\u0119trzna wycieczka PCS do centrum monitorowania trz\u0119sie\u0144 ziemi w Getyndze - ekscytuj\u0105ce!\" srcset=\"https:\/\/konferenztechnik.de\/wp-content\/uploads\/2023\/05\/pcs-ausflug.jpg 1300w, https:\/\/konferenztechnik.de\/wp-content\/uploads\/2023\/05\/pcs-ausflug-300x162.jpg 300w, https:\/\/konferenztechnik.de\/wp-content\/uploads\/2023\/05\/pcs-ausflug-1024x555.jpg 1024w, https:\/\/konferenztechnik.de\/wp-content\/uploads\/2023\/05\/pcs-ausflug-768x416.jpg 768w, https:\/\/konferenztechnik.de\/wp-content\/uploads\/2023\/05\/pcs-ausflug-18x10.jpg 18w\" sizes=\"(max-width: 1300px) 100vw, 1300px\" title=\"\">\t\t\t\t\t\t\t\t\t\t\t<figcaption class=\"widget-image-caption wp-caption-text\">Wycieczka firmowa na symulatorze trz\u0119sienia ziemi w Getyndze.<\/figcaption>\n\t\t\t\t\t\t\t\t\t\t<\/figure>\n\t\t\t\t\t\t\t\t\t<\/div>\n\t\t\t\t<\/div>\n\t\t\t\t<div class=\"elementor-element elementor-element-b8e2cbd elementor-widget elementor-widget-image\" data-id=\"b8e2cbd\" data-element_type=\"widget\" data-widget_type=\"image.default\">\n\t\t\t\t<div class=\"elementor-widget-container\">\n\t\t\t\t\t\t\t\t\t\t\t\t<figure class=\"wp-caption\">\n\t\t\t\t\t\t\t\t\t\t<img loading=\"lazy\" decoding=\"async\" width=\"1300\" height=\"704\" src=\"https:\/\/konferenztechnik.de\/wp-content\/uploads\/2023\/05\/sprechstellen-einrichten.jpg\" class=\"attachment-full size-full wp-image-28566\" alt=\"Na stole konferencyjnym w kszta\u0142cie litery U znajduj\u0105 si\u0119 pulpity mikrofonowe, dzi\u0119ki czemu ka\u017cdy cz\u0142onek delegacji mo\u017ce zabra\u0107 g\u0142os ze swojego miejsca.\" srcset=\"https:\/\/konferenztechnik.de\/wp-content\/uploads\/2023\/05\/sprechstellen-einrichten.jpg 1300w, https:\/\/konferenztechnik.de\/wp-content\/uploads\/2023\/05\/sprechstellen-einrichten-300x162.jpg 300w, https:\/\/konferenztechnik.de\/wp-content\/uploads\/2023\/05\/sprechstellen-einrichten-1024x555.jpg 1024w, https:\/\/konferenztechnik.de\/wp-content\/uploads\/2023\/05\/sprechstellen-einrichten-768x416.jpg 768w, https:\/\/konferenztechnik.de\/wp-content\/uploads\/2023\/05\/sprechstellen-einrichten-18x10.jpg 18w\" sizes=\"(max-width: 1300px) 100vw, 1300px\" title=\"\">\t\t\t\t\t\t\t\t\t\t\t<figcaption class=\"widget-image-caption wp-caption-text\">Konfiguracja pulpit\u00f3w mikrofonowych. Dyskusje na wysokim poziomie. Tak, to jest PCS \u2013 konferenztechnik.de<\/figcaption>\n\t\t\t\t\t\t\t\t\t\t<\/figure>\n\t\t\t\t\t\t\t\t\t<\/div>\n\t\t\t\t<\/div>\n\t\t\t\t\t<\/div>\n\t\t\t\t<\/div>\n\t\t\t\t\t<\/div>\n\t\t\t\t<\/div>\n\t\t<div data-particle_enable=\"false\" data-particle-mobile-disabled=\"false\" class=\"elementor-element elementor-element-64fd920 e-flex e-con-boxed e-con e-parent\" data-id=\"64fd920\" data-element_type=\"container\">\n\t\t\t\t\t<div class=\"e-con-inner\">\n\t\t\t\t<div class=\"elementor-element elementor-element-99960e5 elementor-widget elementor-widget-shortcode\" data-id=\"99960e5\" data-element_type=\"widget\" data-widget_type=\"shortcode.default\">\n\t\t\t\t<div class=\"elementor-widget-container\">\n\t\t\t\t\t\t\t<div class=\"elementor-shortcode\">\t\t<div data-elementor-type=\"container\" data-elementor-id=\"29227\" class=\"elementor elementor-29227\" data-elementor-post-type=\"elementor_library\">\n\t\t\t\t<div data-particle_enable=\"false\" data-particle-mobile-disabled=\"false\" class=\"elementor-element elementor-element-1149edd e-flex e-con-boxed e-con e-parent\" data-id=\"1149edd\" data-element_type=\"container\">\n\t\t\t\t\t<div class=\"e-con-inner\">\n\t\t\t\t<div class=\"elementor-element elementor-element-637047c7 elementor-icon-list--layout-traditional elementor-list-item-link-full_width elementor-widget elementor-widget-icon-list\" data-id=\"637047c7\" data-element_type=\"widget\" data-widget_type=\"icon-list.default\">\n\t\t\t\t<div class=\"elementor-widget-container\">\n\t\t\t\t\t\t\t<ul class=\"elementor-icon-list-items\">\n\t\t\t\t\t\t\t<li class=\"elementor-icon-list-item\">\n\t\t\t\t\t\t\t\t\t\t\t<a href=\"\/pl\/miejsca-pracy\/\">\n\n\t\t\t\t\t\t\t\t\t\t\t\t<span class=\"elementor-icon-list-icon\">\n\t\t\t\t\t\t\t<svg aria-hidden=\"true\" class=\"e-font-icon-svg e-fas-chevron-right\" viewbox=\"0 0 320 512\" xmlns=\"http:\/\/www.w3.org\/2000\/svg\"><path d=\"M285.476 272.971L91.132 467.314c-9.373 9.373-24.569 9.373-33.941 0l-22.667-22.667c-9.357-9.357-9.375-24.522-.04-33.901L188.505 256 34.484 101.255c-9.335-9.379-9.317-24.544.04-33.901l22.667-22.667c9.373-9.373 24.569-9.373 33.941 0L285.475 239.03c9.373 9.372 9.373 24.568.001 33.941z\"><\/path><\/svg>\t\t\t\t\t\t<\/span>\n\t\t\t\t\t\t\t\t\t\t<span class=\"elementor-icon-list-text\">Praca<\/span>\n\t\t\t\t\t\t\t\t\t\t\t<\/a>\n\t\t\t\t\t\t\t\t\t<\/li>\n\t\t\t\t\t\t\t\t<li class=\"elementor-icon-list-item\">\n\t\t\t\t\t\t\t\t\t\t\t<a href=\"\/pl\/edukacja\/\">\n\n\t\t\t\t\t\t\t\t\t\t\t\t<span class=\"elementor-icon-list-icon\">\n\t\t\t\t\t\t\t<svg aria-hidden=\"true\" class=\"e-font-icon-svg e-fas-chevron-right\" viewbox=\"0 0 320 512\" xmlns=\"http:\/\/www.w3.org\/2000\/svg\"><path d=\"M285.476 272.971L91.132 467.314c-9.373 9.373-24.569 9.373-33.941 0l-22.667-22.667c-9.357-9.357-9.375-24.522-.04-33.901L188.505 256 34.484 101.255c-9.335-9.379-9.317-24.544.04-33.901l22.667-22.667c9.373-9.373 24.569-9.373 33.941 0L285.475 239.03c9.373 9.372 9.373 24.568.001 33.941z\"><\/path><\/svg>\t\t\t\t\t\t<\/span>\n\t\t\t\t\t\t\t\t\t\t<span class=\"elementor-icon-list-text\">Edukacja<\/span>\n\t\t\t\t\t\t\t\t\t\t\t<\/a>\n\t\t\t\t\t\t\t\t\t<\/li>\n\t\t\t\t\t\t\t\t<li class=\"elementor-icon-list-item\">\n\t\t\t\t\t\t\t\t\t\t\t<a href=\"\/pl\/ze-jestesmy\/\">\n\n\t\t\t\t\t\t\t\t\t\t\t\t<span class=\"elementor-icon-list-icon\">\n\t\t\t\t\t\t\t<svg aria-hidden=\"true\" class=\"e-font-icon-svg e-fas-chevron-right\" viewbox=\"0 0 320 512\" xmlns=\"http:\/\/www.w3.org\/2000\/svg\"><path d=\"M285.476 272.971L91.132 467.314c-9.373 9.373-24.569 9.373-33.941 0l-22.667-22.667c-9.357-9.357-9.375-24.522-.04-33.901L188.505 256 34.484 101.255c-9.335-9.379-9.317-24.544.04-33.901l22.667-22.667c9.373-9.373 24.569-9.373 33.941 0L285.475 239.03c9.373 9.372 9.373 24.568.001 33.941z\"><\/path><\/svg>\t\t\t\t\t\t<\/span>\n\t\t\t\t\t\t\t\t\t\t<span class=\"elementor-icon-list-text\">To my<\/span>\n\t\t\t\t\t\t\t\t\t\t\t<\/a>\n\t\t\t\t\t\t\t\t\t<\/li>\n\t\t\t\t\t\t\t\t<li class=\"elementor-icon-list-item\">\n\t\t\t\t\t\t\t\t\t\t\t<a href=\"\/pl\/profil-firmy\/\">\n\n\t\t\t\t\t\t\t\t\t\t\t\t<span class=\"elementor-icon-list-icon\">\n\t\t\t\t\t\t\t<svg aria-hidden=\"true\" class=\"e-font-icon-svg e-fas-chevron-right\" viewbox=\"0 0 320 512\" xmlns=\"http:\/\/www.w3.org\/2000\/svg\"><path d=\"M285.476 272.971L91.132 467.314c-9.373 9.373-24.569 9.373-33.941 0l-22.667-22.667c-9.357-9.357-9.375-24.522-.04-33.901L188.505 256 34.484 101.255c-9.335-9.379-9.317-24.544.04-33.901l22.667-22.667c9.373-9.373 24.569-9.373 33.941 0L285.475 239.03c9.373 9.372 9.373 24.568.001 33.941z\"><\/path><\/svg>\t\t\t\t\t\t<\/span>\n\t\t\t\t\t\t\t\t\t\t<span class=\"elementor-icon-list-text\">Profil firmy<\/span>\n\t\t\t\t\t\t\t\t\t\t\t<\/a>\n\t\t\t\t\t\t\t\t\t<\/li>\n\t\t\t\t\t\t\t\t<li class=\"elementor-icon-list-item\">\n\t\t\t\t\t\t\t\t\t\t\t<a href=\"\/pl\/10-dobrych-powodow-dla-komputerow\/\">\n\n\t\t\t\t\t\t\t\t\t\t\t\t<span class=\"elementor-icon-list-icon\">\n\t\t\t\t\t\t\t<svg aria-hidden=\"true\" class=\"e-font-icon-svg e-fas-chevron-right\" viewbox=\"0 0 320 512\" xmlns=\"http:\/\/www.w3.org\/2000\/svg\"><path d=\"M285.476 272.971L91.132 467.314c-9.373 9.373-24.569 9.373-33.941 0l-22.667-22.667c-9.357-9.357-9.375-24.522-.04-33.901L188.505 256 34.484 101.255c-9.335-9.379-9.317-24.544.04-33.901l22.667-22.667c9.373-9.373 24.569-9.373 33.941 0L285.475 239.03c9.373 9.372 9.373 24.568.001 33.941z\"><\/path><\/svg>\t\t\t\t\t\t<\/span>\n\t\t\t\t\t\t\t\t\t\t<span class=\"elementor-icon-list-text\">10 dobrych powod\u00f3w dla PCS<\/span>\n\t\t\t\t\t\t\t\t\t\t\t<\/a>\n\t\t\t\t\t\t\t\t\t<\/li>\n\t\t\t\t\t\t\t\t<li class=\"elementor-icon-list-item\">\n\t\t\t\t\t\t\t\t\t\t\t<a href=\"\/pl\/wizja-zrownowazonego-rozwoju\/\">\n\n\t\t\t\t\t\t\t\t\t\t\t\t<span class=\"elementor-icon-list-icon\">\n\t\t\t\t\t\t\t<svg aria-hidden=\"true\" class=\"e-font-icon-svg e-fas-chevron-right\" viewbox=\"0 0 320 512\" xmlns=\"http:\/\/www.w3.org\/2000\/svg\"><path d=\"M285.476 272.971L91.132 467.314c-9.373 9.373-24.569 9.373-33.941 0l-22.667-22.667c-9.357-9.357-9.375-24.522-.04-33.901L188.505 256 34.484 101.255c-9.335-9.379-9.317-24.544.04-33.901l22.667-22.667c9.373-9.373 24.569-9.373 33.941 0L285.475 239.03c9.373 9.372 9.373 24.568.001 33.941z\"><\/path><\/svg>\t\t\t\t\t\t<\/span>\n\t\t\t\t\t\t\t\t\t\t<span class=\"elementor-icon-list-text\">Wizja, zr\u00f3wnowa\u017cony rozw\u00f3j<\/span>\n\t\t\t\t\t\t\t\t\t\t\t<\/a>\n\t\t\t\t\t\t\t\t\t<\/li>\n\t\t\t\t\t\t\t\t<li class=\"elementor-icon-list-item\">\n\t\t\t\t\t\t\t\t\t\t\t<a href=\"\/pl\/roznorodnosc\/\">\n\n\t\t\t\t\t\t\t\t\t\t\t\t<span class=\"elementor-icon-list-icon\">\n\t\t\t\t\t\t\t<svg aria-hidden=\"true\" class=\"e-font-icon-svg e-fas-chevron-right\" viewbox=\"0 0 320 512\" xmlns=\"http:\/\/www.w3.org\/2000\/svg\"><path d=\"M285.476 272.971L91.132 467.314c-9.373 9.373-24.569 9.373-33.941 0l-22.667-22.667c-9.357-9.357-9.375-24.522-.04-33.901L188.505 256 34.484 101.255c-9.335-9.379-9.317-24.544.04-33.901l22.667-22.667c9.373-9.373 24.569-9.373 33.941 0L285.475 239.03c9.373 9.372 9.373 24.568.001 33.941z\"><\/path><\/svg>\t\t\t\t\t\t<\/span>\n\t\t\t\t\t\t\t\t\t\t<span class=\"elementor-icon-list-text\">R\u00f3\u017cnorodno\u015b\u0107 i zr\u00f3\u017cnicowanie<\/span>\n\t\t\t\t\t\t\t\t\t\t\t<\/a>\n\t\t\t\t\t\t\t\t\t<\/li>\n\t\t\t\t\t\t\t\t<li class=\"elementor-icon-list-item\">\n\t\t\t\t\t\t\t\t\t\t\t<a href=\"\/pl\/referencje\/\">\n\n\t\t\t\t\t\t\t\t\t\t\t\t<span class=\"elementor-icon-list-icon\">\n\t\t\t\t\t\t\t<svg aria-hidden=\"true\" class=\"e-font-icon-svg e-fas-chevron-right\" viewbox=\"0 0 320 512\" xmlns=\"http:\/\/www.w3.org\/2000\/svg\"><path d=\"M285.476 272.971L91.132 467.314c-9.373 9.373-24.569 9.373-33.941 0l-22.667-22.667c-9.357-9.357-9.375-24.522-.04-33.901L188.505 256 34.484 101.255c-9.335-9.379-9.317-24.544.04-33.901l22.667-22.667c9.373-9.373 24.569-9.373 33.941 0L285.475 239.03c9.373 9.372 9.373 24.568.001 33.941z\"><\/path><\/svg>\t\t\t\t\t\t<\/span>\n\t\t\t\t\t\t\t\t\t\t<span class=\"elementor-icon-list-text\">Projekty, referencje<\/span>\n\t\t\t\t\t\t\t\t\t\t\t<\/a>\n\t\t\t\t\t\t\t\t\t<\/li>\n\t\t\t\t\t\t\t\t<li class=\"elementor-icon-list-item\">\n\t\t\t\t\t\t\t\t\t\t\t<a href=\"\/pl\/opinie-klientow\/\">\n\n\t\t\t\t\t\t\t\t\t\t\t\t<span class=\"elementor-icon-list-icon\">\n\t\t\t\t\t\t\t<svg aria-hidden=\"true\" class=\"e-font-icon-svg e-fas-chevron-right\" viewbox=\"0 0 320 512\" xmlns=\"http:\/\/www.w3.org\/2000\/svg\"><path d=\"M285.476 272.971L91.132 467.314c-9.373 9.373-24.569 9.373-33.941 0l-22.667-22.667c-9.357-9.357-9.375-24.522-.04-33.901L188.505 256 34.484 101.255c-9.335-9.379-9.317-24.544.04-33.901l22.667-22.667c9.373-9.373 24.569-9.373 33.941 0L285.475 239.03c9.373 9.372 9.373 24.568.001 33.941z\"><\/path><\/svg>\t\t\t\t\t\t<\/span>\n\t\t\t\t\t\t\t\t\t\t<span class=\"elementor-icon-list-text\">Opinie klient\u00f3w<\/span>\n\t\t\t\t\t\t\t\t\t\t\t<\/a>\n\t\t\t\t\t\t\t\t\t<\/li>\n\t\t\t\t\t\t\t\t<li class=\"elementor-icon-list-item\">\n\t\t\t\t\t\t\t\t\t\t\t<a href=\"\/pl\/wiadomosci\/\">\n\n\t\t\t\t\t\t\t\t\t\t\t\t<span class=\"elementor-icon-list-icon\">\n\t\t\t\t\t\t\t<svg aria-hidden=\"true\" class=\"e-font-icon-svg e-fas-chevron-right\" viewbox=\"0 0 320 512\" xmlns=\"http:\/\/www.w3.org\/2000\/svg\"><path d=\"M285.476 272.971L91.132 467.314c-9.373 9.373-24.569 9.373-33.941 0l-22.667-22.667c-9.357-9.357-9.375-24.522-.04-33.901L188.505 256 34.484 101.255c-9.335-9.379-9.317-24.544.04-33.901l22.667-22.667c9.373-9.373 24.569-9.373 33.941 0L285.475 239.03c9.373 9.372 9.373 24.568.001 33.941z\"><\/path><\/svg>\t\t\t\t\t\t<\/span>\n\t\t\t\t\t\t\t\t\t\t<span class=\"elementor-icon-list-text\">Aktualno\u015bci<\/span>\n\t\t\t\t\t\t\t\t\t\t\t<\/a>\n\t\t\t\t\t\t\t\t\t<\/li>\n\t\t\t\t\t\t<\/ul>\n\t\t\t\t\t\t<\/div>\n\t\t\t\t<\/div>\n\t\t\t\t\t<\/div>\n\t\t\t\t<\/div>\n\t\t\t\t<\/div>\n\t\t<\/div>\n\t\t\t\t\t\t<\/div>\n\t\t\t\t<\/div>\n\t\t\t\t\t<\/div>\n\t\t\t\t<\/div>\n\t\t\t\t<\/div>","protected":false},"excerpt":{"rendered":"<p>To my Technologia jest skonfigurowana, szybka migawka na stron\u0119 internetow\u0105. Sp\u00f3jrz, tam te\u017c jest technik PCS. J\u00f6rg, jeden z naszych szef\u00f3w, podczas \u0107wicze\u0144 z ga\u015bnic\u0105. Nie, inni nie s\u0105 ani znudzeni, ani sceptyczni. Czy kamera jest w\u0142\u0105czona? Czy bateria zaraz si\u0119 wyczerpie? Dlaczego tak krytycznie? Wszyscy si\u0119 u\u015bmiechaj\u0105, zdj\u0119cie zespo\u0142owe! \ud83d\ude42 Sp\u00f3jrz [...]<\/p>","protected":false},"author":1,"featured_media":45482,"parent":0,"menu_order":119,"comment_status":"closed","ping_status":"open","template":"","meta":{"_acf_changed":false,"footnotes":""},"class_list":["post-3320","page","type-page","status-publish","has-post-thumbnail","hentry"],"acf":[],"_links":{"self":[{"href":"https:\/\/konferenztechnik.de\/pl\/wp-json\/wp\/v2\/pages\/3320","targetHints":{"allow":["GET"]}}],"collection":[{"href":"https:\/\/konferenztechnik.de\/pl\/wp-json\/wp\/v2\/pages"}],"about":[{"href":"https:\/\/konferenztechnik.de\/pl\/wp-json\/wp\/v2\/types\/page"}],"author":[{"embeddable":true,"href":"https:\/\/konferenztechnik.de\/pl\/wp-json\/wp\/v2\/users\/1"}],"replies":[{"embeddable":true,"href":"https:\/\/konferenztechnik.de\/pl\/wp-json\/wp\/v2\/comments?post=3320"}],"version-history":[{"count":0,"href":"https:\/\/konferenztechnik.de\/pl\/wp-json\/wp\/v2\/pages\/3320\/revisions"}],"wp:featuredmedia":[{"embeddable":true,"href":"https:\/\/konferenztechnik.de\/pl\/wp-json\/wp\/v2\/media\/45482"}],"wp:attachment":[{"href":"https:\/\/konferenztechnik.de\/pl\/wp-json\/wp\/v2\/media?parent=3320"}],"curies":[{"name":"wp","href":"https:\/\/api.w.org\/{rel}","templated":true}]}}