{"id":3606,"date":"2013-10-24T13:39:36","date_gmt":"2013-10-24T11:39:36","guid":{"rendered":"https:\/\/konferenztechnik.de\/?page_id=3606"},"modified":"2023-07-05T15:09:07","modified_gmt":"2023-07-05T13:09:07","slug":"szkolenia-i-uslugi-dla-tlumaczy-ustnych","status":"publish","type":"page","link":"https:\/\/konferenztechnik.de\/pl\/szkolenia-i-uslugi-dla-tlumaczy-ustnych\/","title":{"rendered":"Szkolenia i us\u0142ugi dla t\u0142umaczy ustnych"},"content":{"rendered":"<h1>Szkolenia i us\u0142ugi dla t\u0142umaczy ustnych<\/h1>\n<p>PCS oferuje szkolenia dla technik\u00f3w, t\u0142umaczy ustnych, prelegent\u00f3w, mened\u017cer\u00f3w, pracownik\u00f3w teatr\u00f3w i hoteli.<\/p>\n<p>Organizujemy grupowe i indywidualne sesje szkoleniowe w naszych lokalizacjach oraz w siedzibie klienta. Pewne i pewne korzystanie z technologii konferencyjnej jest decyduj\u0105cym czynnikiem sukcesu prezentacji.<\/p>\n<p>Czy jeste\u015b t\u0142umaczem ustnym i planujesz zlecenie techniczne lub wydarzenie? Potrzebujesz plan\u00f3w lub masz pytania dotycz\u0105ce rozporz\u0105dzenia w sprawie miejsc zgromadze\u0144? Skontaktuj si\u0119 z naszym dzia\u0142em szkole\u0144, gdzie zawsze znajdziesz \u017cyczliwe ucho.<\/p>\n<p><img decoding=\"async\" src=\"https:\/\/konferenztechnik.de\/wp-content\/uploads\/2016\/10\/sprecherkabine-masse.jpg\" alt=\"trening-n\" title=\"\"><\/p>\n<p><img decoding=\"async\" src=\"https:\/\/konferenztechnik.de\/wp-content\/uploads\/2016\/10\/dolmetscherschulung-1.jpg\" alt=\"\" title=\"\"><\/p>\n<p>PCS przywi\u0105zuje du\u017c\u0105 wag\u0119 do szkole\u0144 i dalszej edukacji oraz rozwin\u0119\u0142o przyjemn\u0105 i skuteczn\u0105 kultur\u0119 szkoleniow\u0105.<\/p>\n<div class=\"boxcontainer\">\n<div class=\"boxcontainer\">\n<div class=\"box1-2\">\n<h1>Osoba do kontaktu<\/h1>\n<\/div>\n<div class=\"box1-2-order\">\n<h1>Dalsze linki<\/h1>\n<\/div>\n<div class=\"box1-4\">\n<div class=\"box-head\">D\u00fcsseldorf<\/div>\n<p><img fetchpriority=\"high\" decoding=\"async\" width=\"800\" height=\"533\" class=\"alignleft size-full wp-image-2317\" src=\"https:\/\/konferenztechnik.de\/wp-content\/uploads\/2013\/09\/thorsten_geissler_pcs-gmbh.jpg\" alt=\"Thorsten Gei\u00dfler\" title=\"\" srcset=\"https:\/\/konferenztechnik.de\/wp-content\/uploads\/2013\/09\/thorsten_geissler_pcs-gmbh.jpg 800w, https:\/\/konferenztechnik.de\/wp-content\/uploads\/2013\/09\/thorsten_geissler_pcs-gmbh-300x200.jpg 300w, https:\/\/konferenztechnik.de\/wp-content\/uploads\/2013\/09\/thorsten_geissler_pcs-gmbh-768x512.jpg 768w\" sizes=\"(max-width: 800px) 100vw, 800px\" \/><br \/>\nThorsten Gei\u00dfler<br \/>\nZarz\u0105dzanie<br \/>\nTelefon +49 211 737798 0<br \/>\ne-mail <a href=\"mailto:geissler@konferenztechnik.de\">pisa\u0107<\/a><\/p>\n<p>Kod QR <a title=\"Kod QR Thorsten Gei\u00dfler\" href=\"https:\/\/konferenztechnik.de\/wp-content\/uploads\/2013\/09\/thorsten_geissler_qrcode.png\">Poka\u017c \u203a<\/a><\/p>\n<\/div>\n<div class=\"box1-4\">\n<div class=\"box-head\">Berlin<\/div>\n<p><img decoding=\"async\" width=\"800\" height=\"533\" class=\"alignleft size-full wp-image-2301\" src=\"https:\/\/konferenztechnik.de\/wp-content\/uploads\/2013\/09\/gunnar_hermenau_pcs-gmbh.jpg\" alt=\"gunnar_hermenau_pcs-gmbh\" title=\"\" srcset=\"https:\/\/konferenztechnik.de\/wp-content\/uploads\/2013\/09\/gunnar_hermenau_pcs-gmbh.jpg 800w, https:\/\/konferenztechnik.de\/wp-content\/uploads\/2013\/09\/gunnar_hermenau_pcs-gmbh-300x200.jpg 300w, https:\/\/konferenztechnik.de\/wp-content\/uploads\/2013\/09\/gunnar_hermenau_pcs-gmbh-768x512.jpg 768w\" sizes=\"(max-width: 800px) 100vw, 800px\" \/><br \/>\nGunnar Hermenau<br \/>\nZarz\u0105dzanie<br \/>\nTelefon +49 30 6959690 0<br \/>\ne-mail <a href=\"mailto:hermenau@konferenztechnik.de\">pisa\u0107<\/a><\/p>\n<p>Kod QR <a title=\"Kod QR Gunnar Hermenau\" href=\"https:\/\/konferenztechnik.de\/wp-content\/uploads\/2013\/09\/gunnar_hermenau_qrcode.png\">Poka\u017c \u203a<\/a><\/p>\n<\/div>\n<div class=\"box2-4-2\" style=\"order: 1;\">\n<div class=\"weiterlinks\"><a title=\"10 dobrych powod\u00f3w dla PCS\" href=\"\/pl\/o-nas-2\/10-dobrych-powodow-dla-komputerow\/\">10 dobrych powod\u00f3w dla PCS<\/a><br \/>\n<a title=\"10 dobrych powod\u00f3w dla PCS\" href=\"\/pl\/o-nas-2\/\">O nas<\/a><br \/>\n<a title=\"Dystrybucja wed\u0142ug grup produkt\u00f3w\" href=\"\/pl\/grupy-produktow\/\">Dystrybucja wed\u0142ug grup produkt\u00f3w<\/a><br \/>\n<a title=\"Dystrybucja wed\u0142ug producenta\" href=\"\/pl\/producent\/\">Dystrybucja wed\u0142ug producenta<\/a><br \/>\n<a title=\"Produkty na zam\u00f3wienie, konserwacja i naprawy\" href=\"\/pl\/uslugi-2\/konserwacja-i-naprawa\/\">Produkty na zam\u00f3wienie, konserwacja i naprawy<\/a><\/p>\n<p><a title=\"Referencje\" href=\"\/pl\/o-nas-2\/instalacja-listy-referencyjnej\/\">Referencje Instalacja i integracja<\/a><br \/>\n<a title=\"PCS: Wszystkie us\u0142ugi w skr\u00f3cie\" href=\"\/pl\/uslugi-2\/\">PCS: Wszystkie us\u0142ugi w skr\u00f3cie<\/a><\/p>\n<\/div>\n<\/div>\n<\/div>\n<\/div>","protected":false},"excerpt":{"rendered":"<p>Schulungen und Service f\u00fcr Dolmetscherinnen und Dolmetscher PCS bietet Schulungen f\u00fcr Techniker, Dolmetscherinnen und Dolmetscher, f\u00fcr Redner, Manager, Personal aus Theatern und Hotellerie. Wir f\u00fchren Gruppen- und Einzeltrainings an unseren Standorten und bei Ihnen vor Ort durch. Der sichere und selbstbewusste Umgang mit Konferenztechnik ist ein entscheidender Erfolgsfaktor f\u00fcr Ihren Auftritt. Planen Sie als Dolmetscherin [&hellip;]<\/p>","protected":false},"author":1,"featured_media":45482,"parent":0,"menu_order":116,"comment_status":"closed","ping_status":"open","template":"","meta":{"_acf_changed":false,"footnotes":""},"class_list":["post-3606","page","type-page","status-publish","has-post-thumbnail","hentry"],"acf":[],"_links":{"self":[{"href":"https:\/\/konferenztechnik.de\/pl\/wp-json\/wp\/v2\/pages\/3606","targetHints":{"allow":["GET"]}}],"collection":[{"href":"https:\/\/konferenztechnik.de\/pl\/wp-json\/wp\/v2\/pages"}],"about":[{"href":"https:\/\/konferenztechnik.de\/pl\/wp-json\/wp\/v2\/types\/page"}],"author":[{"embeddable":true,"href":"https:\/\/konferenztechnik.de\/pl\/wp-json\/wp\/v2\/users\/1"}],"replies":[{"embeddable":true,"href":"https:\/\/konferenztechnik.de\/pl\/wp-json\/wp\/v2\/comments?post=3606"}],"version-history":[{"count":0,"href":"https:\/\/konferenztechnik.de\/pl\/wp-json\/wp\/v2\/pages\/3606\/revisions"}],"wp:featuredmedia":[{"embeddable":true,"href":"https:\/\/konferenztechnik.de\/pl\/wp-json\/wp\/v2\/media\/45482"}],"wp:attachment":[{"href":"https:\/\/konferenztechnik.de\/pl\/wp-json\/wp\/v2\/media?parent=3606"}],"curies":[{"name":"wp","href":"https:\/\/api.w.org\/{rel}","templated":true}]}}