{"id":3611,"date":"2013-10-24T14:19:31","date_gmt":"2013-10-24T12:19:31","guid":{"rendered":"https:\/\/konferenztechnik.de\/?page_id=3611"},"modified":"2023-09-01T14:06:28","modified_gmt":"2023-09-01T12:06:28","slug":"konserwacja-i-naprawy-produktow-niestandardowych","status":"publish","type":"page","link":"https:\/\/konferenztechnik.de\/pl\/konserwacja-i-naprawy-produktow-niestandardowych\/","title":{"rendered":"Produkty na zam\u00f3wienie, konserwacja i naprawy"},"content":{"rendered":"<h1>Produkty na zam\u00f3wienie, konserwacja i naprawy<\/h1>\n<p>[rev_slider produkty niestandardowe]<br \/>\n[spacer size=\"20\u2033]<\/p>\n<p>Nasz wyszkolony personel i dobrze wyposa\u017cony warsztat s\u0105 do Pa\u0144stwa dyspozycji w zakresie wsparcia posprzeda\u017cowego, konserwacji i napraw.<\/p>\n<p>Tworzymy r\u00f3wnie\u017c niestandardowe rozwi\u0105zania w zakresie instalacji i sprzeda\u017cy. Oferujemy niestandardowe, wysokiej jako\u015bci rozwi\u0105zania multimedialne, dostosowane do Twoich pomys\u0142\u00f3w, specyfikacji wizualnych i wytycznych projektowych firmy, zaplanowane przez naszych in\u017cynier\u00f3w i fachowo wdro\u017cone.<\/p>\n<p><img decoding=\"async\" src=\"https:\/\/konferenztechnik.de\/wp-content\/uploads\/2016\/10\/sonderanfertigungen-medientechnik.jpg\" alt=\"dostosowana technologia medialna\" class=\"alignnone size-full wp-image-8476\" title=\"\"><\/p>\n<p><img decoding=\"async\" src=\"https:\/\/konferenztechnik.de\/wp-content\/uploads\/2016\/10\/medientechnik-sonderanfertigung.jpg\" alt=\"dostosowana technologia medialna\" class=\"alignnone size-full wp-image-8477\" title=\"\"><\/p>\n<p>[callout add_button=\"no\" button_text=\"Learn More\" button_url=\"#\" button_color=\"#a62055\u2033]<br \/>\nPotrzebujesz podk\u0142adki do systemu konferencyjnego z 1950 roku lub mikrofonu w firmowym kolorze? Porozmawiaj z naszym dzia\u0142em personalizacji i napraw. Nawet najbardziej nietypowe zam\u00f3wienia s\u0105 dla nas codzienno\u015bci\u0105.<br \/>\n<img decoding=\"async\" src=\"\/wp-content\/uploads\/2016\/08\/retro-technik.jpg\" alt=\"retro-technologia\" class=\"alignnone size-full wp-image-7183\" title=\"\"><\/p>\n<p>[\/callout]<\/p>\n<div class=\"boxcontainer\">\n<div class=\"box1-2\">\n<h1>Osoba do kontaktu<\/h1>\n<\/div>\n<div class=\"box1-2-order\">\n<h1>Dalsze linki<\/h1>\n<\/div>\n<div class=\"box1-4\">\n<div class=\"box-head\">Serwis i konserwacja<\/div>\n<p><img decoding=\"async\" src=\"https:\/\/konferenztechnik.de\/wp-content\/uploads\/2018\/02\/rolandbaur.jpg\" alt=\"Roland Bauer - PCS GmbH\" class=\"alignleft size-full wp-image-12900\" title=\"\"><br \/>\nRoland Baur<br \/>\nKonsultant projektu<br \/>\nTelefon +49 211 737798 20<br \/>\n<span class=\"volleansicht\">e-mail <a href=\"mailto:vertrieb@konferenztechnik.de\" onclick=\"ga('send', 'event', 'Email-Klick', 'Kontakt Baur');\">pisa\u0107<\/a><br \/>\n<\/span><br \/>\n<span class=\"mobileansicht\">e-mail <a href=\"mailto:vertrieb@konferenztechnik.de\" onclick=\"ga('send', 'event', 'Email-Klick', 'Kontakt Baur');\">pisa\u0107<\/a><br \/>\n<\/span><\/div>\n<div class=\"box2-4-2\" style=\"order:1;\" >\n<div class=\"weiterlinks\">\n<ul>\n[list icon=\"moon-arrow-right-2\u2033 color=\"#a62055\u2033]<a title=\"Dystrybucja wed\u0142ug grup produkt\u00f3w\" href=\"\/pl\/grupy-produktow\/\">Dystrybucja wed\u0142ug grup produkt\u00f3w<\/a>[\/list]<br \/>\n[list icon=\"moon-arrow-right-2\u2033 color=\"#a62055\u2033]<a title=\"Dystrybucja wed\u0142ug producenta\" href=\"\/pl\/producent\/\">Dystrybucja wed\u0142ug producenta<\/a>[\/list]<br \/>\n[list icon=\"moon-arrow-right-2\u2033 color=\"#a62055\u2033]<a title=\"Produkty na zam\u00f3wienie, konserwacja i naprawy\" href=\"\/pl\/uslugi-2\/konserwacja-i-naprawa\/\">Produkty na zam\u00f3wienie, konserwacja i naprawy<\/a>[\/list]<br \/>\n[list icon=\"moon-arrow-right-2\u2033 color=\"#a62055\u2033]<a title=\"10 dobrych powod\u00f3w dla PCS\" href=\"\/pl\/o-nas-2\/10-dobrych-powodow-dla-komputerow\/\">10 dobrych powod\u00f3w dla PCS<\/a>[\/list]<br \/>\n[list icon=\"moon-arrow-right-2\u2033 color=\"#a62055\u2033]<a title=\"Referencje\" href=\"\/pl\/o-nas-2\/instalacja-listy-referencyjnej\/\">Referencje Instalacja i integracja<\/a>[\/list]<br \/>\n[list icon=\"moon-arrow-right-2\u2033 color=\"#a62055\u2033]<a title=\"PCS: Wszystkie us\u0142ugi w skr\u00f3cie\" href=\"\/pl\/uslugi-2\/\">PCS: Wszystkie us\u0142ugi w skr\u00f3cie<\/a>[\/list]<\/ul>\n<\/div>\n<\/div>\n<\/div>\n<\/div>","protected":false},"excerpt":{"rendered":"<p>Sonderanfertigungen, Wartungen und Reparaturen [rev_slider sonderanfertigungen] [spacer size=&#8220;20&#8243;] Im After-Sales-Support stehen Ihnen f\u00fcr Wartungen und Reparaturen unser geschultes Personal und eine bestens ausgestattete Werkstatt zur Verf\u00fcgung. Hier entstehen auch Sonderl\u00f6sungen f\u00fcr Installationen und Vertrieb. Wir bieten ma\u00dfgeschneiderte, hochwertige, multimediale L\u00f6sungen, passend zu Ihren Vorstellungen, visuellen Vorgaben und Corporate-Design-Richtlinien, von uns ingenieurtechnisch geplant und fachm\u00e4nnisch umgesetzt. [&hellip;]<\/p>","protected":false},"author":1,"featured_media":45482,"parent":0,"menu_order":114,"comment_status":"closed","ping_status":"open","template":"","meta":{"_acf_changed":false,"footnotes":""},"class_list":["post-3611","page","type-page","status-publish","has-post-thumbnail","hentry"],"acf":[],"_links":{"self":[{"href":"https:\/\/konferenztechnik.de\/pl\/wp-json\/wp\/v2\/pages\/3611","targetHints":{"allow":["GET"]}}],"collection":[{"href":"https:\/\/konferenztechnik.de\/pl\/wp-json\/wp\/v2\/pages"}],"about":[{"href":"https:\/\/konferenztechnik.de\/pl\/wp-json\/wp\/v2\/types\/page"}],"author":[{"embeddable":true,"href":"https:\/\/konferenztechnik.de\/pl\/wp-json\/wp\/v2\/users\/1"}],"replies":[{"embeddable":true,"href":"https:\/\/konferenztechnik.de\/pl\/wp-json\/wp\/v2\/comments?post=3611"}],"version-history":[{"count":0,"href":"https:\/\/konferenztechnik.de\/pl\/wp-json\/wp\/v2\/pages\/3611\/revisions"}],"wp:featuredmedia":[{"embeddable":true,"href":"https:\/\/konferenztechnik.de\/pl\/wp-json\/wp\/v2\/media\/45482"}],"wp:attachment":[{"href":"https:\/\/konferenztechnik.de\/pl\/wp-json\/wp\/v2\/media?parent=3611"}],"curies":[{"name":"wp","href":"https:\/\/api.w.org\/{rel}","templated":true}]}}