{"id":3621,"date":"2013-10-24T14:46:29","date_gmt":"2013-10-24T12:46:29","guid":{"rendered":"https:\/\/konferenztechnik.de\/?page_id=3621"},"modified":"2023-07-05T14:16:03","modified_gmt":"2023-07-05T12:16:03","slug":"wsparcie-dla-wydarzen-wielojezycznych","status":"publish","type":"page","link":"https:\/\/konferenztechnik.de\/pl\/wsparcie-dla-wydarzen-wielojezycznych\/","title":{"rendered":"Obs\u0142uga wydarze\u0144 wieloj\u0119zycznych"},"content":{"rendered":"<h1>Obs\u0142uga wydarze\u0144<\/h1>\n<p>Firma PCS rozpocz\u0119\u0142a swoj\u0105 dzia\u0142alno\u015b\u0107 w 1995 roku jako dostawca us\u0142ug technicznych w zakresie t\u0142umacze\u0144 symultanicznych i od tego czasu obs\u0142u\u017cy\u0142a ponad 30 000 wydarze\u0144 na ca\u0142ym \u015bwiecie.<\/p>\n<p>Wsp\u00f3\u0142pracujemy z najbardziej renomowanymi t\u0142umaczami ustnymi i korzystamy z naszej szerokiej, nowoczesnej gamy najwy\u017cszej klasy technologii.<\/p>\n<p>Jeste\u015bmy szybcy i elastyczni dzi\u0119ki naszej sieci oddzia\u0142\u00f3w w Niemczech. Skorzystaj z naszego do\u015bwiadczenia w planowaniu, wyposa\u017ceniu i technicznej realizacji Twojego wydarzenia.<\/p>\n<p>Z nami ka\u017cde wydarzenie jest niezawodne: wycieczka po fabryce z trzema uczestnikami, a tak\u017ce du\u017cy mi\u0119dzynarodowy event.<\/p>\n<p><img decoding=\"async\" src=\"\/wp-content\/uploads\/2016\/08\/event-01.jpg\" alt=\"Obs\u0142uga wydarze\u0144 wieloj\u0119zycznych\" title=\"\"><\/p>\n<p><img decoding=\"async\" src=\"\/wp-content\/uploads\/2016\/08\/event-02.jpg\" alt=\"Obs\u0142uga wydarze\u0144 wieloj\u0119zycznych\" title=\"\"><\/p>\n<p><img decoding=\"async\" src=\"\/wp-content\/uploads\/2016\/08\/event-03.jpg\" alt=\"Obs\u0142uga wydarze\u0144 wieloj\u0119zycznych\" title=\"\"><\/p>\n<p><img decoding=\"async\" src=\"\/wp-content\/uploads\/2016\/08\/event-05.jpg\" alt=\"Obs\u0142uga wydarze\u0144 wieloj\u0119zycznych\" title=\"\"><\/p>\n<p><img decoding=\"async\" src=\"\/wp-content\/uploads\/2016\/08\/event-04.jpg\" alt=\"Obs\u0142uga wydarze\u0144 wieloj\u0119zycznych\" title=\"\"><\/p>\n<div class=\"weiterlinks\" style=\"background-color: #ffffff;\">\n<h1>Dalsze linki<\/h1>\n<p><a title=\"Obs\u0142uga wydarze\u0144 wieloj\u0119zycznych\" href=\"\/pl\/wsparcie-dla-wydarzen-wielojezycznych\/\">Obs\u0142uga wydarze\u0144 wieloj\u0119zycznych<\/a><br \/>\n<a title=\"Referencje\" href=\"\/pl\/o-nas-2\/wydarzenie-z-lista-referencyjna\/\">Wynajem referencji, Wydarzenia<\/a><br \/>\n<a title=\"Szkolenia i us\u0142ugi dla t\u0142umaczy ustnych\" href=\"\/pl\/szkolenia-i-uslugi-dla-tlumaczy-ustnych\/\">Szkolenia i us\u0142ugi dla t\u0142umaczy ustnych<\/a><br \/>\n<a title=\"10 dobrych powod\u00f3w dla PCS\" href=\"\/pl\/o-nas-2\/10-dobrych-powodow-dla-komputerow\/\">10 dobrych powod\u00f3w dla PCS<\/a><br \/>\n<a title=\"PCS: Wszystkie us\u0142ugi w skr\u00f3cie\" href=\"\/pl\/uslugi-2\/\">PCS: Wszystkie us\u0142ugi w skr\u00f3cie<\/a><\/p>\n<\/div>","protected":false},"excerpt":{"rendered":"<p>Firma PCS rozpocz\u0119\u0142a dzia\u0142alno\u015b\u0107 w 1995 roku jako dostawca us\u0142ug technicznych w zakresie t\u0142umacze\u0144 symultanicznych i od tego czasu obs\u0142u\u017cy\u0142a ponad 30 000 wydarze\u0144 na ca\u0142ym \u015bwiecie. Wsp\u00f3\u0142pracujemy z najbardziej renomowanymi t\u0142umaczami ustnymi i korzystamy z naszej szerokiej, nowoczesnej gamy najwy\u017cszej klasy technologii. Jeste\u015bmy szybcy i elastyczni dzi\u0119ki naszej sieci oddzia\u0142\u00f3w w Niemczech. Skorzystaj z naszego do\u015bwiadczenia w [...]<\/p>","protected":false},"author":1,"featured_media":45482,"parent":0,"menu_order":109,"comment_status":"closed","ping_status":"open","template":"","meta":{"_acf_changed":false,"footnotes":""},"class_list":["post-3621","page","type-page","status-publish","has-post-thumbnail","hentry"],"acf":[],"_links":{"self":[{"href":"https:\/\/konferenztechnik.de\/pl\/wp-json\/wp\/v2\/pages\/3621","targetHints":{"allow":["GET"]}}],"collection":[{"href":"https:\/\/konferenztechnik.de\/pl\/wp-json\/wp\/v2\/pages"}],"about":[{"href":"https:\/\/konferenztechnik.de\/pl\/wp-json\/wp\/v2\/types\/page"}],"author":[{"embeddable":true,"href":"https:\/\/konferenztechnik.de\/pl\/wp-json\/wp\/v2\/users\/1"}],"replies":[{"embeddable":true,"href":"https:\/\/konferenztechnik.de\/pl\/wp-json\/wp\/v2\/comments?post=3621"}],"version-history":[{"count":0,"href":"https:\/\/konferenztechnik.de\/pl\/wp-json\/wp\/v2\/pages\/3621\/revisions"}],"wp:featuredmedia":[{"embeddable":true,"href":"https:\/\/konferenztechnik.de\/pl\/wp-json\/wp\/v2\/media\/45482"}],"wp:attachment":[{"href":"https:\/\/konferenztechnik.de\/pl\/wp-json\/wp\/v2\/media?parent=3621"}],"curies":[{"name":"wp","href":"https:\/\/api.w.org\/{rel}","templated":true}]}}