{"id":3687,"date":"2013-11-13T13:09:32","date_gmt":"2013-11-13T11:09:32","guid":{"rendered":"https:\/\/konferenztechnik.de\/?page_id=3687"},"modified":"2023-07-05T14:25:16","modified_gmt":"2023-07-05T12:25:16","slug":"dywidenda-cyfrowa","status":"publish","type":"page","link":"https:\/\/konferenztechnik.de\/pl\/dywidenda-cyfrowa\/","title":{"rendered":"Dywidenda cyfrowa"},"content":{"rendered":"<h1>Dywidenda cyfrowa<\/h1>\n<p>Od teraz podczas korzystania z mikrofon\u00f3w bezprzewodowych mog\u0105 wyst\u0119powa\u0107 przerwy w transmisji i problemy z odbiorem. Wynika to z faktu, \u017ce cz\u0119stotliwo\u015bci transmisji bezprzewodowej zosta\u0142y zmienione i ponownie rozdzielone przez Federaln\u0105 Agencj\u0119 Sieci.<br \/>\nCa\u0142o\u015b\u0107 znana jest jako dywidenda cyfrowa.<br \/>\n<img fetchpriority=\"high\" decoding=\"async\" class=\"size-full wp-image-3708\" src=\"https:\/\/konferenztechnik.de\/wp-content\/uploads\/2016\/10\/sennheiser-skm5200.jpg\" alt=\"Nowo przydzielone cz\u0119stotliwo\u015bci dzia\u0142aj\u0105 r\u00f3wnie\u017c r\u00f3wnolegle z LTE bez zak\u0142\u00f3ce\u0144. Oto Sennheiser SKM5200\" width=\"850\" height=\"358\" title=\"\"><\/p>\n<div style=\"font-size: 0.8em; padding-bottom: 20px;\">Nowo przydzielone cz\u0119stotliwo\u015bci mog\u0105 by\u0107 r\u00f3wnie\u017c u\u017cywane r\u00f3wnolegle z LTE bez zak\u0142\u00f3ce\u0144. Oto Sennheiser SKM5200<\/div>\n<p>Od 2016 r. korzystanie z wi\u0119kszo\u015bci obecnie u\u017cywanych system\u00f3w bezprzewodowych nie b\u0119dzie ju\u017c dozwolone (a nawet mo\u017cliwe).<br \/>\nDotyczy to wszystkich obszar\u00f3w i lokalizacji, w kt\u00f3rych u\u017cywane s\u0105 mikrofony bezprzewodowe: np. teatr\u00f3w, ko\u015bcio\u0142\u00f3w, sal koncertowych, klub\u00f3w, musicali, miejsc konferencji i spotka\u0144 lub stadion\u00f3w sportowych. Dotyczy to r\u00f3wnie\u017c mobilnego nag\u0142o\u015bnienia, np. dla wycieczek lub firm wynajmuj\u0105cych.<\/p>\n<p>Skorzystaj teraz z r\u00f3\u017cnych ograniczonych czasowo promocji wymiany i zmiany cz\u0119stotliwo\u015bci dla bezprzewodowych system\u00f3w mikrofonowych.<\/p>\n<p>Po prostu skontaktuj si\u0119 z nami, nasi specjali\u015bci ch\u0119tnie Ci pomog\u0105.<\/p>\n<h4>Pytania i odpowiedzi dotycz\u0105ce dywidendy cyfrowej<\/h4>\n<p>Dywidenda cyfrowa to termin u\u017cywany do opisania pasm cz\u0119stotliwo\u015bci zwolnionych w wyniku przej\u015bcia z telewizji analogowej (PAL) na cyfrow\u0105 (DVB-T). Cz\u0119stotliwo\u015bci te zosta\u0142y sprzedane na aukcji przez Federaln\u0105 Agencj\u0119 Sieci w 2010 roku i nabyte przez trzech najwi\u0119kszych operator\u00f3w telefonii kom\u00f3rkowej dzia\u0142aj\u0105cych w Niemczech. Od 2016 r. tylko niewielka cz\u0119\u015b\u0107 tego pasma cz\u0119stotliwo\u015bci b\u0119dzie dost\u0119pna dla mikrofon\u00f3w bezprzewodowych.<\/p>\n<p>Wi\u0119kszo\u015b\u0107 system\u00f3w mikrofon\u00f3w bezprzewodowych ze starymi przydzia\u0142ami cz\u0119stotliwo\u015bci mo\u017ce i nie mo\u017ce by\u0107 ju\u017c u\u017cywana od 2016 roku. Stare systemy musz\u0105 zosta\u0107 zast\u0105pione nowymi lub, je\u015bli to mo\u017cliwe, poddane ponownej cz\u0119stotliwo\u015bci.<\/p>\n<p>Dotyczy to ca\u0142ego zakresu UHF 470\u2013865 MHz. Obejmuje to podzakresy, w kt\u00f3rych wcze\u015bniej mo\u017cna by\u0142o u\u017cywa\u0107 mikrofon\u00f3w bezprzewodowych. Zakres 863\u2013865 MHz mo\u017ce by\u0107 nadal swobodnie u\u017cywany.<\/p>\n<p>Najlepiej zrobi\u0107 to natychmiast, poniewa\u017c wielu producent\u00f3w oferuje obecnie ograniczone czasowo programy wymiany lub zmiany cz\u0119stotliwo\u015bci. Ponadto w wielu regionach Niemiec przeprowadzane s\u0105 ju\u017c testy LTE, co oznacza, \u017ce nie mo\u017cna ju\u017c zagwarantowa\u0107 p\u0142ynnego korzystania z mikrofon\u00f3w bezprzewodowych.<\/p>\n<p>Long Term Evolution to standard komunikacji mobilnej, kt\u00f3ry zosta\u0142 okre\u015blony jako nast\u0119pca UMTS. LTE umo\u017cliwia korzystanie z Internetu w ruchu przy bardzo wysokich pr\u0119dko\u015bciach transmisji danych, takich jak te wymagane do transmisji wideo. LTE ma na celu zagwarantowanie szybkiego dost\u0119pu do Internetu w regionach bez po\u0142\u0105czenia kablowego DSL.<\/p>\n<p><a href=\"https:\/\/www.ltemobile.de\/lte-verfuegbarkeit\/\" target=\"_blank\" rel=\"noopener\">Link: Dost\u0119pno\u015b\u0107 LTE w Niemczech<\/a><\/p>\n<p>Wed\u0142ug Vvn\u00f6ml, od 2016 roku b\u0119d\u0105 cztery grupy u\u017cytkownik\u00f3w cz\u0119stotliwo\u015bci UHF. Ch\u0119tnie wyja\u015bnimy, do kt\u00f3rej grupy jeste\u015b przypisany. Wystarczy si\u0119 z nami skontaktowa\u0107.<\/p>\n<ul>\n<li>Mo\u017cemy doradzi\u0107 we wszystkich kwestiach zwi\u0105zanych z dywidend\u0105 cyfrow\u0105.<\/li>\n<li>Podejmujemy si\u0119 wymiany i ponownego centrowania system\u00f3w.<\/li>\n<li>Zapewniamy niezale\u017cne od producenta doradztwo w zakresie wyboru nowych system\u00f3w, kt\u00f3re mo\u017cna naby\u0107 bezpo\u015brednio w naszym dziale sprzeda\u017cy.<\/li>\n<li>Mo\u017cemy pom\u00f3c w wype\u0142nieniu formularzy lub zarejestrowaniu potrzebnych cz\u0119stotliwo\u015bci.<\/li>\n<li>Instalujemy nowe systemy i zapewniamy p\u0142ynn\u0105 integracj\u0119 z istniej\u0105cym systemem.<\/li>\n<li>W razie potrzeby szkolimy pracownik\u00f3w w zakresie korzystania z nowych system\u00f3w.<\/li>\n<\/ul>","protected":false},"excerpt":{"rendered":"<p>Dywidenda cyfrowa Od teraz podczas korzystania z mikrofon\u00f3w bezprzewodowych mog\u0105 wyst\u0105pi\u0107 zak\u0142\u00f3cenia i problemy z odbiorem. Dzieje si\u0119 tak, poniewa\u017c cz\u0119stotliwo\u015bci transmisji bezprzewodowej s\u0105 zmieniane i redystrybuowane przez Federaln\u0105 Agencj\u0119 Sieci. Ca\u0142o\u015b\u0107 jest znana jako dywidenda cyfrowa. Nowo przydzielone cz\u0119stotliwo\u015bci mog\u0105 by\u0107 r\u00f3wnie\u017c u\u017cywane r\u00f3wnolegle z LTE bez zak\u0142\u00f3ce\u0144. Tutaj [...]<\/p>","protected":false},"author":1,"featured_media":45482,"parent":0,"menu_order":111,"comment_status":"closed","ping_status":"open","template":"","meta":{"_acf_changed":false,"footnotes":""},"class_list":["post-3687","page","type-page","status-publish","has-post-thumbnail","hentry"],"acf":[],"_links":{"self":[{"href":"https:\/\/konferenztechnik.de\/pl\/wp-json\/wp\/v2\/pages\/3687","targetHints":{"allow":["GET"]}}],"collection":[{"href":"https:\/\/konferenztechnik.de\/pl\/wp-json\/wp\/v2\/pages"}],"about":[{"href":"https:\/\/konferenztechnik.de\/pl\/wp-json\/wp\/v2\/types\/page"}],"author":[{"embeddable":true,"href":"https:\/\/konferenztechnik.de\/pl\/wp-json\/wp\/v2\/users\/1"}],"replies":[{"embeddable":true,"href":"https:\/\/konferenztechnik.de\/pl\/wp-json\/wp\/v2\/comments?post=3687"}],"version-history":[{"count":0,"href":"https:\/\/konferenztechnik.de\/pl\/wp-json\/wp\/v2\/pages\/3687\/revisions"}],"wp:featuredmedia":[{"embeddable":true,"href":"https:\/\/konferenztechnik.de\/pl\/wp-json\/wp\/v2\/media\/45482"}],"wp:attachment":[{"href":"https:\/\/konferenztechnik.de\/pl\/wp-json\/wp\/v2\/media?parent=3687"}],"curies":[{"name":"wp","href":"https:\/\/api.w.org\/{rel}","templated":true}]}}