{"id":3805,"date":"2013-11-28T11:55:02","date_gmt":"2013-11-28T09:55:02","guid":{"rendered":"https:\/\/konferenztechnik.de\/?page_id=3805"},"modified":"2013-11-28T11:55:02","modified_gmt":"2013-11-28T09:55:02","slug":"viprinet","status":"publish","type":"page","link":"https:\/\/konferenztechnik.de\/pl\/dystrybucja-technologii-konferencyjnych-i-multimedialnych\/viprinet\/","title":{"rendered":"Viprinet"},"content":{"rendered":"<p>[column size=\"2-3\u2033 last=\"0\u2033]<\/p>\n<h1>Nigdy wi\u0119cej offline!<\/h1>\n<p>Viprinet to specjali\u015bci od \u0142\u0105czno\u015bci WAN. Zbyt ma\u0142a przepustowo\u015b\u0107? Zbyt wysokie ryzyko awarii? Niewystarczaj\u0105cy zasi\u0119g sieci? Nie z inteligentnym \u0142\u0105czeniem kana\u0142\u00f3w Viprinet.<\/p>\n<p>Niezale\u017cnie od tego, czy chodzi o aplikacje mobilne, szybkie po\u0142\u0105czenia firmowe na obszarach wiejskich, elastyczne sieci lokalne czy du\u017ce architektury sieciowe: dla ka\u017cdego zastosowania istnieje odpowiedni wielokana\u0142owy router VPN.<\/p>\n<p>[\/column]<\/p>\n<p>[column size=\"1-3\u2033 last=\"1\u2033]<\/p>\n<div style=\"padding-top:50px;\">\n<img decoding=\"async\" class=\"alignright size-full wp-image-3813\" alt=\"Logo Viprinet\" src=\"https:\/\/konferenztechnik.de\/wp-content\/uploads\/2013\/11\/Viprinet-Logo.jpg\" width=\"182\" height=\"261\" title=\"\">\n<\/div>\n<p>[\/column]<\/p>\n<p>[spacer size=\"20\u2033]<\/p>\n<h4>Wielokana\u0142owy router VPN<\/h4>\n<p>[column size=\"2-3\u2033 last=\"0\u2033]<br \/>\n[tabs style=\"1\u2033][tab title=\"Zdj\u0119cia\"]<br \/>\n[rev_slider ViprinetRouter]<br \/>\n[\/tab][tab title=\"Funkcje specjalne\"]<\/p>\n<ul>\n<li>Prawdziwe \u0142\u0105czenie wszystkich przepustowo\u015bci \u0142\u0105cza z optymalizacj\u0105 TCP lub bez niej<\/li>\n<li>Jako\u015b\u0107 us\u0142ug\/kszta\u0142towanie ruchu (na modu\u0142 WAN\/tunel VPN)<\/li>\n<li>NAT i przekierowanie port\u00f3w<\/li>\n<li>Monitorowanie (graficzne, zdalny syslog)<\/li>\n<li>Nieograniczona liczba tuneli VPN (SSL\/AES)<\/li>\n<li>Routing oparty na regu\u0142ach<\/li>\n<li>Ksi\u0119gowanie ruchu na serwerze zewn\u0119trznym<\/li>\n<li>System administracji sieciowej obs\u0142uguj\u0105cy wielu klient\u00f3w<\/li>\n<\/ul>\n<p>[\/tab][tab title=\"Szczeg\u00f3\u0142y techniczne\"]<\/p>\n<ul>\n<li>Wsp\u00f3\u0142czynnik kszta\u0142tu obudowy: Desktop<\/li>\n<li>Zasilanie: 12 VDC, maks. 4 A<\/li>\n<li>Interfejs LAN: Fast Ethernet<\/li>\n<li>Gniazda modu\u0142\u00f3w WAN: 3<\/li>\n<li>Zdolno\u015b\u0107 \u0142\u0105czenia: 50 MBit\/s<\/li>\n<\/ul>\n<p>[\/tab][\/tabs]<br \/>\n[\/column]<\/p>\n<p>[column size=\"1-3\u2033 last=\"1\u2033]<br \/>\n[spacer size=\"40\u2033]<\/p>\n<p>Prawdziwe \u0142\u0105czenie kana\u0142\u00f3w oznacza, \u017ce mo\u017cna po\u0142\u0105czy\u0107 do sze\u015bciu punkt\u00f3w dost\u0119pu do Internetu od r\u00f3\u017cnych dostawc\u00f3w, aby stworzy\u0107 wysoce dost\u0119pne i szybkie po\u0142\u0105czenie.<\/p>\n<p>Niezale\u017cnie od tego, czy chodzi o aplikacje mobilne, szybkie po\u0142\u0105czenia firmowe na obszarach wiejskich, elastyczne sieci lokalne czy du\u017ce architektury sieciowe: dla ka\u017cdego zastosowania istnieje odpowiedni wielokana\u0142owy router VPN.<\/p>\n<p>[\/column]<\/p>\n<h4>Viprinet Multichannel VPN Router 300: rozwi\u0105zanie eventowe do prezentacji online<\/h4>\n<p>[spacer size=\"20\u2033]<\/p>\n<p>[column size=\"1-2\u2033 last=\"0\u2033]<\/p>\n<h4>Vipri Multichannel VPN Router 300<\/h4>\n<p><a href=\"https:\/\/konferenztechnik.de\/wp-content\/uploads\/2013\/11\/Vipri-Multichannel-VPN-Rout.jpg\"><img fetchpriority=\"high\" decoding=\"async\" class=\"alignnone size-full wp-image-3823\" alt=\"Vipri Multichannel VPN Rout\" src=\"https:\/\/konferenztechnik.de\/wp-content\/uploads\/2013\/11\/Vipri-Multichannel-VPN-Rout.jpg\" width=\"308\" height=\"394\" title=\"\" srcset=\"https:\/\/konferenztechnik.de\/wp-content\/uploads\/2013\/11\/Vipri-Multichannel-VPN-Rout.jpg 308w, https:\/\/konferenztechnik.de\/wp-content\/uploads\/2013\/11\/Vipri-Multichannel-VPN-Rout-235x300.jpg 235w\" sizes=\"(max-width: 308px) 100vw, 308px\" \/><\/a><br \/>\n[\/column]<\/p>\n<p>[column size=\"1-2\u2033 last=\"1\u2033]<\/p>\n<h4>Modu\u0142 LTE\/UMTS\/HSPA+\/GPRS\/EDGE<\/h4>\n<p><a href=\"https:\/\/konferenztechnik.de\/wp-content\/uploads\/2013\/11\/LTE-UMTS-HSPA-GPRS-EDGE-Mod.jpg\"><img decoding=\"async\" class=\"alignnone size-full wp-image-3824\" alt=\"LTE-UMTS-HSPA-GPRS-EDGE-Mod\" src=\"https:\/\/konferenztechnik.de\/wp-content\/uploads\/2013\/11\/LTE-UMTS-HSPA-GPRS-EDGE-Mod.jpg\" width=\"451\" height=\"273\" title=\"\" srcset=\"https:\/\/konferenztechnik.de\/wp-content\/uploads\/2013\/11\/LTE-UMTS-HSPA-GPRS-EDGE-Mod.jpg 451w, https:\/\/konferenztechnik.de\/wp-content\/uploads\/2013\/11\/LTE-UMTS-HSPA-GPRS-EDGE-Mod-300x182.jpg 300w\" sizes=\"(max-width: 451px) 100vw, 451px\" \/><\/a><br \/>\n[\/column]<\/p>\n<p>[column size=\"1-2\u2033 last=\"0\u2033]<\/p>\n<p>Multichannel VPN Router 300 to idealna podstawa do zapewnienia niezawodnego, szerokopasmowego po\u0142\u0105czenia z Internetem i\/lub firmowej sieci VPN dla lokalizacji mobilnych, konferencji i wszelkiego rodzaju wydarze\u0144. Maksymalna przepustowo\u015b\u0107 po\u0142\u0105czenia wynosi 50 MBit\/s.<\/p>\n<p>Dodaj\u0105c lub usuwaj\u0105c poszczeg\u00f3lne modu\u0142y hotplug, projekt sieci mo\u017cna szybko i indywidualnie dostosowa\u0107 do zmieniaj\u0105cych si\u0119 wymaga\u0144.<\/p>\n<p>W po\u0142\u0105czeniu z Multichannel VPN Hub 1020, urz\u0105dzenie jest szczeg\u00f3lnie odpowiednie dla ma\u0142ych i \u015brednich sieci firmowych. Wi\u0119ksze sieci mog\u0105 by\u0107 realizowane w po\u0142\u0105czeniu z Multichannel VPN Hub 2020.<\/p>\n<p>[\/column]<\/p>\n<p>[column size=\"1-2\u2033 last=\"1\u2033]<\/p>\n<p>Modu\u0142 LTE\/UMTS\/HSPA+\/GPRS\/EDGE umo\u017cliwia korzystanie ze wszystkich obecnych technologii telefonii kom\u00f3rkowej z ka\u017cdym wielokana\u0142owym routerem VPN Viprinet. LTE to najnowszy, globalnie rozpowszechniony standard komunikacji mobilnej \u2013, znany r\u00f3wnie\u017c jako 4G. Umo\u017cliwia wi\u0119ksz\u0105 przepustowo\u015b\u0107 przy wi\u0119kszym zasi\u0119gu i reprezentuje obecny stan technologii komunikacji mobilnej, dlatego te\u017c oferuje d\u0142ugoterminowe bezpiecze\u0144stwo w przysz\u0142o\u015bci.<\/p>\n<p>Szczeg\u00f3lnie w zastosowaniach mobilnych, modu\u0142 LTE gwarantuje nieprzerwane po\u0142\u0105czenie telefoniczne dzi\u0119ki dodatkowej obs\u0142udze standard\u00f3w UMTS i GSM. Przej\u015bcie mi\u0119dzy r\u00f3\u017cnymi standardami telefonii kom\u00f3rkowej jest p\u0142ynne, a najlepsze dost\u0119pne po\u0142\u0105czenie jest u\u017cywane przez ca\u0142y czas.<\/p>\n<p>[\/column]<\/p>\n<p>[callout add_button=\"no\" button_text=\"Learn More\" button_url=\"#\" button_color=\"#a62055\u2033]<\/p>\n<h4>Bezpieczne rozwi\u0105zania wideokonferencyjne do obs\u0142ugi wydarze\u0144, o wysokiej niezawodno\u015bci i przepustowo\u015bci dzi\u0119ki Viprinet i PCS.<\/h4>\n<p>[\/callout]<\/p>","protected":false},"excerpt":{"rendered":"<p>[column size=&#8220;2-3&#8243; last=&#8220;0&#8243;] Nie wieder offline! Viprinet sind die WAN Anbindungspezialisten. Zu niedrige Bandbreite? Zu hohes Ausfallrisiko? Keine ausreichende Netzabdeckung? Nicht mit der intelligenten Kanalb\u00fcndelung von Viprinet. Egal, ob f\u00fcr mobile Anwendungen, schnelle Unternehmensanbindung im l\u00e4ndlichen Raum, flexible Standortvernetzung oder gro\u00dfe Netzwerkarchitekturen: F\u00fcr jede Nutzung gibt es den passenden Multichannel VPN Router. [\/column] [column size=&#8220;1-3&#8243; [&hellip;]<\/p>","protected":false},"author":1,"featured_media":45482,"parent":3614,"menu_order":107,"comment_status":"closed","ping_status":"open","template":"","meta":{"_acf_changed":false,"footnotes":""},"class_list":["post-3805","page","type-page","status-publish","has-post-thumbnail","hentry"],"acf":[],"_links":{"self":[{"href":"https:\/\/konferenztechnik.de\/pl\/wp-json\/wp\/v2\/pages\/3805","targetHints":{"allow":["GET"]}}],"collection":[{"href":"https:\/\/konferenztechnik.de\/pl\/wp-json\/wp\/v2\/pages"}],"about":[{"href":"https:\/\/konferenztechnik.de\/pl\/wp-json\/wp\/v2\/types\/page"}],"author":[{"embeddable":true,"href":"https:\/\/konferenztechnik.de\/pl\/wp-json\/wp\/v2\/users\/1"}],"replies":[{"embeddable":true,"href":"https:\/\/konferenztechnik.de\/pl\/wp-json\/wp\/v2\/comments?post=3805"}],"version-history":[{"count":0,"href":"https:\/\/konferenztechnik.de\/pl\/wp-json\/wp\/v2\/pages\/3805\/revisions"}],"up":[{"embeddable":true,"href":"https:\/\/konferenztechnik.de\/pl\/wp-json\/wp\/v2\/pages\/3614"}],"wp:featuredmedia":[{"embeddable":true,"href":"https:\/\/konferenztechnik.de\/pl\/wp-json\/wp\/v2\/media\/45482"}],"wp:attachment":[{"href":"https:\/\/konferenztechnik.de\/pl\/wp-json\/wp\/v2\/media?parent=3805"}],"curies":[{"name":"wp","href":"https:\/\/api.w.org\/{rel}","templated":true}]}}